{"id":21949,"date":"2020-06-20T23:23:11","date_gmt":"2020-06-20T20:23:11","guid":{"rendered":"https:\/\/woodinout.net\/product\/1-10-matte-manipulativa-styrelse\/"},"modified":"2022-04-22T12:35:28","modified_gmt":"2022-04-22T09:35:28","slug":"montessori-matematik-manipulativa","status":"publish","type":"product","link":"https:\/\/woodinout.net\/sv\/product\/montessori-matematik-manipulativa\/","title":{"rendered":"1-10 Matte manipulativa styrelse"},"content":{"rendered":"<p>Montessori matematik manipulativa skapas f\u00f6r att g\u00f6ra det l\u00e4ttare f\u00f6r barn att l\u00e4ra sig siffror och r\u00e4kna 1 -10. Att l\u00e4ra sig leksaker \u00e4r fortfarande LEKSAKER f\u00f6r barn, och Waldorf leksaker \u00e4r de b\u00e4sta hemskolehj\u00e4lparna. Tr\u00e4nummer graverade p\u00e5 botten och ovanp\u00e5 dem har vi fina st\u00e4llen att s\u00e4tta tr\u00e4nummerp\u00e4rlor.<br \/>\nKit inneh\u00e5ller av:<br \/>\nR\u00e4knebricka av tr\u00e4<br \/>\n60 st. av r\u00e4kna p\u00e4rlor (0.05 inches dia)<br \/>\nTr\u00e4penna<\/p>\n<p>Vi har fler presenter till barn p\u00e5 f\u00f6rskolan, kolla v\u00e5r butik p\u00e5 etsy.com\/shop\/woodinout<\/p>\n<p>M\u00c5TT<br \/>\nH\u00f6jd:~7,9 tum<br \/>\nL\u00e4ngd:~13 tum<br \/>\nTjocklek: ~0.6 inches<\/p>\n<p>F\u00c4RGER OCH MATERIAL<br \/>\nF\u00e4rg: naturlig eller brun oljad.<br \/>\nLeksaken \u00e4r tillverkad av NATURLIGT MASSIVT TR\u00c4.<br \/>\nObservera att f\u00e4rgerna kan variera beroende p\u00e5 inst\u00e4llningar f\u00f6r datorsk\u00e4rmar och ljusning.<\/p>\n","protected":false},"excerpt":{"rendered":"<p>Montessori matematik manipulativa skapas f\u00f6r att g\u00f6ra det l\u00e4ttare f\u00f6r barn att l\u00e4ra sig siffror och r\u00e4kna 1 -10. Att l\u00e4ra sig leksaker \u00e4r fortfarande LEKSAKER f\u00f6r barn, och Waldorf leksaker \u00e4r de b\u00e4sta hemskolehj\u00e4lparna. Tr\u00e4nummer graverade p\u00e5 botten och ovanp\u00e5 dem har vi fina st\u00e4llen att s\u00e4tta tr\u00e4nummerp\u00e4rlor. Kit inneh\u00e5ller av: R\u00e4knebricka av tr\u00e4 [&hellip;]<\/p>\n","protected":false},"featured_media":17292,"template":"","meta":{"_monsterinsights_skip_tracking":false,"_monsterinsights_sitenote_active":false,"_monsterinsights_sitenote_note":"","_monsterinsights_sitenote_category":0},"product_cat":[1469,1428],"product_tag":[1491,1486,1482,1591,1593,1606,1475,1594,1456,1466,2392,2391,1446,1918],"yoast_head":"<!-- This site is optimized with the Yoast SEO plugin v22.1 - https:\/\/yoast.com\/wordpress\/plugins\/seo\/ -->\n<title>1-10 Matte manipulativa styrelse - Woodinout \u00a9 Montessori leksaker<\/title>\n<meta name=\"description\" content=\"Tio rambr\u00e4da, handgjorda av tr\u00e4, \u00e4r ett svar p\u00e5 roligt matteinl\u00e4rning. Montessori matte manipulativa skapas som leksak f\u00f6r roliga barn utbildning.\" \/>\n<meta name=\"robots\" content=\"index, follow, max-snippet:-1, max-image-preview:large, max-video-preview:-1\" \/>\n<link rel=\"canonical\" href=\"https:\/\/woodinout.net\/sv\/product\/montessori-matematik-manipulativa\/\" \/>\n<meta property=\"og:locale\" content=\"sv_SE\" \/>\n<meta property=\"og:type\" content=\"article\" \/>\n<meta property=\"og:title\" content=\"1-10 Matte manipulativa styrelse - Woodinout \u00a9 Montessori leksaker\" \/>\n<meta property=\"og:description\" content=\"Tio rambr\u00e4da, handgjorda av tr\u00e4, \u00e4r ett svar p\u00e5 roligt matteinl\u00e4rning. Montessori matte manipulativa skapas som leksak f\u00f6r roliga barn utbildning.\" \/>\n<meta property=\"og:url\" content=\"https:\/\/woodinout.net\/sv\/product\/montessori-matematik-manipulativa\/\" \/>\n<meta property=\"og:site_name\" content=\"Woodinout \u00a9\" \/>\n<meta property=\"article:modified_time\" content=\"2022-04-22T09:35:28+00:00\" \/>\n<meta property=\"og:image\" content=\"https:\/\/woodinout.net\/wp-content\/uploads\/2020\/06\/Montessori-math-manipulatives-1.jpg\" \/>\n\t<meta property=\"og:image:width\" content=\"853\" \/>\n\t<meta property=\"og:image:height\" content=\"1280\" \/>\n\t<meta property=\"og:image:type\" content=\"image\/jpeg\" \/>\n<meta name=\"twitter:card\" content=\"summary_large_image\" \/>\n<meta name=\"twitter:label1\" content=\"Ber\u00e4knad l\u00e4stid\" \/>\n\t<meta name=\"twitter:data1\" content=\"1 minut\" \/>\n<script type=\"application\/ld+json\" class=\"yoast-schema-graph\">{\"@context\":\"https:\/\/schema.org\",\"@graph\":[{\"@type\":\"WebPage\",\"@id\":\"https:\/\/woodinout.net\/sv\/product\/montessori-matematik-manipulativa\/\",\"url\":\"https:\/\/woodinout.net\/sv\/product\/montessori-matematik-manipulativa\/\",\"name\":\"1-10 Matte manipulativa styrelse - Woodinout \u00a9 Montessori leksaker\",\"isPartOf\":{\"@id\":\"https:\/\/woodinout.net\/sv\/#website\"},\"datePublished\":\"2020-06-20T20:23:11+00:00\",\"dateModified\":\"2022-04-22T09:35:28+00:00\",\"description\":\"Tio rambr\u00e4da, handgjorda av tr\u00e4, \u00e4r ett svar p\u00e5 roligt matteinl\u00e4rning. Montessori matte manipulativa skapas som leksak f\u00f6r roliga barn utbildning.\",\"breadcrumb\":{\"@id\":\"https:\/\/woodinout.net\/sv\/product\/montessori-matematik-manipulativa\/#breadcrumb\"},\"inLanguage\":\"sv-SE\",\"potentialAction\":[{\"@type\":\"ReadAction\",\"target\":[\"https:\/\/woodinout.net\/sv\/product\/montessori-matematik-manipulativa\/\"]}]},{\"@type\":\"BreadcrumbList\",\"@id\":\"https:\/\/woodinout.net\/sv\/product\/montessori-matematik-manipulativa\/#breadcrumb\",\"itemListElement\":[{\"@type\":\"ListItem\",\"position\":1,\"name\":\"Home\",\"item\":\"https:\/\/woodinout.net\/sv\/\"},{\"@type\":\"ListItem\",\"position\":2,\"name\":\"Shop\",\"item\":\"https:\/\/woodinout.net\/shop\/\"},{\"@type\":\"ListItem\",\"position\":3,\"name\":\"1-10 Matte manipulativa styrelse\"}]},{\"@type\":\"WebSite\",\"@id\":\"https:\/\/woodinout.net\/sv\/#website\",\"url\":\"https:\/\/woodinout.net\/sv\/\",\"name\":\"Woodinout \u00a9\",\"description\":\"Wooden Montessori toys, gifts, home and events decor details\",\"potentialAction\":[{\"@type\":\"SearchAction\",\"target\":{\"@type\":\"EntryPoint\",\"urlTemplate\":\"https:\/\/woodinout.net\/sv\/?s={search_term_string}\"},\"query-input\":\"required name=search_term_string\"}],\"inLanguage\":\"sv-SE\"}]}<\/script>\n<!-- \/ Yoast SEO plugin. -->","yoast_head_json":{"title":"1-10 Matte manipulativa styrelse - Woodinout \u00a9 Montessori leksaker","description":"Tio rambr\u00e4da, handgjorda av tr\u00e4, \u00e4r ett svar p\u00e5 roligt matteinl\u00e4rning. Montessori matte manipulativa skapas som leksak f\u00f6r roliga barn utbildning.","robots":{"index":"index","follow":"follow","max-snippet":"max-snippet:-1","max-image-preview":"max-image-preview:large","max-video-preview":"max-video-preview:-1"},"canonical":"https:\/\/woodinout.net\/sv\/product\/montessori-matematik-manipulativa\/","og_locale":"sv_SE","og_type":"article","og_title":"1-10 Matte manipulativa styrelse - Woodinout \u00a9 Montessori leksaker","og_description":"Tio rambr\u00e4da, handgjorda av tr\u00e4, \u00e4r ett svar p\u00e5 roligt matteinl\u00e4rning. Montessori matte manipulativa skapas som leksak f\u00f6r roliga barn utbildning.","og_url":"https:\/\/woodinout.net\/sv\/product\/montessori-matematik-manipulativa\/","og_site_name":"Woodinout \u00a9","article_modified_time":"2022-04-22T09:35:28+00:00","og_image":[{"width":853,"height":1280,"url":"https:\/\/woodinout.net\/wp-content\/uploads\/2020\/06\/Montessori-math-manipulatives-1.jpg","type":"image\/jpeg"}],"twitter_card":"summary_large_image","twitter_misc":{"Ber\u00e4knad l\u00e4stid":"1 minut"},"schema":{"@context":"https:\/\/schema.org","@graph":[{"@type":"WebPage","@id":"https:\/\/woodinout.net\/sv\/product\/montessori-matematik-manipulativa\/","url":"https:\/\/woodinout.net\/sv\/product\/montessori-matematik-manipulativa\/","name":"1-10 Matte manipulativa styrelse - Woodinout \u00a9 Montessori leksaker","isPartOf":{"@id":"https:\/\/woodinout.net\/sv\/#website"},"datePublished":"2020-06-20T20:23:11+00:00","dateModified":"2022-04-22T09:35:28+00:00","description":"Tio rambr\u00e4da, handgjorda av tr\u00e4, \u00e4r ett svar p\u00e5 roligt matteinl\u00e4rning. Montessori matte manipulativa skapas som leksak f\u00f6r roliga barn utbildning.","breadcrumb":{"@id":"https:\/\/woodinout.net\/sv\/product\/montessori-matematik-manipulativa\/#breadcrumb"},"inLanguage":"sv-SE","potentialAction":[{"@type":"ReadAction","target":["https:\/\/woodinout.net\/sv\/product\/montessori-matematik-manipulativa\/"]}]},{"@type":"BreadcrumbList","@id":"https:\/\/woodinout.net\/sv\/product\/montessori-matematik-manipulativa\/#breadcrumb","itemListElement":[{"@type":"ListItem","position":1,"name":"Home","item":"https:\/\/woodinout.net\/sv\/"},{"@type":"ListItem","position":2,"name":"Shop","item":"https:\/\/woodinout.net\/shop\/"},{"@type":"ListItem","position":3,"name":"1-10 Matte manipulativa styrelse"}]},{"@type":"WebSite","@id":"https:\/\/woodinout.net\/sv\/#website","url":"https:\/\/woodinout.net\/sv\/","name":"Woodinout \u00a9","description":"Wooden Montessori toys, gifts, home and events decor details","potentialAction":[{"@type":"SearchAction","target":{"@type":"EntryPoint","urlTemplate":"https:\/\/woodinout.net\/sv\/?s={search_term_string}"},"query-input":"required name=search_term_string"}],"inLanguage":"sv-SE"}]}},"_links":{"self":[{"href":"https:\/\/woodinout.net\/sv\/wp-json\/wp\/v2\/product\/21949"}],"collection":[{"href":"https:\/\/woodinout.net\/sv\/wp-json\/wp\/v2\/product"}],"about":[{"href":"https:\/\/woodinout.net\/sv\/wp-json\/wp\/v2\/types\/product"}],"wp:featuredmedia":[{"embeddable":true,"href":"https:\/\/woodinout.net\/sv\/wp-json\/wp\/v2\/media\/17292"}],"wp:attachment":[{"href":"https:\/\/woodinout.net\/sv\/wp-json\/wp\/v2\/media?parent=21949"}],"wp:term":[{"taxonomy":"product_cat","embeddable":true,"href":"https:\/\/woodinout.net\/sv\/wp-json\/wp\/v2\/product_cat?post=21949"},{"taxonomy":"product_tag","embeddable":true,"href":"https:\/\/woodinout.net\/sv\/wp-json\/wp\/v2\/product_tag?post=21949"}],"curies":[{"name":"wp","href":"https:\/\/api.w.org\/{rel}","templated":true}]}}