{"id":21945,"date":"2020-06-20T23:32:45","date_gmt":"2020-06-20T20:32:45","guid":{"rendered":"https:\/\/woodinout.net\/product\/1x5-nummer-och-raknarfack\/"},"modified":"2022-04-25T09:54:59","modified_gmt":"2022-04-25T06:54:59","slug":"numbers-and-counting-tray","status":"publish","type":"product","link":"https:\/\/woodinout.net\/sv\/product\/numbers-and-counting-tray\/","title":{"rendered":"1&#215;5 Nummer och r\u00e4knarfack"},"content":{"rendered":"<p>Detta nummer och r\u00e4knarbricka \u00e4r skapat f\u00f6r att anv\u00e4ndas p\u00e5 m\u00e5nga s\u00e4tt: L\u00e5t det vara unika Montessori mattel\u00e4rare g\u00e5vor, bara l\u00e4gga till graverad text p\u00e5 baksidan och h\u00e4r g\u00e5r du &#8211; det blir PERSONLIG g\u00e5va.<br \/>\nAtt l\u00e4ra sig leksaker \u00e4r fortfarande LEKSAKER f\u00f6r barn, och Waldorf leksaker som dessa matematiska manipulativa \u00e4r de b\u00e4sta hemskolehj\u00e4lparna. R\u00e4knebrickan har en plats att l\u00e4gga r\u00e4knep\u00e4rlor i och ovanp\u00e5 har vi tr\u00e4nummer ingraverade p\u00e5 block. Multiplikationsp\u00e4rlor \u00e4r tr\u00e4, d\u00e4rf\u00f6r milj\u00f6v\u00e4nliga och giftfria. Denna tr\u00e4leksak \u00e4r inte bara snygg (det kan vara perfekt matte klassrumsinredning), men ocks\u00e5 mycket v\u00e4rdefull i dagis eller f\u00f6rskola, n\u00e4r den anv\u00e4nds som en av de ith barnens aktiviteter. L\u00e4rande \u00e4r ROLIGT &amp; ELEGANT med Woodinout.<\/p>\n<p>Kit inneh\u00e5ller av:<br \/>\nR\u00e4knar fack<br \/>\n60 st. av r\u00e4kna p\u00e4rlor (0.05 inches dia)<\/p>\n<p>Du kan v\u00e4lja mellan 2 ALTERNATIV:<br \/>\nA: 20 st. tr\u00e4plywoodnummerkort och 3 symboler (-+=), dimension: ~ 1,8 x 1,8 tum, tjocklek ~0,12 tum<br \/>\nB: 20 st. NATURAL WOOD-talblock och 3 symboler (-+=), dimension: ~ 1,8 x 1,8 tum, tjocklek ~0,6 tum<\/p>\n<p>KORTDIMENSIONER<br \/>\nL\u00e4ngd: ~11.4 inches<br \/>\nH\u00f6jd: ~6.7 inches<br \/>\nTjocklek: ~0.6 inches<\/p>\n<p>F\u00c4RGER OCH MATERIAL<br \/>\nF\u00e4rg: naturlig eller brun oljad.<br \/>\nLeksaken \u00e4r tillverkad av NATURLIGT MASSIVT TR\u00c4.<br \/>\nObservera att f\u00e4rgerna kan variera beroende p\u00e5 inst\u00e4llningar f\u00f6r datorsk\u00e4rmar och ljusning.<\/p>\n","protected":false},"excerpt":{"rendered":"<p>Detta nummer och r\u00e4knarbricka \u00e4r skapat f\u00f6r att anv\u00e4ndas p\u00e5 m\u00e5nga s\u00e4tt: L\u00e5t det vara unika Montessori mattel\u00e4rare g\u00e5vor, bara l\u00e4gga till graverad text p\u00e5 baksidan och h\u00e4r g\u00e5r du &#8211; det blir PERSONLIG g\u00e5va. Att l\u00e4ra sig leksaker \u00e4r fortfarande LEKSAKER f\u00f6r barn, och Waldorf leksaker som dessa matematiska manipulativa \u00e4r de b\u00e4sta hemskolehj\u00e4lparna. [&hellip;]<\/p>\n","protected":false},"featured_media":17380,"template":"","meta":{"_monsterinsights_skip_tracking":false,"_monsterinsights_sitenote_active":false,"_monsterinsights_sitenote_note":"","_monsterinsights_sitenote_category":0},"product_cat":[1469,1428],"product_tag":[1491,1486,1482,1591,1593,1606,1475,1594,1456,1466,1446,1918],"yoast_head":"<!-- This site is optimized with the Yoast SEO plugin v22.1 - https:\/\/yoast.com\/wordpress\/plugins\/seo\/ -->\n<title>1x5 Nummer och r\u00e4knarfack - Woodinout \u00a9 Tr\u00e4leksaker<\/title>\n<meta name=\"description\" content=\"L\u00e4r dig, spela, sortera, r\u00e4kna - Montessori mattematerial Tr\u00e4r\u00e4kningsbricka - L\u00e5ngvarig, Naturlig, Personlig - perfekta barng\u00e5vor.\" \/>\n<meta name=\"robots\" content=\"index, follow, max-snippet:-1, max-image-preview:large, max-video-preview:-1\" \/>\n<link rel=\"canonical\" href=\"https:\/\/woodinout.net\/sv\/product\/numbers-and-counting-tray\/\" \/>\n<meta property=\"og:locale\" content=\"sv_SE\" \/>\n<meta property=\"og:type\" content=\"article\" \/>\n<meta property=\"og:title\" content=\"1x5 Nummer och r\u00e4knarfack - Woodinout \u00a9 Tr\u00e4leksaker\" \/>\n<meta property=\"og:description\" content=\"L\u00e4r dig, spela, sortera, r\u00e4kna - Montessori mattematerial Tr\u00e4r\u00e4kningsbricka - L\u00e5ngvarig, Naturlig, Personlig - perfekta barng\u00e5vor.\" \/>\n<meta property=\"og:url\" content=\"https:\/\/woodinout.net\/sv\/product\/numbers-and-counting-tray\/\" \/>\n<meta property=\"og:site_name\" content=\"Woodinout \u00a9\" \/>\n<meta property=\"article:modified_time\" content=\"2022-04-25T06:54:59+00:00\" \/>\n<meta property=\"og:image\" content=\"https:\/\/woodinout.net\/wp-content\/uploads\/2020\/06\/Numbers-and-Counting-tray-3.jpg\" \/>\n\t<meta property=\"og:image:width\" content=\"853\" \/>\n\t<meta property=\"og:image:height\" content=\"1280\" \/>\n\t<meta property=\"og:image:type\" content=\"image\/jpeg\" \/>\n<meta name=\"twitter:card\" content=\"summary_large_image\" \/>\n<meta name=\"twitter:label1\" content=\"Ber\u00e4knad l\u00e4stid\" \/>\n\t<meta name=\"twitter:data1\" content=\"1 minut\" \/>\n<script type=\"application\/ld+json\" class=\"yoast-schema-graph\">{\"@context\":\"https:\/\/schema.org\",\"@graph\":[{\"@type\":\"WebPage\",\"@id\":\"https:\/\/woodinout.net\/sv\/product\/numbers-and-counting-tray\/\",\"url\":\"https:\/\/woodinout.net\/sv\/product\/numbers-and-counting-tray\/\",\"name\":\"1x5 Nummer och r\u00e4knarfack - Woodinout \u00a9 Tr\u00e4leksaker\",\"isPartOf\":{\"@id\":\"https:\/\/woodinout.net\/sv\/#website\"},\"datePublished\":\"2020-06-20T20:32:45+00:00\",\"dateModified\":\"2022-04-25T06:54:59+00:00\",\"description\":\"L\u00e4r dig, spela, sortera, r\u00e4kna - Montessori mattematerial Tr\u00e4r\u00e4kningsbricka - L\u00e5ngvarig, Naturlig, Personlig - perfekta barng\u00e5vor.\",\"breadcrumb\":{\"@id\":\"https:\/\/woodinout.net\/sv\/product\/numbers-and-counting-tray\/#breadcrumb\"},\"inLanguage\":\"sv-SE\",\"potentialAction\":[{\"@type\":\"ReadAction\",\"target\":[\"https:\/\/woodinout.net\/sv\/product\/numbers-and-counting-tray\/\"]}]},{\"@type\":\"BreadcrumbList\",\"@id\":\"https:\/\/woodinout.net\/sv\/product\/numbers-and-counting-tray\/#breadcrumb\",\"itemListElement\":[{\"@type\":\"ListItem\",\"position\":1,\"name\":\"Home\",\"item\":\"https:\/\/woodinout.net\/sv\/\"},{\"@type\":\"ListItem\",\"position\":2,\"name\":\"Shop\",\"item\":\"https:\/\/woodinout.net\/shop\/\"},{\"@type\":\"ListItem\",\"position\":3,\"name\":\"1&#215;5 Nummer och r\u00e4knarfack\"}]},{\"@type\":\"WebSite\",\"@id\":\"https:\/\/woodinout.net\/sv\/#website\",\"url\":\"https:\/\/woodinout.net\/sv\/\",\"name\":\"Woodinout \u00a9\",\"description\":\"Wooden Montessori toys, gifts, home and events decor details\",\"potentialAction\":[{\"@type\":\"SearchAction\",\"target\":{\"@type\":\"EntryPoint\",\"urlTemplate\":\"https:\/\/woodinout.net\/sv\/?s={search_term_string}\"},\"query-input\":\"required name=search_term_string\"}],\"inLanguage\":\"sv-SE\"}]}<\/script>\n<!-- \/ Yoast SEO plugin. -->","yoast_head_json":{"title":"1x5 Nummer och r\u00e4knarfack - Woodinout \u00a9 Tr\u00e4leksaker","description":"L\u00e4r dig, spela, sortera, r\u00e4kna - Montessori mattematerial Tr\u00e4r\u00e4kningsbricka - L\u00e5ngvarig, Naturlig, Personlig - perfekta barng\u00e5vor.","robots":{"index":"index","follow":"follow","max-snippet":"max-snippet:-1","max-image-preview":"max-image-preview:large","max-video-preview":"max-video-preview:-1"},"canonical":"https:\/\/woodinout.net\/sv\/product\/numbers-and-counting-tray\/","og_locale":"sv_SE","og_type":"article","og_title":"1x5 Nummer och r\u00e4knarfack - Woodinout \u00a9 Tr\u00e4leksaker","og_description":"L\u00e4r dig, spela, sortera, r\u00e4kna - Montessori mattematerial Tr\u00e4r\u00e4kningsbricka - L\u00e5ngvarig, Naturlig, Personlig - perfekta barng\u00e5vor.","og_url":"https:\/\/woodinout.net\/sv\/product\/numbers-and-counting-tray\/","og_site_name":"Woodinout \u00a9","article_modified_time":"2022-04-25T06:54:59+00:00","og_image":[{"width":853,"height":1280,"url":"https:\/\/woodinout.net\/wp-content\/uploads\/2020\/06\/Numbers-and-Counting-tray-3.jpg","type":"image\/jpeg"}],"twitter_card":"summary_large_image","twitter_misc":{"Ber\u00e4knad l\u00e4stid":"1 minut"},"schema":{"@context":"https:\/\/schema.org","@graph":[{"@type":"WebPage","@id":"https:\/\/woodinout.net\/sv\/product\/numbers-and-counting-tray\/","url":"https:\/\/woodinout.net\/sv\/product\/numbers-and-counting-tray\/","name":"1x5 Nummer och r\u00e4knarfack - Woodinout \u00a9 Tr\u00e4leksaker","isPartOf":{"@id":"https:\/\/woodinout.net\/sv\/#website"},"datePublished":"2020-06-20T20:32:45+00:00","dateModified":"2022-04-25T06:54:59+00:00","description":"L\u00e4r dig, spela, sortera, r\u00e4kna - Montessori mattematerial Tr\u00e4r\u00e4kningsbricka - L\u00e5ngvarig, Naturlig, Personlig - perfekta barng\u00e5vor.","breadcrumb":{"@id":"https:\/\/woodinout.net\/sv\/product\/numbers-and-counting-tray\/#breadcrumb"},"inLanguage":"sv-SE","potentialAction":[{"@type":"ReadAction","target":["https:\/\/woodinout.net\/sv\/product\/numbers-and-counting-tray\/"]}]},{"@type":"BreadcrumbList","@id":"https:\/\/woodinout.net\/sv\/product\/numbers-and-counting-tray\/#breadcrumb","itemListElement":[{"@type":"ListItem","position":1,"name":"Home","item":"https:\/\/woodinout.net\/sv\/"},{"@type":"ListItem","position":2,"name":"Shop","item":"https:\/\/woodinout.net\/shop\/"},{"@type":"ListItem","position":3,"name":"1&#215;5 Nummer och r\u00e4knarfack"}]},{"@type":"WebSite","@id":"https:\/\/woodinout.net\/sv\/#website","url":"https:\/\/woodinout.net\/sv\/","name":"Woodinout \u00a9","description":"Wooden Montessori toys, gifts, home and events decor details","potentialAction":[{"@type":"SearchAction","target":{"@type":"EntryPoint","urlTemplate":"https:\/\/woodinout.net\/sv\/?s={search_term_string}"},"query-input":"required name=search_term_string"}],"inLanguage":"sv-SE"}]}},"_links":{"self":[{"href":"https:\/\/woodinout.net\/sv\/wp-json\/wp\/v2\/product\/21945"}],"collection":[{"href":"https:\/\/woodinout.net\/sv\/wp-json\/wp\/v2\/product"}],"about":[{"href":"https:\/\/woodinout.net\/sv\/wp-json\/wp\/v2\/types\/product"}],"wp:featuredmedia":[{"embeddable":true,"href":"https:\/\/woodinout.net\/sv\/wp-json\/wp\/v2\/media\/17380"}],"wp:attachment":[{"href":"https:\/\/woodinout.net\/sv\/wp-json\/wp\/v2\/media?parent=21945"}],"wp:term":[{"taxonomy":"product_cat","embeddable":true,"href":"https:\/\/woodinout.net\/sv\/wp-json\/wp\/v2\/product_cat?post=21945"},{"taxonomy":"product_tag","embeddable":true,"href":"https:\/\/woodinout.net\/sv\/wp-json\/wp\/v2\/product_tag?post=21945"}],"curies":[{"name":"wp","href":"https:\/\/api.w.org\/{rel}","templated":true}]}}