{"id":21944,"date":"2020-06-20T23:45:09","date_gmt":"2020-06-20T20:45:09","guid":{"rendered":"https:\/\/woodinout.net\/product\/tra-bagskytte-leksak-bage-och-pilar\/"},"modified":"2022-04-28T10:25:52","modified_gmt":"2022-04-28T07:25:52","slug":"tra-bagskytte-pil-och-pil","status":"publish","type":"product","link":"https:\/\/woodinout.net\/sv\/product\/tra-bagskytte-pil-och-pil\/","title":{"rendered":"Tr\u00e4 b\u00e5gskytte leksak, b\u00e5ge och pilar"},"content":{"rendered":"<p>Tr\u00e4 b\u00e5gskytte leksak med rosett och f\u00e4rgglada pilar skapas f\u00f6r att vara v\u00e4rdefull personlig sm\u00e5barn g\u00e5va. Waldorf leksaker \u00e4r nummer ett k\u00e4nda f\u00f6r sina l\u00e5tsaslekar &amp; utomhusspel. Dessa tr\u00e4b\u00e5ge och pilar \u00e4r inspirerade av den. Roligt l\u00e4rande \u00e4r exakt syftet med detta b\u00e5gskytte leksaksset. Tr\u00e4leksaker \u00e4r idag svar p\u00e5 unika pojkar och flickor g\u00e5vor. Slitstark, snygg och jordv\u00e4nlig. Tr\u00e4 b\u00e5gskytte b\u00e5ge och pil \u00e4r inte bara en av de roligaste fantasifulla lekarna, men ocks\u00e5 eleganta barnrum inredning till\u00e4gg.<\/p>\n<p>Hitta fler julklappsid\u00e9er <a href=\"https:\/\/woodinout.net\/product-tag\/gifts-for-18-month-old\/\">f\u00f6r sm\u00e5barn h\u00e4r<\/a>.<\/p>\n<p>Kit inneh\u00e5ller av:<br \/>\nTr\u00e4b\u00e5ge<br \/>\n5 st. av tr\u00e4pilar<\/p>\n<p>M\u00c5TT:<\/p>\n<p>H\u00f6jd: ~45cm<br \/>\nTjocklek: ~1,5 cm<\/p>\n<p>F\u00c4RGER OCH MATERIAL:<br \/>\nF\u00e4rg: naturlig eller brun oljad.<br \/>\nMaterial: Leksaken \u00e4r tillverkad av NATURLIGT FAST L\u00d6VTR\u00c4.<br \/>\nObservera att f\u00e4rgerna kan variera beroende p\u00e5 inst\u00e4llningar f\u00f6r datorsk\u00e4rmar och ljusning.<\/p>\n<p>F\u00f6r fler id\u00e9er, f\u00f6lj oss p\u00e5 <a href=\"https:\/\/www.instagram.com\/woodinout\/\">INSTAGRAM<\/a> &amp; <a href=\"https:\/\/www.facebook.com\/Woodinout.net\">FACEBOOK<\/a><\/p>\n","protected":false},"excerpt":{"rendered":"<p>Tr\u00e4 b\u00e5gskytte leksak med rosett och f\u00e4rgglada pilar skapas f\u00f6r att vara v\u00e4rdefull personlig sm\u00e5barn g\u00e5va. Waldorf leksaker \u00e4r nummer ett k\u00e4nda f\u00f6r sina l\u00e5tsaslekar &amp; utomhusspel. Dessa tr\u00e4b\u00e5ge och pilar \u00e4r inspirerade av den. Roligt l\u00e4rande \u00e4r exakt syftet med detta b\u00e5gskytte leksaksset. Tr\u00e4leksaker \u00e4r idag svar p\u00e5 unika pojkar och flickor g\u00e5vor. Slitstark, [&hellip;]<\/p>\n","protected":false},"featured_media":17444,"template":"","meta":{"_monsterinsights_skip_tracking":false,"_monsterinsights_sitenote_active":false,"_monsterinsights_sitenote_note":"","_monsterinsights_sitenote_category":0},"product_cat":[2416,1428],"product_tag":[2419,1491,1486,2332,2417,2334,1482,1475,1456,1466,2418,1446],"yoast_head":"<!-- This site is optimized with the Yoast SEO plugin v22.1 - https:\/\/yoast.com\/wordpress\/plugins\/seo\/ -->\n<title>Tr\u00e4 b\u00e5gskytte leksak, b\u00e5ge och pilar - Woodinout \u00a9<\/title>\n<meta name=\"description\" content=\"Tr\u00e4b\u00e5ge och pilar - barn b\u00e5gskytte leksak set f\u00f6r l\u00e5tsaslek. Personlig present till sm\u00e5 barn. Naturliga, h\u00e5llbara, Waldorf-inspirerade leksaker.\" \/>\n<meta name=\"robots\" content=\"index, follow, max-snippet:-1, max-image-preview:large, max-video-preview:-1\" \/>\n<link rel=\"canonical\" href=\"https:\/\/woodinout.net\/sv\/product\/tra-bagskytte-pil-och-pil\/\" \/>\n<meta property=\"og:locale\" content=\"sv_SE\" \/>\n<meta property=\"og:type\" content=\"article\" \/>\n<meta property=\"og:title\" content=\"Tr\u00e4 b\u00e5gskytte leksak, b\u00e5ge och pilar - Woodinout \u00a9\" \/>\n<meta property=\"og:description\" content=\"Tr\u00e4b\u00e5ge och pilar - barn b\u00e5gskytte leksak set f\u00f6r l\u00e5tsaslek. Personlig present till sm\u00e5 barn. Naturliga, h\u00e5llbara, Waldorf-inspirerade leksaker.\" \/>\n<meta property=\"og:url\" content=\"https:\/\/woodinout.net\/sv\/product\/tra-bagskytte-pil-och-pil\/\" \/>\n<meta property=\"og:site_name\" content=\"Woodinout \u00a9\" \/>\n<meta property=\"article:modified_time\" content=\"2022-04-28T07:25:52+00:00\" \/>\n<meta property=\"og:image\" content=\"https:\/\/woodinout.net\/wp-content\/uploads\/2020\/06\/Wooden-archery-bow-and-arrows-3.jpg\" \/>\n\t<meta property=\"og:image:width\" content=\"853\" \/>\n\t<meta property=\"og:image:height\" content=\"1280\" \/>\n\t<meta property=\"og:image:type\" content=\"image\/jpeg\" \/>\n<meta name=\"twitter:card\" content=\"summary_large_image\" \/>\n<meta name=\"twitter:label1\" content=\"Ber\u00e4knad l\u00e4stid\" \/>\n\t<meta name=\"twitter:data1\" content=\"1 minut\" \/>\n<script type=\"application\/ld+json\" class=\"yoast-schema-graph\">{\"@context\":\"https:\/\/schema.org\",\"@graph\":[{\"@type\":\"WebPage\",\"@id\":\"https:\/\/woodinout.net\/sv\/product\/tra-bagskytte-pil-och-pil\/\",\"url\":\"https:\/\/woodinout.net\/sv\/product\/tra-bagskytte-pil-och-pil\/\",\"name\":\"Tr\u00e4 b\u00e5gskytte leksak, b\u00e5ge och pilar - Woodinout \u00a9\",\"isPartOf\":{\"@id\":\"https:\/\/woodinout.net\/sv\/#website\"},\"datePublished\":\"2020-06-20T20:45:09+00:00\",\"dateModified\":\"2022-04-28T07:25:52+00:00\",\"description\":\"Tr\u00e4b\u00e5ge och pilar - barn b\u00e5gskytte leksak set f\u00f6r l\u00e5tsaslek. Personlig present till sm\u00e5 barn. Naturliga, h\u00e5llbara, Waldorf-inspirerade leksaker.\",\"breadcrumb\":{\"@id\":\"https:\/\/woodinout.net\/sv\/product\/tra-bagskytte-pil-och-pil\/#breadcrumb\"},\"inLanguage\":\"sv-SE\",\"potentialAction\":[{\"@type\":\"ReadAction\",\"target\":[\"https:\/\/woodinout.net\/sv\/product\/tra-bagskytte-pil-och-pil\/\"]}]},{\"@type\":\"BreadcrumbList\",\"@id\":\"https:\/\/woodinout.net\/sv\/product\/tra-bagskytte-pil-och-pil\/#breadcrumb\",\"itemListElement\":[{\"@type\":\"ListItem\",\"position\":1,\"name\":\"Home\",\"item\":\"https:\/\/woodinout.net\/sv\/\"},{\"@type\":\"ListItem\",\"position\":2,\"name\":\"Shop\",\"item\":\"https:\/\/woodinout.net\/shop\/\"},{\"@type\":\"ListItem\",\"position\":3,\"name\":\"Tr\u00e4 b\u00e5gskytte leksak, b\u00e5ge och pilar\"}]},{\"@type\":\"WebSite\",\"@id\":\"https:\/\/woodinout.net\/sv\/#website\",\"url\":\"https:\/\/woodinout.net\/sv\/\",\"name\":\"Woodinout \u00a9\",\"description\":\"Wooden Montessori toys, gifts, home and events decor details\",\"potentialAction\":[{\"@type\":\"SearchAction\",\"target\":{\"@type\":\"EntryPoint\",\"urlTemplate\":\"https:\/\/woodinout.net\/sv\/?s={search_term_string}\"},\"query-input\":\"required name=search_term_string\"}],\"inLanguage\":\"sv-SE\"}]}<\/script>\n<!-- \/ Yoast SEO plugin. -->","yoast_head_json":{"title":"Tr\u00e4 b\u00e5gskytte leksak, b\u00e5ge och pilar - Woodinout \u00a9","description":"Tr\u00e4b\u00e5ge och pilar - barn b\u00e5gskytte leksak set f\u00f6r l\u00e5tsaslek. Personlig present till sm\u00e5 barn. Naturliga, h\u00e5llbara, Waldorf-inspirerade leksaker.","robots":{"index":"index","follow":"follow","max-snippet":"max-snippet:-1","max-image-preview":"max-image-preview:large","max-video-preview":"max-video-preview:-1"},"canonical":"https:\/\/woodinout.net\/sv\/product\/tra-bagskytte-pil-och-pil\/","og_locale":"sv_SE","og_type":"article","og_title":"Tr\u00e4 b\u00e5gskytte leksak, b\u00e5ge och pilar - Woodinout \u00a9","og_description":"Tr\u00e4b\u00e5ge och pilar - barn b\u00e5gskytte leksak set f\u00f6r l\u00e5tsaslek. Personlig present till sm\u00e5 barn. Naturliga, h\u00e5llbara, Waldorf-inspirerade leksaker.","og_url":"https:\/\/woodinout.net\/sv\/product\/tra-bagskytte-pil-och-pil\/","og_site_name":"Woodinout \u00a9","article_modified_time":"2022-04-28T07:25:52+00:00","og_image":[{"width":853,"height":1280,"url":"https:\/\/woodinout.net\/wp-content\/uploads\/2020\/06\/Wooden-archery-bow-and-arrows-3.jpg","type":"image\/jpeg"}],"twitter_card":"summary_large_image","twitter_misc":{"Ber\u00e4knad l\u00e4stid":"1 minut"},"schema":{"@context":"https:\/\/schema.org","@graph":[{"@type":"WebPage","@id":"https:\/\/woodinout.net\/sv\/product\/tra-bagskytte-pil-och-pil\/","url":"https:\/\/woodinout.net\/sv\/product\/tra-bagskytte-pil-och-pil\/","name":"Tr\u00e4 b\u00e5gskytte leksak, b\u00e5ge och pilar - Woodinout \u00a9","isPartOf":{"@id":"https:\/\/woodinout.net\/sv\/#website"},"datePublished":"2020-06-20T20:45:09+00:00","dateModified":"2022-04-28T07:25:52+00:00","description":"Tr\u00e4b\u00e5ge och pilar - barn b\u00e5gskytte leksak set f\u00f6r l\u00e5tsaslek. Personlig present till sm\u00e5 barn. Naturliga, h\u00e5llbara, Waldorf-inspirerade leksaker.","breadcrumb":{"@id":"https:\/\/woodinout.net\/sv\/product\/tra-bagskytte-pil-och-pil\/#breadcrumb"},"inLanguage":"sv-SE","potentialAction":[{"@type":"ReadAction","target":["https:\/\/woodinout.net\/sv\/product\/tra-bagskytte-pil-och-pil\/"]}]},{"@type":"BreadcrumbList","@id":"https:\/\/woodinout.net\/sv\/product\/tra-bagskytte-pil-och-pil\/#breadcrumb","itemListElement":[{"@type":"ListItem","position":1,"name":"Home","item":"https:\/\/woodinout.net\/sv\/"},{"@type":"ListItem","position":2,"name":"Shop","item":"https:\/\/woodinout.net\/shop\/"},{"@type":"ListItem","position":3,"name":"Tr\u00e4 b\u00e5gskytte leksak, b\u00e5ge och pilar"}]},{"@type":"WebSite","@id":"https:\/\/woodinout.net\/sv\/#website","url":"https:\/\/woodinout.net\/sv\/","name":"Woodinout \u00a9","description":"Wooden Montessori toys, gifts, home and events decor details","potentialAction":[{"@type":"SearchAction","target":{"@type":"EntryPoint","urlTemplate":"https:\/\/woodinout.net\/sv\/?s={search_term_string}"},"query-input":"required name=search_term_string"}],"inLanguage":"sv-SE"}]}},"_links":{"self":[{"href":"https:\/\/woodinout.net\/sv\/wp-json\/wp\/v2\/product\/21944"}],"collection":[{"href":"https:\/\/woodinout.net\/sv\/wp-json\/wp\/v2\/product"}],"about":[{"href":"https:\/\/woodinout.net\/sv\/wp-json\/wp\/v2\/types\/product"}],"wp:featuredmedia":[{"embeddable":true,"href":"https:\/\/woodinout.net\/sv\/wp-json\/wp\/v2\/media\/17444"}],"wp:attachment":[{"href":"https:\/\/woodinout.net\/sv\/wp-json\/wp\/v2\/media?parent=21944"}],"wp:term":[{"taxonomy":"product_cat","embeddable":true,"href":"https:\/\/woodinout.net\/sv\/wp-json\/wp\/v2\/product_cat?post=21944"},{"taxonomy":"product_tag","embeddable":true,"href":"https:\/\/woodinout.net\/sv\/wp-json\/wp\/v2\/product_tag?post=21944"}],"curies":[{"name":"wp","href":"https:\/\/api.w.org\/{rel}","templated":true}]}}