{"id":21940,"date":"2020-06-20T23:37:01","date_gmt":"2020-06-20T20:37:01","guid":{"rendered":"https:\/\/woodinout.net\/product\/tranummerblock-massivt-tra\/"},"modified":"2022-04-22T12:37:05","modified_gmt":"2022-04-22T09:37:05","slug":"tra-nummer-block-solid","status":"publish","type":"product","link":"https:\/\/woodinout.net\/sv\/product\/tra-nummer-block-solid\/","title":{"rendered":"Tr\u00e4nummerblock (Massivt tr\u00e4)"},"content":{"rendered":"<h1>Nummerblock i tr\u00e4<\/h1>\n<p>Handgjord av massivt tr\u00e4. F\u00f6rsiktigt skuren och dammad, s\u00e4ker och milj\u00f6v\u00e4nlig leksak. Letar du efter unika barng\u00e5vor? Tr\u00e4nummerblock \u00e4r b\u00e5da &#8211; pedagogiska och snygga. V\u00e4rldsk\u00e4nda Waldorf &amp; Montessori leksaker \u00e4r enkelt och roligt s\u00e4tt att l\u00e4ra sig siffror och r\u00e4kna och kan ocks\u00e5 anv\u00e4ndas f\u00f6r m\u00e5nga andra barnaktiviteter. Montessori tr\u00e4leksaker g\u00f6r hemskola L\u00c4TT. Tro mig, barn \u00e4lskar det.<\/p>\n<p>Att r\u00e4kna med tr\u00e4nummerblock \u00e4r mycket mer sp\u00e4nnande. Kompatibel med v\u00e5ra inl\u00e4rningsspel som vi f\u00f6redrar att anv\u00e4nda som <a href=\"http:\/\/woodinout.net\/product-tag\/math-manipulatives\/\">matematiska manipulativa<\/a> som tio ram 2&#215;5 eller 3&#215;5.<\/p>\n<p>L\u00c4RANDE spel \u00e4r fortfarande leksaker i ett barns \u00f6gon. V\u00e5ra handgjorda f\u00f6rskoleleksaker i tr\u00e4 \u00e4r inte bara perfekta presenter till barn, utan ocks\u00e5 mycket snygga. D\u00e4rf\u00f6r ocks\u00e5 mycket uppskattat av f\u00f6r\u00e4ldrar.<\/p>\n<p>Kit inneh\u00e5ller av:<br \/>\n20 st. NATURLIGA TR\u00c4NUMMERblock<br \/>\n3 symboler (-+=)<\/p>\n<p>M\u00c5TT<\/p>\n<p>H\u00f6jd: ~1,8 tum<br \/>\nL\u00e4ngd: ~1.8 inches<br \/>\nTjocklek: ~0.6 inches<\/p>\n<p>F\u00c4RGER OCH MATERIAL<br \/>\nF\u00e4rg: m\u00f6rkbrun eller naturlig oljad.<br \/>\nLeksaken \u00e4r tillverkad av NATURLIGT MASSIVT TR\u00c4 och milj\u00f6v\u00e4nliga f\u00e4rger\/oljor.<br \/>\nObservera att f\u00e4rgerna kan variera beroende p\u00e5 inst\u00e4llningar f\u00f6r datorsk\u00e4rmar och ljusning.<\/p>\n","protected":false},"excerpt":{"rendered":"<p>Nummerblock i tr\u00e4 Handgjord av massivt tr\u00e4. F\u00f6rsiktigt skuren och dammad, s\u00e4ker och milj\u00f6v\u00e4nlig leksak. Letar du efter unika barng\u00e5vor? Tr\u00e4nummerblock \u00e4r b\u00e5da &#8211; pedagogiska och snygga. V\u00e4rldsk\u00e4nda Waldorf &amp; Montessori leksaker \u00e4r enkelt och roligt s\u00e4tt att l\u00e4ra sig siffror och r\u00e4kna och kan ocks\u00e5 anv\u00e4ndas f\u00f6r m\u00e5nga andra barnaktiviteter. Montessori tr\u00e4leksaker g\u00f6r hemskola [&hellip;]<\/p>\n","protected":false},"featured_media":17396,"template":"","meta":{"_monsterinsights_skip_tracking":false,"_monsterinsights_sitenote_active":false,"_monsterinsights_sitenote_note":"","_monsterinsights_sitenote_category":0},"product_cat":[1469,1428],"product_tag":[1491,1486,1482,1591,1593,1606,1475,1594,1456,1466,2333,1446,2329],"yoast_head":"<!-- This site is optimized with the Yoast SEO plugin v22.1 - https:\/\/yoast.com\/wordpress\/plugins\/seo\/ -->\n<title>Tr\u00e4nummerblock (Massivt tr\u00e4) - Woodinout \u00a9 Montessori leksaker<\/title>\n<meta name=\"description\" content=\"L\u00e4r barnen matte, siffror &amp; r\u00e4kna p\u00e5 ett roligt s\u00e4tt. Utveckla ocks\u00e5 sm\u00e5barnsmotorik och lek med snygga handgjorda tr\u00e4block.\" \/>\n<meta name=\"robots\" content=\"index, follow, max-snippet:-1, max-image-preview:large, max-video-preview:-1\" \/>\n<link rel=\"canonical\" href=\"https:\/\/woodinout.net\/sv\/product\/tra-nummer-block-solid\/\" \/>\n<meta property=\"og:locale\" content=\"sv_SE\" \/>\n<meta property=\"og:type\" content=\"article\" \/>\n<meta property=\"og:title\" content=\"Tr\u00e4nummerblock (Massivt tr\u00e4) - Woodinout \u00a9 Montessori leksaker\" \/>\n<meta property=\"og:description\" content=\"L\u00e4r barnen matte, siffror &amp; r\u00e4kna p\u00e5 ett roligt s\u00e4tt. Utveckla ocks\u00e5 sm\u00e5barnsmotorik och lek med snygga handgjorda tr\u00e4block.\" \/>\n<meta property=\"og:url\" content=\"https:\/\/woodinout.net\/sv\/product\/tra-nummer-block-solid\/\" \/>\n<meta property=\"og:site_name\" content=\"Woodinout \u00a9\" \/>\n<meta property=\"article:modified_time\" content=\"2022-04-22T09:37:05+00:00\" \/>\n<meta property=\"og:image\" content=\"https:\/\/woodinout.net\/wp-content\/uploads\/2020\/06\/Wood-numbers-and-counting-wood-blocks.jpg\" \/>\n\t<meta property=\"og:image:width\" content=\"853\" \/>\n\t<meta property=\"og:image:height\" content=\"1280\" \/>\n\t<meta property=\"og:image:type\" content=\"image\/jpeg\" \/>\n<meta name=\"twitter:card\" content=\"summary_large_image\" \/>\n<meta name=\"twitter:label1\" content=\"Ber\u00e4knad l\u00e4stid\" \/>\n\t<meta name=\"twitter:data1\" content=\"1 minut\" \/>\n<script type=\"application\/ld+json\" class=\"yoast-schema-graph\">{\"@context\":\"https:\/\/schema.org\",\"@graph\":[{\"@type\":\"WebPage\",\"@id\":\"https:\/\/woodinout.net\/sv\/product\/tra-nummer-block-solid\/\",\"url\":\"https:\/\/woodinout.net\/sv\/product\/tra-nummer-block-solid\/\",\"name\":\"Tr\u00e4nummerblock (Massivt tr\u00e4) - Woodinout \u00a9 Montessori leksaker\",\"isPartOf\":{\"@id\":\"https:\/\/woodinout.net\/sv\/#website\"},\"datePublished\":\"2020-06-20T20:37:01+00:00\",\"dateModified\":\"2022-04-22T09:37:05+00:00\",\"description\":\"L\u00e4r barnen matte, siffror & r\u00e4kna p\u00e5 ett roligt s\u00e4tt. Utveckla ocks\u00e5 sm\u00e5barnsmotorik och lek med snygga handgjorda tr\u00e4block.\",\"breadcrumb\":{\"@id\":\"https:\/\/woodinout.net\/sv\/product\/tra-nummer-block-solid\/#breadcrumb\"},\"inLanguage\":\"sv-SE\",\"potentialAction\":[{\"@type\":\"ReadAction\",\"target\":[\"https:\/\/woodinout.net\/sv\/product\/tra-nummer-block-solid\/\"]}]},{\"@type\":\"BreadcrumbList\",\"@id\":\"https:\/\/woodinout.net\/sv\/product\/tra-nummer-block-solid\/#breadcrumb\",\"itemListElement\":[{\"@type\":\"ListItem\",\"position\":1,\"name\":\"Home\",\"item\":\"https:\/\/woodinout.net\/sv\/\"},{\"@type\":\"ListItem\",\"position\":2,\"name\":\"Shop\",\"item\":\"https:\/\/woodinout.net\/shop\/\"},{\"@type\":\"ListItem\",\"position\":3,\"name\":\"Tr\u00e4nummerblock (Massivt tr\u00e4)\"}]},{\"@type\":\"WebSite\",\"@id\":\"https:\/\/woodinout.net\/sv\/#website\",\"url\":\"https:\/\/woodinout.net\/sv\/\",\"name\":\"Woodinout \u00a9\",\"description\":\"Wooden Montessori toys, gifts, home and events decor details\",\"potentialAction\":[{\"@type\":\"SearchAction\",\"target\":{\"@type\":\"EntryPoint\",\"urlTemplate\":\"https:\/\/woodinout.net\/sv\/?s={search_term_string}\"},\"query-input\":\"required name=search_term_string\"}],\"inLanguage\":\"sv-SE\"}]}<\/script>\n<!-- \/ Yoast SEO plugin. -->","yoast_head_json":{"title":"Tr\u00e4nummerblock (Massivt tr\u00e4) - Woodinout \u00a9 Montessori leksaker","description":"L\u00e4r barnen matte, siffror & r\u00e4kna p\u00e5 ett roligt s\u00e4tt. Utveckla ocks\u00e5 sm\u00e5barnsmotorik och lek med snygga handgjorda tr\u00e4block.","robots":{"index":"index","follow":"follow","max-snippet":"max-snippet:-1","max-image-preview":"max-image-preview:large","max-video-preview":"max-video-preview:-1"},"canonical":"https:\/\/woodinout.net\/sv\/product\/tra-nummer-block-solid\/","og_locale":"sv_SE","og_type":"article","og_title":"Tr\u00e4nummerblock (Massivt tr\u00e4) - Woodinout \u00a9 Montessori leksaker","og_description":"L\u00e4r barnen matte, siffror & r\u00e4kna p\u00e5 ett roligt s\u00e4tt. Utveckla ocks\u00e5 sm\u00e5barnsmotorik och lek med snygga handgjorda tr\u00e4block.","og_url":"https:\/\/woodinout.net\/sv\/product\/tra-nummer-block-solid\/","og_site_name":"Woodinout \u00a9","article_modified_time":"2022-04-22T09:37:05+00:00","og_image":[{"width":853,"height":1280,"url":"https:\/\/woodinout.net\/wp-content\/uploads\/2020\/06\/Wood-numbers-and-counting-wood-blocks.jpg","type":"image\/jpeg"}],"twitter_card":"summary_large_image","twitter_misc":{"Ber\u00e4knad l\u00e4stid":"1 minut"},"schema":{"@context":"https:\/\/schema.org","@graph":[{"@type":"WebPage","@id":"https:\/\/woodinout.net\/sv\/product\/tra-nummer-block-solid\/","url":"https:\/\/woodinout.net\/sv\/product\/tra-nummer-block-solid\/","name":"Tr\u00e4nummerblock (Massivt tr\u00e4) - Woodinout \u00a9 Montessori leksaker","isPartOf":{"@id":"https:\/\/woodinout.net\/sv\/#website"},"datePublished":"2020-06-20T20:37:01+00:00","dateModified":"2022-04-22T09:37:05+00:00","description":"L\u00e4r barnen matte, siffror & r\u00e4kna p\u00e5 ett roligt s\u00e4tt. Utveckla ocks\u00e5 sm\u00e5barnsmotorik och lek med snygga handgjorda tr\u00e4block.","breadcrumb":{"@id":"https:\/\/woodinout.net\/sv\/product\/tra-nummer-block-solid\/#breadcrumb"},"inLanguage":"sv-SE","potentialAction":[{"@type":"ReadAction","target":["https:\/\/woodinout.net\/sv\/product\/tra-nummer-block-solid\/"]}]},{"@type":"BreadcrumbList","@id":"https:\/\/woodinout.net\/sv\/product\/tra-nummer-block-solid\/#breadcrumb","itemListElement":[{"@type":"ListItem","position":1,"name":"Home","item":"https:\/\/woodinout.net\/sv\/"},{"@type":"ListItem","position":2,"name":"Shop","item":"https:\/\/woodinout.net\/shop\/"},{"@type":"ListItem","position":3,"name":"Tr\u00e4nummerblock (Massivt tr\u00e4)"}]},{"@type":"WebSite","@id":"https:\/\/woodinout.net\/sv\/#website","url":"https:\/\/woodinout.net\/sv\/","name":"Woodinout \u00a9","description":"Wooden Montessori toys, gifts, home and events decor details","potentialAction":[{"@type":"SearchAction","target":{"@type":"EntryPoint","urlTemplate":"https:\/\/woodinout.net\/sv\/?s={search_term_string}"},"query-input":"required name=search_term_string"}],"inLanguage":"sv-SE"}]}},"_links":{"self":[{"href":"https:\/\/woodinout.net\/sv\/wp-json\/wp\/v2\/product\/21940"}],"collection":[{"href":"https:\/\/woodinout.net\/sv\/wp-json\/wp\/v2\/product"}],"about":[{"href":"https:\/\/woodinout.net\/sv\/wp-json\/wp\/v2\/types\/product"}],"wp:featuredmedia":[{"embeddable":true,"href":"https:\/\/woodinout.net\/sv\/wp-json\/wp\/v2\/media\/17396"}],"wp:attachment":[{"href":"https:\/\/woodinout.net\/sv\/wp-json\/wp\/v2\/media?parent=21940"}],"wp:term":[{"taxonomy":"product_cat","embeddable":true,"href":"https:\/\/woodinout.net\/sv\/wp-json\/wp\/v2\/product_cat?post=21940"},{"taxonomy":"product_tag","embeddable":true,"href":"https:\/\/woodinout.net\/sv\/wp-json\/wp\/v2\/product_tag?post=21940"}],"curies":[{"name":"wp","href":"https:\/\/api.w.org\/{rel}","templated":true}]}}