{"id":21939,"date":"2020-06-20T23:52:42","date_gmt":"2020-06-20T20:52:42","guid":{"rendered":"https:\/\/woodinout.net\/product\/junior-alfapetbrada-familjeord\/"},"modified":"2022-04-28T09:40:25","modified_gmt":"2022-04-28T06:40:25","slug":"alfapet-board-med-tra-bokstaver","status":"publish","type":"product","link":"https:\/\/woodinout.net\/sv\/product\/alfapet-board-med-tra-bokstaver\/","title":{"rendered":"Junior alfapetbr\u00e4da. Familjeord"},"content":{"rendered":"<p>Vi presenterar en alfapetbr\u00e4da med tr\u00e4bokst\u00e4ver. Detta alfapet spel \u00e4r perfekt familjeg\u00e5va f\u00f6r v\u00e4rdefull familjetid tillsammans. L\u00e4gg till anpassad text p\u00e5 baksidan och h\u00e4r g\u00e5r du En personlig g\u00e5va. Alfapet kakel spel \u00e4r en av de mest popul\u00e4ra ord inl\u00e4rning leksaker i v\u00e4rlden. Bli kreativ p\u00e5 alfapetbr\u00e4da och sammanfoga alfabetsblock i tr\u00e4ord. Tr\u00e4 bokst\u00e4ver abc tr\u00e4 block tar dig till ordv\u00e4rlden, l\u00e5t oss g\u00e5 tillsammans NU! G\u00e5 med i familjen av glada kunder p\u00e5 Woodinout! Att l\u00e4ra sig leksaker \u00e4r vad vi g\u00f6r!<\/p>\n<p><strong>Kit inneh\u00e5ller av:<\/strong><br \/>\nWord-familjens alfapetbr\u00e4da<br \/>\nTr\u00e4penna<\/p>\n<p><strong>Du kan v\u00e4lja mellan 2 ALTERNATIV:<\/strong><\/p>\n<ul>\n<li>A: 35 st. plywood bokst\u00e4ver kort(26 st. + ytterligare b,d,g,m,n,p,r,s,t) , dimension: ~ 1,8 x 1,8 tum, tjocklek ~0,12 tum<\/li>\n<li>B: 35 st. NATURLIGA tr\u00e4bokst\u00e4ver(26 st. + ytterligare b,d,g,m,n,p,r,s,t), dimension: ~ 1,8 x 1,8 tum, tjocklek ~0,6 tum<\/li>\n<\/ul>\n<p>KORTDIMENSIONER<br \/>\nL\u00e4ngd: ~6 inches<br \/>\nH\u00f6jd: ~11.4 inches<br \/>\nTjocklek: ~0.6 inches<\/p>\n<p>F\u00c4RGER OCH MATERIAL<br \/>\nF\u00e4rg: naturlig eller brun oljad.<br \/>\nBr\u00e4dan \u00e4r tillverkad av NATURLIGT MASSIVT TR\u00c4.<br \/>\nObservera att f\u00e4rgerna kan variera beroende p\u00e5 inst\u00e4llningar f\u00f6r datorsk\u00e4rmar och ljusning.<\/p>\n","protected":false},"excerpt":{"rendered":"<p>Vi presenterar en alfapetbr\u00e4da med tr\u00e4bokst\u00e4ver. Detta alfapet spel \u00e4r perfekt familjeg\u00e5va f\u00f6r v\u00e4rdefull familjetid tillsammans. L\u00e4gg till anpassad text p\u00e5 baksidan och h\u00e4r g\u00e5r du En personlig g\u00e5va. Alfapet kakel spel \u00e4r en av de mest popul\u00e4ra ord inl\u00e4rning leksaker i v\u00e4rlden. Bli kreativ p\u00e5 alfapetbr\u00e4da och sammanfoga alfabetsblock i tr\u00e4ord. Tr\u00e4 bokst\u00e4ver abc [&hellip;]<\/p>\n","protected":false},"featured_media":17468,"template":"","meta":{"_monsterinsights_skip_tracking":false,"_monsterinsights_sitenote_active":false,"_monsterinsights_sitenote_note":"","_monsterinsights_sitenote_category":0},"product_cat":[1471,1428],"product_tag":[1491,1486,2365,1482,1475,1456,1466,2364,1548,1549,1446],"yoast_head":"<!-- This site is optimized with the Yoast SEO plugin v22.1 - https:\/\/yoast.com\/wordpress\/plugins\/seo\/ -->\n<title>Junior alfapetbr\u00e4da. Familjeord - Woodinout \u00a9 Stavningsspel<\/title>\n<meta name=\"description\" content=\"Junior alfapet br\u00e4dspel - f\u00f6r v\u00e4rdefull familjetid med dina barn. Handgjorda och milj\u00f6v\u00e4nliga inl\u00e4rningsleksaker fr\u00e5n Woodinout.\" \/>\n<meta name=\"robots\" content=\"index, follow, max-snippet:-1, max-image-preview:large, max-video-preview:-1\" \/>\n<link rel=\"canonical\" href=\"https:\/\/woodinout.net\/sv\/product\/alfapet-board-med-tra-bokstaver\/\" \/>\n<meta property=\"og:locale\" content=\"sv_SE\" \/>\n<meta property=\"og:type\" content=\"article\" \/>\n<meta property=\"og:title\" content=\"Junior alfapetbr\u00e4da. Familjeord - Woodinout \u00a9 Stavningsspel\" \/>\n<meta property=\"og:description\" content=\"Junior alfapet br\u00e4dspel - f\u00f6r v\u00e4rdefull familjetid med dina barn. Handgjorda och milj\u00f6v\u00e4nliga inl\u00e4rningsleksaker fr\u00e5n Woodinout.\" \/>\n<meta property=\"og:url\" content=\"https:\/\/woodinout.net\/sv\/product\/alfapet-board-med-tra-bokstaver\/\" \/>\n<meta property=\"og:site_name\" content=\"Woodinout \u00a9\" \/>\n<meta property=\"article:modified_time\" content=\"2022-04-28T06:40:25+00:00\" \/>\n<meta property=\"og:image\" content=\"https:\/\/woodinout.net\/wp-content\/uploads\/2020\/06\/Scrabble-board-with-wooden-letters-1.jpg\" \/>\n\t<meta property=\"og:image:width\" content=\"853\" \/>\n\t<meta property=\"og:image:height\" content=\"1280\" \/>\n\t<meta property=\"og:image:type\" content=\"image\/jpeg\" \/>\n<meta name=\"twitter:card\" content=\"summary_large_image\" \/>\n<meta name=\"twitter:label1\" content=\"Ber\u00e4knad l\u00e4stid\" \/>\n\t<meta name=\"twitter:data1\" content=\"1 minut\" \/>\n<script type=\"application\/ld+json\" class=\"yoast-schema-graph\">{\"@context\":\"https:\/\/schema.org\",\"@graph\":[{\"@type\":\"WebPage\",\"@id\":\"https:\/\/woodinout.net\/sv\/product\/alfapet-board-med-tra-bokstaver\/\",\"url\":\"https:\/\/woodinout.net\/sv\/product\/alfapet-board-med-tra-bokstaver\/\",\"name\":\"Junior alfapetbr\u00e4da. Familjeord - Woodinout \u00a9 Stavningsspel\",\"isPartOf\":{\"@id\":\"https:\/\/woodinout.net\/sv\/#website\"},\"datePublished\":\"2020-06-20T20:52:42+00:00\",\"dateModified\":\"2022-04-28T06:40:25+00:00\",\"description\":\"Junior alfapet br\u00e4dspel - f\u00f6r v\u00e4rdefull familjetid med dina barn. Handgjorda och milj\u00f6v\u00e4nliga inl\u00e4rningsleksaker fr\u00e5n Woodinout.\",\"breadcrumb\":{\"@id\":\"https:\/\/woodinout.net\/sv\/product\/alfapet-board-med-tra-bokstaver\/#breadcrumb\"},\"inLanguage\":\"sv-SE\",\"potentialAction\":[{\"@type\":\"ReadAction\",\"target\":[\"https:\/\/woodinout.net\/sv\/product\/alfapet-board-med-tra-bokstaver\/\"]}]},{\"@type\":\"BreadcrumbList\",\"@id\":\"https:\/\/woodinout.net\/sv\/product\/alfapet-board-med-tra-bokstaver\/#breadcrumb\",\"itemListElement\":[{\"@type\":\"ListItem\",\"position\":1,\"name\":\"Home\",\"item\":\"https:\/\/woodinout.net\/sv\/\"},{\"@type\":\"ListItem\",\"position\":2,\"name\":\"Shop\",\"item\":\"https:\/\/woodinout.net\/shop\/\"},{\"@type\":\"ListItem\",\"position\":3,\"name\":\"Junior alfapetbr\u00e4da. Familjeord\"}]},{\"@type\":\"WebSite\",\"@id\":\"https:\/\/woodinout.net\/sv\/#website\",\"url\":\"https:\/\/woodinout.net\/sv\/\",\"name\":\"Woodinout \u00a9\",\"description\":\"Wooden Montessori toys, gifts, home and events decor details\",\"potentialAction\":[{\"@type\":\"SearchAction\",\"target\":{\"@type\":\"EntryPoint\",\"urlTemplate\":\"https:\/\/woodinout.net\/sv\/?s={search_term_string}\"},\"query-input\":\"required name=search_term_string\"}],\"inLanguage\":\"sv-SE\"}]}<\/script>\n<!-- \/ Yoast SEO plugin. -->","yoast_head_json":{"title":"Junior alfapetbr\u00e4da. Familjeord - Woodinout \u00a9 Stavningsspel","description":"Junior alfapet br\u00e4dspel - f\u00f6r v\u00e4rdefull familjetid med dina barn. Handgjorda och milj\u00f6v\u00e4nliga inl\u00e4rningsleksaker fr\u00e5n Woodinout.","robots":{"index":"index","follow":"follow","max-snippet":"max-snippet:-1","max-image-preview":"max-image-preview:large","max-video-preview":"max-video-preview:-1"},"canonical":"https:\/\/woodinout.net\/sv\/product\/alfapet-board-med-tra-bokstaver\/","og_locale":"sv_SE","og_type":"article","og_title":"Junior alfapetbr\u00e4da. Familjeord - Woodinout \u00a9 Stavningsspel","og_description":"Junior alfapet br\u00e4dspel - f\u00f6r v\u00e4rdefull familjetid med dina barn. Handgjorda och milj\u00f6v\u00e4nliga inl\u00e4rningsleksaker fr\u00e5n Woodinout.","og_url":"https:\/\/woodinout.net\/sv\/product\/alfapet-board-med-tra-bokstaver\/","og_site_name":"Woodinout \u00a9","article_modified_time":"2022-04-28T06:40:25+00:00","og_image":[{"width":853,"height":1280,"url":"https:\/\/woodinout.net\/wp-content\/uploads\/2020\/06\/Scrabble-board-with-wooden-letters-1.jpg","type":"image\/jpeg"}],"twitter_card":"summary_large_image","twitter_misc":{"Ber\u00e4knad l\u00e4stid":"1 minut"},"schema":{"@context":"https:\/\/schema.org","@graph":[{"@type":"WebPage","@id":"https:\/\/woodinout.net\/sv\/product\/alfapet-board-med-tra-bokstaver\/","url":"https:\/\/woodinout.net\/sv\/product\/alfapet-board-med-tra-bokstaver\/","name":"Junior alfapetbr\u00e4da. Familjeord - Woodinout \u00a9 Stavningsspel","isPartOf":{"@id":"https:\/\/woodinout.net\/sv\/#website"},"datePublished":"2020-06-20T20:52:42+00:00","dateModified":"2022-04-28T06:40:25+00:00","description":"Junior alfapet br\u00e4dspel - f\u00f6r v\u00e4rdefull familjetid med dina barn. Handgjorda och milj\u00f6v\u00e4nliga inl\u00e4rningsleksaker fr\u00e5n Woodinout.","breadcrumb":{"@id":"https:\/\/woodinout.net\/sv\/product\/alfapet-board-med-tra-bokstaver\/#breadcrumb"},"inLanguage":"sv-SE","potentialAction":[{"@type":"ReadAction","target":["https:\/\/woodinout.net\/sv\/product\/alfapet-board-med-tra-bokstaver\/"]}]},{"@type":"BreadcrumbList","@id":"https:\/\/woodinout.net\/sv\/product\/alfapet-board-med-tra-bokstaver\/#breadcrumb","itemListElement":[{"@type":"ListItem","position":1,"name":"Home","item":"https:\/\/woodinout.net\/sv\/"},{"@type":"ListItem","position":2,"name":"Shop","item":"https:\/\/woodinout.net\/shop\/"},{"@type":"ListItem","position":3,"name":"Junior alfapetbr\u00e4da. Familjeord"}]},{"@type":"WebSite","@id":"https:\/\/woodinout.net\/sv\/#website","url":"https:\/\/woodinout.net\/sv\/","name":"Woodinout \u00a9","description":"Wooden Montessori toys, gifts, home and events decor details","potentialAction":[{"@type":"SearchAction","target":{"@type":"EntryPoint","urlTemplate":"https:\/\/woodinout.net\/sv\/?s={search_term_string}"},"query-input":"required name=search_term_string"}],"inLanguage":"sv-SE"}]}},"_links":{"self":[{"href":"https:\/\/woodinout.net\/sv\/wp-json\/wp\/v2\/product\/21939"}],"collection":[{"href":"https:\/\/woodinout.net\/sv\/wp-json\/wp\/v2\/product"}],"about":[{"href":"https:\/\/woodinout.net\/sv\/wp-json\/wp\/v2\/types\/product"}],"wp:featuredmedia":[{"embeddable":true,"href":"https:\/\/woodinout.net\/sv\/wp-json\/wp\/v2\/media\/17468"}],"wp:attachment":[{"href":"https:\/\/woodinout.net\/sv\/wp-json\/wp\/v2\/media?parent=21939"}],"wp:term":[{"taxonomy":"product_cat","embeddable":true,"href":"https:\/\/woodinout.net\/sv\/wp-json\/wp\/v2\/product_cat?post=21939"},{"taxonomy":"product_tag","embeddable":true,"href":"https:\/\/woodinout.net\/sv\/wp-json\/wp\/v2\/product_tag?post=21939"}],"curies":[{"name":"wp","href":"https:\/\/api.w.org\/{rel}","templated":true}]}}