{"id":21937,"date":"2020-06-20T23:12:34","date_gmt":"2020-06-20T20:12:34","guid":{"rendered":"https:\/\/woodinout.net\/product\/10x10-tra-geoboard\/"},"modified":"2020-06-20T23:12:34","modified_gmt":"2020-06-20T20:12:34","slug":"traleksaker-geoboard-montessori-100-frame-pegboard-with-rubber-band","status":"publish","type":"product","link":"https:\/\/woodinout.net\/sv\/product\/traleksaker-geoboard-montessori-100-frame-pegboard-with-rubber-band\/","title":{"rendered":"10&#215;10 tr\u00e4 geoboard"},"content":{"rendered":"<p>Tr\u00e4geoboard \u00e4r en unik <a href=\"https:\/\/woodinout.net\/product-tag\/kids-gifts\/\">pedagogisk g\u00e5va<\/a>. V\u00e4rldsk\u00e4nda Montessori leksaker \u00e4r enkelt och roligt s\u00e4tt att l\u00e4ra sig och utbilda barn i sm\u00e5barns\u00e5r eller f\u00f6rskola. Denna tr\u00e4pinnebr\u00e4da \u00e4r ett av s\u00f6ta och roliga s\u00e4tt att l\u00e4ra sig former, f\u00e4rger, siffror och s\u00e5 vidare. Tro mig, barn \u00e4lskar det. De kan spendera TIMMAR p\u00e5 denna underbara aktivitetstavla.<br \/>\nAtt l\u00e4ra sig leksaker \u00e4r fortfarande LEKSAKER i ett barns \u00f6gon. V\u00e5ra handgjorda tr\u00e4leksaker \u00e4r inte bara gjorda f\u00f6r att vara roliga s\u00e4tt att l\u00e4ra sig, men \u00e4r ocks\u00e5 mycket snygga. D\u00e4rf\u00f6r kan denna naturliga leksak vara elegant barnrumsinredning &#8211; anv\u00e4nd bara din fantasi h\u00e4r.<\/p>\n<p>Kit inneh\u00e5ller av:<br \/>\nBr\u00e4da med 100 pinnar<br \/>\nkit med f\u00e4rgglada gummiband<\/p>\n<p>M\u00c5TT<br \/>\nH\u00f6jd: ~13 inches<br \/>\nL\u00e4ngd: ~13 inches<br \/>\nTjocklek: ~1.6 inches<\/p>\n<p>F\u00c4RGER OCH MATERIAL<br \/>\nF\u00e4rg: naturlig eller brun oljad.<br \/>\nLeksaken \u00e4r tillverkad av NATURLIGT MASSIVT TR\u00c4.<br \/>\nObservera att f\u00e4rgerna kan variera beroende p\u00e5 inst\u00e4llningar f\u00f6r datorsk\u00e4rmar och ljusning.<\/p>\n<p>Hitta fler tr\u00e4id\u00e9er p\u00e5 v\u00e5r <a href=\"https:\/\/www.pinterest.com\/Woodinoutnet\/_created\/\">PINTEREST.<\/a><\/p>\n","protected":false},"excerpt":{"rendered":"<p>Tr\u00e4geoboard \u00e4r en unik pedagogisk g\u00e5va. V\u00e4rldsk\u00e4nda Montessori leksaker \u00e4r enkelt och roligt s\u00e4tt att l\u00e4ra sig och utbilda barn i sm\u00e5barns\u00e5r eller f\u00f6rskola. Denna tr\u00e4pinnebr\u00e4da \u00e4r ett av s\u00f6ta och roliga s\u00e4tt att l\u00e4ra sig former, f\u00e4rger, siffror och s\u00e5 vidare. Tro mig, barn \u00e4lskar det. De kan spendera TIMMAR p\u00e5 denna underbara aktivitetstavla. [&hellip;]<\/p>\n","protected":false},"featured_media":17236,"template":"","meta":{"_monsterinsights_skip_tracking":false,"_monsterinsights_sitenote_active":false,"_monsterinsights_sitenote_note":"","_monsterinsights_sitenote_category":0},"product_cat":[1792,1428],"product_tag":[1491,1486,2332,2334,1482,1475,1456,1466,2331,1446],"yoast_head":"<!-- This site is optimized with the Yoast SEO plugin v22.1 - https:\/\/yoast.com\/wordpress\/plugins\/seo\/ -->\n<title>10x10 tr\u00e4 geoboard - Woodinout \u00a9 Montessori leksaker<\/title>\n<meta name=\"description\" content=\"Naturliga tr\u00e4leksaker \u00e4r b\u00e4st f\u00f6r fantasifulla och kreativa lekar. Montessori-inspirerade Geoboard \u00e4r just det! Barn l\u00e4r sig p\u00e5 ett roligt s\u00e4tt.\" \/>\n<meta name=\"robots\" content=\"index, follow, max-snippet:-1, max-image-preview:large, max-video-preview:-1\" \/>\n<link rel=\"canonical\" href=\"https:\/\/woodinout.net\/sv\/product\/traleksaker-geoboard-montessori-100-frame-pegboard-with-rubber-band\/\" \/>\n<meta property=\"og:locale\" content=\"sv_SE\" \/>\n<meta property=\"og:type\" content=\"article\" \/>\n<meta property=\"og:title\" content=\"10x10 tr\u00e4 geoboard - Woodinout \u00a9 Montessori leksaker\" \/>\n<meta property=\"og:description\" content=\"Naturliga tr\u00e4leksaker \u00e4r b\u00e4st f\u00f6r fantasifulla och kreativa lekar. Montessori-inspirerade Geoboard \u00e4r just det! Barn l\u00e4r sig p\u00e5 ett roligt s\u00e4tt.\" \/>\n<meta property=\"og:url\" content=\"https:\/\/woodinout.net\/sv\/product\/traleksaker-geoboard-montessori-100-frame-pegboard-with-rubber-band\/\" \/>\n<meta property=\"og:site_name\" content=\"Woodinout \u00a9\" \/>\n<meta property=\"og:image\" content=\"https:\/\/woodinout.net\/wp-content\/uploads\/2020\/06\/Wooden-toys-Geoboard-1.jpg\" \/>\n\t<meta property=\"og:image:width\" content=\"853\" \/>\n\t<meta property=\"og:image:height\" content=\"1280\" \/>\n\t<meta property=\"og:image:type\" content=\"image\/jpeg\" \/>\n<meta name=\"twitter:card\" content=\"summary_large_image\" \/>\n<meta name=\"twitter:label1\" content=\"Ber\u00e4knad l\u00e4stid\" \/>\n\t<meta name=\"twitter:data1\" content=\"1 minut\" \/>\n<script type=\"application\/ld+json\" class=\"yoast-schema-graph\">{\"@context\":\"https:\/\/schema.org\",\"@graph\":[{\"@type\":\"WebPage\",\"@id\":\"https:\/\/woodinout.net\/sv\/product\/traleksaker-geoboard-montessori-100-frame-pegboard-with-rubber-band\/\",\"url\":\"https:\/\/woodinout.net\/sv\/product\/traleksaker-geoboard-montessori-100-frame-pegboard-with-rubber-band\/\",\"name\":\"10x10 tr\u00e4 geoboard - Woodinout \u00a9 Montessori leksaker\",\"isPartOf\":{\"@id\":\"https:\/\/woodinout.net\/sv\/#website\"},\"datePublished\":\"2020-06-20T20:12:34+00:00\",\"dateModified\":\"2020-06-20T20:12:34+00:00\",\"description\":\"Naturliga tr\u00e4leksaker \u00e4r b\u00e4st f\u00f6r fantasifulla och kreativa lekar. Montessori-inspirerade Geoboard \u00e4r just det! Barn l\u00e4r sig p\u00e5 ett roligt s\u00e4tt.\",\"breadcrumb\":{\"@id\":\"https:\/\/woodinout.net\/sv\/product\/traleksaker-geoboard-montessori-100-frame-pegboard-with-rubber-band\/#breadcrumb\"},\"inLanguage\":\"sv-SE\",\"potentialAction\":[{\"@type\":\"ReadAction\",\"target\":[\"https:\/\/woodinout.net\/sv\/product\/traleksaker-geoboard-montessori-100-frame-pegboard-with-rubber-band\/\"]}]},{\"@type\":\"BreadcrumbList\",\"@id\":\"https:\/\/woodinout.net\/sv\/product\/traleksaker-geoboard-montessori-100-frame-pegboard-with-rubber-band\/#breadcrumb\",\"itemListElement\":[{\"@type\":\"ListItem\",\"position\":1,\"name\":\"Home\",\"item\":\"https:\/\/woodinout.net\/sv\/\"},{\"@type\":\"ListItem\",\"position\":2,\"name\":\"Shop\",\"item\":\"https:\/\/woodinout.net\/shop\/\"},{\"@type\":\"ListItem\",\"position\":3,\"name\":\"10&#215;10 tr\u00e4 geoboard\"}]},{\"@type\":\"WebSite\",\"@id\":\"https:\/\/woodinout.net\/sv\/#website\",\"url\":\"https:\/\/woodinout.net\/sv\/\",\"name\":\"Woodinout \u00a9\",\"description\":\"Wooden Montessori toys, gifts, home and events decor details\",\"potentialAction\":[{\"@type\":\"SearchAction\",\"target\":{\"@type\":\"EntryPoint\",\"urlTemplate\":\"https:\/\/woodinout.net\/sv\/?s={search_term_string}\"},\"query-input\":\"required name=search_term_string\"}],\"inLanguage\":\"sv-SE\"}]}<\/script>\n<!-- \/ Yoast SEO plugin. -->","yoast_head_json":{"title":"10x10 tr\u00e4 geoboard - Woodinout \u00a9 Montessori leksaker","description":"Naturliga tr\u00e4leksaker \u00e4r b\u00e4st f\u00f6r fantasifulla och kreativa lekar. Montessori-inspirerade Geoboard \u00e4r just det! Barn l\u00e4r sig p\u00e5 ett roligt s\u00e4tt.","robots":{"index":"index","follow":"follow","max-snippet":"max-snippet:-1","max-image-preview":"max-image-preview:large","max-video-preview":"max-video-preview:-1"},"canonical":"https:\/\/woodinout.net\/sv\/product\/traleksaker-geoboard-montessori-100-frame-pegboard-with-rubber-band\/","og_locale":"sv_SE","og_type":"article","og_title":"10x10 tr\u00e4 geoboard - Woodinout \u00a9 Montessori leksaker","og_description":"Naturliga tr\u00e4leksaker \u00e4r b\u00e4st f\u00f6r fantasifulla och kreativa lekar. Montessori-inspirerade Geoboard \u00e4r just det! Barn l\u00e4r sig p\u00e5 ett roligt s\u00e4tt.","og_url":"https:\/\/woodinout.net\/sv\/product\/traleksaker-geoboard-montessori-100-frame-pegboard-with-rubber-band\/","og_site_name":"Woodinout \u00a9","og_image":[{"width":853,"height":1280,"url":"https:\/\/woodinout.net\/wp-content\/uploads\/2020\/06\/Wooden-toys-Geoboard-1.jpg","type":"image\/jpeg"}],"twitter_card":"summary_large_image","twitter_misc":{"Ber\u00e4knad l\u00e4stid":"1 minut"},"schema":{"@context":"https:\/\/schema.org","@graph":[{"@type":"WebPage","@id":"https:\/\/woodinout.net\/sv\/product\/traleksaker-geoboard-montessori-100-frame-pegboard-with-rubber-band\/","url":"https:\/\/woodinout.net\/sv\/product\/traleksaker-geoboard-montessori-100-frame-pegboard-with-rubber-band\/","name":"10x10 tr\u00e4 geoboard - Woodinout \u00a9 Montessori leksaker","isPartOf":{"@id":"https:\/\/woodinout.net\/sv\/#website"},"datePublished":"2020-06-20T20:12:34+00:00","dateModified":"2020-06-20T20:12:34+00:00","description":"Naturliga tr\u00e4leksaker \u00e4r b\u00e4st f\u00f6r fantasifulla och kreativa lekar. Montessori-inspirerade Geoboard \u00e4r just det! Barn l\u00e4r sig p\u00e5 ett roligt s\u00e4tt.","breadcrumb":{"@id":"https:\/\/woodinout.net\/sv\/product\/traleksaker-geoboard-montessori-100-frame-pegboard-with-rubber-band\/#breadcrumb"},"inLanguage":"sv-SE","potentialAction":[{"@type":"ReadAction","target":["https:\/\/woodinout.net\/sv\/product\/traleksaker-geoboard-montessori-100-frame-pegboard-with-rubber-band\/"]}]},{"@type":"BreadcrumbList","@id":"https:\/\/woodinout.net\/sv\/product\/traleksaker-geoboard-montessori-100-frame-pegboard-with-rubber-band\/#breadcrumb","itemListElement":[{"@type":"ListItem","position":1,"name":"Home","item":"https:\/\/woodinout.net\/sv\/"},{"@type":"ListItem","position":2,"name":"Shop","item":"https:\/\/woodinout.net\/shop\/"},{"@type":"ListItem","position":3,"name":"10&#215;10 tr\u00e4 geoboard"}]},{"@type":"WebSite","@id":"https:\/\/woodinout.net\/sv\/#website","url":"https:\/\/woodinout.net\/sv\/","name":"Woodinout \u00a9","description":"Wooden Montessori toys, gifts, home and events decor details","potentialAction":[{"@type":"SearchAction","target":{"@type":"EntryPoint","urlTemplate":"https:\/\/woodinout.net\/sv\/?s={search_term_string}"},"query-input":"required name=search_term_string"}],"inLanguage":"sv-SE"}]}},"_links":{"self":[{"href":"https:\/\/woodinout.net\/sv\/wp-json\/wp\/v2\/product\/21937"}],"collection":[{"href":"https:\/\/woodinout.net\/sv\/wp-json\/wp\/v2\/product"}],"about":[{"href":"https:\/\/woodinout.net\/sv\/wp-json\/wp\/v2\/types\/product"}],"wp:featuredmedia":[{"embeddable":true,"href":"https:\/\/woodinout.net\/sv\/wp-json\/wp\/v2\/media\/17236"}],"wp:attachment":[{"href":"https:\/\/woodinout.net\/sv\/wp-json\/wp\/v2\/media?parent=21937"}],"wp:term":[{"taxonomy":"product_cat","embeddable":true,"href":"https:\/\/woodinout.net\/sv\/wp-json\/wp\/v2\/product_cat?post=21937"},{"taxonomy":"product_tag","embeddable":true,"href":"https:\/\/woodinout.net\/sv\/wp-json\/wp\/v2\/product_tag?post=21937"}],"curies":[{"name":"wp","href":"https:\/\/api.w.org\/{rel}","templated":true}]}}