{"id":21936,"date":"2020-06-23T20:48:29","date_gmt":"2020-06-23T17:48:29","guid":{"rendered":"https:\/\/woodinout.net\/product\/traklocka-2\/"},"modified":"2022-04-28T11:21:10","modified_gmt":"2022-04-28T08:21:10","slug":"tid-for-att-tala-om-traklocka","status":"publish","type":"product","link":"https:\/\/woodinout.net\/sv\/product\/tid-for-att-tala-om-traklocka\/","title":{"rendered":"Tr\u00e4klocka"},"content":{"rendered":"<p>Tr\u00e4klocka f\u00f6r att ber\u00e4tta tiden f\u00f6r barn \u00e4r en av de mest intressanta inl\u00e4rningsleksakerna bland v\u00e5ra sm\u00e5barn. V\u00e4rldsk\u00e4nd Montessori-inspirerad barnpendelklocka \u00e4r ett ENKELT &amp; ROLIGT s\u00e4tt att l\u00e4ra sig klocknummer, fraktioner, minuter &amp; timmar, st\u00e4ll in tid med pilar och helt enkelt ha mycket KUL. Tr\u00e4leksaker och spel \u00e4r vad vi g\u00f6r b\u00e4st p\u00e5 Woodinout, omsorgsfullt handgjorda och vackra utseende &#8211; kan vara perfekta sm\u00e5barnspresenter. Waldorf <a href=\"https:\/\/woodinout.net\/product-tag\/educational-toys\/\">f\u00f6rskoleleksaker<\/a> och spel \u00e4r v\u00e4l uppskattade \u00f6ver hela v\u00e4rlden f\u00f6r deras learn by play system. Att l\u00e4ra sig leksaker \u00e4r fortfarande LEKSAKER i barnens \u00f6gon. Njut av din tid tillsammans med denna Tr\u00e4klocka NU och g\u00e5 med i familjen av glada kunder h\u00e4r p\u00e5 Woodinout.<\/p>\n<p>Kit inneh\u00e5ller av:<br \/>\nTr\u00e4klocka br\u00e4da<br \/>\n12 block med klocknummer 1-12<br \/>\nTr\u00e4 triangelblock: 2 st. &#8211; 30 min., 4 st. &#8211; 15 min., 12 st. &#8211; 5 min.<br \/>\n2 pilar<\/p>\n<p>M\u00c5TT<\/p>\n<p>Urtavla<br \/>\nDiameter: ~6. Inches<br \/>\nTjocklek: ~0.6 inches<\/p>\n<p>F\u00c4RGER OCH MATERIAL<br \/>\nF\u00e4rg: m\u00f6rkbrun och naturlig oljad.<br \/>\nLeksaken \u00e4r tillverkad av NATURLIGT MASSIVT TR\u00c4 och plywood.<br \/>\nObservera att f\u00e4rgerna kan variera beroende p\u00e5 inst\u00e4llningar f\u00f6r datorsk\u00e4rmar och ljusning.<\/p>\n<p>F\u00f6r fler id\u00e9er, f\u00f6lj oss p\u00e5 <a href=\"https:\/\/www.instagram.com\/woodinout\/\">INSTAGRAM<\/a> &amp; <a href=\"https:\/\/www.facebook.com\/Woodinout.net\">FACEBOOK<\/a><\/p>\n","protected":false},"excerpt":{"rendered":"<p>Tr\u00e4klocka f\u00f6r att ber\u00e4tta tiden f\u00f6r barn \u00e4r en av de mest intressanta inl\u00e4rningsleksakerna bland v\u00e5ra sm\u00e5barn. V\u00e4rldsk\u00e4nd Montessori-inspirerad barnpendelklocka \u00e4r ett ENKELT &amp; ROLIGT s\u00e4tt att l\u00e4ra sig klocknummer, fraktioner, minuter &amp; timmar, st\u00e4ll in tid med pilar och helt enkelt ha mycket KUL. Tr\u00e4leksaker och spel \u00e4r vad vi g\u00f6r b\u00e4st p\u00e5 Woodinout, [&hellip;]<\/p>\n","protected":false},"featured_media":17660,"template":"","meta":{"_monsterinsights_skip_tracking":false,"_monsterinsights_sitenote_active":false,"_monsterinsights_sitenote_note":"","_monsterinsights_sitenote_category":0},"product_cat":[1428,1635],"product_tag":[1491,2337,1486,2405,1482,1591,1593,1475,1594,1456,1466,1446,2406,1640],"yoast_head":"<!-- This site is optimized with the Yoast SEO plugin v22.1 - https:\/\/yoast.com\/wordpress\/plugins\/seo\/ -->\n<title>Tr\u00e4klocka - Woodinout \u00a9 Montessori l\u00e4rande leksaker<\/title>\n<meta name=\"description\" content=\"L\u00e4r dig att ber\u00e4tta tiden f\u00f6r barn med denna supercoola tr\u00e4klocka. Naturliga materilas, handgjorda och pedagogiska - Inspirerade Montessori leksaker.\" \/>\n<meta name=\"robots\" content=\"index, follow, max-snippet:-1, max-image-preview:large, max-video-preview:-1\" \/>\n<link rel=\"canonical\" href=\"https:\/\/woodinout.net\/sv\/product\/tid-for-att-tala-om-traklocka\/\" \/>\n<meta property=\"og:locale\" content=\"sv_SE\" \/>\n<meta property=\"og:type\" content=\"article\" \/>\n<meta property=\"og:title\" content=\"Tr\u00e4klocka - Woodinout \u00a9 Montessori l\u00e4rande leksaker\" \/>\n<meta property=\"og:description\" content=\"L\u00e4r dig att ber\u00e4tta tiden f\u00f6r barn med denna supercoola tr\u00e4klocka. Naturliga materilas, handgjorda och pedagogiska - Inspirerade Montessori leksaker.\" \/>\n<meta property=\"og:url\" content=\"https:\/\/woodinout.net\/sv\/product\/tid-for-att-tala-om-traklocka\/\" \/>\n<meta property=\"og:site_name\" content=\"Woodinout \u00a9\" \/>\n<meta property=\"article:modified_time\" content=\"2022-04-28T08:21:10+00:00\" \/>\n<meta property=\"og:image\" content=\"https:\/\/woodinout.net\/wp-content\/uploads\/2020\/06\/Wood-clock-telling-time-4.jpg\" \/>\n\t<meta property=\"og:image:width\" content=\"853\" \/>\n\t<meta property=\"og:image:height\" content=\"1280\" \/>\n\t<meta property=\"og:image:type\" content=\"image\/jpeg\" \/>\n<meta name=\"twitter:card\" content=\"summary_large_image\" \/>\n<meta name=\"twitter:label1\" content=\"Ber\u00e4knad l\u00e4stid\" \/>\n\t<meta name=\"twitter:data1\" content=\"1 minut\" \/>\n<script type=\"application\/ld+json\" class=\"yoast-schema-graph\">{\"@context\":\"https:\/\/schema.org\",\"@graph\":[{\"@type\":\"WebPage\",\"@id\":\"https:\/\/woodinout.net\/sv\/product\/tid-for-att-tala-om-traklocka\/\",\"url\":\"https:\/\/woodinout.net\/sv\/product\/tid-for-att-tala-om-traklocka\/\",\"name\":\"Tr\u00e4klocka - Woodinout \u00a9 Montessori l\u00e4rande leksaker\",\"isPartOf\":{\"@id\":\"https:\/\/woodinout.net\/sv\/#website\"},\"datePublished\":\"2020-06-23T17:48:29+00:00\",\"dateModified\":\"2022-04-28T08:21:10+00:00\",\"description\":\"L\u00e4r dig att ber\u00e4tta tiden f\u00f6r barn med denna supercoola tr\u00e4klocka. Naturliga materilas, handgjorda och pedagogiska - Inspirerade Montessori leksaker.\",\"breadcrumb\":{\"@id\":\"https:\/\/woodinout.net\/sv\/product\/tid-for-att-tala-om-traklocka\/#breadcrumb\"},\"inLanguage\":\"sv-SE\",\"potentialAction\":[{\"@type\":\"ReadAction\",\"target\":[\"https:\/\/woodinout.net\/sv\/product\/tid-for-att-tala-om-traklocka\/\"]}]},{\"@type\":\"BreadcrumbList\",\"@id\":\"https:\/\/woodinout.net\/sv\/product\/tid-for-att-tala-om-traklocka\/#breadcrumb\",\"itemListElement\":[{\"@type\":\"ListItem\",\"position\":1,\"name\":\"Home\",\"item\":\"https:\/\/woodinout.net\/sv\/\"},{\"@type\":\"ListItem\",\"position\":2,\"name\":\"Shop\",\"item\":\"https:\/\/woodinout.net\/shop\/\"},{\"@type\":\"ListItem\",\"position\":3,\"name\":\"Tr\u00e4klocka\"}]},{\"@type\":\"WebSite\",\"@id\":\"https:\/\/woodinout.net\/sv\/#website\",\"url\":\"https:\/\/woodinout.net\/sv\/\",\"name\":\"Woodinout \u00a9\",\"description\":\"Wooden Montessori toys, gifts, home and events decor details\",\"potentialAction\":[{\"@type\":\"SearchAction\",\"target\":{\"@type\":\"EntryPoint\",\"urlTemplate\":\"https:\/\/woodinout.net\/sv\/?s={search_term_string}\"},\"query-input\":\"required name=search_term_string\"}],\"inLanguage\":\"sv-SE\"}]}<\/script>\n<!-- \/ Yoast SEO plugin. -->","yoast_head_json":{"title":"Tr\u00e4klocka - Woodinout \u00a9 Montessori l\u00e4rande leksaker","description":"L\u00e4r dig att ber\u00e4tta tiden f\u00f6r barn med denna supercoola tr\u00e4klocka. Naturliga materilas, handgjorda och pedagogiska - Inspirerade Montessori leksaker.","robots":{"index":"index","follow":"follow","max-snippet":"max-snippet:-1","max-image-preview":"max-image-preview:large","max-video-preview":"max-video-preview:-1"},"canonical":"https:\/\/woodinout.net\/sv\/product\/tid-for-att-tala-om-traklocka\/","og_locale":"sv_SE","og_type":"article","og_title":"Tr\u00e4klocka - Woodinout \u00a9 Montessori l\u00e4rande leksaker","og_description":"L\u00e4r dig att ber\u00e4tta tiden f\u00f6r barn med denna supercoola tr\u00e4klocka. Naturliga materilas, handgjorda och pedagogiska - Inspirerade Montessori leksaker.","og_url":"https:\/\/woodinout.net\/sv\/product\/tid-for-att-tala-om-traklocka\/","og_site_name":"Woodinout \u00a9","article_modified_time":"2022-04-28T08:21:10+00:00","og_image":[{"width":853,"height":1280,"url":"https:\/\/woodinout.net\/wp-content\/uploads\/2020\/06\/Wood-clock-telling-time-4.jpg","type":"image\/jpeg"}],"twitter_card":"summary_large_image","twitter_misc":{"Ber\u00e4knad l\u00e4stid":"1 minut"},"schema":{"@context":"https:\/\/schema.org","@graph":[{"@type":"WebPage","@id":"https:\/\/woodinout.net\/sv\/product\/tid-for-att-tala-om-traklocka\/","url":"https:\/\/woodinout.net\/sv\/product\/tid-for-att-tala-om-traklocka\/","name":"Tr\u00e4klocka - Woodinout \u00a9 Montessori l\u00e4rande leksaker","isPartOf":{"@id":"https:\/\/woodinout.net\/sv\/#website"},"datePublished":"2020-06-23T17:48:29+00:00","dateModified":"2022-04-28T08:21:10+00:00","description":"L\u00e4r dig att ber\u00e4tta tiden f\u00f6r barn med denna supercoola tr\u00e4klocka. Naturliga materilas, handgjorda och pedagogiska - Inspirerade Montessori leksaker.","breadcrumb":{"@id":"https:\/\/woodinout.net\/sv\/product\/tid-for-att-tala-om-traklocka\/#breadcrumb"},"inLanguage":"sv-SE","potentialAction":[{"@type":"ReadAction","target":["https:\/\/woodinout.net\/sv\/product\/tid-for-att-tala-om-traklocka\/"]}]},{"@type":"BreadcrumbList","@id":"https:\/\/woodinout.net\/sv\/product\/tid-for-att-tala-om-traklocka\/#breadcrumb","itemListElement":[{"@type":"ListItem","position":1,"name":"Home","item":"https:\/\/woodinout.net\/sv\/"},{"@type":"ListItem","position":2,"name":"Shop","item":"https:\/\/woodinout.net\/shop\/"},{"@type":"ListItem","position":3,"name":"Tr\u00e4klocka"}]},{"@type":"WebSite","@id":"https:\/\/woodinout.net\/sv\/#website","url":"https:\/\/woodinout.net\/sv\/","name":"Woodinout \u00a9","description":"Wooden Montessori toys, gifts, home and events decor details","potentialAction":[{"@type":"SearchAction","target":{"@type":"EntryPoint","urlTemplate":"https:\/\/woodinout.net\/sv\/?s={search_term_string}"},"query-input":"required name=search_term_string"}],"inLanguage":"sv-SE"}]}},"_links":{"self":[{"href":"https:\/\/woodinout.net\/sv\/wp-json\/wp\/v2\/product\/21936"}],"collection":[{"href":"https:\/\/woodinout.net\/sv\/wp-json\/wp\/v2\/product"}],"about":[{"href":"https:\/\/woodinout.net\/sv\/wp-json\/wp\/v2\/types\/product"}],"wp:featuredmedia":[{"embeddable":true,"href":"https:\/\/woodinout.net\/sv\/wp-json\/wp\/v2\/media\/17660"}],"wp:attachment":[{"href":"https:\/\/woodinout.net\/sv\/wp-json\/wp\/v2\/media?parent=21936"}],"wp:term":[{"taxonomy":"product_cat","embeddable":true,"href":"https:\/\/woodinout.net\/sv\/wp-json\/wp\/v2\/product_cat?post=21936"},{"taxonomy":"product_tag","embeddable":true,"href":"https:\/\/woodinout.net\/sv\/wp-json\/wp\/v2\/product_tag?post=21936"}],"curies":[{"name":"wp","href":"https:\/\/api.w.org\/{rel}","templated":true}]}}