{"id":21934,"date":"2020-06-20T23:42:07","date_gmt":"2020-06-20T20:42:07","guid":{"rendered":"https:\/\/woodinout.net\/product\/tra-alfabetsblock-massivt-tra\/"},"modified":"2022-04-28T10:23:22","modified_gmt":"2022-04-28T07:23:22","slug":"tra-alfabet-block","status":"publish","type":"product","link":"https:\/\/woodinout.net\/sv\/product\/tra-alfabet-block\/","title":{"rendered":"Tr\u00e4 alfabetsblock (Massivt tr\u00e4)"},"content":{"rendered":"<p>Tr\u00e4alfabetsblock sammanfogas f\u00f6r att bli tr\u00e4ord. Trolleri! Det \u00e4r vad l\u00e4rande leksaker, till exempel tr\u00e4 abc block \u00e4r. Denna Montessori-leksak i tr\u00e4 \u00e4r v\u00e4l uppskattad runt om i v\u00e4rlden och \u00e4r en av de mest eftertraktade sm\u00e5barnsg\u00e5vorna. ABC tr\u00e4block f\u00f6r block kommer barn att l\u00e4ra sig stavning och skrivning p\u00e5 ett enkelt och roligt s\u00e4tt. Alfabet pussel kommer att g\u00f6ra att du har en bra tid fr\u00e5n sm\u00e5barn \u00e5r till vuxen \u00e5lder. Alfapetplattor \u00e4r gjorda av massivt tr\u00e4 f\u00f6r mycket snygga&#8230; Montessori leksaker &#8211; L\u00e4rande leksaker \u00e4r vad vi g\u00f6r b\u00e4st, g\u00e5 med i v\u00e5r lyckliga kunder familj Nu med detta fantastiska tr\u00e4bokst\u00e4ver set.<\/p>\n<p>Kit inneh\u00e5ller av:<br \/>\n26 st. NATURLIGA TR\u00c4 bokst\u00e4ver block<br \/>\ntr\u00e4penna<\/p>\n<p>M\u00c5TT<\/p>\n<p>H\u00f6jd: ~1,8 tum<br \/>\nL\u00e4ngd: ~1.8 inches<br \/>\nTjocklek: ~0.6 inches<\/p>\n<p>F\u00c4RGER OCH MATERIAL<br \/>\nF\u00e4rg: m\u00f6rkbrun eller naturlig oljad.<br \/>\nLeksaken \u00e4r tillverkad av NATURLIGT MASSIVT TR\u00c4 och milj\u00f6v\u00e4nliga f\u00e4rger\/oljor.<br \/>\nObservera att f\u00e4rgerna kan variera beroende p\u00e5 inst\u00e4llningar f\u00f6r datorsk\u00e4rmar och ljusning.<\/p>\n","protected":false},"excerpt":{"rendered":"<p>Tr\u00e4alfabetsblock sammanfogas f\u00f6r att bli tr\u00e4ord. Trolleri! Det \u00e4r vad l\u00e4rande leksaker, till exempel tr\u00e4 abc block \u00e4r. Denna Montessori-leksak i tr\u00e4 \u00e4r v\u00e4l uppskattad runt om i v\u00e4rlden och \u00e4r en av de mest eftertraktade sm\u00e5barnsg\u00e5vorna. ABC tr\u00e4block f\u00f6r block kommer barn att l\u00e4ra sig stavning och skrivning p\u00e5 ett enkelt och roligt s\u00e4tt. [&hellip;]<\/p>\n","protected":false},"featured_media":17412,"template":"","meta":{"_monsterinsights_skip_tracking":false,"_monsterinsights_sitenote_active":false,"_monsterinsights_sitenote_note":"","_monsterinsights_sitenote_category":0},"product_cat":[1471,1428],"product_tag":[1491,1486,2413,1482,1475,1456,1466,1548,1549,2412,1446],"yoast_head":"<!-- This site is optimized with the Yoast SEO plugin v22.1 - https:\/\/yoast.com\/wordpress\/plugins\/seo\/ -->\n<title>Tr\u00e4 alfabetsblock (Massivt tr\u00e4) - Woodinout \u00a9 Inl\u00e4rningsleksaker<\/title>\n<meta name=\"description\" content=\"Montessori godk\u00e4nd - Milj\u00f6v\u00e4nlig - S\u00e4ker - Handgjord. Dessa alfabetsblock \u00e4r perfekta inl\u00e4rningslektlar f\u00f6r sm\u00e5barn och f\u00f6rskolebarn.\" \/>\n<meta name=\"robots\" content=\"index, follow, max-snippet:-1, max-image-preview:large, max-video-preview:-1\" \/>\n<link rel=\"canonical\" href=\"https:\/\/woodinout.net\/sv\/product\/tra-alfabet-block\/\" \/>\n<meta property=\"og:locale\" content=\"sv_SE\" \/>\n<meta property=\"og:type\" content=\"article\" \/>\n<meta property=\"og:title\" content=\"Tr\u00e4 alfabetsblock (Massivt tr\u00e4) - Woodinout \u00a9 Inl\u00e4rningsleksaker\" \/>\n<meta property=\"og:description\" content=\"Montessori godk\u00e4nd - Milj\u00f6v\u00e4nlig - S\u00e4ker - Handgjord. Dessa alfabetsblock \u00e4r perfekta inl\u00e4rningslektlar f\u00f6r sm\u00e5barn och f\u00f6rskolebarn.\" \/>\n<meta property=\"og:url\" content=\"https:\/\/woodinout.net\/sv\/product\/tra-alfabet-block\/\" \/>\n<meta property=\"og:site_name\" content=\"Woodinout \u00a9\" \/>\n<meta property=\"article:modified_time\" content=\"2022-04-28T07:23:22+00:00\" \/>\n<meta property=\"og:image\" content=\"https:\/\/woodinout.net\/wp-content\/uploads\/2020\/06\/Wooden-alphabet-blocks.jpg\" \/>\n\t<meta property=\"og:image:width\" content=\"853\" \/>\n\t<meta property=\"og:image:height\" content=\"1280\" \/>\n\t<meta property=\"og:image:type\" content=\"image\/jpeg\" \/>\n<meta name=\"twitter:card\" content=\"summary_large_image\" \/>\n<meta name=\"twitter:label1\" content=\"Ber\u00e4knad l\u00e4stid\" \/>\n\t<meta name=\"twitter:data1\" content=\"1 minut\" \/>\n<script type=\"application\/ld+json\" class=\"yoast-schema-graph\">{\"@context\":\"https:\/\/schema.org\",\"@graph\":[{\"@type\":\"WebPage\",\"@id\":\"https:\/\/woodinout.net\/sv\/product\/tra-alfabet-block\/\",\"url\":\"https:\/\/woodinout.net\/sv\/product\/tra-alfabet-block\/\",\"name\":\"Tr\u00e4 alfabetsblock (Massivt tr\u00e4) - Woodinout \u00a9 Inl\u00e4rningsleksaker\",\"isPartOf\":{\"@id\":\"https:\/\/woodinout.net\/sv\/#website\"},\"datePublished\":\"2020-06-20T20:42:07+00:00\",\"dateModified\":\"2022-04-28T07:23:22+00:00\",\"description\":\"Montessori godk\u00e4nd - Milj\u00f6v\u00e4nlig - S\u00e4ker - Handgjord. Dessa alfabetsblock \u00e4r perfekta inl\u00e4rningslektlar f\u00f6r sm\u00e5barn och f\u00f6rskolebarn.\",\"breadcrumb\":{\"@id\":\"https:\/\/woodinout.net\/sv\/product\/tra-alfabet-block\/#breadcrumb\"},\"inLanguage\":\"sv-SE\",\"potentialAction\":[{\"@type\":\"ReadAction\",\"target\":[\"https:\/\/woodinout.net\/sv\/product\/tra-alfabet-block\/\"]}]},{\"@type\":\"BreadcrumbList\",\"@id\":\"https:\/\/woodinout.net\/sv\/product\/tra-alfabet-block\/#breadcrumb\",\"itemListElement\":[{\"@type\":\"ListItem\",\"position\":1,\"name\":\"Home\",\"item\":\"https:\/\/woodinout.net\/sv\/\"},{\"@type\":\"ListItem\",\"position\":2,\"name\":\"Shop\",\"item\":\"https:\/\/woodinout.net\/shop\/\"},{\"@type\":\"ListItem\",\"position\":3,\"name\":\"Tr\u00e4 alfabetsblock (Massivt tr\u00e4)\"}]},{\"@type\":\"WebSite\",\"@id\":\"https:\/\/woodinout.net\/sv\/#website\",\"url\":\"https:\/\/woodinout.net\/sv\/\",\"name\":\"Woodinout \u00a9\",\"description\":\"Wooden Montessori toys, gifts, home and events decor details\",\"potentialAction\":[{\"@type\":\"SearchAction\",\"target\":{\"@type\":\"EntryPoint\",\"urlTemplate\":\"https:\/\/woodinout.net\/sv\/?s={search_term_string}\"},\"query-input\":\"required name=search_term_string\"}],\"inLanguage\":\"sv-SE\"}]}<\/script>\n<!-- \/ Yoast SEO plugin. -->","yoast_head_json":{"title":"Tr\u00e4 alfabetsblock (Massivt tr\u00e4) - Woodinout \u00a9 Inl\u00e4rningsleksaker","description":"Montessori godk\u00e4nd - Milj\u00f6v\u00e4nlig - S\u00e4ker - Handgjord. Dessa alfabetsblock \u00e4r perfekta inl\u00e4rningslektlar f\u00f6r sm\u00e5barn och f\u00f6rskolebarn.","robots":{"index":"index","follow":"follow","max-snippet":"max-snippet:-1","max-image-preview":"max-image-preview:large","max-video-preview":"max-video-preview:-1"},"canonical":"https:\/\/woodinout.net\/sv\/product\/tra-alfabet-block\/","og_locale":"sv_SE","og_type":"article","og_title":"Tr\u00e4 alfabetsblock (Massivt tr\u00e4) - Woodinout \u00a9 Inl\u00e4rningsleksaker","og_description":"Montessori godk\u00e4nd - Milj\u00f6v\u00e4nlig - S\u00e4ker - Handgjord. Dessa alfabetsblock \u00e4r perfekta inl\u00e4rningslektlar f\u00f6r sm\u00e5barn och f\u00f6rskolebarn.","og_url":"https:\/\/woodinout.net\/sv\/product\/tra-alfabet-block\/","og_site_name":"Woodinout \u00a9","article_modified_time":"2022-04-28T07:23:22+00:00","og_image":[{"width":853,"height":1280,"url":"https:\/\/woodinout.net\/wp-content\/uploads\/2020\/06\/Wooden-alphabet-blocks.jpg","type":"image\/jpeg"}],"twitter_card":"summary_large_image","twitter_misc":{"Ber\u00e4knad l\u00e4stid":"1 minut"},"schema":{"@context":"https:\/\/schema.org","@graph":[{"@type":"WebPage","@id":"https:\/\/woodinout.net\/sv\/product\/tra-alfabet-block\/","url":"https:\/\/woodinout.net\/sv\/product\/tra-alfabet-block\/","name":"Tr\u00e4 alfabetsblock (Massivt tr\u00e4) - Woodinout \u00a9 Inl\u00e4rningsleksaker","isPartOf":{"@id":"https:\/\/woodinout.net\/sv\/#website"},"datePublished":"2020-06-20T20:42:07+00:00","dateModified":"2022-04-28T07:23:22+00:00","description":"Montessori godk\u00e4nd - Milj\u00f6v\u00e4nlig - S\u00e4ker - Handgjord. Dessa alfabetsblock \u00e4r perfekta inl\u00e4rningslektlar f\u00f6r sm\u00e5barn och f\u00f6rskolebarn.","breadcrumb":{"@id":"https:\/\/woodinout.net\/sv\/product\/tra-alfabet-block\/#breadcrumb"},"inLanguage":"sv-SE","potentialAction":[{"@type":"ReadAction","target":["https:\/\/woodinout.net\/sv\/product\/tra-alfabet-block\/"]}]},{"@type":"BreadcrumbList","@id":"https:\/\/woodinout.net\/sv\/product\/tra-alfabet-block\/#breadcrumb","itemListElement":[{"@type":"ListItem","position":1,"name":"Home","item":"https:\/\/woodinout.net\/sv\/"},{"@type":"ListItem","position":2,"name":"Shop","item":"https:\/\/woodinout.net\/shop\/"},{"@type":"ListItem","position":3,"name":"Tr\u00e4 alfabetsblock (Massivt tr\u00e4)"}]},{"@type":"WebSite","@id":"https:\/\/woodinout.net\/sv\/#website","url":"https:\/\/woodinout.net\/sv\/","name":"Woodinout \u00a9","description":"Wooden Montessori toys, gifts, home and events decor details","potentialAction":[{"@type":"SearchAction","target":{"@type":"EntryPoint","urlTemplate":"https:\/\/woodinout.net\/sv\/?s={search_term_string}"},"query-input":"required name=search_term_string"}],"inLanguage":"sv-SE"}]}},"_links":{"self":[{"href":"https:\/\/woodinout.net\/sv\/wp-json\/wp\/v2\/product\/21934"}],"collection":[{"href":"https:\/\/woodinout.net\/sv\/wp-json\/wp\/v2\/product"}],"about":[{"href":"https:\/\/woodinout.net\/sv\/wp-json\/wp\/v2\/types\/product"}],"wp:featuredmedia":[{"embeddable":true,"href":"https:\/\/woodinout.net\/sv\/wp-json\/wp\/v2\/media\/17412"}],"wp:attachment":[{"href":"https:\/\/woodinout.net\/sv\/wp-json\/wp\/v2\/media?parent=21934"}],"wp:term":[{"taxonomy":"product_cat","embeddable":true,"href":"https:\/\/woodinout.net\/sv\/wp-json\/wp\/v2\/product_cat?post=21934"},{"taxonomy":"product_tag","embeddable":true,"href":"https:\/\/woodinout.net\/sv\/wp-json\/wp\/v2\/product_tag?post=21934"}],"curies":[{"name":"wp","href":"https:\/\/api.w.org\/{rel}","templated":true}]}}