{"id":21933,"date":"2020-06-23T20:56:14","date_gmt":"2020-06-23T17:56:14","guid":{"rendered":"https:\/\/woodinout.net\/product\/trarakningspinnar-sorteringslektar\/"},"modified":"2022-04-28T11:40:23","modified_gmt":"2022-04-28T08:40:23","slug":"trasortering-leksaker-for-smabarn-forskole-larande","status":"publish","type":"product","link":"https:\/\/woodinout.net\/sv\/product\/trasortering-leksaker-for-smabarn-forskole-larande\/","title":{"rendered":"Tr\u00e4r\u00e4kningspinnar Sorteringslekt\u00e4r"},"content":{"rendered":"<p>Letar du efter unik utvecklande present till sm\u00e5barn? Tr\u00e4r\u00e4kningspinnar Sorteringsleken \u00e4r b\u00e5de pedagogisk och snygg. V\u00e4rldsk\u00e4nda Waldorf &amp; Montessori matteleksaker \u00e4r ett enkelt och roligt s\u00e4tt att l\u00e4ra sig siffror och r\u00e4kna i f\u00f6rskolan. Denna tr\u00e4 Montessori tio sorteringsram \u00e4r ett av s\u00f6ta och roliga s\u00e4tt att g\u00f6ra hemskola L\u00c4TT. L\u00e4r dig siffror och r\u00e4kna. Tro mig, barn \u00e4lskar det.<br \/>\nATT L\u00c4RA SIG leksaker \u00e4r fortfarande leksaker i ett barns \u00f6gon. V\u00e5ra handgjorda tr\u00e4leksaker \u00e4r inte bara perfekta presenter till barn, utan ocks\u00e5 mycket snygga. D\u00e4rf\u00f6r kan denna personliga g\u00e5va vara elegant barnrumsinredning &#8211; anv\u00e4nd din fantasi h\u00e4r.<\/p>\n<p>Kit inneh\u00e5ller av:<br \/>\nSorteringsfack<br \/>\n60 st. Pinnar<\/p>\n<p>M\u00c5TT<br \/>\nL\u00e4ngd: ~17.7 inches<br \/>\nH\u00f6jd: ~2 tum<br \/>\nTjocklek: ~1.6 inches<\/p>\n<p>F\u00c4RGER OCH MATERIAL<br \/>\nF\u00e4rg: naturlig oljad.<br \/>\nLeksaken \u00e4r tillverkad av NATURLIGT MASSIVT TR\u00c4 och plywood.<br \/>\nObservera att f\u00e4rgerna kan variera beroende p\u00e5 inst\u00e4llningar f\u00f6r datorsk\u00e4rmar och ljusning.<\/p>\n<p>F\u00f6r fler id\u00e9er, f\u00f6lj oss p\u00e5 <a href=\"https:\/\/www.instagram.com\/woodinout\/\">INSTAGRAM<\/a> &amp; <a href=\"https:\/\/www.facebook.com\/Woodinout.net\">FACEBOOK<\/a><\/p>\n","protected":false},"excerpt":{"rendered":"<p>Letar du efter unik utvecklande present till sm\u00e5barn? Tr\u00e4r\u00e4kningspinnar Sorteringsleken \u00e4r b\u00e5de pedagogisk och snygg. V\u00e4rldsk\u00e4nda Waldorf &amp; Montessori matteleksaker \u00e4r ett enkelt och roligt s\u00e4tt att l\u00e4ra sig siffror och r\u00e4kna i f\u00f6rskolan. Denna tr\u00e4 Montessori tio sorteringsram \u00e4r ett av s\u00f6ta och roliga s\u00e4tt att g\u00f6ra hemskola L\u00c4TT. L\u00e4r dig siffror och r\u00e4kna. [&hellip;]<\/p>\n","protected":false},"featured_media":17684,"template":"","meta":{"_monsterinsights_skip_tracking":false,"_monsterinsights_sitenote_active":false,"_monsterinsights_sitenote_note":"","_monsterinsights_sitenote_category":0},"product_cat":[1437,1428],"product_tag":[1491,1486,1482,1591,1593,1606,1475,1594,1456,1466,2411,2410,1446],"yoast_head":"<!-- This site is optimized with the Yoast SEO plugin v22.1 - https:\/\/yoast.com\/wordpress\/plugins\/seo\/ -->\n<title>Tr\u00e4r\u00e4kningspinnar Sorteringslekt\u00e4r - Woodinout \u00a9 Montessori leksaker<\/title>\n<meta name=\"description\" content=\"Sorterar leksak f\u00f6r att r\u00e4kna pinnar. Montessori leksaker \u00e4r ett naturligt s\u00e4tt att FUN l\u00e4rande. Matte manipualtives handgjorda av tr\u00e4 av Woodinout.\" \/>\n<meta name=\"robots\" content=\"index, follow, max-snippet:-1, max-image-preview:large, max-video-preview:-1\" \/>\n<link rel=\"canonical\" href=\"https:\/\/woodinout.net\/sv\/product\/trasortering-leksaker-for-smabarn-forskole-larande\/\" \/>\n<meta property=\"og:locale\" content=\"sv_SE\" \/>\n<meta property=\"og:type\" content=\"article\" \/>\n<meta property=\"og:title\" content=\"Tr\u00e4r\u00e4kningspinnar Sorteringslekt\u00e4r - Woodinout \u00a9 Montessori leksaker\" \/>\n<meta property=\"og:description\" content=\"Sorterar leksak f\u00f6r att r\u00e4kna pinnar. Montessori leksaker \u00e4r ett naturligt s\u00e4tt att FUN l\u00e4rande. Matte manipualtives handgjorda av tr\u00e4 av Woodinout.\" \/>\n<meta property=\"og:url\" content=\"https:\/\/woodinout.net\/sv\/product\/trasortering-leksaker-for-smabarn-forskole-larande\/\" \/>\n<meta property=\"og:site_name\" content=\"Woodinout \u00a9\" \/>\n<meta property=\"article:modified_time\" content=\"2022-04-28T08:40:23+00:00\" \/>\n<meta property=\"og:image\" content=\"https:\/\/woodinout.net\/wp-content\/uploads\/2020\/06\/Wooden-sorting-toys-for-toddler-preschool-learning-2.jpg\" \/>\n\t<meta property=\"og:image:width\" content=\"853\" \/>\n\t<meta property=\"og:image:height\" content=\"1280\" \/>\n\t<meta property=\"og:image:type\" content=\"image\/jpeg\" \/>\n<meta name=\"twitter:card\" content=\"summary_large_image\" \/>\n<meta name=\"twitter:label1\" content=\"Ber\u00e4knad l\u00e4stid\" \/>\n\t<meta name=\"twitter:data1\" content=\"1 minut\" \/>\n<script type=\"application\/ld+json\" class=\"yoast-schema-graph\">{\"@context\":\"https:\/\/schema.org\",\"@graph\":[{\"@type\":\"WebPage\",\"@id\":\"https:\/\/woodinout.net\/sv\/product\/trasortering-leksaker-for-smabarn-forskole-larande\/\",\"url\":\"https:\/\/woodinout.net\/sv\/product\/trasortering-leksaker-for-smabarn-forskole-larande\/\",\"name\":\"Tr\u00e4r\u00e4kningspinnar Sorteringslekt\u00e4r - Woodinout \u00a9 Montessori leksaker\",\"isPartOf\":{\"@id\":\"https:\/\/woodinout.net\/sv\/#website\"},\"datePublished\":\"2020-06-23T17:56:14+00:00\",\"dateModified\":\"2022-04-28T08:40:23+00:00\",\"description\":\"Sorterar leksak f\u00f6r att r\u00e4kna pinnar. Montessori leksaker \u00e4r ett naturligt s\u00e4tt att FUN l\u00e4rande. Matte manipualtives handgjorda av tr\u00e4 av Woodinout.\",\"breadcrumb\":{\"@id\":\"https:\/\/woodinout.net\/sv\/product\/trasortering-leksaker-for-smabarn-forskole-larande\/#breadcrumb\"},\"inLanguage\":\"sv-SE\",\"potentialAction\":[{\"@type\":\"ReadAction\",\"target\":[\"https:\/\/woodinout.net\/sv\/product\/trasortering-leksaker-for-smabarn-forskole-larande\/\"]}]},{\"@type\":\"BreadcrumbList\",\"@id\":\"https:\/\/woodinout.net\/sv\/product\/trasortering-leksaker-for-smabarn-forskole-larande\/#breadcrumb\",\"itemListElement\":[{\"@type\":\"ListItem\",\"position\":1,\"name\":\"Home\",\"item\":\"https:\/\/woodinout.net\/sv\/\"},{\"@type\":\"ListItem\",\"position\":2,\"name\":\"Shop\",\"item\":\"https:\/\/woodinout.net\/shop\/\"},{\"@type\":\"ListItem\",\"position\":3,\"name\":\"Tr\u00e4r\u00e4kningspinnar Sorteringslekt\u00e4r\"}]},{\"@type\":\"WebSite\",\"@id\":\"https:\/\/woodinout.net\/sv\/#website\",\"url\":\"https:\/\/woodinout.net\/sv\/\",\"name\":\"Woodinout \u00a9\",\"description\":\"Wooden Montessori toys, gifts, home and events decor details\",\"potentialAction\":[{\"@type\":\"SearchAction\",\"target\":{\"@type\":\"EntryPoint\",\"urlTemplate\":\"https:\/\/woodinout.net\/sv\/?s={search_term_string}\"},\"query-input\":\"required name=search_term_string\"}],\"inLanguage\":\"sv-SE\"}]}<\/script>\n<!-- \/ Yoast SEO plugin. -->","yoast_head_json":{"title":"Tr\u00e4r\u00e4kningspinnar Sorteringslekt\u00e4r - Woodinout \u00a9 Montessori leksaker","description":"Sorterar leksak f\u00f6r att r\u00e4kna pinnar. Montessori leksaker \u00e4r ett naturligt s\u00e4tt att FUN l\u00e4rande. Matte manipualtives handgjorda av tr\u00e4 av Woodinout.","robots":{"index":"index","follow":"follow","max-snippet":"max-snippet:-1","max-image-preview":"max-image-preview:large","max-video-preview":"max-video-preview:-1"},"canonical":"https:\/\/woodinout.net\/sv\/product\/trasortering-leksaker-for-smabarn-forskole-larande\/","og_locale":"sv_SE","og_type":"article","og_title":"Tr\u00e4r\u00e4kningspinnar Sorteringslekt\u00e4r - Woodinout \u00a9 Montessori leksaker","og_description":"Sorterar leksak f\u00f6r att r\u00e4kna pinnar. Montessori leksaker \u00e4r ett naturligt s\u00e4tt att FUN l\u00e4rande. Matte manipualtives handgjorda av tr\u00e4 av Woodinout.","og_url":"https:\/\/woodinout.net\/sv\/product\/trasortering-leksaker-for-smabarn-forskole-larande\/","og_site_name":"Woodinout \u00a9","article_modified_time":"2022-04-28T08:40:23+00:00","og_image":[{"width":853,"height":1280,"url":"https:\/\/woodinout.net\/wp-content\/uploads\/2020\/06\/Wooden-sorting-toys-for-toddler-preschool-learning-2.jpg","type":"image\/jpeg"}],"twitter_card":"summary_large_image","twitter_misc":{"Ber\u00e4knad l\u00e4stid":"1 minut"},"schema":{"@context":"https:\/\/schema.org","@graph":[{"@type":"WebPage","@id":"https:\/\/woodinout.net\/sv\/product\/trasortering-leksaker-for-smabarn-forskole-larande\/","url":"https:\/\/woodinout.net\/sv\/product\/trasortering-leksaker-for-smabarn-forskole-larande\/","name":"Tr\u00e4r\u00e4kningspinnar Sorteringslekt\u00e4r - Woodinout \u00a9 Montessori leksaker","isPartOf":{"@id":"https:\/\/woodinout.net\/sv\/#website"},"datePublished":"2020-06-23T17:56:14+00:00","dateModified":"2022-04-28T08:40:23+00:00","description":"Sorterar leksak f\u00f6r att r\u00e4kna pinnar. Montessori leksaker \u00e4r ett naturligt s\u00e4tt att FUN l\u00e4rande. Matte manipualtives handgjorda av tr\u00e4 av Woodinout.","breadcrumb":{"@id":"https:\/\/woodinout.net\/sv\/product\/trasortering-leksaker-for-smabarn-forskole-larande\/#breadcrumb"},"inLanguage":"sv-SE","potentialAction":[{"@type":"ReadAction","target":["https:\/\/woodinout.net\/sv\/product\/trasortering-leksaker-for-smabarn-forskole-larande\/"]}]},{"@type":"BreadcrumbList","@id":"https:\/\/woodinout.net\/sv\/product\/trasortering-leksaker-for-smabarn-forskole-larande\/#breadcrumb","itemListElement":[{"@type":"ListItem","position":1,"name":"Home","item":"https:\/\/woodinout.net\/sv\/"},{"@type":"ListItem","position":2,"name":"Shop","item":"https:\/\/woodinout.net\/shop\/"},{"@type":"ListItem","position":3,"name":"Tr\u00e4r\u00e4kningspinnar Sorteringslekt\u00e4r"}]},{"@type":"WebSite","@id":"https:\/\/woodinout.net\/sv\/#website","url":"https:\/\/woodinout.net\/sv\/","name":"Woodinout \u00a9","description":"Wooden Montessori toys, gifts, home and events decor details","potentialAction":[{"@type":"SearchAction","target":{"@type":"EntryPoint","urlTemplate":"https:\/\/woodinout.net\/sv\/?s={search_term_string}"},"query-input":"required name=search_term_string"}],"inLanguage":"sv-SE"}]}},"_links":{"self":[{"href":"https:\/\/woodinout.net\/sv\/wp-json\/wp\/v2\/product\/21933"}],"collection":[{"href":"https:\/\/woodinout.net\/sv\/wp-json\/wp\/v2\/product"}],"about":[{"href":"https:\/\/woodinout.net\/sv\/wp-json\/wp\/v2\/types\/product"}],"wp:featuredmedia":[{"embeddable":true,"href":"https:\/\/woodinout.net\/sv\/wp-json\/wp\/v2\/media\/17684"}],"wp:attachment":[{"href":"https:\/\/woodinout.net\/sv\/wp-json\/wp\/v2\/media?parent=21933"}],"wp:term":[{"taxonomy":"product_cat","embeddable":true,"href":"https:\/\/woodinout.net\/sv\/wp-json\/wp\/v2\/product_cat?post=21933"},{"taxonomy":"product_tag","embeddable":true,"href":"https:\/\/woodinout.net\/sv\/wp-json\/wp\/v2\/product_tag?post=21933"}],"curies":[{"name":"wp","href":"https:\/\/api.w.org\/{rel}","templated":true}]}}