{"id":21929,"date":"2021-03-17T22:12:51","date_gmt":"2021-03-17T20:12:51","guid":{"rendered":"https:\/\/woodinout.net\/product\/traklocka\/"},"modified":"2022-04-28T11:20:11","modified_gmt":"2022-04-28T08:20:11","slug":"traklocka","status":"publish","type":"product","link":"https:\/\/woodinout.net\/sv\/product\/traklocka\/","title":{"rendered":"Tr\u00e4klocka"},"content":{"rendered":"<p>Denna tr\u00e4klockalekt \u00e4r det perfekta tillskottet till din Montessori materialsamling. Ett roligt s\u00e4tt f\u00f6r ditt barn att l\u00e4ra sig ber\u00e4ttande tid och arbeta med tidiga mattekunskaper. Anv\u00e4nd den p\u00e5 Hemskola, Dagis eller F\u00f6rskola!<\/p>\n<p>Handgjord av massivt tr\u00e4.<\/p>\n<p>H\u00e4r \u00e4r en helt naturlig, enkel tr\u00e4klocka leksak som ditt barn kan manipulera f\u00f6r att l\u00e4ra sig funktionerna i att ber\u00e4tta tiden. B\u00e5de tim- och minuth\u00e4nderna r\u00f6r sig. Siffrorna \u00e4r inristade i basen.<\/p>\n<p>M\u00c5TT<br \/>\nDiameter: ~6.9 inches (17.5cm)<br \/>\nTjocklek: ~0.6 inches (1.5cm)<\/p>\n<p>F\u00c4RGER OCH MATERIAL<br \/>\nF\u00e4rg: naturlig och brunoljad.<br \/>\nLeksaken \u00e4r tillverkad av NATURLIGT MASSIVT TR\u00c4 och plywood.<br \/>\nObservera att f\u00e4rgerna kan variera beroende p\u00e5 inst\u00e4llningar f\u00f6r datorsk\u00e4rmar och ljusning.<\/p>\n<p>F\u00f6r fler id\u00e9er, f\u00f6lj oss p\u00e5 <a href=\"https:\/\/www.instagram.com\/woodinout\/\">INSTAGRAM<\/a> &amp; <a href=\"https:\/\/www.facebook.com\/Woodinout.net\">FACEBOOK<\/a><\/p>\n","protected":false},"excerpt":{"rendered":"<p>Denna tr\u00e4klockalekt \u00e4r det perfekta tillskottet till din Montessori materialsamling. Ett roligt s\u00e4tt f\u00f6r ditt barn att l\u00e4ra sig ber\u00e4ttande tid och arbeta med tidiga mattekunskaper. Anv\u00e4nd den p\u00e5 Hemskola, Dagis eller F\u00f6rskola! Handgjord av massivt tr\u00e4. H\u00e4r \u00e4r en helt naturlig, enkel tr\u00e4klocka leksak som ditt barn kan manipulera f\u00f6r att l\u00e4ra sig funktionerna [&hellip;]<\/p>\n","protected":false},"featured_media":19084,"template":"","meta":{"_monsterinsights_skip_tracking":false,"_monsterinsights_sitenote_active":false,"_monsterinsights_sitenote_note":"","_monsterinsights_sitenote_category":0},"product_cat":[1428,1635],"product_tag":[1491,2337,1486,2405,1482,1591,1593,1475,1594,1456,1466,1446,2406,1640],"yoast_head":"<!-- This site is optimized with the Yoast SEO plugin v22.1 - https:\/\/yoast.com\/wordpress\/plugins\/seo\/ -->\n<title>Tr\u00e4klocka - Woodinout \u00a9 Montessori l\u00e4rande leksaker<\/title>\n<meta name=\"description\" content=\"L\u00e4r dig att ber\u00e4tta tiden f\u00f6r barn med denna supercoola tr\u00e4klocka. Naturliga materilas, handgjorda och pedagogiska - Inspirerade Montessori leksaker.\" \/>\n<meta name=\"robots\" content=\"index, follow, max-snippet:-1, max-image-preview:large, max-video-preview:-1\" \/>\n<link rel=\"canonical\" href=\"https:\/\/woodinout.net\/sv\/product\/traklocka\/\" \/>\n<meta property=\"og:locale\" content=\"sv_SE\" \/>\n<meta property=\"og:type\" content=\"article\" \/>\n<meta property=\"og:title\" content=\"Tr\u00e4klocka - Woodinout \u00a9 Montessori l\u00e4rande leksaker\" \/>\n<meta property=\"og:description\" content=\"L\u00e4r dig att ber\u00e4tta tiden f\u00f6r barn med denna supercoola tr\u00e4klocka. Naturliga materilas, handgjorda och pedagogiska - Inspirerade Montessori leksaker.\" \/>\n<meta property=\"og:url\" content=\"https:\/\/woodinout.net\/sv\/product\/traklocka\/\" \/>\n<meta property=\"og:site_name\" content=\"Woodinout \u00a9\" \/>\n<meta property=\"article:modified_time\" content=\"2022-04-28T08:20:11+00:00\" \/>\n<meta property=\"og:image\" content=\"https:\/\/woodinout.net\/wp-content\/uploads\/2021\/03\/Wooden_clock_3.jpg\" \/>\n\t<meta property=\"og:image:width\" content=\"1706\" \/>\n\t<meta property=\"og:image:height\" content=\"2560\" \/>\n\t<meta property=\"og:image:type\" content=\"image\/jpeg\" \/>\n<meta name=\"twitter:card\" content=\"summary_large_image\" \/>\n<meta name=\"twitter:label1\" content=\"Ber\u00e4knad l\u00e4stid\" \/>\n\t<meta name=\"twitter:data1\" content=\"1 minut\" \/>\n<script type=\"application\/ld+json\" class=\"yoast-schema-graph\">{\"@context\":\"https:\/\/schema.org\",\"@graph\":[{\"@type\":\"WebPage\",\"@id\":\"https:\/\/woodinout.net\/sv\/product\/traklocka\/\",\"url\":\"https:\/\/woodinout.net\/sv\/product\/traklocka\/\",\"name\":\"Tr\u00e4klocka - Woodinout \u00a9 Montessori l\u00e4rande leksaker\",\"isPartOf\":{\"@id\":\"https:\/\/woodinout.net\/sv\/#website\"},\"datePublished\":\"2021-03-17T20:12:51+00:00\",\"dateModified\":\"2022-04-28T08:20:11+00:00\",\"description\":\"L\u00e4r dig att ber\u00e4tta tiden f\u00f6r barn med denna supercoola tr\u00e4klocka. Naturliga materilas, handgjorda och pedagogiska - Inspirerade Montessori leksaker.\",\"breadcrumb\":{\"@id\":\"https:\/\/woodinout.net\/sv\/product\/traklocka\/#breadcrumb\"},\"inLanguage\":\"sv-SE\",\"potentialAction\":[{\"@type\":\"ReadAction\",\"target\":[\"https:\/\/woodinout.net\/sv\/product\/traklocka\/\"]}]},{\"@type\":\"BreadcrumbList\",\"@id\":\"https:\/\/woodinout.net\/sv\/product\/traklocka\/#breadcrumb\",\"itemListElement\":[{\"@type\":\"ListItem\",\"position\":1,\"name\":\"Home\",\"item\":\"https:\/\/woodinout.net\/sv\/\"},{\"@type\":\"ListItem\",\"position\":2,\"name\":\"Shop\",\"item\":\"https:\/\/woodinout.net\/shop\/\"},{\"@type\":\"ListItem\",\"position\":3,\"name\":\"Tr\u00e4klocka\"}]},{\"@type\":\"WebSite\",\"@id\":\"https:\/\/woodinout.net\/sv\/#website\",\"url\":\"https:\/\/woodinout.net\/sv\/\",\"name\":\"Woodinout \u00a9\",\"description\":\"Wooden Montessori toys, gifts, home and events decor details\",\"potentialAction\":[{\"@type\":\"SearchAction\",\"target\":{\"@type\":\"EntryPoint\",\"urlTemplate\":\"https:\/\/woodinout.net\/sv\/?s={search_term_string}\"},\"query-input\":\"required name=search_term_string\"}],\"inLanguage\":\"sv-SE\"}]}<\/script>\n<!-- \/ Yoast SEO plugin. -->","yoast_head_json":{"title":"Tr\u00e4klocka - Woodinout \u00a9 Montessori l\u00e4rande leksaker","description":"L\u00e4r dig att ber\u00e4tta tiden f\u00f6r barn med denna supercoola tr\u00e4klocka. Naturliga materilas, handgjorda och pedagogiska - Inspirerade Montessori leksaker.","robots":{"index":"index","follow":"follow","max-snippet":"max-snippet:-1","max-image-preview":"max-image-preview:large","max-video-preview":"max-video-preview:-1"},"canonical":"https:\/\/woodinout.net\/sv\/product\/traklocka\/","og_locale":"sv_SE","og_type":"article","og_title":"Tr\u00e4klocka - Woodinout \u00a9 Montessori l\u00e4rande leksaker","og_description":"L\u00e4r dig att ber\u00e4tta tiden f\u00f6r barn med denna supercoola tr\u00e4klocka. Naturliga materilas, handgjorda och pedagogiska - Inspirerade Montessori leksaker.","og_url":"https:\/\/woodinout.net\/sv\/product\/traklocka\/","og_site_name":"Woodinout \u00a9","article_modified_time":"2022-04-28T08:20:11+00:00","og_image":[{"width":1706,"height":2560,"url":"https:\/\/woodinout.net\/wp-content\/uploads\/2021\/03\/Wooden_clock_3.jpg","type":"image\/jpeg"}],"twitter_card":"summary_large_image","twitter_misc":{"Ber\u00e4knad l\u00e4stid":"1 minut"},"schema":{"@context":"https:\/\/schema.org","@graph":[{"@type":"WebPage","@id":"https:\/\/woodinout.net\/sv\/product\/traklocka\/","url":"https:\/\/woodinout.net\/sv\/product\/traklocka\/","name":"Tr\u00e4klocka - Woodinout \u00a9 Montessori l\u00e4rande leksaker","isPartOf":{"@id":"https:\/\/woodinout.net\/sv\/#website"},"datePublished":"2021-03-17T20:12:51+00:00","dateModified":"2022-04-28T08:20:11+00:00","description":"L\u00e4r dig att ber\u00e4tta tiden f\u00f6r barn med denna supercoola tr\u00e4klocka. Naturliga materilas, handgjorda och pedagogiska - Inspirerade Montessori leksaker.","breadcrumb":{"@id":"https:\/\/woodinout.net\/sv\/product\/traklocka\/#breadcrumb"},"inLanguage":"sv-SE","potentialAction":[{"@type":"ReadAction","target":["https:\/\/woodinout.net\/sv\/product\/traklocka\/"]}]},{"@type":"BreadcrumbList","@id":"https:\/\/woodinout.net\/sv\/product\/traklocka\/#breadcrumb","itemListElement":[{"@type":"ListItem","position":1,"name":"Home","item":"https:\/\/woodinout.net\/sv\/"},{"@type":"ListItem","position":2,"name":"Shop","item":"https:\/\/woodinout.net\/shop\/"},{"@type":"ListItem","position":3,"name":"Tr\u00e4klocka"}]},{"@type":"WebSite","@id":"https:\/\/woodinout.net\/sv\/#website","url":"https:\/\/woodinout.net\/sv\/","name":"Woodinout \u00a9","description":"Wooden Montessori toys, gifts, home and events decor details","potentialAction":[{"@type":"SearchAction","target":{"@type":"EntryPoint","urlTemplate":"https:\/\/woodinout.net\/sv\/?s={search_term_string}"},"query-input":"required name=search_term_string"}],"inLanguage":"sv-SE"}]}},"_links":{"self":[{"href":"https:\/\/woodinout.net\/sv\/wp-json\/wp\/v2\/product\/21929"}],"collection":[{"href":"https:\/\/woodinout.net\/sv\/wp-json\/wp\/v2\/product"}],"about":[{"href":"https:\/\/woodinout.net\/sv\/wp-json\/wp\/v2\/types\/product"}],"wp:featuredmedia":[{"embeddable":true,"href":"https:\/\/woodinout.net\/sv\/wp-json\/wp\/v2\/media\/19084"}],"wp:attachment":[{"href":"https:\/\/woodinout.net\/sv\/wp-json\/wp\/v2\/media?parent=21929"}],"wp:term":[{"taxonomy":"product_cat","embeddable":true,"href":"https:\/\/woodinout.net\/sv\/wp-json\/wp\/v2\/product_cat?post=21929"},{"taxonomy":"product_tag","embeddable":true,"href":"https:\/\/woodinout.net\/sv\/wp-json\/wp\/v2\/product_tag?post=21929"}],"curies":[{"name":"wp","href":"https:\/\/api.w.org\/{rel}","templated":true}]}}