{"id":21904,"date":"2020-06-23T23:45:12","date_gmt":"2020-06-23T20:45:12","guid":{"rendered":"https:\/\/woodinout.net\/product\/tranamn-pussel\/"},"modified":"2022-04-28T11:35:53","modified_gmt":"2022-04-28T08:35:53","slug":"tranamn-pussel","status":"publish","type":"product","link":"https:\/\/woodinout.net\/sv\/product\/tranamn-pussel\/","title":{"rendered":"Tr\u00e4namn pussel"},"content":{"rendered":"<p>Anpassat namnpussel \u00e4r en perfekt present till ditt barn eller sm\u00e5barn. Denna artikel \u00e4r endast tillverkad av NATURLIGT L\u00d6VTR\u00c4. Personligt pussel l\u00e5ter ditt barn ta f\u00f6rsta steg mot att l\u00e4ra sig l\u00e4sa. Montessori-inspirerade leksaker kommer att h\u00e5lla i flera \u00e5r och kommer att ge massor av goda minnen.<br \/>\nDenna tr\u00e4 baby g\u00e5va kan vara vackra barnkammare inredning element.<\/p>\n<p>Kommer att f\u00f6rb\u00e4ttra motoriska f\u00e4rdigheter genom att ta varje bokstav och s\u00e4tta till ett l\u00e4mpligt h\u00e5l.<br \/>\nKommer att f\u00f6rs\u00f6ka l\u00e4sa och stava hans \/ hennes namn. Naturligtvis, med din hj\u00e4lp.<\/p>\n<p>MER PERSONLIGA F\u00d6REM\u00c5L HITTAR <a href=\"https:\/\/woodinout.net\/product-tag\/kids-presents\/\">DU H\u00c4R.<\/a><\/p>\n<p>M\u00c5TT<\/p>\n<p>Br\u00e4de:<br \/>\nH\u00f6jd &#8211; ~4 inches<br \/>\nL\u00e4ngd &#8211; beror p\u00e5 m\u00e4ngden bokst\u00e4ver, tjocklek ~ 0,6 tum<br \/>\nDjup p\u00e5 en ficka &#8211; ~ 0.4 inches<\/p>\n<p>Bokst\u00e4ver:<br \/>\nH\u00f6jd: ~2,7 tum (Om pusslet inte passar till 21,6 tum kommer alla bokst\u00e4ver att minskas proportionellt)<br \/>\nTjocklek: ~0.6 inches<br \/>\nBredden beror p\u00e5 bokstavens form<\/p>\n<p>F\u00c4RGER OCH MATERIAL<\/p>\n<p>&#x1f3a8; Bakgrund: naturlig<br \/>\n&#x1f3a8; Bokst\u00e4ver: brun oljad<br \/>\n&#x1f331; Tr\u00e4pussel \u00e4r tillverkat av NATURLIGT MASSIVT TR\u00c4 och milj\u00f6v\u00e4nlig f\u00e4rg.<br \/>\n&#x1f3a8; Observera att f\u00e4rgerna kan variera beroende p\u00e5 inst\u00e4llningar f\u00f6r datorsk\u00e4rmar och ljusning.<\/p>\n<p>F\u00f6r fler id\u00e9er, f\u00f6lj oss p\u00e5 <a href=\"https:\/\/www.instagram.com\/woodinout\/\">INSTAGRAM<\/a> &amp; <a href=\"https:\/\/www.facebook.com\/Woodinout.net\">FACEBOOK<\/a><\/p>\n<div style=\"width: 1080px;\" class=\"wp-video\"><!--[if lt IE 9]><script>document.createElement('video');<\/script><![endif]-->\n<video class=\"wp-video-shortcode\" id=\"video-21904-1\" width=\"1080\" height=\"810\" preload=\"metadata\" controls=\"controls\"><source type=\"video\/mp4\" src=\"http:\/\/woodinout.net\/wp-content\/uploads\/2020\/06\/MEDINIS_7-1.mp4?_=1\" \/><a href=\"http:\/\/woodinout.net\/wp-content\/uploads\/2020\/06\/MEDINIS_7-1.mp4\">http:\/\/woodinout.net\/wp-content\/uploads\/2020\/06\/MEDINIS_7-1.mp4<\/a><\/video><\/div>\n","protected":false},"excerpt":{"rendered":"<p>Anpassat namnpussel \u00e4r en perfekt present till ditt barn eller sm\u00e5barn. Denna artikel \u00e4r endast tillverkad av NATURLIGT L\u00d6VTR\u00c4. Personligt pussel l\u00e5ter ditt barn ta f\u00f6rsta steg mot att l\u00e4ra sig l\u00e4sa. Montessori-inspirerade leksaker kommer att h\u00e5lla i flera \u00e5r och kommer att ge massor av goda minnen. Denna tr\u00e4 baby g\u00e5va kan vara vackra [&hellip;]<\/p>\n","protected":false},"featured_media":18100,"template":"","meta":{"_monsterinsights_skip_tracking":false,"_monsterinsights_sitenote_active":false,"_monsterinsights_sitenote_note":"","_monsterinsights_sitenote_category":0},"product_cat":[1442,1432,1428],"product_tag":[1690,1491,1486,1482,1513,1475,1456,1466,1689,1520,1548,1549,1688,1446,2377],"yoast_head":"<!-- This site is optimized with the Yoast SEO plugin v22.1 - https:\/\/yoast.com\/wordpress\/plugins\/seo\/ -->\n<title>Tr\u00e4namn pussel - Woodinout \u00a9 Montessori leksaker butik<\/title>\n<meta name=\"description\" content=\"Perfekt barng\u00e5va - Montessori inspirerade Custom namn pussel. Handgjord, milj\u00f6v\u00e4nlig, S\u00e4ker f\u00f6r barn och sm\u00e5barn. Tillverkad av massivt tr\u00e4.\" \/>\n<meta name=\"robots\" content=\"index, follow, max-snippet:-1, max-image-preview:large, max-video-preview:-1\" \/>\n<link rel=\"canonical\" href=\"https:\/\/woodinout.net\/sv\/product\/tranamn-pussel\/\" \/>\n<meta property=\"og:locale\" content=\"sv_SE\" \/>\n<meta property=\"og:type\" content=\"article\" \/>\n<meta property=\"og:title\" content=\"Tr\u00e4namn pussel - Woodinout \u00a9 Montessori leksaker butik\" \/>\n<meta property=\"og:description\" content=\"Perfekt barng\u00e5va - Montessori inspirerade Custom namn pussel. Handgjord, milj\u00f6v\u00e4nlig, S\u00e4ker f\u00f6r barn och sm\u00e5barn. Tillverkad av massivt tr\u00e4.\" \/>\n<meta property=\"og:url\" content=\"https:\/\/woodinout.net\/sv\/product\/tranamn-pussel\/\" \/>\n<meta property=\"og:site_name\" content=\"Woodinout \u00a9\" \/>\n<meta property=\"article:modified_time\" content=\"2022-04-28T08:35:53+00:00\" \/>\n<meta property=\"og:image\" content=\"https:\/\/woodinout.net\/wp-content\/uploads\/2020\/06\/wooden-puzzle-1.jpg\" \/>\n\t<meta property=\"og:image:width\" content=\"853\" \/>\n\t<meta property=\"og:image:height\" content=\"1280\" \/>\n\t<meta property=\"og:image:type\" content=\"image\/jpeg\" \/>\n<meta name=\"twitter:card\" content=\"summary_large_image\" \/>\n<meta name=\"twitter:label1\" content=\"Ber\u00e4knad l\u00e4stid\" \/>\n\t<meta name=\"twitter:data1\" content=\"1 minut\" \/>\n<script type=\"application\/ld+json\" class=\"yoast-schema-graph\">{\"@context\":\"https:\/\/schema.org\",\"@graph\":[{\"@type\":\"WebPage\",\"@id\":\"https:\/\/woodinout.net\/sv\/product\/tranamn-pussel\/\",\"url\":\"https:\/\/woodinout.net\/sv\/product\/tranamn-pussel\/\",\"name\":\"Tr\u00e4namn pussel - Woodinout \u00a9 Montessori leksaker butik\",\"isPartOf\":{\"@id\":\"https:\/\/woodinout.net\/sv\/#website\"},\"datePublished\":\"2020-06-23T20:45:12+00:00\",\"dateModified\":\"2022-04-28T08:35:53+00:00\",\"description\":\"Perfekt barng\u00e5va - Montessori inspirerade Custom namn pussel. Handgjord, milj\u00f6v\u00e4nlig, S\u00e4ker f\u00f6r barn och sm\u00e5barn. Tillverkad av massivt tr\u00e4.\",\"breadcrumb\":{\"@id\":\"https:\/\/woodinout.net\/sv\/product\/tranamn-pussel\/#breadcrumb\"},\"inLanguage\":\"sv-SE\",\"potentialAction\":[{\"@type\":\"ReadAction\",\"target\":[\"https:\/\/woodinout.net\/sv\/product\/tranamn-pussel\/\"]}]},{\"@type\":\"BreadcrumbList\",\"@id\":\"https:\/\/woodinout.net\/sv\/product\/tranamn-pussel\/#breadcrumb\",\"itemListElement\":[{\"@type\":\"ListItem\",\"position\":1,\"name\":\"Home\",\"item\":\"https:\/\/woodinout.net\/sv\/\"},{\"@type\":\"ListItem\",\"position\":2,\"name\":\"Shop\",\"item\":\"https:\/\/woodinout.net\/shop\/\"},{\"@type\":\"ListItem\",\"position\":3,\"name\":\"Tr\u00e4namn pussel\"}]},{\"@type\":\"WebSite\",\"@id\":\"https:\/\/woodinout.net\/sv\/#website\",\"url\":\"https:\/\/woodinout.net\/sv\/\",\"name\":\"Woodinout \u00a9\",\"description\":\"Wooden Montessori toys, gifts, home and events decor details\",\"potentialAction\":[{\"@type\":\"SearchAction\",\"target\":{\"@type\":\"EntryPoint\",\"urlTemplate\":\"https:\/\/woodinout.net\/sv\/?s={search_term_string}\"},\"query-input\":\"required name=search_term_string\"}],\"inLanguage\":\"sv-SE\"}]}<\/script>\n<!-- \/ Yoast SEO plugin. -->","yoast_head_json":{"title":"Tr\u00e4namn pussel - Woodinout \u00a9 Montessori leksaker butik","description":"Perfekt barng\u00e5va - Montessori inspirerade Custom namn pussel. Handgjord, milj\u00f6v\u00e4nlig, S\u00e4ker f\u00f6r barn och sm\u00e5barn. Tillverkad av massivt tr\u00e4.","robots":{"index":"index","follow":"follow","max-snippet":"max-snippet:-1","max-image-preview":"max-image-preview:large","max-video-preview":"max-video-preview:-1"},"canonical":"https:\/\/woodinout.net\/sv\/product\/tranamn-pussel\/","og_locale":"sv_SE","og_type":"article","og_title":"Tr\u00e4namn pussel - Woodinout \u00a9 Montessori leksaker butik","og_description":"Perfekt barng\u00e5va - Montessori inspirerade Custom namn pussel. Handgjord, milj\u00f6v\u00e4nlig, S\u00e4ker f\u00f6r barn och sm\u00e5barn. Tillverkad av massivt tr\u00e4.","og_url":"https:\/\/woodinout.net\/sv\/product\/tranamn-pussel\/","og_site_name":"Woodinout \u00a9","article_modified_time":"2022-04-28T08:35:53+00:00","og_image":[{"width":853,"height":1280,"url":"https:\/\/woodinout.net\/wp-content\/uploads\/2020\/06\/wooden-puzzle-1.jpg","type":"image\/jpeg"}],"twitter_card":"summary_large_image","twitter_misc":{"Ber\u00e4knad l\u00e4stid":"1 minut"},"schema":{"@context":"https:\/\/schema.org","@graph":[{"@type":"WebPage","@id":"https:\/\/woodinout.net\/sv\/product\/tranamn-pussel\/","url":"https:\/\/woodinout.net\/sv\/product\/tranamn-pussel\/","name":"Tr\u00e4namn pussel - Woodinout \u00a9 Montessori leksaker butik","isPartOf":{"@id":"https:\/\/woodinout.net\/sv\/#website"},"datePublished":"2020-06-23T20:45:12+00:00","dateModified":"2022-04-28T08:35:53+00:00","description":"Perfekt barng\u00e5va - Montessori inspirerade Custom namn pussel. Handgjord, milj\u00f6v\u00e4nlig, S\u00e4ker f\u00f6r barn och sm\u00e5barn. Tillverkad av massivt tr\u00e4.","breadcrumb":{"@id":"https:\/\/woodinout.net\/sv\/product\/tranamn-pussel\/#breadcrumb"},"inLanguage":"sv-SE","potentialAction":[{"@type":"ReadAction","target":["https:\/\/woodinout.net\/sv\/product\/tranamn-pussel\/"]}]},{"@type":"BreadcrumbList","@id":"https:\/\/woodinout.net\/sv\/product\/tranamn-pussel\/#breadcrumb","itemListElement":[{"@type":"ListItem","position":1,"name":"Home","item":"https:\/\/woodinout.net\/sv\/"},{"@type":"ListItem","position":2,"name":"Shop","item":"https:\/\/woodinout.net\/shop\/"},{"@type":"ListItem","position":3,"name":"Tr\u00e4namn pussel"}]},{"@type":"WebSite","@id":"https:\/\/woodinout.net\/sv\/#website","url":"https:\/\/woodinout.net\/sv\/","name":"Woodinout \u00a9","description":"Wooden Montessori toys, gifts, home and events decor details","potentialAction":[{"@type":"SearchAction","target":{"@type":"EntryPoint","urlTemplate":"https:\/\/woodinout.net\/sv\/?s={search_term_string}"},"query-input":"required name=search_term_string"}],"inLanguage":"sv-SE"}]}},"_links":{"self":[{"href":"https:\/\/woodinout.net\/sv\/wp-json\/wp\/v2\/product\/21904"}],"collection":[{"href":"https:\/\/woodinout.net\/sv\/wp-json\/wp\/v2\/product"}],"about":[{"href":"https:\/\/woodinout.net\/sv\/wp-json\/wp\/v2\/types\/product"}],"wp:featuredmedia":[{"embeddable":true,"href":"https:\/\/woodinout.net\/sv\/wp-json\/wp\/v2\/media\/18100"}],"wp:attachment":[{"href":"https:\/\/woodinout.net\/sv\/wp-json\/wp\/v2\/media?parent=21904"}],"wp:term":[{"taxonomy":"product_cat","embeddable":true,"href":"https:\/\/woodinout.net\/sv\/wp-json\/wp\/v2\/product_cat?post=21904"},{"taxonomy":"product_tag","embeddable":true,"href":"https:\/\/woodinout.net\/sv\/wp-json\/wp\/v2\/product_tag?post=21904"}],"curies":[{"name":"wp","href":"https:\/\/api.w.org\/{rel}","templated":true}]}}