{"id":21900,"date":"2020-06-23T21:12:55","date_gmt":"2020-06-23T18:12:55","guid":{"rendered":"https:\/\/woodinout.net\/product\/montessori-100-ram-hundra-brada\/"},"modified":"2022-04-28T11:09:23","modified_gmt":"2022-04-28T08:09:23","slug":"personlig-gava-montessori-100-frame-wood-numbers-and-counting","status":"publish","type":"product","link":"https:\/\/woodinout.net\/sv\/product\/personlig-gava-montessori-100-frame-wood-numbers-and-counting\/","title":{"rendered":"Montessori 100 Ram \/ Hundra br\u00e4da"},"content":{"rendered":"<p>Personlig g\u00e5va Montessori 100 ram &#8211; Jag kan inte f\u00f6rest\u00e4lla mig ett b\u00e4ttre s\u00e4tt att l\u00e4ra sig siffror och r\u00e4kna. VARF\u00d6R? 1. Montessori matematik manipulativa \u00e4r v\u00e4lk\u00e4nda och uppskattade \u00f6ver hela v\u00e4rlden. 2. Denna tr\u00e4nummertavla har m\u00e5nga anv\u00e4ndningsomr\u00e5den &#8211; multiplikationsp\u00e4rlor med sm\u00e5 siffror graverade l\u00e4r matematik; F\u00e4rgglada tr\u00e4nummerp\u00e4rlor \u00e4r ocks\u00e5 perfekta tr\u00e4sorteringsleksaker; och du kan inte argumentera om det snygga utseendet p\u00e5 denna Montessori 100-br\u00e4da &#8211; fantastisk barnrumsinredning.<\/p>\n<p>Kit inneh\u00e5ller av:<br \/>\nhundra r\u00e4knartavla<\/p>\n<p>Du kan v\u00e4lja mellan 7 ALTERNATIV:<br \/>\nS: Endast anslagstavla<br \/>\nB: Styrelse + 120 st. av naturliga tr\u00e4bollar (0,05 tum dia)<br \/>\nC: Styrelse + 120 st. av f\u00e4rgglada tr\u00e4bollar (0,05 tum dia)<br \/>\nD: Styrelse + 100 st. naturmynt med nummer fr\u00e5n 1 till 100<br \/>\nE: Styrelse + 100 st. f\u00e4rgglada mynt med siffror fr\u00e5n 1 till 100<br \/>\nF: Styrelse + 100 st. naturmynt med nummer fr\u00e5n 1 till 100 + 120 st. av naturliga tr\u00e4bollar (0,05 tum dia)<br \/>\nG: Styrelse + 100 st. f\u00e4rgglada mynt med siffror fr\u00e5n 1 till 100 + 120 st. av f\u00e4rgglada tr\u00e4bollar (0,05 tum dia)<\/p>\n<p>KORTDIMENSIONER<br \/>\nL\u00e4ngd: ~10 inches<br \/>\nH\u00f6jd: ~10 inches<br \/>\nTjocklek: ~0.6 inches<\/p>\n<p>F\u00c4RGER OCH MATERIAL<br \/>\nF\u00e4rg: naturlig eller brun oljad.<br \/>\nBr\u00e4dan \u00e4r tillverkad av NATURLIGT MASSIVT TR\u00c4.<br \/>\nObservera att f\u00e4rgerna kan variera beroende p\u00e5 inst\u00e4llningar f\u00f6r datorsk\u00e4rmar och ljusning.<\/p>\n","protected":false},"excerpt":{"rendered":"<p>Personlig g\u00e5va Montessori 100 ram &#8211; Jag kan inte f\u00f6rest\u00e4lla mig ett b\u00e4ttre s\u00e4tt att l\u00e4ra sig siffror och r\u00e4kna. VARF\u00d6R? 1. Montessori matematik manipulativa \u00e4r v\u00e4lk\u00e4nda och uppskattade \u00f6ver hela v\u00e4rlden. 2. Denna tr\u00e4nummertavla har m\u00e5nga anv\u00e4ndningsomr\u00e5den &#8211; multiplikationsp\u00e4rlor med sm\u00e5 siffror graverade l\u00e4r matematik; F\u00e4rgglada tr\u00e4nummerp\u00e4rlor \u00e4r ocks\u00e5 perfekta tr\u00e4sorteringsleksaker; och du kan [&hellip;]<\/p>\n","protected":false},"featured_media":17820,"template":"","meta":{"_monsterinsights_skip_tracking":false,"_monsterinsights_sitenote_active":false,"_monsterinsights_sitenote_note":"","_monsterinsights_sitenote_category":0},"product_cat":[1469,1428],"product_tag":[2403,2404,1491,1486,2402,1482,1591,1593,1606,1475,1594,1456,1466,2392,1446],"yoast_head":"<!-- This site is optimized with the Yoast SEO plugin v22.1 - https:\/\/yoast.com\/wordpress\/plugins\/seo\/ -->\n<title>Montessori 100 Ram \/ Hundra br\u00e4da - Woodinout \u00a9 tr\u00e4leksaker<\/title>\n<meta name=\"description\" content=\"Montessori matematik material 100 ram f\u00f6r FUN L\u00e4rande spel. Count - Sort - Learn - Play - Naturliga handgjorda tr\u00e4leksaker.\" \/>\n<meta name=\"robots\" content=\"index, follow, max-snippet:-1, max-image-preview:large, max-video-preview:-1\" \/>\n<link rel=\"canonical\" href=\"https:\/\/woodinout.net\/sv\/product\/personlig-gava-montessori-100-frame-wood-numbers-and-counting\/\" \/>\n<meta property=\"og:locale\" content=\"sv_SE\" \/>\n<meta property=\"og:type\" content=\"article\" \/>\n<meta property=\"og:title\" content=\"Montessori 100 Ram \/ Hundra br\u00e4da - Woodinout \u00a9 tr\u00e4leksaker\" \/>\n<meta property=\"og:description\" content=\"Montessori matematik material 100 ram f\u00f6r FUN L\u00e4rande spel. Count - Sort - Learn - Play - Naturliga handgjorda tr\u00e4leksaker.\" \/>\n<meta property=\"og:url\" content=\"https:\/\/woodinout.net\/sv\/product\/personlig-gava-montessori-100-frame-wood-numbers-and-counting\/\" \/>\n<meta property=\"og:site_name\" content=\"Woodinout \u00a9\" \/>\n<meta property=\"article:modified_time\" content=\"2022-04-28T08:09:23+00:00\" \/>\n<meta property=\"og:image\" content=\"https:\/\/woodinout.net\/wp-content\/uploads\/2020\/06\/Montessori-100-frame-5.jpg\" \/>\n\t<meta property=\"og:image:width\" content=\"853\" \/>\n\t<meta property=\"og:image:height\" content=\"1280\" \/>\n\t<meta property=\"og:image:type\" content=\"image\/jpeg\" \/>\n<meta name=\"twitter:card\" content=\"summary_large_image\" \/>\n<meta name=\"twitter:label1\" content=\"Ber\u00e4knad l\u00e4stid\" \/>\n\t<meta name=\"twitter:data1\" content=\"1 minut\" \/>\n<script type=\"application\/ld+json\" class=\"yoast-schema-graph\">{\"@context\":\"https:\/\/schema.org\",\"@graph\":[{\"@type\":\"WebPage\",\"@id\":\"https:\/\/woodinout.net\/sv\/product\/personlig-gava-montessori-100-frame-wood-numbers-and-counting\/\",\"url\":\"https:\/\/woodinout.net\/sv\/product\/personlig-gava-montessori-100-frame-wood-numbers-and-counting\/\",\"name\":\"Montessori 100 Ram \/ Hundra br\u00e4da - Woodinout \u00a9 tr\u00e4leksaker\",\"isPartOf\":{\"@id\":\"https:\/\/woodinout.net\/sv\/#website\"},\"datePublished\":\"2020-06-23T18:12:55+00:00\",\"dateModified\":\"2022-04-28T08:09:23+00:00\",\"description\":\"Montessori matematik material 100 ram f\u00f6r FUN L\u00e4rande spel. Count - Sort - Learn - Play - Naturliga handgjorda tr\u00e4leksaker.\",\"breadcrumb\":{\"@id\":\"https:\/\/woodinout.net\/sv\/product\/personlig-gava-montessori-100-frame-wood-numbers-and-counting\/#breadcrumb\"},\"inLanguage\":\"sv-SE\",\"potentialAction\":[{\"@type\":\"ReadAction\",\"target\":[\"https:\/\/woodinout.net\/sv\/product\/personlig-gava-montessori-100-frame-wood-numbers-and-counting\/\"]}]},{\"@type\":\"BreadcrumbList\",\"@id\":\"https:\/\/woodinout.net\/sv\/product\/personlig-gava-montessori-100-frame-wood-numbers-and-counting\/#breadcrumb\",\"itemListElement\":[{\"@type\":\"ListItem\",\"position\":1,\"name\":\"Home\",\"item\":\"https:\/\/woodinout.net\/sv\/\"},{\"@type\":\"ListItem\",\"position\":2,\"name\":\"Shop\",\"item\":\"https:\/\/woodinout.net\/shop\/\"},{\"@type\":\"ListItem\",\"position\":3,\"name\":\"Montessori 100 Ram \/ Hundra br\u00e4da\"}]},{\"@type\":\"WebSite\",\"@id\":\"https:\/\/woodinout.net\/sv\/#website\",\"url\":\"https:\/\/woodinout.net\/sv\/\",\"name\":\"Woodinout \u00a9\",\"description\":\"Wooden Montessori toys, gifts, home and events decor details\",\"potentialAction\":[{\"@type\":\"SearchAction\",\"target\":{\"@type\":\"EntryPoint\",\"urlTemplate\":\"https:\/\/woodinout.net\/sv\/?s={search_term_string}\"},\"query-input\":\"required name=search_term_string\"}],\"inLanguage\":\"sv-SE\"}]}<\/script>\n<!-- \/ Yoast SEO plugin. -->","yoast_head_json":{"title":"Montessori 100 Ram \/ Hundra br\u00e4da - Woodinout \u00a9 tr\u00e4leksaker","description":"Montessori matematik material 100 ram f\u00f6r FUN L\u00e4rande spel. Count - Sort - Learn - Play - Naturliga handgjorda tr\u00e4leksaker.","robots":{"index":"index","follow":"follow","max-snippet":"max-snippet:-1","max-image-preview":"max-image-preview:large","max-video-preview":"max-video-preview:-1"},"canonical":"https:\/\/woodinout.net\/sv\/product\/personlig-gava-montessori-100-frame-wood-numbers-and-counting\/","og_locale":"sv_SE","og_type":"article","og_title":"Montessori 100 Ram \/ Hundra br\u00e4da - Woodinout \u00a9 tr\u00e4leksaker","og_description":"Montessori matematik material 100 ram f\u00f6r FUN L\u00e4rande spel. Count - Sort - Learn - Play - Naturliga handgjorda tr\u00e4leksaker.","og_url":"https:\/\/woodinout.net\/sv\/product\/personlig-gava-montessori-100-frame-wood-numbers-and-counting\/","og_site_name":"Woodinout \u00a9","article_modified_time":"2022-04-28T08:09:23+00:00","og_image":[{"width":853,"height":1280,"url":"https:\/\/woodinout.net\/wp-content\/uploads\/2020\/06\/Montessori-100-frame-5.jpg","type":"image\/jpeg"}],"twitter_card":"summary_large_image","twitter_misc":{"Ber\u00e4knad l\u00e4stid":"1 minut"},"schema":{"@context":"https:\/\/schema.org","@graph":[{"@type":"WebPage","@id":"https:\/\/woodinout.net\/sv\/product\/personlig-gava-montessori-100-frame-wood-numbers-and-counting\/","url":"https:\/\/woodinout.net\/sv\/product\/personlig-gava-montessori-100-frame-wood-numbers-and-counting\/","name":"Montessori 100 Ram \/ Hundra br\u00e4da - Woodinout \u00a9 tr\u00e4leksaker","isPartOf":{"@id":"https:\/\/woodinout.net\/sv\/#website"},"datePublished":"2020-06-23T18:12:55+00:00","dateModified":"2022-04-28T08:09:23+00:00","description":"Montessori matematik material 100 ram f\u00f6r FUN L\u00e4rande spel. Count - Sort - Learn - Play - Naturliga handgjorda tr\u00e4leksaker.","breadcrumb":{"@id":"https:\/\/woodinout.net\/sv\/product\/personlig-gava-montessori-100-frame-wood-numbers-and-counting\/#breadcrumb"},"inLanguage":"sv-SE","potentialAction":[{"@type":"ReadAction","target":["https:\/\/woodinout.net\/sv\/product\/personlig-gava-montessori-100-frame-wood-numbers-and-counting\/"]}]},{"@type":"BreadcrumbList","@id":"https:\/\/woodinout.net\/sv\/product\/personlig-gava-montessori-100-frame-wood-numbers-and-counting\/#breadcrumb","itemListElement":[{"@type":"ListItem","position":1,"name":"Home","item":"https:\/\/woodinout.net\/sv\/"},{"@type":"ListItem","position":2,"name":"Shop","item":"https:\/\/woodinout.net\/shop\/"},{"@type":"ListItem","position":3,"name":"Montessori 100 Ram \/ Hundra br\u00e4da"}]},{"@type":"WebSite","@id":"https:\/\/woodinout.net\/sv\/#website","url":"https:\/\/woodinout.net\/sv\/","name":"Woodinout \u00a9","description":"Wooden Montessori toys, gifts, home and events decor details","potentialAction":[{"@type":"SearchAction","target":{"@type":"EntryPoint","urlTemplate":"https:\/\/woodinout.net\/sv\/?s={search_term_string}"},"query-input":"required name=search_term_string"}],"inLanguage":"sv-SE"}]}},"_links":{"self":[{"href":"https:\/\/woodinout.net\/sv\/wp-json\/wp\/v2\/product\/21900"}],"collection":[{"href":"https:\/\/woodinout.net\/sv\/wp-json\/wp\/v2\/product"}],"about":[{"href":"https:\/\/woodinout.net\/sv\/wp-json\/wp\/v2\/types\/product"}],"wp:featuredmedia":[{"embeddable":true,"href":"https:\/\/woodinout.net\/sv\/wp-json\/wp\/v2\/media\/17820"}],"wp:attachment":[{"href":"https:\/\/woodinout.net\/sv\/wp-json\/wp\/v2\/media?parent=21900"}],"wp:term":[{"taxonomy":"product_cat","embeddable":true,"href":"https:\/\/woodinout.net\/sv\/wp-json\/wp\/v2\/product_cat?post=21900"},{"taxonomy":"product_tag","embeddable":true,"href":"https:\/\/woodinout.net\/sv\/wp-json\/wp\/v2\/product_tag?post=21900"}],"curies":[{"name":"wp","href":"https:\/\/api.w.org\/{rel}","templated":true}]}}