{"id":21878,"date":"2020-06-30T23:33:45","date_gmt":"2020-06-30T20:33:45","guid":{"rendered":"https:\/\/woodinout.net\/product\/trafargade-bollar\/"},"modified":"2020-06-30T23:33:45","modified_gmt":"2020-06-30T20:33:45","slug":"fargade-trabollar","status":"publish","type":"product","link":"https:\/\/woodinout.net\/sv\/product\/fargade-trabollar\/","title":{"rendered":"Tr\u00e4f\u00e4rgade bollar"},"content":{"rendered":"<p>Tr\u00e4f\u00e4rgade bollar \u00e4r handgjorda, noggrant m\u00e5lade med giftfri, milj\u00f6v\u00e4nlig f\u00e4rg. Anv\u00e4nds b\u00e4st f\u00f6r Montessori l\u00e4rande spel &amp; leksaker, s\u00e5som <a href=\"http:\/\/woodinout.net\/product-category\/wooden-toys\/counting-and-math-toys\/\">matematiska manipulativa<\/a> eller <a href=\"http:\/\/woodinout.net\/product-tag\/color-sorting-toys\/\">f\u00e4rgsortering leksaker<\/a>. Dessa f\u00e4rgade bollar \u00e4r perfekta tr\u00e4 sensoriska leksaker &#8211; sm\u00e5, i\u00f6gonfallande f\u00e4rger hj\u00e4lper till att utveckla: MOTOR SKILLS, siffror &amp; r\u00e4kna F\u00d6RM\u00c5GA, f\u00e4rgsortering f\u00e4rdigheter. Huvudpo\u00e4ngen med v\u00e5ra montessorileksaker i naturligt tr\u00e4 \u00e4r att UTBILDA p\u00e5 det mest v\u00e4nliga och naturliga s\u00e4ttet. Vi \u00e4r inspirerade av v\u00e4rldsber\u00f6mda Waldorf &amp; Montessori leksaker. Av tr\u00e4, f\u00e4rgade p\u00e4rlor \u00e4r l\u00e5ngvariga och s\u00e4kra att r\u00f6ra, k\u00e4nna, j\u00e4mn smak! Prova sj\u00e4lv och vi garanterar dig den b\u00e4sta upplevelsen.<\/p>\n<p>Vi skapar v\u00e5ra pedagogiska spel &amp;leksaker med k\u00e4rlek och passion. Vi bryr oss lika mycket om dem som f\u00f6r v\u00e5ra kunder, var v\u00e4lkomna att meddela oss. Bli en del av v\u00e5r familj och f\u00f6rverkliga din egen milj\u00f6v\u00e4nliga dr\u00f6m.<\/p>\n<div style=\"width: 1080px;\" class=\"wp-video\"><!--[if lt IE 9]><script>document.createElement('video');<\/script><![endif]-->\n<video class=\"wp-video-shortcode\" id=\"video-21878-1\" width=\"1080\" height=\"810\" preload=\"metadata\" controls=\"controls\"><source type=\"video\/mp4\" src=\"http:\/\/woodinout.net\/wp-content\/uploads\/2020\/06\/MEDINIS_7.mp4?_=1\" \/><a href=\"http:\/\/woodinout.net\/wp-content\/uploads\/2020\/06\/MEDINIS_7.mp4\">http:\/\/woodinout.net\/wp-content\/uploads\/2020\/06\/MEDINIS_7.mp4<\/a><\/video><\/div>\n<h3>M\u00c5TT:<\/h3>\n<ul>\n<li>0.05 inches dia<\/li>\n<\/ul>\n<h3>F\u00c4RGER OCH MATERIAL:<\/h3>\n<ul>\n<li>F\u00e4rg: 10 olika f\u00e4rger<\/li>\n<li>Leksaken \u00e4r tillverkad av naturligt TR\u00c4.<\/li>\n<\/ul>\n<p>Observera att f\u00e4rgerna kan variera beroende p\u00e5 inst\u00e4llningar f\u00f6r datorsk\u00e4rmar och ljusning.<\/p>\n<p>F\u00f6r fler id\u00e9er, f\u00f6lj oss p\u00e5 <a href=\"https:\/\/www.instagram.com\/woodinout\/\">INSTAGRAM<\/a> &amp; <a href=\"https:\/\/www.facebook.com\/Woodinout.net\">FACEBOOK<\/a><\/p>\n<p>\u00a9 Woodinout. Alla r\u00e4ttigheter f\u00f6rbeh\u00e5llna.<\/p>\n","protected":false},"excerpt":{"rendered":"<p>Tr\u00e4f\u00e4rgade bollar \u00e4r handgjorda, noggrant m\u00e5lade med giftfri, milj\u00f6v\u00e4nlig f\u00e4rg. Anv\u00e4nds b\u00e4st f\u00f6r Montessori l\u00e4rande spel &amp; leksaker, s\u00e5som matematiska manipulativa eller f\u00e4rgsortering leksaker. Dessa f\u00e4rgade bollar \u00e4r perfekta tr\u00e4 sensoriska leksaker &#8211; sm\u00e5, i\u00f6gonfallande f\u00e4rger hj\u00e4lper till att utveckla: MOTOR SKILLS, siffror &amp; r\u00e4kna F\u00d6RM\u00c5GA, f\u00e4rgsortering f\u00e4rdigheter. Huvudpo\u00e4ngen med v\u00e5ra montessorileksaker i naturligt tr\u00e4 [&hellip;]<\/p>\n","protected":false},"featured_media":17780,"template":"","meta":{"_monsterinsights_skip_tracking":false,"_monsterinsights_sitenote_active":false,"_monsterinsights_sitenote_note":"","_monsterinsights_sitenote_category":0},"product_cat":[1469,1437,1428],"product_tag":[1491,1486,2388,2389,2330,1482,1475,1456,1466,2375,1446],"yoast_head":"<!-- This site is optimized with the Yoast SEO plugin v22.1 - https:\/\/yoast.com\/wordpress\/plugins\/seo\/ -->\n<title>Tr\u00e4f\u00e4rgade bollar - Woodinout \u00a9 Montessori leksaker<\/title>\n<meta name=\"description\" content=\"Tr\u00e4f\u00e4rgade bollar m\u00e5lade med giftfri f\u00e4rg. Anv\u00e4nds f\u00f6r pedagogiska spel och leksaker. Tr\u00e4f\u00e4rgade p\u00e4rlor \u00e4r s\u00e4kra att r\u00f6ra, k\u00e4nna, till och med smaka!\" \/>\n<meta name=\"robots\" content=\"index, follow, max-snippet:-1, max-image-preview:large, max-video-preview:-1\" \/>\n<link rel=\"canonical\" href=\"https:\/\/woodinout.net\/sv\/product\/fargade-trabollar\/\" \/>\n<meta property=\"og:locale\" content=\"sv_SE\" \/>\n<meta property=\"og:type\" content=\"article\" \/>\n<meta property=\"og:title\" content=\"Tr\u00e4f\u00e4rgade bollar - Woodinout \u00a9 Montessori leksaker\" \/>\n<meta property=\"og:description\" content=\"Tr\u00e4f\u00e4rgade bollar m\u00e5lade med giftfri f\u00e4rg. Anv\u00e4nds f\u00f6r pedagogiska spel och leksaker. Tr\u00e4f\u00e4rgade p\u00e4rlor \u00e4r s\u00e4kra att r\u00f6ra, k\u00e4nna, till och med smaka!\" \/>\n<meta property=\"og:url\" content=\"https:\/\/woodinout.net\/sv\/product\/fargade-trabollar\/\" \/>\n<meta property=\"og:site_name\" content=\"Woodinout \u00a9\" \/>\n<meta property=\"og:image\" content=\"https:\/\/woodinout.net\/wp-content\/uploads\/2020\/06\/colourful_wooden_balls.jpg\" \/>\n\t<meta property=\"og:image:width\" content=\"853\" \/>\n\t<meta property=\"og:image:height\" content=\"1280\" \/>\n\t<meta property=\"og:image:type\" content=\"image\/jpeg\" \/>\n<meta name=\"twitter:card\" content=\"summary_large_image\" \/>\n<meta name=\"twitter:label1\" content=\"Ber\u00e4knad l\u00e4stid\" \/>\n\t<meta name=\"twitter:data1\" content=\"1 minut\" \/>\n<script type=\"application\/ld+json\" class=\"yoast-schema-graph\">{\"@context\":\"https:\/\/schema.org\",\"@graph\":[{\"@type\":\"WebPage\",\"@id\":\"https:\/\/woodinout.net\/sv\/product\/fargade-trabollar\/\",\"url\":\"https:\/\/woodinout.net\/sv\/product\/fargade-trabollar\/\",\"name\":\"Tr\u00e4f\u00e4rgade bollar - Woodinout \u00a9 Montessori leksaker\",\"isPartOf\":{\"@id\":\"https:\/\/woodinout.net\/sv\/#website\"},\"datePublished\":\"2020-06-30T20:33:45+00:00\",\"dateModified\":\"2020-06-30T20:33:45+00:00\",\"description\":\"Tr\u00e4f\u00e4rgade bollar m\u00e5lade med giftfri f\u00e4rg. Anv\u00e4nds f\u00f6r pedagogiska spel och leksaker. Tr\u00e4f\u00e4rgade p\u00e4rlor \u00e4r s\u00e4kra att r\u00f6ra, k\u00e4nna, till och med smaka!\",\"breadcrumb\":{\"@id\":\"https:\/\/woodinout.net\/sv\/product\/fargade-trabollar\/#breadcrumb\"},\"inLanguage\":\"sv-SE\",\"potentialAction\":[{\"@type\":\"ReadAction\",\"target\":[\"https:\/\/woodinout.net\/sv\/product\/fargade-trabollar\/\"]}]},{\"@type\":\"BreadcrumbList\",\"@id\":\"https:\/\/woodinout.net\/sv\/product\/fargade-trabollar\/#breadcrumb\",\"itemListElement\":[{\"@type\":\"ListItem\",\"position\":1,\"name\":\"Home\",\"item\":\"https:\/\/woodinout.net\/sv\/\"},{\"@type\":\"ListItem\",\"position\":2,\"name\":\"Shop\",\"item\":\"https:\/\/woodinout.net\/shop\/\"},{\"@type\":\"ListItem\",\"position\":3,\"name\":\"Tr\u00e4f\u00e4rgade bollar\"}]},{\"@type\":\"WebSite\",\"@id\":\"https:\/\/woodinout.net\/sv\/#website\",\"url\":\"https:\/\/woodinout.net\/sv\/\",\"name\":\"Woodinout \u00a9\",\"description\":\"Wooden Montessori toys, gifts, home and events decor details\",\"potentialAction\":[{\"@type\":\"SearchAction\",\"target\":{\"@type\":\"EntryPoint\",\"urlTemplate\":\"https:\/\/woodinout.net\/sv\/?s={search_term_string}\"},\"query-input\":\"required name=search_term_string\"}],\"inLanguage\":\"sv-SE\"}]}<\/script>\n<!-- \/ Yoast SEO plugin. -->","yoast_head_json":{"title":"Tr\u00e4f\u00e4rgade bollar - Woodinout \u00a9 Montessori leksaker","description":"Tr\u00e4f\u00e4rgade bollar m\u00e5lade med giftfri f\u00e4rg. Anv\u00e4nds f\u00f6r pedagogiska spel och leksaker. Tr\u00e4f\u00e4rgade p\u00e4rlor \u00e4r s\u00e4kra att r\u00f6ra, k\u00e4nna, till och med smaka!","robots":{"index":"index","follow":"follow","max-snippet":"max-snippet:-1","max-image-preview":"max-image-preview:large","max-video-preview":"max-video-preview:-1"},"canonical":"https:\/\/woodinout.net\/sv\/product\/fargade-trabollar\/","og_locale":"sv_SE","og_type":"article","og_title":"Tr\u00e4f\u00e4rgade bollar - Woodinout \u00a9 Montessori leksaker","og_description":"Tr\u00e4f\u00e4rgade bollar m\u00e5lade med giftfri f\u00e4rg. Anv\u00e4nds f\u00f6r pedagogiska spel och leksaker. Tr\u00e4f\u00e4rgade p\u00e4rlor \u00e4r s\u00e4kra att r\u00f6ra, k\u00e4nna, till och med smaka!","og_url":"https:\/\/woodinout.net\/sv\/product\/fargade-trabollar\/","og_site_name":"Woodinout \u00a9","og_image":[{"width":853,"height":1280,"url":"https:\/\/woodinout.net\/wp-content\/uploads\/2020\/06\/colourful_wooden_balls.jpg","type":"image\/jpeg"}],"twitter_card":"summary_large_image","twitter_misc":{"Ber\u00e4knad l\u00e4stid":"1 minut"},"schema":{"@context":"https:\/\/schema.org","@graph":[{"@type":"WebPage","@id":"https:\/\/woodinout.net\/sv\/product\/fargade-trabollar\/","url":"https:\/\/woodinout.net\/sv\/product\/fargade-trabollar\/","name":"Tr\u00e4f\u00e4rgade bollar - Woodinout \u00a9 Montessori leksaker","isPartOf":{"@id":"https:\/\/woodinout.net\/sv\/#website"},"datePublished":"2020-06-30T20:33:45+00:00","dateModified":"2020-06-30T20:33:45+00:00","description":"Tr\u00e4f\u00e4rgade bollar m\u00e5lade med giftfri f\u00e4rg. Anv\u00e4nds f\u00f6r pedagogiska spel och leksaker. Tr\u00e4f\u00e4rgade p\u00e4rlor \u00e4r s\u00e4kra att r\u00f6ra, k\u00e4nna, till och med smaka!","breadcrumb":{"@id":"https:\/\/woodinout.net\/sv\/product\/fargade-trabollar\/#breadcrumb"},"inLanguage":"sv-SE","potentialAction":[{"@type":"ReadAction","target":["https:\/\/woodinout.net\/sv\/product\/fargade-trabollar\/"]}]},{"@type":"BreadcrumbList","@id":"https:\/\/woodinout.net\/sv\/product\/fargade-trabollar\/#breadcrumb","itemListElement":[{"@type":"ListItem","position":1,"name":"Home","item":"https:\/\/woodinout.net\/sv\/"},{"@type":"ListItem","position":2,"name":"Shop","item":"https:\/\/woodinout.net\/shop\/"},{"@type":"ListItem","position":3,"name":"Tr\u00e4f\u00e4rgade bollar"}]},{"@type":"WebSite","@id":"https:\/\/woodinout.net\/sv\/#website","url":"https:\/\/woodinout.net\/sv\/","name":"Woodinout \u00a9","description":"Wooden Montessori toys, gifts, home and events decor details","potentialAction":[{"@type":"SearchAction","target":{"@type":"EntryPoint","urlTemplate":"https:\/\/woodinout.net\/sv\/?s={search_term_string}"},"query-input":"required name=search_term_string"}],"inLanguage":"sv-SE"}]}},"_links":{"self":[{"href":"https:\/\/woodinout.net\/sv\/wp-json\/wp\/v2\/product\/21878"}],"collection":[{"href":"https:\/\/woodinout.net\/sv\/wp-json\/wp\/v2\/product"}],"about":[{"href":"https:\/\/woodinout.net\/sv\/wp-json\/wp\/v2\/types\/product"}],"wp:featuredmedia":[{"embeddable":true,"href":"https:\/\/woodinout.net\/sv\/wp-json\/wp\/v2\/media\/17780"}],"wp:attachment":[{"href":"https:\/\/woodinout.net\/sv\/wp-json\/wp\/v2\/media?parent=21878"}],"wp:term":[{"taxonomy":"product_cat","embeddable":true,"href":"https:\/\/woodinout.net\/sv\/wp-json\/wp\/v2\/product_cat?post=21878"},{"taxonomy":"product_tag","embeddable":true,"href":"https:\/\/woodinout.net\/sv\/wp-json\/wp\/v2\/product_tag?post=21878"}],"curies":[{"name":"wp","href":"https:\/\/api.w.org\/{rel}","templated":true}]}}