{"id":21867,"date":"2021-03-19T13:15:22","date_gmt":"2021-03-19T11:15:22","guid":{"rendered":"https:\/\/woodinout.net\/product\/abc-sparningstavla-kvadrat\/"},"modified":"2022-04-19T16:07:50","modified_gmt":"2022-04-19T13:07:50","slug":"abc-tracing-board-kvadrat","status":"publish","type":"product","link":"https:\/\/woodinout.net\/sv\/product\/abc-tracing-board-kvadrat\/","title":{"rendered":"ABC-sp\u00e5rningstavla (kvadrat)"},"content":{"rendered":"<p>Alphabet Montessori sp\u00e5rningstavla \u00e4r ett smart s\u00e4tt att l\u00e4ra barn att skriva. Att l\u00e4ra sig leksaker \u00e4r fortfarande leksaker f\u00f6r barn har mycket roligt och de vet inte ens att de l\u00e4r sig. Waldorf leksaker \u00e4r en av de mest popul\u00e4ra pedagogiska barn g\u00e5vor av en anledning. Kalkylblad med sp\u00e5rning av sm\u00e5 bokst\u00e4ver g\u00f6r det roligt och L\u00c4TT att l\u00e4ra sig skriva och stava. Ist\u00e4llet f\u00f6r massor av f\u00f6rskolekalkylblad f\u00e5r du en snygg alfabetssp\u00e5rningstavla av oss. Noggrant handgjorda av massivt tr\u00e4 \u00e4r dessa tr\u00e4brev inte bara perfekta inl\u00e4rningsleksaker, men ocks\u00e5 elegant barnrumsinredning. G\u00f6r detta till en personlig g\u00e5va genom att l\u00e4mna ett meddelande att gravera p\u00e5 baksidan.<\/p>\n<p>Kit inneh\u00e5ller av:<br \/>\nABC brev sp\u00e5rningstavla<br \/>\nTr\u00e4penna<\/p>\n<p>Kommer att f\u00f6rb\u00e4ttra motoriken<\/p>\n<p>M\u00c5TT<br \/>\nH\u00f6jd: ~28cm<br \/>\nL\u00e4ngd: ~24cm<br \/>\nBr\u00e4dtjocklek: ~0.6 inches (1.5cm)<\/p>\n<p>F\u00c4RGER OCH MATERIAL<br \/>\nBakgrund: brun eller naturlig oljad.<br \/>\nLeksaken \u00e4r tillverkad av NATURLIGT MASSIVT TR\u00c4 och milj\u00f6v\u00e4nliga f\u00e4rger\/oljor.<br \/>\nObservera att f\u00e4rgerna kan variera beroende p\u00e5 inst\u00e4llningar f\u00f6r datorsk\u00e4rmar och ljusning.<\/p>\n<p>F\u00f6r fler id\u00e9er, f\u00f6lj oss p\u00e5 <a href=\"https:\/\/www.instagram.com\/woodinout\/\">INSTAGRAM<\/a> &amp; <a href=\"https:\/\/www.facebook.com\/Woodinout.net\">FACEBOOK<\/a><\/p>\n","protected":false},"excerpt":{"rendered":"<p>Alphabet Montessori sp\u00e5rningstavla \u00e4r ett smart s\u00e4tt att l\u00e4ra barn att skriva. Att l\u00e4ra sig leksaker \u00e4r fortfarande leksaker f\u00f6r barn har mycket roligt och de vet inte ens att de l\u00e4r sig. Waldorf leksaker \u00e4r en av de mest popul\u00e4ra pedagogiska barn g\u00e5vor av en anledning. Kalkylblad med sp\u00e5rning av sm\u00e5 bokst\u00e4ver g\u00f6r det [&hellip;]<\/p>\n","protected":false},"featured_media":19516,"template":"","meta":{"_monsterinsights_skip_tracking":false,"_monsterinsights_sitenote_active":false,"_monsterinsights_sitenote_note":"","_monsterinsights_sitenote_category":0},"product_cat":[1471,1428],"product_tag":[1491,1486,1562,1482,1475,1456,1466,1557,1548,1549,1521,1446],"yoast_head":"<!-- This site is optimized with the Yoast SEO plugin v22.1 - https:\/\/yoast.com\/wordpress\/plugins\/seo\/ -->\n<title>ABC-sp\u00e5rningstavla (kvadrat) - Woodinout \u00a9 Inl\u00e4rningsleksaker<\/title>\n<meta name=\"description\" content=\"Sp\u00e5rning av alfabetstavla - inga fler pappersark. Anv\u00e4nd denna tr\u00e4br\u00e4da s\u00e5 m\u00e5nga g\u00e5nger du vill. \u00d6ver hela v\u00e4rlden frakt. H\u00f6gsta premiumkvalitet.\" \/>\n<meta name=\"robots\" content=\"index, follow, max-snippet:-1, max-image-preview:large, max-video-preview:-1\" \/>\n<link rel=\"canonical\" href=\"https:\/\/woodinout.net\/sv\/product\/abc-tracing-board-kvadrat\/\" \/>\n<meta property=\"og:locale\" content=\"sv_SE\" \/>\n<meta property=\"og:type\" content=\"article\" \/>\n<meta property=\"og:title\" content=\"ABC-sp\u00e5rningstavla (kvadrat) - Woodinout \u00a9 Inl\u00e4rningsleksaker\" \/>\n<meta property=\"og:description\" content=\"Sp\u00e5rning av alfabetstavla - inga fler pappersark. Anv\u00e4nd denna tr\u00e4br\u00e4da s\u00e5 m\u00e5nga g\u00e5nger du vill. \u00d6ver hela v\u00e4rlden frakt. H\u00f6gsta premiumkvalitet.\" \/>\n<meta property=\"og:url\" content=\"https:\/\/woodinout.net\/sv\/product\/abc-tracing-board-kvadrat\/\" \/>\n<meta property=\"og:site_name\" content=\"Woodinout \u00a9\" \/>\n<meta property=\"article:modified_time\" content=\"2022-04-19T13:07:50+00:00\" \/>\n<meta property=\"og:image\" content=\"https:\/\/woodinout.net\/wp-content\/uploads\/2021\/03\/ABC_tracing_board_1-\u2013-kopija.jpg\" \/>\n\t<meta property=\"og:image:width\" content=\"1706\" \/>\n\t<meta property=\"og:image:height\" content=\"2560\" \/>\n\t<meta property=\"og:image:type\" content=\"image\/jpeg\" \/>\n<meta name=\"twitter:card\" content=\"summary_large_image\" \/>\n<meta name=\"twitter:label1\" content=\"Ber\u00e4knad l\u00e4stid\" \/>\n\t<meta name=\"twitter:data1\" content=\"1 minut\" \/>\n<script type=\"application\/ld+json\" class=\"yoast-schema-graph\">{\"@context\":\"https:\/\/schema.org\",\"@graph\":[{\"@type\":\"WebPage\",\"@id\":\"https:\/\/woodinout.net\/sv\/product\/abc-tracing-board-kvadrat\/\",\"url\":\"https:\/\/woodinout.net\/sv\/product\/abc-tracing-board-kvadrat\/\",\"name\":\"ABC-sp\u00e5rningstavla (kvadrat) - Woodinout \u00a9 Inl\u00e4rningsleksaker\",\"isPartOf\":{\"@id\":\"https:\/\/woodinout.net\/sv\/#website\"},\"datePublished\":\"2021-03-19T11:15:22+00:00\",\"dateModified\":\"2022-04-19T13:07:50+00:00\",\"description\":\"Sp\u00e5rning av alfabetstavla - inga fler pappersark. Anv\u00e4nd denna tr\u00e4br\u00e4da s\u00e5 m\u00e5nga g\u00e5nger du vill. \u00d6ver hela v\u00e4rlden frakt. H\u00f6gsta premiumkvalitet.\",\"breadcrumb\":{\"@id\":\"https:\/\/woodinout.net\/sv\/product\/abc-tracing-board-kvadrat\/#breadcrumb\"},\"inLanguage\":\"sv-SE\",\"potentialAction\":[{\"@type\":\"ReadAction\",\"target\":[\"https:\/\/woodinout.net\/sv\/product\/abc-tracing-board-kvadrat\/\"]}]},{\"@type\":\"BreadcrumbList\",\"@id\":\"https:\/\/woodinout.net\/sv\/product\/abc-tracing-board-kvadrat\/#breadcrumb\",\"itemListElement\":[{\"@type\":\"ListItem\",\"position\":1,\"name\":\"Home\",\"item\":\"https:\/\/woodinout.net\/sv\/\"},{\"@type\":\"ListItem\",\"position\":2,\"name\":\"Shop\",\"item\":\"https:\/\/woodinout.net\/shop\/\"},{\"@type\":\"ListItem\",\"position\":3,\"name\":\"ABC-sp\u00e5rningstavla (kvadrat)\"}]},{\"@type\":\"WebSite\",\"@id\":\"https:\/\/woodinout.net\/sv\/#website\",\"url\":\"https:\/\/woodinout.net\/sv\/\",\"name\":\"Woodinout \u00a9\",\"description\":\"Wooden Montessori toys, gifts, home and events decor details\",\"potentialAction\":[{\"@type\":\"SearchAction\",\"target\":{\"@type\":\"EntryPoint\",\"urlTemplate\":\"https:\/\/woodinout.net\/sv\/?s={search_term_string}\"},\"query-input\":\"required name=search_term_string\"}],\"inLanguage\":\"sv-SE\"}]}<\/script>\n<!-- \/ Yoast SEO plugin. -->","yoast_head_json":{"title":"ABC-sp\u00e5rningstavla (kvadrat) - Woodinout \u00a9 Inl\u00e4rningsleksaker","description":"Sp\u00e5rning av alfabetstavla - inga fler pappersark. Anv\u00e4nd denna tr\u00e4br\u00e4da s\u00e5 m\u00e5nga g\u00e5nger du vill. \u00d6ver hela v\u00e4rlden frakt. H\u00f6gsta premiumkvalitet.","robots":{"index":"index","follow":"follow","max-snippet":"max-snippet:-1","max-image-preview":"max-image-preview:large","max-video-preview":"max-video-preview:-1"},"canonical":"https:\/\/woodinout.net\/sv\/product\/abc-tracing-board-kvadrat\/","og_locale":"sv_SE","og_type":"article","og_title":"ABC-sp\u00e5rningstavla (kvadrat) - Woodinout \u00a9 Inl\u00e4rningsleksaker","og_description":"Sp\u00e5rning av alfabetstavla - inga fler pappersark. Anv\u00e4nd denna tr\u00e4br\u00e4da s\u00e5 m\u00e5nga g\u00e5nger du vill. \u00d6ver hela v\u00e4rlden frakt. H\u00f6gsta premiumkvalitet.","og_url":"https:\/\/woodinout.net\/sv\/product\/abc-tracing-board-kvadrat\/","og_site_name":"Woodinout \u00a9","article_modified_time":"2022-04-19T13:07:50+00:00","og_image":[{"width":1706,"height":2560,"url":"https:\/\/woodinout.net\/wp-content\/uploads\/2021\/03\/ABC_tracing_board_1-\u2013-kopija.jpg","type":"image\/jpeg"}],"twitter_card":"summary_large_image","twitter_misc":{"Ber\u00e4knad l\u00e4stid":"1 minut"},"schema":{"@context":"https:\/\/schema.org","@graph":[{"@type":"WebPage","@id":"https:\/\/woodinout.net\/sv\/product\/abc-tracing-board-kvadrat\/","url":"https:\/\/woodinout.net\/sv\/product\/abc-tracing-board-kvadrat\/","name":"ABC-sp\u00e5rningstavla (kvadrat) - Woodinout \u00a9 Inl\u00e4rningsleksaker","isPartOf":{"@id":"https:\/\/woodinout.net\/sv\/#website"},"datePublished":"2021-03-19T11:15:22+00:00","dateModified":"2022-04-19T13:07:50+00:00","description":"Sp\u00e5rning av alfabetstavla - inga fler pappersark. Anv\u00e4nd denna tr\u00e4br\u00e4da s\u00e5 m\u00e5nga g\u00e5nger du vill. \u00d6ver hela v\u00e4rlden frakt. H\u00f6gsta premiumkvalitet.","breadcrumb":{"@id":"https:\/\/woodinout.net\/sv\/product\/abc-tracing-board-kvadrat\/#breadcrumb"},"inLanguage":"sv-SE","potentialAction":[{"@type":"ReadAction","target":["https:\/\/woodinout.net\/sv\/product\/abc-tracing-board-kvadrat\/"]}]},{"@type":"BreadcrumbList","@id":"https:\/\/woodinout.net\/sv\/product\/abc-tracing-board-kvadrat\/#breadcrumb","itemListElement":[{"@type":"ListItem","position":1,"name":"Home","item":"https:\/\/woodinout.net\/sv\/"},{"@type":"ListItem","position":2,"name":"Shop","item":"https:\/\/woodinout.net\/shop\/"},{"@type":"ListItem","position":3,"name":"ABC-sp\u00e5rningstavla (kvadrat)"}]},{"@type":"WebSite","@id":"https:\/\/woodinout.net\/sv\/#website","url":"https:\/\/woodinout.net\/sv\/","name":"Woodinout \u00a9","description":"Wooden Montessori toys, gifts, home and events decor details","potentialAction":[{"@type":"SearchAction","target":{"@type":"EntryPoint","urlTemplate":"https:\/\/woodinout.net\/sv\/?s={search_term_string}"},"query-input":"required name=search_term_string"}],"inLanguage":"sv-SE"}]}},"_links":{"self":[{"href":"https:\/\/woodinout.net\/sv\/wp-json\/wp\/v2\/product\/21867"}],"collection":[{"href":"https:\/\/woodinout.net\/sv\/wp-json\/wp\/v2\/product"}],"about":[{"href":"https:\/\/woodinout.net\/sv\/wp-json\/wp\/v2\/types\/product"}],"wp:featuredmedia":[{"embeddable":true,"href":"https:\/\/woodinout.net\/sv\/wp-json\/wp\/v2\/media\/19516"}],"wp:attachment":[{"href":"https:\/\/woodinout.net\/sv\/wp-json\/wp\/v2\/media?parent=21867"}],"wp:term":[{"taxonomy":"product_cat","embeddable":true,"href":"https:\/\/woodinout.net\/sv\/wp-json\/wp\/v2\/product_cat?post=21867"},{"taxonomy":"product_tag","embeddable":true,"href":"https:\/\/woodinout.net\/sv\/wp-json\/wp\/v2\/product_tag?post=21867"}],"curies":[{"name":"wp","href":"https:\/\/api.w.org\/{rel}","templated":true}]}}