{"id":21859,"date":"2021-03-21T14:43:45","date_gmt":"2021-03-21T12:43:45","guid":{"rendered":"https:\/\/woodinout.net\/product\/kritorhallare\/"},"modified":"2022-04-28T11:03:01","modified_gmt":"2022-04-28T08:03:01","slug":"kritorhallare","status":"publish","type":"product","link":"https:\/\/woodinout.net\/sv\/product\/kritorhallare\/","title":{"rendered":"Kritorh\u00e5llare"},"content":{"rendered":"<p>Montessori material &#8211; Tr\u00e4kritah\u00e5llare \u00e4r ett M\u00c5STE i ditt hemskola klassrum eller p\u00e5 Montessori skrivbord. Snygg och bekv\u00e4m l\u00f6sning f\u00f6r att lagra block- eller pinnekritor. Denna kritorh\u00e5llare \u00e4r ett hemundervisningsverktyg f\u00f6r dem som letar efter enkel design, h\u00e5llbara och milj\u00f6v\u00e4nliga produkter.<\/p>\n<p>Alternativ:<br \/>\nPinnar 16;<br \/>\nBlock 16;<br \/>\nPinnar 8 +Block 8;<br \/>\nPinnar 16 +Block 16;<\/p>\n<p>M\u00c5TT<br \/>\nPinnar 16<br \/>\nH\u00f6jd: 5 cm<br \/>\nL\u00e4ngd: 20 cm<\/p>\n<p>Block 16<br \/>\nH\u00f6jd: 7 cm<br \/>\nL\u00e4ngd: 20 cm<\/p>\n<p>Pinnar 8 +Block 8<br \/>\nH\u00f6jd: 6 cm<br \/>\nL\u00e4ngd: 20 cm<\/p>\n<p>Pinnar 16 +Block 16<br \/>\nH\u00f6jd: 11,5 cm<br \/>\nL\u00e4ngd: 20 cm<\/p>\n<p>Tjocklek: 1,7 cm<\/p>\n<p>F\u00c4RGER OCH MATERIAL<br \/>\nF\u00e4rg: naturligt tr\u00e4 eller brunoljat.<br \/>\nLeksaken \u00e4r tillverkad av NATURLIGT MASSIVT TR\u00c4.<br \/>\nObservera att f\u00e4rgerna kan variera beroende p\u00e5 inst\u00e4llningar f\u00f6r datorsk\u00e4rmar och ljusning.<\/p>\n","protected":false},"excerpt":{"rendered":"<p>Montessori material &#8211; Tr\u00e4kritah\u00e5llare \u00e4r ett M\u00c5STE i ditt hemskola klassrum eller p\u00e5 Montessori skrivbord. Snygg och bekv\u00e4m l\u00f6sning f\u00f6r att lagra block- eller pinnekritor. Denna kritorh\u00e5llare \u00e4r ett hemundervisningsverktyg f\u00f6r dem som letar efter enkel design, h\u00e5llbara och milj\u00f6v\u00e4nliga produkter. Alternativ: Pinnar 16; Block 16; Pinnar 8 +Block 8; Pinnar 16 +Block 16; M\u00c5TT [&hellip;]<\/p>\n","protected":false},"featured_media":20004,"template":"","meta":{"_monsterinsights_skip_tracking":false,"_monsterinsights_sitenote_active":false,"_monsterinsights_sitenote_note":"","_monsterinsights_sitenote_category":0},"product_cat":[1471,1428],"product_tag":[1491,1486,1475,1446],"yoast_head":"<!-- This site is optimized with the Yoast SEO plugin v22.1 - https:\/\/yoast.com\/wordpress\/plugins\/seo\/ -->\n<title>Kritorh\u00e5llare - Woodinout \u00a9 Montessori leksaker butik<\/title>\n<meta name=\"description\" content=\"Tr\u00e4kritah\u00e5llare \u00e4r ett M\u00c5STE i ditt klassrum f\u00f6r hemundervisning. Snygg och bekv\u00e4m l\u00f6sning f\u00f6r att lagra block- eller pinnekritor.\" \/>\n<meta name=\"robots\" content=\"index, follow, max-snippet:-1, max-image-preview:large, max-video-preview:-1\" \/>\n<link rel=\"canonical\" href=\"https:\/\/woodinout.net\/sv\/product\/kritorhallare\/\" \/>\n<meta property=\"og:locale\" content=\"sv_SE\" \/>\n<meta property=\"og:type\" content=\"article\" \/>\n<meta property=\"og:title\" content=\"Kritorh\u00e5llare - Woodinout \u00a9 Montessori leksaker butik\" \/>\n<meta property=\"og:description\" content=\"Tr\u00e4kritah\u00e5llare \u00e4r ett M\u00c5STE i ditt klassrum f\u00f6r hemundervisning. Snygg och bekv\u00e4m l\u00f6sning f\u00f6r att lagra block- eller pinnekritor.\" \/>\n<meta property=\"og:url\" content=\"https:\/\/woodinout.net\/sv\/product\/kritorhallare\/\" \/>\n<meta property=\"og:site_name\" content=\"Woodinout \u00a9\" \/>\n<meta property=\"article:modified_time\" content=\"2022-04-28T08:03:01+00:00\" \/>\n<meta property=\"og:image\" content=\"https:\/\/woodinout.net\/wp-content\/uploads\/2021\/03\/Crayons_holder_Blocks_16_and_sticks_16_1.jpg\" \/>\n\t<meta property=\"og:image:width\" content=\"1706\" \/>\n\t<meta property=\"og:image:height\" content=\"2560\" \/>\n\t<meta property=\"og:image:type\" content=\"image\/jpeg\" \/>\n<meta name=\"twitter:card\" content=\"summary_large_image\" \/>\n<meta name=\"twitter:label1\" content=\"Ber\u00e4knad l\u00e4stid\" \/>\n\t<meta name=\"twitter:data1\" content=\"1 minut\" \/>\n<script type=\"application\/ld+json\" class=\"yoast-schema-graph\">{\"@context\":\"https:\/\/schema.org\",\"@graph\":[{\"@type\":\"WebPage\",\"@id\":\"https:\/\/woodinout.net\/sv\/product\/kritorhallare\/\",\"url\":\"https:\/\/woodinout.net\/sv\/product\/kritorhallare\/\",\"name\":\"Kritorh\u00e5llare - Woodinout \u00a9 Montessori leksaker butik\",\"isPartOf\":{\"@id\":\"https:\/\/woodinout.net\/sv\/#website\"},\"datePublished\":\"2021-03-21T12:43:45+00:00\",\"dateModified\":\"2022-04-28T08:03:01+00:00\",\"description\":\"Tr\u00e4kritah\u00e5llare \u00e4r ett M\u00c5STE i ditt klassrum f\u00f6r hemundervisning. Snygg och bekv\u00e4m l\u00f6sning f\u00f6r att lagra block- eller pinnekritor.\",\"breadcrumb\":{\"@id\":\"https:\/\/woodinout.net\/sv\/product\/kritorhallare\/#breadcrumb\"},\"inLanguage\":\"sv-SE\",\"potentialAction\":[{\"@type\":\"ReadAction\",\"target\":[\"https:\/\/woodinout.net\/sv\/product\/kritorhallare\/\"]}]},{\"@type\":\"BreadcrumbList\",\"@id\":\"https:\/\/woodinout.net\/sv\/product\/kritorhallare\/#breadcrumb\",\"itemListElement\":[{\"@type\":\"ListItem\",\"position\":1,\"name\":\"Home\",\"item\":\"https:\/\/woodinout.net\/sv\/\"},{\"@type\":\"ListItem\",\"position\":2,\"name\":\"Shop\",\"item\":\"https:\/\/woodinout.net\/shop\/\"},{\"@type\":\"ListItem\",\"position\":3,\"name\":\"Kritorh\u00e5llare\"}]},{\"@type\":\"WebSite\",\"@id\":\"https:\/\/woodinout.net\/sv\/#website\",\"url\":\"https:\/\/woodinout.net\/sv\/\",\"name\":\"Woodinout \u00a9\",\"description\":\"Wooden Montessori toys, gifts, home and events decor details\",\"potentialAction\":[{\"@type\":\"SearchAction\",\"target\":{\"@type\":\"EntryPoint\",\"urlTemplate\":\"https:\/\/woodinout.net\/sv\/?s={search_term_string}\"},\"query-input\":\"required name=search_term_string\"}],\"inLanguage\":\"sv-SE\"}]}<\/script>\n<!-- \/ Yoast SEO plugin. -->","yoast_head_json":{"title":"Kritorh\u00e5llare - Woodinout \u00a9 Montessori leksaker butik","description":"Tr\u00e4kritah\u00e5llare \u00e4r ett M\u00c5STE i ditt klassrum f\u00f6r hemundervisning. Snygg och bekv\u00e4m l\u00f6sning f\u00f6r att lagra block- eller pinnekritor.","robots":{"index":"index","follow":"follow","max-snippet":"max-snippet:-1","max-image-preview":"max-image-preview:large","max-video-preview":"max-video-preview:-1"},"canonical":"https:\/\/woodinout.net\/sv\/product\/kritorhallare\/","og_locale":"sv_SE","og_type":"article","og_title":"Kritorh\u00e5llare - Woodinout \u00a9 Montessori leksaker butik","og_description":"Tr\u00e4kritah\u00e5llare \u00e4r ett M\u00c5STE i ditt klassrum f\u00f6r hemundervisning. Snygg och bekv\u00e4m l\u00f6sning f\u00f6r att lagra block- eller pinnekritor.","og_url":"https:\/\/woodinout.net\/sv\/product\/kritorhallare\/","og_site_name":"Woodinout \u00a9","article_modified_time":"2022-04-28T08:03:01+00:00","og_image":[{"width":1706,"height":2560,"url":"https:\/\/woodinout.net\/wp-content\/uploads\/2021\/03\/Crayons_holder_Blocks_16_and_sticks_16_1.jpg","type":"image\/jpeg"}],"twitter_card":"summary_large_image","twitter_misc":{"Ber\u00e4knad l\u00e4stid":"1 minut"},"schema":{"@context":"https:\/\/schema.org","@graph":[{"@type":"WebPage","@id":"https:\/\/woodinout.net\/sv\/product\/kritorhallare\/","url":"https:\/\/woodinout.net\/sv\/product\/kritorhallare\/","name":"Kritorh\u00e5llare - Woodinout \u00a9 Montessori leksaker butik","isPartOf":{"@id":"https:\/\/woodinout.net\/sv\/#website"},"datePublished":"2021-03-21T12:43:45+00:00","dateModified":"2022-04-28T08:03:01+00:00","description":"Tr\u00e4kritah\u00e5llare \u00e4r ett M\u00c5STE i ditt klassrum f\u00f6r hemundervisning. Snygg och bekv\u00e4m l\u00f6sning f\u00f6r att lagra block- eller pinnekritor.","breadcrumb":{"@id":"https:\/\/woodinout.net\/sv\/product\/kritorhallare\/#breadcrumb"},"inLanguage":"sv-SE","potentialAction":[{"@type":"ReadAction","target":["https:\/\/woodinout.net\/sv\/product\/kritorhallare\/"]}]},{"@type":"BreadcrumbList","@id":"https:\/\/woodinout.net\/sv\/product\/kritorhallare\/#breadcrumb","itemListElement":[{"@type":"ListItem","position":1,"name":"Home","item":"https:\/\/woodinout.net\/sv\/"},{"@type":"ListItem","position":2,"name":"Shop","item":"https:\/\/woodinout.net\/shop\/"},{"@type":"ListItem","position":3,"name":"Kritorh\u00e5llare"}]},{"@type":"WebSite","@id":"https:\/\/woodinout.net\/sv\/#website","url":"https:\/\/woodinout.net\/sv\/","name":"Woodinout \u00a9","description":"Wooden Montessori toys, gifts, home and events decor details","potentialAction":[{"@type":"SearchAction","target":{"@type":"EntryPoint","urlTemplate":"https:\/\/woodinout.net\/sv\/?s={search_term_string}"},"query-input":"required name=search_term_string"}],"inLanguage":"sv-SE"}]}},"_links":{"self":[{"href":"https:\/\/woodinout.net\/sv\/wp-json\/wp\/v2\/product\/21859"}],"collection":[{"href":"https:\/\/woodinout.net\/sv\/wp-json\/wp\/v2\/product"}],"about":[{"href":"https:\/\/woodinout.net\/sv\/wp-json\/wp\/v2\/types\/product"}],"wp:featuredmedia":[{"embeddable":true,"href":"https:\/\/woodinout.net\/sv\/wp-json\/wp\/v2\/media\/20004"}],"wp:attachment":[{"href":"https:\/\/woodinout.net\/sv\/wp-json\/wp\/v2\/media?parent=21859"}],"wp:term":[{"taxonomy":"product_cat","embeddable":true,"href":"https:\/\/woodinout.net\/sv\/wp-json\/wp\/v2\/product_cat?post=21859"},{"taxonomy":"product_tag","embeddable":true,"href":"https:\/\/woodinout.net\/sv\/wp-json\/wp\/v2\/product_tag?post=21859"}],"curies":[{"name":"wp","href":"https:\/\/api.w.org\/{rel}","templated":true}]}}