{"id":21858,"date":"2020-06-29T23:08:33","date_gmt":"2020-06-29T20:08:33","guid":{"rendered":"https:\/\/woodinout.net\/product\/ten-frame-montessori-matematikmaterial\/"},"modified":"2022-04-28T11:11:59","modified_gmt":"2022-04-28T08:11:59","slug":"tio-frame-montessori-numbers-and-counting-leksaker","status":"publish","type":"product","link":"https:\/\/woodinout.net\/sv\/product\/tio-frame-montessori-numbers-and-counting-leksaker\/","title":{"rendered":"Ten Frame &#8211; Montessori matematikmaterial"},"content":{"rendered":"<p>Tio ram &#8211; handgjord av massivt tr\u00e4, s\u00e4kert och milj\u00f6v\u00e4nligt Montessori mattematerial.<\/p>\n<p>V\u00e5ra Montessori-nummer och r\u00e4kneleksaker \u00e4r skapade av HAND, m\u00e5lade med s\u00e4ker giftfri f\u00e4rg. TEN count tr\u00e4bricka med sm\u00e5 siffror \u00e4r h\u00e4r f\u00f6r att g\u00f6ra vardagsinl\u00e4rning enkelt. Tr\u00e4leksaker f\u00f6r pojkar och flickor \u00e4r ett naturligt s\u00e4tt att utbildning. Vi bryr oss inte bara om naturen, utan ocks\u00e5 f\u00f6r att skapa milj\u00f6v\u00e4nliga tr\u00e4inl\u00e4rningsleksaker f\u00f6r v\u00e5ra och DINA barn.<\/p>\n<p>Kit inneh\u00e5ller av:<br \/>\nR\u00e4knar 10 tio ramar<br \/>\n12 tr\u00e4r\u00e4kningsbollar<\/p>\n<p>Du kan v\u00e4lja mellan 3 ALTERNATIV:<br \/>\nA: Br\u00e4de + 12 tr\u00e4bollar<br \/>\nB: Styrelse + 10 st. naturmynt med sm\u00e5 siffror fr\u00e5n 1 till 10<br \/>\nC: Br\u00e4de + 12 tr\u00e4bollar + 10 st. naturmynt med nummer fr\u00e5n 1 till 10<\/p>\n<p>KORTDIMENSIONER<br \/>\nL\u00e4ngd: ~5 inches<br \/>\nH\u00f6jd: ~2.4 inches<br \/>\nTjocklek: ~0.6 inches<\/p>\n<p>F\u00c4RGER OCH MATERIAL<br \/>\nF\u00e4rg: naturlig eller brun oljad.<br \/>\nBr\u00e4dan \u00e4r tillverkad av NATURLIGT MASSIVT TR\u00c4.<br \/>\nObservera att f\u00e4rgerna kan variera beroende p\u00e5 inst\u00e4llningar f\u00f6r datorsk\u00e4rmar och ljusning.<\/p>\n<div style=\"width: 1080px;\" class=\"wp-video\"><!--[if lt IE 9]><script>document.createElement('video');<\/script><![endif]-->\n<video class=\"wp-video-shortcode\" id=\"video-21858-1\" width=\"1080\" height=\"810\" preload=\"metadata\" controls=\"controls\"><source type=\"video\/mp4\" src=\"http:\/\/woodinout.net\/wp-content\/uploads\/2020\/06\/MEDINIS_14.mp4?_=1\" \/><a href=\"http:\/\/woodinout.net\/wp-content\/uploads\/2020\/06\/MEDINIS_14.mp4\">http:\/\/woodinout.net\/wp-content\/uploads\/2020\/06\/MEDINIS_14.mp4<\/a><\/video><\/div>\n","protected":false},"excerpt":{"rendered":"<p>Tio ram &#8211; handgjord av massivt tr\u00e4, s\u00e4kert och milj\u00f6v\u00e4nligt Montessori mattematerial. V\u00e5ra Montessori-nummer och r\u00e4kneleksaker \u00e4r skapade av HAND, m\u00e5lade med s\u00e4ker giftfri f\u00e4rg. TEN count tr\u00e4bricka med sm\u00e5 siffror \u00e4r h\u00e4r f\u00f6r att g\u00f6ra vardagsinl\u00e4rning enkelt. Tr\u00e4leksaker f\u00f6r pojkar och flickor \u00e4r ett naturligt s\u00e4tt att utbildning. Vi bryr oss inte bara om [&hellip;]<\/p>\n","protected":false},"featured_media":18236,"template":"","meta":{"_monsterinsights_skip_tracking":false,"_monsterinsights_sitenote_active":false,"_monsterinsights_sitenote_note":"","_monsterinsights_sitenote_category":0},"product_cat":[1469,1428],"product_tag":[1491,1486,1482,1591,1593,1606,1475,1594,1456,1466,2392,2391,1446],"yoast_head":"<!-- This site is optimized with the Yoast SEO plugin v22.1 - https:\/\/yoast.com\/wordpress\/plugins\/seo\/ -->\n<title>Ten Frame - Montessori matematikmaterial - Woodinout \u00a9<\/title>\n<meta name=\"description\" content=\"Tio ramar, handgjorda av massivt tr\u00e4, \u00e4r ett svar p\u00e5 roligt matteinl\u00e4rning. Montessori mattematerial skapat som leksak f\u00f6r rolig barnutbildning.\" \/>\n<meta name=\"robots\" content=\"index, follow, max-snippet:-1, max-image-preview:large, max-video-preview:-1\" \/>\n<link rel=\"canonical\" href=\"https:\/\/woodinout.net\/sv\/product\/tio-frame-montessori-numbers-and-counting-leksaker\/\" \/>\n<meta property=\"og:locale\" content=\"sv_SE\" \/>\n<meta property=\"og:type\" content=\"article\" \/>\n<meta property=\"og:title\" content=\"Ten Frame - Montessori matematikmaterial - Woodinout \u00a9\" \/>\n<meta property=\"og:description\" content=\"Tio ramar, handgjorda av massivt tr\u00e4, \u00e4r ett svar p\u00e5 roligt matteinl\u00e4rning. Montessori mattematerial skapat som leksak f\u00f6r rolig barnutbildning.\" \/>\n<meta property=\"og:url\" content=\"https:\/\/woodinout.net\/sv\/product\/tio-frame-montessori-numbers-and-counting-leksaker\/\" \/>\n<meta property=\"og:site_name\" content=\"Woodinout \u00a9\" \/>\n<meta property=\"article:modified_time\" content=\"2022-04-28T08:11:59+00:00\" \/>\n<meta property=\"og:image\" content=\"https:\/\/woodinout.net\/wp-content\/uploads\/2020\/06\/Ten-Frame-5.jpg\" \/>\n\t<meta property=\"og:image:width\" content=\"853\" \/>\n\t<meta property=\"og:image:height\" content=\"1280\" \/>\n\t<meta property=\"og:image:type\" content=\"image\/jpeg\" \/>\n<meta name=\"twitter:card\" content=\"summary_large_image\" \/>\n<meta name=\"twitter:label1\" content=\"Ber\u00e4knad l\u00e4stid\" \/>\n\t<meta name=\"twitter:data1\" content=\"1 minut\" \/>\n<script type=\"application\/ld+json\" class=\"yoast-schema-graph\">{\"@context\":\"https:\/\/schema.org\",\"@graph\":[{\"@type\":\"WebPage\",\"@id\":\"https:\/\/woodinout.net\/sv\/product\/tio-frame-montessori-numbers-and-counting-leksaker\/\",\"url\":\"https:\/\/woodinout.net\/sv\/product\/tio-frame-montessori-numbers-and-counting-leksaker\/\",\"name\":\"Ten Frame - Montessori matematikmaterial - Woodinout \u00a9\",\"isPartOf\":{\"@id\":\"https:\/\/woodinout.net\/sv\/#website\"},\"datePublished\":\"2020-06-29T20:08:33+00:00\",\"dateModified\":\"2022-04-28T08:11:59+00:00\",\"description\":\"Tio ramar, handgjorda av massivt tr\u00e4, \u00e4r ett svar p\u00e5 roligt matteinl\u00e4rning. Montessori mattematerial skapat som leksak f\u00f6r rolig barnutbildning.\",\"breadcrumb\":{\"@id\":\"https:\/\/woodinout.net\/sv\/product\/tio-frame-montessori-numbers-and-counting-leksaker\/#breadcrumb\"},\"inLanguage\":\"sv-SE\",\"potentialAction\":[{\"@type\":\"ReadAction\",\"target\":[\"https:\/\/woodinout.net\/sv\/product\/tio-frame-montessori-numbers-and-counting-leksaker\/\"]}]},{\"@type\":\"BreadcrumbList\",\"@id\":\"https:\/\/woodinout.net\/sv\/product\/tio-frame-montessori-numbers-and-counting-leksaker\/#breadcrumb\",\"itemListElement\":[{\"@type\":\"ListItem\",\"position\":1,\"name\":\"Home\",\"item\":\"https:\/\/woodinout.net\/sv\/\"},{\"@type\":\"ListItem\",\"position\":2,\"name\":\"Shop\",\"item\":\"https:\/\/woodinout.net\/shop\/\"},{\"@type\":\"ListItem\",\"position\":3,\"name\":\"Ten Frame &#8211; Montessori matematikmaterial\"}]},{\"@type\":\"WebSite\",\"@id\":\"https:\/\/woodinout.net\/sv\/#website\",\"url\":\"https:\/\/woodinout.net\/sv\/\",\"name\":\"Woodinout \u00a9\",\"description\":\"Wooden Montessori toys, gifts, home and events decor details\",\"potentialAction\":[{\"@type\":\"SearchAction\",\"target\":{\"@type\":\"EntryPoint\",\"urlTemplate\":\"https:\/\/woodinout.net\/sv\/?s={search_term_string}\"},\"query-input\":\"required name=search_term_string\"}],\"inLanguage\":\"sv-SE\"}]}<\/script>\n<!-- \/ Yoast SEO plugin. -->","yoast_head_json":{"title":"Ten Frame - Montessori matematikmaterial - Woodinout \u00a9","description":"Tio ramar, handgjorda av massivt tr\u00e4, \u00e4r ett svar p\u00e5 roligt matteinl\u00e4rning. Montessori mattematerial skapat som leksak f\u00f6r rolig barnutbildning.","robots":{"index":"index","follow":"follow","max-snippet":"max-snippet:-1","max-image-preview":"max-image-preview:large","max-video-preview":"max-video-preview:-1"},"canonical":"https:\/\/woodinout.net\/sv\/product\/tio-frame-montessori-numbers-and-counting-leksaker\/","og_locale":"sv_SE","og_type":"article","og_title":"Ten Frame - Montessori matematikmaterial - Woodinout \u00a9","og_description":"Tio ramar, handgjorda av massivt tr\u00e4, \u00e4r ett svar p\u00e5 roligt matteinl\u00e4rning. Montessori mattematerial skapat som leksak f\u00f6r rolig barnutbildning.","og_url":"https:\/\/woodinout.net\/sv\/product\/tio-frame-montessori-numbers-and-counting-leksaker\/","og_site_name":"Woodinout \u00a9","article_modified_time":"2022-04-28T08:11:59+00:00","og_image":[{"width":853,"height":1280,"url":"https:\/\/woodinout.net\/wp-content\/uploads\/2020\/06\/Ten-Frame-5.jpg","type":"image\/jpeg"}],"twitter_card":"summary_large_image","twitter_misc":{"Ber\u00e4knad l\u00e4stid":"1 minut"},"schema":{"@context":"https:\/\/schema.org","@graph":[{"@type":"WebPage","@id":"https:\/\/woodinout.net\/sv\/product\/tio-frame-montessori-numbers-and-counting-leksaker\/","url":"https:\/\/woodinout.net\/sv\/product\/tio-frame-montessori-numbers-and-counting-leksaker\/","name":"Ten Frame - Montessori matematikmaterial - Woodinout \u00a9","isPartOf":{"@id":"https:\/\/woodinout.net\/sv\/#website"},"datePublished":"2020-06-29T20:08:33+00:00","dateModified":"2022-04-28T08:11:59+00:00","description":"Tio ramar, handgjorda av massivt tr\u00e4, \u00e4r ett svar p\u00e5 roligt matteinl\u00e4rning. Montessori mattematerial skapat som leksak f\u00f6r rolig barnutbildning.","breadcrumb":{"@id":"https:\/\/woodinout.net\/sv\/product\/tio-frame-montessori-numbers-and-counting-leksaker\/#breadcrumb"},"inLanguage":"sv-SE","potentialAction":[{"@type":"ReadAction","target":["https:\/\/woodinout.net\/sv\/product\/tio-frame-montessori-numbers-and-counting-leksaker\/"]}]},{"@type":"BreadcrumbList","@id":"https:\/\/woodinout.net\/sv\/product\/tio-frame-montessori-numbers-and-counting-leksaker\/#breadcrumb","itemListElement":[{"@type":"ListItem","position":1,"name":"Home","item":"https:\/\/woodinout.net\/sv\/"},{"@type":"ListItem","position":2,"name":"Shop","item":"https:\/\/woodinout.net\/shop\/"},{"@type":"ListItem","position":3,"name":"Ten Frame &#8211; Montessori matematikmaterial"}]},{"@type":"WebSite","@id":"https:\/\/woodinout.net\/sv\/#website","url":"https:\/\/woodinout.net\/sv\/","name":"Woodinout \u00a9","description":"Wooden Montessori toys, gifts, home and events decor details","potentialAction":[{"@type":"SearchAction","target":{"@type":"EntryPoint","urlTemplate":"https:\/\/woodinout.net\/sv\/?s={search_term_string}"},"query-input":"required name=search_term_string"}],"inLanguage":"sv-SE"}]}},"_links":{"self":[{"href":"https:\/\/woodinout.net\/sv\/wp-json\/wp\/v2\/product\/21858"}],"collection":[{"href":"https:\/\/woodinout.net\/sv\/wp-json\/wp\/v2\/product"}],"about":[{"href":"https:\/\/woodinout.net\/sv\/wp-json\/wp\/v2\/types\/product"}],"wp:featuredmedia":[{"embeddable":true,"href":"https:\/\/woodinout.net\/sv\/wp-json\/wp\/v2\/media\/18236"}],"wp:attachment":[{"href":"https:\/\/woodinout.net\/sv\/wp-json\/wp\/v2\/media?parent=21858"}],"wp:term":[{"taxonomy":"product_cat","embeddable":true,"href":"https:\/\/woodinout.net\/sv\/wp-json\/wp\/v2\/product_cat?post=21858"},{"taxonomy":"product_tag","embeddable":true,"href":"https:\/\/woodinout.net\/sv\/wp-json\/wp\/v2\/product_tag?post=21858"}],"curies":[{"name":"wp","href":"https:\/\/api.w.org\/{rel}","templated":true}]}}