{"id":21855,"date":"2021-03-19T18:00:22","date_gmt":"2021-03-19T16:00:22","guid":{"rendered":"https:\/\/woodinout.net\/product\/25-raknetavla\/"},"modified":"2021-03-19T18:00:22","modified_gmt":"2021-03-19T16:00:22","slug":"25-raknetavla","status":"publish","type":"product","link":"https:\/\/woodinout.net\/sv\/product\/25-raknetavla\/","title":{"rendered":"25 r\u00e4knetavla"},"content":{"rendered":"<p>Tr\u00e4 tjugofem ram &#8211; Montessori sm\u00e5barn 25 r\u00e4kna aktivitet \u00e4r bland v\u00e5r favorit matematik manipulativ, och vi rekommenderar det starkt f\u00f6r pre k l\u00e4rande nummer och r\u00e4kna! F\u00f6rutom att st\u00e4rka finmotoriken har v\u00e5ra kunders barn haft f\u00e4rgsortering samt r\u00e4kna och hoppa \u00f6ver att r\u00e4kna praxis p\u00e5 denna tr\u00e4 Montessori 25 ram. H\u00e5llbara, m\u00e5ngsidiga och naturliga Montessori-r\u00e4knematerial i Woodinout shop.<\/p>\n<p>Alternativ:<br \/>\nNaturlig tr\u00e4 tjugofem ram<br \/>\nBrun oljad tjugofem ram<br \/>\nNaturlig tr\u00e4 tjugofem ram med siffror graverade 1-25<\/p>\n<p>M\u00c5TT<br \/>\nH\u00f6jd: 13 cm<br \/>\nL\u00e4ngd: 13 cm<br \/>\nTjocklek: 1,7 cm<\/p>\n<p>F\u00c4RGER OCH MATERIAL<br \/>\nF\u00e4rg: naturlig och brunoljad.<br \/>\nLeksaken \u00e4r tillverkad av NATURLIGT MASSIVT TR\u00c4.<br \/>\nObservera att f\u00e4rgerna kan variera beroende p\u00e5 inst\u00e4llningar f\u00f6r datorsk\u00e4rmar och ljusning.<\/p>\n<p>L\u00e4gg till BOLLAR:<\/p>\n<p>F\u00e4rgad: https:\/\/woodinout.net\/product\/colored-wooden-balls\/<\/p>\n<p>Naturlig: https:\/\/woodinout.net\/product\/natural-wooden-balls\/<\/p>\n<p>&nbsp;<\/p>\n","protected":false},"excerpt":{"rendered":"<p>Tr\u00e4 tjugofem ram &#8211; Montessori sm\u00e5barn 25 r\u00e4kna aktivitet \u00e4r bland v\u00e5r favorit matematik manipulativ, och vi rekommenderar det starkt f\u00f6r pre k l\u00e4rande nummer och r\u00e4kna! F\u00f6rutom att st\u00e4rka finmotoriken har v\u00e5ra kunders barn haft f\u00e4rgsortering samt r\u00e4kna och hoppa \u00f6ver att r\u00e4kna praxis p\u00e5 denna tr\u00e4 Montessori 25 ram. H\u00e5llbara, m\u00e5ngsidiga och naturliga [&hellip;]<\/p>\n","protected":false},"featured_media":19564,"template":"","meta":{"_monsterinsights_skip_tracking":false,"_monsterinsights_sitenote_active":false,"_monsterinsights_sitenote_note":"","_monsterinsights_sitenote_category":0},"product_cat":[1469,1428],"product_tag":[1491,1486,1482,1591,1593,1606,1475,1594,1456,1466,1921,1446],"yoast_head":"<!-- This site is optimized with the Yoast SEO plugin v22.1 - https:\/\/yoast.com\/wordpress\/plugins\/seo\/ -->\n<title>25 r\u00e4knetavla - Woodinout \u00a9 Montessori matte leksaker<\/title>\n<meta name=\"description\" content=\"L\u00e4rande \u00e4r nu Fun &amp; Easy - Naturligt tr\u00e4 Matteleksaker f\u00f6r v\u00e4rdefull familjetid. 25 r\u00e4knetavla f\u00f6r sortering och r\u00e4kning. \u00d6ver hela v\u00e4rlden frakt.\" \/>\n<meta name=\"robots\" content=\"index, follow, max-snippet:-1, max-image-preview:large, max-video-preview:-1\" \/>\n<link rel=\"canonical\" href=\"https:\/\/woodinout.net\/sv\/product\/25-raknetavla\/\" \/>\n<meta property=\"og:locale\" content=\"sv_SE\" \/>\n<meta property=\"og:type\" content=\"article\" \/>\n<meta property=\"og:title\" content=\"25 r\u00e4knetavla - Woodinout \u00a9 Montessori matte leksaker\" \/>\n<meta property=\"og:description\" content=\"L\u00e4rande \u00e4r nu Fun &amp; Easy - Naturligt tr\u00e4 Matteleksaker f\u00f6r v\u00e4rdefull familjetid. 25 r\u00e4knetavla f\u00f6r sortering och r\u00e4kning. \u00d6ver hela v\u00e4rlden frakt.\" \/>\n<meta property=\"og:url\" content=\"https:\/\/woodinout.net\/sv\/product\/25-raknetavla\/\" \/>\n<meta property=\"og:site_name\" content=\"Woodinout \u00a9\" \/>\n<meta property=\"og:image\" content=\"https:\/\/woodinout.net\/wp-content\/uploads\/2021\/03\/4_x_25_counting_board_2.jpg\" \/>\n\t<meta property=\"og:image:width\" content=\"1706\" \/>\n\t<meta property=\"og:image:height\" content=\"2560\" \/>\n\t<meta property=\"og:image:type\" content=\"image\/jpeg\" \/>\n<meta name=\"twitter:card\" content=\"summary_large_image\" \/>\n<meta name=\"twitter:label1\" content=\"Ber\u00e4knad l\u00e4stid\" \/>\n\t<meta name=\"twitter:data1\" content=\"1 minut\" \/>\n<script type=\"application\/ld+json\" class=\"yoast-schema-graph\">{\"@context\":\"https:\/\/schema.org\",\"@graph\":[{\"@type\":\"WebPage\",\"@id\":\"https:\/\/woodinout.net\/sv\/product\/25-raknetavla\/\",\"url\":\"https:\/\/woodinout.net\/sv\/product\/25-raknetavla\/\",\"name\":\"25 r\u00e4knetavla - Woodinout \u00a9 Montessori matte leksaker\",\"isPartOf\":{\"@id\":\"https:\/\/woodinout.net\/sv\/#website\"},\"datePublished\":\"2021-03-19T16:00:22+00:00\",\"dateModified\":\"2021-03-19T16:00:22+00:00\",\"description\":\"L\u00e4rande \u00e4r nu Fun & Easy - Naturligt tr\u00e4 Matteleksaker f\u00f6r v\u00e4rdefull familjetid. 25 r\u00e4knetavla f\u00f6r sortering och r\u00e4kning. \u00d6ver hela v\u00e4rlden frakt.\",\"breadcrumb\":{\"@id\":\"https:\/\/woodinout.net\/sv\/product\/25-raknetavla\/#breadcrumb\"},\"inLanguage\":\"sv-SE\",\"potentialAction\":[{\"@type\":\"ReadAction\",\"target\":[\"https:\/\/woodinout.net\/sv\/product\/25-raknetavla\/\"]}]},{\"@type\":\"BreadcrumbList\",\"@id\":\"https:\/\/woodinout.net\/sv\/product\/25-raknetavla\/#breadcrumb\",\"itemListElement\":[{\"@type\":\"ListItem\",\"position\":1,\"name\":\"Home\",\"item\":\"https:\/\/woodinout.net\/sv\/\"},{\"@type\":\"ListItem\",\"position\":2,\"name\":\"Shop\",\"item\":\"https:\/\/woodinout.net\/shop\/\"},{\"@type\":\"ListItem\",\"position\":3,\"name\":\"25 r\u00e4knetavla\"}]},{\"@type\":\"WebSite\",\"@id\":\"https:\/\/woodinout.net\/sv\/#website\",\"url\":\"https:\/\/woodinout.net\/sv\/\",\"name\":\"Woodinout \u00a9\",\"description\":\"Wooden Montessori toys, gifts, home and events decor details\",\"potentialAction\":[{\"@type\":\"SearchAction\",\"target\":{\"@type\":\"EntryPoint\",\"urlTemplate\":\"https:\/\/woodinout.net\/sv\/?s={search_term_string}\"},\"query-input\":\"required name=search_term_string\"}],\"inLanguage\":\"sv-SE\"}]}<\/script>\n<!-- \/ Yoast SEO plugin. -->","yoast_head_json":{"title":"25 r\u00e4knetavla - Woodinout \u00a9 Montessori matte leksaker","description":"L\u00e4rande \u00e4r nu Fun & Easy - Naturligt tr\u00e4 Matteleksaker f\u00f6r v\u00e4rdefull familjetid. 25 r\u00e4knetavla f\u00f6r sortering och r\u00e4kning. \u00d6ver hela v\u00e4rlden frakt.","robots":{"index":"index","follow":"follow","max-snippet":"max-snippet:-1","max-image-preview":"max-image-preview:large","max-video-preview":"max-video-preview:-1"},"canonical":"https:\/\/woodinout.net\/sv\/product\/25-raknetavla\/","og_locale":"sv_SE","og_type":"article","og_title":"25 r\u00e4knetavla - Woodinout \u00a9 Montessori matte leksaker","og_description":"L\u00e4rande \u00e4r nu Fun & Easy - Naturligt tr\u00e4 Matteleksaker f\u00f6r v\u00e4rdefull familjetid. 25 r\u00e4knetavla f\u00f6r sortering och r\u00e4kning. \u00d6ver hela v\u00e4rlden frakt.","og_url":"https:\/\/woodinout.net\/sv\/product\/25-raknetavla\/","og_site_name":"Woodinout \u00a9","og_image":[{"width":1706,"height":2560,"url":"https:\/\/woodinout.net\/wp-content\/uploads\/2021\/03\/4_x_25_counting_board_2.jpg","type":"image\/jpeg"}],"twitter_card":"summary_large_image","twitter_misc":{"Ber\u00e4knad l\u00e4stid":"1 minut"},"schema":{"@context":"https:\/\/schema.org","@graph":[{"@type":"WebPage","@id":"https:\/\/woodinout.net\/sv\/product\/25-raknetavla\/","url":"https:\/\/woodinout.net\/sv\/product\/25-raknetavla\/","name":"25 r\u00e4knetavla - Woodinout \u00a9 Montessori matte leksaker","isPartOf":{"@id":"https:\/\/woodinout.net\/sv\/#website"},"datePublished":"2021-03-19T16:00:22+00:00","dateModified":"2021-03-19T16:00:22+00:00","description":"L\u00e4rande \u00e4r nu Fun & Easy - Naturligt tr\u00e4 Matteleksaker f\u00f6r v\u00e4rdefull familjetid. 25 r\u00e4knetavla f\u00f6r sortering och r\u00e4kning. \u00d6ver hela v\u00e4rlden frakt.","breadcrumb":{"@id":"https:\/\/woodinout.net\/sv\/product\/25-raknetavla\/#breadcrumb"},"inLanguage":"sv-SE","potentialAction":[{"@type":"ReadAction","target":["https:\/\/woodinout.net\/sv\/product\/25-raknetavla\/"]}]},{"@type":"BreadcrumbList","@id":"https:\/\/woodinout.net\/sv\/product\/25-raknetavla\/#breadcrumb","itemListElement":[{"@type":"ListItem","position":1,"name":"Home","item":"https:\/\/woodinout.net\/sv\/"},{"@type":"ListItem","position":2,"name":"Shop","item":"https:\/\/woodinout.net\/shop\/"},{"@type":"ListItem","position":3,"name":"25 r\u00e4knetavla"}]},{"@type":"WebSite","@id":"https:\/\/woodinout.net\/sv\/#website","url":"https:\/\/woodinout.net\/sv\/","name":"Woodinout \u00a9","description":"Wooden Montessori toys, gifts, home and events decor details","potentialAction":[{"@type":"SearchAction","target":{"@type":"EntryPoint","urlTemplate":"https:\/\/woodinout.net\/sv\/?s={search_term_string}"},"query-input":"required name=search_term_string"}],"inLanguage":"sv-SE"}]}},"_links":{"self":[{"href":"https:\/\/woodinout.net\/sv\/wp-json\/wp\/v2\/product\/21855"}],"collection":[{"href":"https:\/\/woodinout.net\/sv\/wp-json\/wp\/v2\/product"}],"about":[{"href":"https:\/\/woodinout.net\/sv\/wp-json\/wp\/v2\/types\/product"}],"wp:featuredmedia":[{"embeddable":true,"href":"https:\/\/woodinout.net\/sv\/wp-json\/wp\/v2\/media\/19564"}],"wp:attachment":[{"href":"https:\/\/woodinout.net\/sv\/wp-json\/wp\/v2\/media?parent=21855"}],"wp:term":[{"taxonomy":"product_cat","embeddable":true,"href":"https:\/\/woodinout.net\/sv\/wp-json\/wp\/v2\/product_cat?post=21855"},{"taxonomy":"product_tag","embeddable":true,"href":"https:\/\/woodinout.net\/sv\/wp-json\/wp\/v2\/product_tag?post=21855"}],"curies":[{"name":"wp","href":"https:\/\/api.w.org\/{rel}","templated":true}]}}