{"id":21842,"date":"2020-06-30T23:00:01","date_gmt":"2020-06-30T20:00:01","guid":{"rendered":"https:\/\/woodinout.net\/product\/trahammarleklek-med-deg-nummer\/"},"modified":"2022-04-22T12:29:23","modified_gmt":"2022-04-22T09:29:23","slug":"graverad-hammare-med-namn-tra-nummer-waldorf-tra-set","status":"publish","type":"product","link":"https:\/\/woodinout.net\/sv\/product\/graverad-hammare-med-namn-tra-nummer-waldorf-tra-set\/","title":{"rendered":"Tr\u00e4hammarleklek med deg &amp;nummer"},"content":{"rendered":"<p>Detta Waldorf tr\u00e4set inklusive tr\u00e4hammarleksak med graverat namn &amp; sm\u00e5 nummer p\u00e5 stj\u00e4rnor \u00e4r utan tvekan v\u00e5r b\u00e4sts\u00e4ljare n\u00e4r vi pratar om pojkleksaker. Roligt s\u00e4tt att b\u00f6rja l\u00e4ra sig siffror och r\u00e4kna. Att l\u00e4ra sig leksaker \u00e4r fortfarande LEKSAKER f\u00f6r barn. Matteg\u00e5vor f\u00f6r barn uppskattas alltid av f\u00f6r\u00e4ldrar och med personlig hammare kommer du att vinna varje liten pojkes hj\u00e4rta! Montessori leksaker \u00e4r vad vi \u00c4LSKAR att g\u00f6ra och vi garanterar dig den b\u00e4sta upplevelsen.<\/p>\n<p>Kit inneh\u00e5ller av:<br \/>\nHuvudbr\u00e4de med lekseng<br \/>\n10 tr\u00e4stj\u00e4rnor med sm\u00e5 siffror<br \/>\n12 tr\u00e4pluggar<br \/>\n1 tr\u00e4hammare<\/p>\n<p>KORTDIMENSIONER<br \/>\nL\u00e4ngd: ~9 inches<br \/>\nH\u00f6jd: ~2.4 inches<br \/>\nTjocklek: ~1.6 inches<\/p>\n<p>F\u00c4RGER OCH MATERIAL<br \/>\nF\u00e4rg: naturlig eller brun oljad.<br \/>\nBr\u00e4dan \u00e4r tillverkad av NATURLIGT MASSIVT TR\u00c4.<br \/>\nObservera att f\u00e4rgerna kan variera beroende p\u00e5 inst\u00e4llningar f\u00f6r datorsk\u00e4rmar och ljusning.<\/p>\n","protected":false},"excerpt":{"rendered":"<p>Detta Waldorf tr\u00e4set inklusive tr\u00e4hammarleksak med graverat namn &amp; sm\u00e5 nummer p\u00e5 stj\u00e4rnor \u00e4r utan tvekan v\u00e5r b\u00e4sts\u00e4ljare n\u00e4r vi pratar om pojkleksaker. Roligt s\u00e4tt att b\u00f6rja l\u00e4ra sig siffror och r\u00e4kna. Att l\u00e4ra sig leksaker \u00e4r fortfarande LEKSAKER f\u00f6r barn. Matteg\u00e5vor f\u00f6r barn uppskattas alltid av f\u00f6r\u00e4ldrar och med personlig hammare kommer du att [&hellip;]<\/p>\n","protected":false},"featured_media":18308,"template":"","meta":{"_monsterinsights_skip_tracking":false,"_monsterinsights_sitenote_active":false,"_monsterinsights_sitenote_note":"","_monsterinsights_sitenote_category":0},"product_cat":[1469,1428],"product_tag":[1491,1486,2378,1482,1475,1456,1466,2381,2379,1446],"yoast_head":"<!-- This site is optimized with the Yoast SEO plugin v22.1 - https:\/\/yoast.com\/wordpress\/plugins\/seo\/ -->\n<title>Tr\u00e4hammarleklek med deg &amp;nummer - Woodinout \u00a9<\/title>\n<meta name=\"description\" content=\"Tr\u00e4hammarleksak med graverat namn &amp; sm\u00e5 siffror p\u00e5 stj\u00e4rnor \u00e4r utan tvekan v\u00e5r b\u00e4sts\u00e4ljare n\u00e4r vi pratar om pojkleksaker.\" \/>\n<meta name=\"robots\" content=\"index, follow, max-snippet:-1, max-image-preview:large, max-video-preview:-1\" \/>\n<link rel=\"canonical\" href=\"https:\/\/woodinout.net\/sv\/product\/graverad-hammare-med-namn-tra-nummer-waldorf-tra-set\/\" \/>\n<meta property=\"og:locale\" content=\"sv_SE\" \/>\n<meta property=\"og:type\" content=\"article\" \/>\n<meta property=\"og:title\" content=\"Tr\u00e4hammarleklek med deg &amp;nummer - Woodinout \u00a9\" \/>\n<meta property=\"og:description\" content=\"Tr\u00e4hammarleksak med graverat namn &amp; sm\u00e5 siffror p\u00e5 stj\u00e4rnor \u00e4r utan tvekan v\u00e5r b\u00e4sts\u00e4ljare n\u00e4r vi pratar om pojkleksaker.\" \/>\n<meta property=\"og:url\" content=\"https:\/\/woodinout.net\/sv\/product\/graverad-hammare-med-namn-tra-nummer-waldorf-tra-set\/\" \/>\n<meta property=\"og:site_name\" content=\"Woodinout \u00a9\" \/>\n<meta property=\"article:modified_time\" content=\"2022-04-22T09:29:23+00:00\" \/>\n<meta property=\"og:image\" content=\"https:\/\/woodinout.net\/wp-content\/uploads\/2020\/06\/Engraved-hammer-with-name-wood-numbers-Waldorf-wood-set-1.jpg\" \/>\n\t<meta property=\"og:image:width\" content=\"853\" \/>\n\t<meta property=\"og:image:height\" content=\"1280\" \/>\n\t<meta property=\"og:image:type\" content=\"image\/jpeg\" \/>\n<meta name=\"twitter:card\" content=\"summary_large_image\" \/>\n<meta name=\"twitter:label1\" content=\"Ber\u00e4knad l\u00e4stid\" \/>\n\t<meta name=\"twitter:data1\" content=\"1 minut\" \/>\n<script type=\"application\/ld+json\" class=\"yoast-schema-graph\">{\"@context\":\"https:\/\/schema.org\",\"@graph\":[{\"@type\":\"WebPage\",\"@id\":\"https:\/\/woodinout.net\/sv\/product\/graverad-hammare-med-namn-tra-nummer-waldorf-tra-set\/\",\"url\":\"https:\/\/woodinout.net\/sv\/product\/graverad-hammare-med-namn-tra-nummer-waldorf-tra-set\/\",\"name\":\"Tr\u00e4hammarleklek med deg &amp;nummer - Woodinout \u00a9\",\"isPartOf\":{\"@id\":\"https:\/\/woodinout.net\/sv\/#website\"},\"datePublished\":\"2020-06-30T20:00:01+00:00\",\"dateModified\":\"2022-04-22T09:29:23+00:00\",\"description\":\"Tr\u00e4hammarleksak med graverat namn & sm\u00e5 siffror p\u00e5 stj\u00e4rnor \u00e4r utan tvekan v\u00e5r b\u00e4sts\u00e4ljare n\u00e4r vi pratar om pojkleksaker.\",\"breadcrumb\":{\"@id\":\"https:\/\/woodinout.net\/sv\/product\/graverad-hammare-med-namn-tra-nummer-waldorf-tra-set\/#breadcrumb\"},\"inLanguage\":\"sv-SE\",\"potentialAction\":[{\"@type\":\"ReadAction\",\"target\":[\"https:\/\/woodinout.net\/sv\/product\/graverad-hammare-med-namn-tra-nummer-waldorf-tra-set\/\"]}]},{\"@type\":\"BreadcrumbList\",\"@id\":\"https:\/\/woodinout.net\/sv\/product\/graverad-hammare-med-namn-tra-nummer-waldorf-tra-set\/#breadcrumb\",\"itemListElement\":[{\"@type\":\"ListItem\",\"position\":1,\"name\":\"Home\",\"item\":\"https:\/\/woodinout.net\/sv\/\"},{\"@type\":\"ListItem\",\"position\":2,\"name\":\"Shop\",\"item\":\"https:\/\/woodinout.net\/shop\/\"},{\"@type\":\"ListItem\",\"position\":3,\"name\":\"Tr\u00e4hammarleklek med deg &amp;nummer\"}]},{\"@type\":\"WebSite\",\"@id\":\"https:\/\/woodinout.net\/sv\/#website\",\"url\":\"https:\/\/woodinout.net\/sv\/\",\"name\":\"Woodinout \u00a9\",\"description\":\"Wooden Montessori toys, gifts, home and events decor details\",\"potentialAction\":[{\"@type\":\"SearchAction\",\"target\":{\"@type\":\"EntryPoint\",\"urlTemplate\":\"https:\/\/woodinout.net\/sv\/?s={search_term_string}\"},\"query-input\":\"required name=search_term_string\"}],\"inLanguage\":\"sv-SE\"}]}<\/script>\n<!-- \/ Yoast SEO plugin. -->","yoast_head_json":{"title":"Tr\u00e4hammarleklek med deg &amp;nummer - Woodinout \u00a9","description":"Tr\u00e4hammarleksak med graverat namn & sm\u00e5 siffror p\u00e5 stj\u00e4rnor \u00e4r utan tvekan v\u00e5r b\u00e4sts\u00e4ljare n\u00e4r vi pratar om pojkleksaker.","robots":{"index":"index","follow":"follow","max-snippet":"max-snippet:-1","max-image-preview":"max-image-preview:large","max-video-preview":"max-video-preview:-1"},"canonical":"https:\/\/woodinout.net\/sv\/product\/graverad-hammare-med-namn-tra-nummer-waldorf-tra-set\/","og_locale":"sv_SE","og_type":"article","og_title":"Tr\u00e4hammarleklek med deg &amp;nummer - Woodinout \u00a9","og_description":"Tr\u00e4hammarleksak med graverat namn & sm\u00e5 siffror p\u00e5 stj\u00e4rnor \u00e4r utan tvekan v\u00e5r b\u00e4sts\u00e4ljare n\u00e4r vi pratar om pojkleksaker.","og_url":"https:\/\/woodinout.net\/sv\/product\/graverad-hammare-med-namn-tra-nummer-waldorf-tra-set\/","og_site_name":"Woodinout \u00a9","article_modified_time":"2022-04-22T09:29:23+00:00","og_image":[{"width":853,"height":1280,"url":"https:\/\/woodinout.net\/wp-content\/uploads\/2020\/06\/Engraved-hammer-with-name-wood-numbers-Waldorf-wood-set-1.jpg","type":"image\/jpeg"}],"twitter_card":"summary_large_image","twitter_misc":{"Ber\u00e4knad l\u00e4stid":"1 minut"},"schema":{"@context":"https:\/\/schema.org","@graph":[{"@type":"WebPage","@id":"https:\/\/woodinout.net\/sv\/product\/graverad-hammare-med-namn-tra-nummer-waldorf-tra-set\/","url":"https:\/\/woodinout.net\/sv\/product\/graverad-hammare-med-namn-tra-nummer-waldorf-tra-set\/","name":"Tr\u00e4hammarleklek med deg &amp;nummer - Woodinout \u00a9","isPartOf":{"@id":"https:\/\/woodinout.net\/sv\/#website"},"datePublished":"2020-06-30T20:00:01+00:00","dateModified":"2022-04-22T09:29:23+00:00","description":"Tr\u00e4hammarleksak med graverat namn & sm\u00e5 siffror p\u00e5 stj\u00e4rnor \u00e4r utan tvekan v\u00e5r b\u00e4sts\u00e4ljare n\u00e4r vi pratar om pojkleksaker.","breadcrumb":{"@id":"https:\/\/woodinout.net\/sv\/product\/graverad-hammare-med-namn-tra-nummer-waldorf-tra-set\/#breadcrumb"},"inLanguage":"sv-SE","potentialAction":[{"@type":"ReadAction","target":["https:\/\/woodinout.net\/sv\/product\/graverad-hammare-med-namn-tra-nummer-waldorf-tra-set\/"]}]},{"@type":"BreadcrumbList","@id":"https:\/\/woodinout.net\/sv\/product\/graverad-hammare-med-namn-tra-nummer-waldorf-tra-set\/#breadcrumb","itemListElement":[{"@type":"ListItem","position":1,"name":"Home","item":"https:\/\/woodinout.net\/sv\/"},{"@type":"ListItem","position":2,"name":"Shop","item":"https:\/\/woodinout.net\/shop\/"},{"@type":"ListItem","position":3,"name":"Tr\u00e4hammarleklek med deg &amp;nummer"}]},{"@type":"WebSite","@id":"https:\/\/woodinout.net\/sv\/#website","url":"https:\/\/woodinout.net\/sv\/","name":"Woodinout \u00a9","description":"Wooden Montessori toys, gifts, home and events decor details","potentialAction":[{"@type":"SearchAction","target":{"@type":"EntryPoint","urlTemplate":"https:\/\/woodinout.net\/sv\/?s={search_term_string}"},"query-input":"required name=search_term_string"}],"inLanguage":"sv-SE"}]}},"_links":{"self":[{"href":"https:\/\/woodinout.net\/sv\/wp-json\/wp\/v2\/product\/21842"}],"collection":[{"href":"https:\/\/woodinout.net\/sv\/wp-json\/wp\/v2\/product"}],"about":[{"href":"https:\/\/woodinout.net\/sv\/wp-json\/wp\/v2\/types\/product"}],"wp:featuredmedia":[{"embeddable":true,"href":"https:\/\/woodinout.net\/sv\/wp-json\/wp\/v2\/media\/18308"}],"wp:attachment":[{"href":"https:\/\/woodinout.net\/sv\/wp-json\/wp\/v2\/media?parent=21842"}],"wp:term":[{"taxonomy":"product_cat","embeddable":true,"href":"https:\/\/woodinout.net\/sv\/wp-json\/wp\/v2\/product_cat?post=21842"},{"taxonomy":"product_tag","embeddable":true,"href":"https:\/\/woodinout.net\/sv\/wp-json\/wp\/v2\/product_tag?post=21842"}],"curies":[{"name":"wp","href":"https:\/\/api.w.org\/{rel}","templated":true}]}}