{"id":21841,"date":"2021-03-21T21:24:18","date_gmt":"2021-03-21T19:24:18","guid":{"rendered":"https:\/\/woodinout.net\/product\/namn-pussel-avforing\/"},"modified":"2021-03-21T21:24:18","modified_gmt":"2021-03-21T19:24:18","slug":"namn-pussel-pall","status":"publish","type":"product","link":"https:\/\/woodinout.net\/sv\/product\/namn-pussel-pall\/","title":{"rendered":"Namn pussel avf\u00f6ring"},"content":{"rendered":"<p>Barn gillar att ha en egen namnstol. Det blir mycket mer unikt med namnet tillagt. Av den anledningen skapade vi en personlig tr\u00e4pall med namnpusslet p\u00e5 den. S\u00e5dan pall \u00e4r rolig och anv\u00e4ndbar. V\u00e4lj detta namn pusselstol som en sm\u00e5barn f\u00f6delsedag g\u00e5va.<\/p>\n<p>ATT HA DENNA PUSSELPALL F\u00d6R SM\u00c5BARN:<\/p>\n<p>Ditt barn f\u00f6rb\u00e4ttrar \u00f6gonhandkoordineringen;<br \/>\nDitt barn kommer att l\u00e4ra sig att stava sitt namn snabbare;<br \/>\nDitt barn kommer att b\u00f6rja separata bokst\u00e4ver tidigare;<br \/>\nBarnet kommer att njuta av att leka och l\u00e4ra sig samtidigt;<\/p>\n<p>MER PERSONLIGA F\u00d6REM\u00c5L HITTAR <a href=\"https:\/\/woodinout.net\/product-tag\/kids-presents\/\">DU H\u00c4R.<\/a><\/p>\n<p>M\u00c5TT<\/p>\n<p>Pall:<br \/>\nH\u00f6jd &#8211; ~8.7 inches, med handtag ~10 inches<br \/>\nL\u00e4ngd &#8211; beror p\u00e5 m\u00e4ngden bokst\u00e4ver<br \/>\nTjocklek &#8211; ~0.3 inches<br \/>\nFickdjup: ~0.12 inches<\/p>\n<p>Bokst\u00e4ver:<br \/>\nH\u00f6jd &#8211; ~ 2,7 tum (Om pusslet inte passar till 55 cm kommer alla bokst\u00e4ver att minskas proportionellt)<br \/>\nTjocklek &#8211; ~0.25 inches<br \/>\nBredden beror p\u00e5 bokstavens form<\/p>\n<p>F\u00c4RGER OCH MATERIAL<\/p>\n<p>Olika f\u00e4rger beror p\u00e5 namnets l\u00e4ngd.<br \/>\nOm du har en specifik \u00f6nskan om f\u00e4rger, v\u00e4nligen l\u00e4mna en anteckning. Ta en titt p\u00e5 f\u00e4rgdiagrammet. Annars kommer vi att anv\u00e4nda f\u00e4rger som p\u00e5 bilden.<br \/>\nObservera att f\u00e4rgerna kan variera beroende p\u00e5 inst\u00e4llningar och belysning p\u00e5 datorsk\u00e4rmen.<br \/>\nBaltisk bj\u00f6rkplywood, milj\u00f6v\u00e4nlig &#8211; giftfri &#8211; vattenbaserad akrylf\u00e4rg.<\/p>\n<p>F\u00f6r fler id\u00e9er, f\u00f6lj oss p\u00e5 <a href=\"https:\/\/www.instagram.com\/woodinout\/\">INSTAGRAM<\/a> &amp; <a href=\"https:\/\/www.facebook.com\/Woodinout.net\">FACEBOOK<\/a><\/p>\n","protected":false},"excerpt":{"rendered":"<p>Barn gillar att ha en egen namnstol. Det blir mycket mer unikt med namnet tillagt. Av den anledningen skapade vi en personlig tr\u00e4pall med namnpusslet p\u00e5 den. S\u00e5dan pall \u00e4r rolig och anv\u00e4ndbar. V\u00e4lj detta namn pusselstol som en sm\u00e5barn f\u00f6delsedag g\u00e5va. ATT HA DENNA PUSSELPALL F\u00d6R SM\u00c5BARN: Ditt barn f\u00f6rb\u00e4ttrar \u00f6gonhandkoordineringen; Ditt barn kommer [&hellip;]<\/p>\n","protected":false},"featured_media":20284,"template":"","meta":{"_monsterinsights_skip_tracking":false,"_monsterinsights_sitenote_active":false,"_monsterinsights_sitenote_note":"","_monsterinsights_sitenote_category":0},"product_cat":[1442,1432,1428],"product_tag":[1690,1491,1486,1525,1482,1513,1475,1456,1466,1689,1520,1548,1549,1688,1446,2377],"yoast_head":"<!-- This site is optimized with the Yoast SEO plugin v22.1 - https:\/\/yoast.com\/wordpress\/plugins\/seo\/ -->\n<title>Namn pussel avf\u00f6ring - Woodinout \u00a9 Montessori leksaker butik<\/title>\n<meta name=\"description\" content=\"Perfekt barng\u00e5va - Montessori inspirerade Custom namn pusselstol. Handgjord, milj\u00f6v\u00e4nlig, S\u00e4ker f\u00f6r barn och sm\u00e5barn. Tillverkad av massivt tr\u00e4.\" \/>\n<meta name=\"robots\" content=\"index, follow, max-snippet:-1, max-image-preview:large, max-video-preview:-1\" \/>\n<link rel=\"canonical\" href=\"https:\/\/woodinout.net\/sv\/product\/namn-pussel-pall\/\" \/>\n<meta property=\"og:locale\" content=\"sv_SE\" \/>\n<meta property=\"og:type\" content=\"article\" \/>\n<meta property=\"og:title\" content=\"Namn pussel avf\u00f6ring - Woodinout \u00a9 Montessori leksaker butik\" \/>\n<meta property=\"og:description\" content=\"Perfekt barng\u00e5va - Montessori inspirerade Custom namn pusselstol. Handgjord, milj\u00f6v\u00e4nlig, S\u00e4ker f\u00f6r barn och sm\u00e5barn. Tillverkad av massivt tr\u00e4.\" \/>\n<meta property=\"og:url\" content=\"https:\/\/woodinout.net\/sv\/product\/namn-pussel-pall\/\" \/>\n<meta property=\"og:site_name\" content=\"Woodinout \u00a9\" \/>\n<meta property=\"og:image\" content=\"https:\/\/woodinout.net\/wp-content\/uploads\/2021\/03\/Name_puzzle_stool_2.jpg\" \/>\n\t<meta property=\"og:image:width\" content=\"1706\" \/>\n\t<meta property=\"og:image:height\" content=\"2560\" \/>\n\t<meta property=\"og:image:type\" content=\"image\/jpeg\" \/>\n<meta name=\"twitter:card\" content=\"summary_large_image\" \/>\n<meta name=\"twitter:label1\" content=\"Ber\u00e4knad l\u00e4stid\" \/>\n\t<meta name=\"twitter:data1\" content=\"1 minut\" \/>\n<script type=\"application\/ld+json\" class=\"yoast-schema-graph\">{\"@context\":\"https:\/\/schema.org\",\"@graph\":[{\"@type\":\"WebPage\",\"@id\":\"https:\/\/woodinout.net\/sv\/product\/namn-pussel-pall\/\",\"url\":\"https:\/\/woodinout.net\/sv\/product\/namn-pussel-pall\/\",\"name\":\"Namn pussel avf\u00f6ring - Woodinout \u00a9 Montessori leksaker butik\",\"isPartOf\":{\"@id\":\"https:\/\/woodinout.net\/sv\/#website\"},\"datePublished\":\"2021-03-21T19:24:18+00:00\",\"dateModified\":\"2021-03-21T19:24:18+00:00\",\"description\":\"Perfekt barng\u00e5va - Montessori inspirerade Custom namn pusselstol. Handgjord, milj\u00f6v\u00e4nlig, S\u00e4ker f\u00f6r barn och sm\u00e5barn. Tillverkad av massivt tr\u00e4.\",\"breadcrumb\":{\"@id\":\"https:\/\/woodinout.net\/sv\/product\/namn-pussel-pall\/#breadcrumb\"},\"inLanguage\":\"sv-SE\",\"potentialAction\":[{\"@type\":\"ReadAction\",\"target\":[\"https:\/\/woodinout.net\/sv\/product\/namn-pussel-pall\/\"]}]},{\"@type\":\"BreadcrumbList\",\"@id\":\"https:\/\/woodinout.net\/sv\/product\/namn-pussel-pall\/#breadcrumb\",\"itemListElement\":[{\"@type\":\"ListItem\",\"position\":1,\"name\":\"Home\",\"item\":\"https:\/\/woodinout.net\/sv\/\"},{\"@type\":\"ListItem\",\"position\":2,\"name\":\"Shop\",\"item\":\"https:\/\/woodinout.net\/shop\/\"},{\"@type\":\"ListItem\",\"position\":3,\"name\":\"Namn pussel avf\u00f6ring\"}]},{\"@type\":\"WebSite\",\"@id\":\"https:\/\/woodinout.net\/sv\/#website\",\"url\":\"https:\/\/woodinout.net\/sv\/\",\"name\":\"Woodinout \u00a9\",\"description\":\"Wooden Montessori toys, gifts, home and events decor details\",\"potentialAction\":[{\"@type\":\"SearchAction\",\"target\":{\"@type\":\"EntryPoint\",\"urlTemplate\":\"https:\/\/woodinout.net\/sv\/?s={search_term_string}\"},\"query-input\":\"required name=search_term_string\"}],\"inLanguage\":\"sv-SE\"}]}<\/script>\n<!-- \/ Yoast SEO plugin. -->","yoast_head_json":{"title":"Namn pussel avf\u00f6ring - Woodinout \u00a9 Montessori leksaker butik","description":"Perfekt barng\u00e5va - Montessori inspirerade Custom namn pusselstol. Handgjord, milj\u00f6v\u00e4nlig, S\u00e4ker f\u00f6r barn och sm\u00e5barn. Tillverkad av massivt tr\u00e4.","robots":{"index":"index","follow":"follow","max-snippet":"max-snippet:-1","max-image-preview":"max-image-preview:large","max-video-preview":"max-video-preview:-1"},"canonical":"https:\/\/woodinout.net\/sv\/product\/namn-pussel-pall\/","og_locale":"sv_SE","og_type":"article","og_title":"Namn pussel avf\u00f6ring - Woodinout \u00a9 Montessori leksaker butik","og_description":"Perfekt barng\u00e5va - Montessori inspirerade Custom namn pusselstol. Handgjord, milj\u00f6v\u00e4nlig, S\u00e4ker f\u00f6r barn och sm\u00e5barn. Tillverkad av massivt tr\u00e4.","og_url":"https:\/\/woodinout.net\/sv\/product\/namn-pussel-pall\/","og_site_name":"Woodinout \u00a9","og_image":[{"width":1706,"height":2560,"url":"https:\/\/woodinout.net\/wp-content\/uploads\/2021\/03\/Name_puzzle_stool_2.jpg","type":"image\/jpeg"}],"twitter_card":"summary_large_image","twitter_misc":{"Ber\u00e4knad l\u00e4stid":"1 minut"},"schema":{"@context":"https:\/\/schema.org","@graph":[{"@type":"WebPage","@id":"https:\/\/woodinout.net\/sv\/product\/namn-pussel-pall\/","url":"https:\/\/woodinout.net\/sv\/product\/namn-pussel-pall\/","name":"Namn pussel avf\u00f6ring - Woodinout \u00a9 Montessori leksaker butik","isPartOf":{"@id":"https:\/\/woodinout.net\/sv\/#website"},"datePublished":"2021-03-21T19:24:18+00:00","dateModified":"2021-03-21T19:24:18+00:00","description":"Perfekt barng\u00e5va - Montessori inspirerade Custom namn pusselstol. Handgjord, milj\u00f6v\u00e4nlig, S\u00e4ker f\u00f6r barn och sm\u00e5barn. Tillverkad av massivt tr\u00e4.","breadcrumb":{"@id":"https:\/\/woodinout.net\/sv\/product\/namn-pussel-pall\/#breadcrumb"},"inLanguage":"sv-SE","potentialAction":[{"@type":"ReadAction","target":["https:\/\/woodinout.net\/sv\/product\/namn-pussel-pall\/"]}]},{"@type":"BreadcrumbList","@id":"https:\/\/woodinout.net\/sv\/product\/namn-pussel-pall\/#breadcrumb","itemListElement":[{"@type":"ListItem","position":1,"name":"Home","item":"https:\/\/woodinout.net\/sv\/"},{"@type":"ListItem","position":2,"name":"Shop","item":"https:\/\/woodinout.net\/shop\/"},{"@type":"ListItem","position":3,"name":"Namn pussel avf\u00f6ring"}]},{"@type":"WebSite","@id":"https:\/\/woodinout.net\/sv\/#website","url":"https:\/\/woodinout.net\/sv\/","name":"Woodinout \u00a9","description":"Wooden Montessori toys, gifts, home and events decor details","potentialAction":[{"@type":"SearchAction","target":{"@type":"EntryPoint","urlTemplate":"https:\/\/woodinout.net\/sv\/?s={search_term_string}"},"query-input":"required name=search_term_string"}],"inLanguage":"sv-SE"}]}},"_links":{"self":[{"href":"https:\/\/woodinout.net\/sv\/wp-json\/wp\/v2\/product\/21841"}],"collection":[{"href":"https:\/\/woodinout.net\/sv\/wp-json\/wp\/v2\/product"}],"about":[{"href":"https:\/\/woodinout.net\/sv\/wp-json\/wp\/v2\/types\/product"}],"wp:featuredmedia":[{"embeddable":true,"href":"https:\/\/woodinout.net\/sv\/wp-json\/wp\/v2\/media\/20284"}],"wp:attachment":[{"href":"https:\/\/woodinout.net\/sv\/wp-json\/wp\/v2\/media?parent=21841"}],"wp:term":[{"taxonomy":"product_cat","embeddable":true,"href":"https:\/\/woodinout.net\/sv\/wp-json\/wp\/v2\/product_cat?post=21841"},{"taxonomy":"product_tag","embeddable":true,"href":"https:\/\/woodinout.net\/sv\/wp-json\/wp\/v2\/product_tag?post=21841"}],"curies":[{"name":"wp","href":"https:\/\/api.w.org\/{rel}","templated":true}]}}