{"id":21840,"date":"2020-06-23T21:39:46","date_gmt":"2020-06-23T18:39:46","guid":{"rendered":"https:\/\/woodinout.net\/product\/junior-alfapet-brador-kit\/"},"modified":"2022-04-28T09:49:48","modified_gmt":"2022-04-28T06:49:48","slug":"alfapet-board-with-alphabet-plattor","status":"publish","type":"product","link":"https:\/\/woodinout.net\/sv\/product\/alfapet-board-with-alphabet-plattor\/","title":{"rendered":"Junior Alfapet br\u00e4dor kit"},"content":{"rendered":"<p>Vi presenterar f\u00f6r dig en alfapetbr\u00e4da med alfabetsbrickor. Detta alfapet spel \u00e4r perfekt familjeg\u00e5va f\u00f6r v\u00e4rdefull familjetid tillsammans. L\u00e4gg till anpassad text p\u00e5 baksidan och h\u00e4r g\u00e5r du En personlig g\u00e5va. Alfapet kakel spel \u00e4r en av de mest popul\u00e4ra ord inl\u00e4rning leksaker i v\u00e4rlden. Bli kreativ p\u00e5 alfapetbr\u00e4da och sammanfoga alfabetsblock i tr\u00e4ord. Tr\u00e4 bokst\u00e4ver abc tr\u00e4 block tar dig till ordv\u00e4rlden, l\u00e5t oss g\u00e5 tillsammans NU! G\u00e5 med i familjen av glada kunder p\u00e5 Woodinout! Tr\u00e4leksaker \u00e4r vad vi g\u00f6r!<\/p>\n<p>Kit inneh\u00e5ller av:<br \/>\n3 alfapetskivor: 3 \/ 4 \/ 5 bokst\u00e4ver brickor<\/p>\n<p>Du kan v\u00e4lja mellan 5 ALTERNATIV:<br \/>\nA: Endast 3 brickor i olika storlekar<br \/>\nB: 26 st. tr\u00e4plywood bokst\u00e4ver kort, dimension: ~ 1,8 x 1,8 tum, tjocklek ~ 0,12 tum<br \/>\nC: 2&#215;26 st. tr\u00e4plywood bokst\u00e4ver kort, dimension: ~ 1,8 x 1,8 tum, tjocklek ~ 0,12 tum<br \/>\nD: 26 st. NATURLIGA TR\u00c4 bokst\u00e4ver block, dimension: ~ 1,8 x 1,8 tum, tjocklek ~ 0,6 tum<br \/>\nE: 2&#215;26 st. NATURLIGA TR\u00c4 bokst\u00e4ver block, dimension: ~ 1,8 x 1,8 tum, tjocklek ~ 0,6 tum<\/p>\n<p>BR\u00c4DOR M\u00c5TT<br \/>\n2,75&#215;7,5 \/ 2,75&#215;9,8 \/2,75&#215;12 tum<br \/>\nTjocklek: ~0.6 inches<\/p>\n<p>F\u00c4RGER OCH MATERIAL<br \/>\nBOARD F\u00e4rg: naturlig eller brun oljad. Kort\/block endast naturlig f\u00e4rg.<br \/>\nBr\u00e4dan \u00e4r tillverkad av NATURLIGT MASSIVT TR\u00c4.<br \/>\nObservera att f\u00e4rgerna kan variera beroende p\u00e5 inst\u00e4llningar f\u00f6r datorsk\u00e4rmar och ljusning.<\/p>\n","protected":false},"excerpt":{"rendered":"<p>Vi presenterar f\u00f6r dig en alfapetbr\u00e4da med alfabetsbrickor. Detta alfapet spel \u00e4r perfekt familjeg\u00e5va f\u00f6r v\u00e4rdefull familjetid tillsammans. L\u00e4gg till anpassad text p\u00e5 baksidan och h\u00e4r g\u00e5r du En personlig g\u00e5va. Alfapet kakel spel \u00e4r en av de mest popul\u00e4ra ord inl\u00e4rning leksaker i v\u00e4rlden. Bli kreativ p\u00e5 alfapetbr\u00e4da och sammanfoga alfabetsblock i tr\u00e4ord. Tr\u00e4 [&hellip;]<\/p>\n","protected":false},"featured_media":17964,"template":"","meta":{"_monsterinsights_skip_tracking":false,"_monsterinsights_sitenote_active":false,"_monsterinsights_sitenote_note":"","_monsterinsights_sitenote_category":0},"product_cat":[1471,1428],"product_tag":[1491,1486,2365,1482,1475,1456,1466,2364,1548,1549,1446],"yoast_head":"<!-- This site is optimized with the Yoast SEO plugin v22.1 - https:\/\/yoast.com\/wordpress\/plugins\/seo\/ -->\n<title>Junior Alfapet br\u00e4dor kit - Woodinout \u00a9 Stavningsspel<\/title>\n<meta name=\"description\" content=\"Junior alfapet br\u00e4dspel - f\u00f6r v\u00e4rdefull familjetid med dina barn. Handgjorda och milj\u00f6v\u00e4nliga inl\u00e4rningsleksaker fr\u00e5n Woodinout.\" \/>\n<meta name=\"robots\" content=\"index, follow, max-snippet:-1, max-image-preview:large, max-video-preview:-1\" \/>\n<link rel=\"canonical\" href=\"https:\/\/woodinout.net\/sv\/product\/alfapet-board-with-alphabet-plattor\/\" \/>\n<meta property=\"og:locale\" content=\"sv_SE\" \/>\n<meta property=\"og:type\" content=\"article\" \/>\n<meta property=\"og:title\" content=\"Junior Alfapet br\u00e4dor kit - Woodinout \u00a9 Stavningsspel\" \/>\n<meta property=\"og:description\" content=\"Junior alfapet br\u00e4dspel - f\u00f6r v\u00e4rdefull familjetid med dina barn. Handgjorda och milj\u00f6v\u00e4nliga inl\u00e4rningsleksaker fr\u00e5n Woodinout.\" \/>\n<meta property=\"og:url\" content=\"https:\/\/woodinout.net\/sv\/product\/alfapet-board-with-alphabet-plattor\/\" \/>\n<meta property=\"og:site_name\" content=\"Woodinout \u00a9\" \/>\n<meta property=\"article:modified_time\" content=\"2022-04-28T06:49:48+00:00\" \/>\n<meta property=\"og:image\" content=\"https:\/\/woodinout.net\/wp-content\/uploads\/2020\/06\/Scrabble-board-with-alphabet-tiles-3.jpg\" \/>\n\t<meta property=\"og:image:width\" content=\"853\" \/>\n\t<meta property=\"og:image:height\" content=\"1280\" \/>\n\t<meta property=\"og:image:type\" content=\"image\/jpeg\" \/>\n<meta name=\"twitter:card\" content=\"summary_large_image\" \/>\n<meta name=\"twitter:label1\" content=\"Ber\u00e4knad l\u00e4stid\" \/>\n\t<meta name=\"twitter:data1\" content=\"1 minut\" \/>\n<script type=\"application\/ld+json\" class=\"yoast-schema-graph\">{\"@context\":\"https:\/\/schema.org\",\"@graph\":[{\"@type\":\"WebPage\",\"@id\":\"https:\/\/woodinout.net\/sv\/product\/alfapet-board-with-alphabet-plattor\/\",\"url\":\"https:\/\/woodinout.net\/sv\/product\/alfapet-board-with-alphabet-plattor\/\",\"name\":\"Junior Alfapet br\u00e4dor kit - Woodinout \u00a9 Stavningsspel\",\"isPartOf\":{\"@id\":\"https:\/\/woodinout.net\/sv\/#website\"},\"datePublished\":\"2020-06-23T18:39:46+00:00\",\"dateModified\":\"2022-04-28T06:49:48+00:00\",\"description\":\"Junior alfapet br\u00e4dspel - f\u00f6r v\u00e4rdefull familjetid med dina barn. Handgjorda och milj\u00f6v\u00e4nliga inl\u00e4rningsleksaker fr\u00e5n Woodinout.\",\"breadcrumb\":{\"@id\":\"https:\/\/woodinout.net\/sv\/product\/alfapet-board-with-alphabet-plattor\/#breadcrumb\"},\"inLanguage\":\"sv-SE\",\"potentialAction\":[{\"@type\":\"ReadAction\",\"target\":[\"https:\/\/woodinout.net\/sv\/product\/alfapet-board-with-alphabet-plattor\/\"]}]},{\"@type\":\"BreadcrumbList\",\"@id\":\"https:\/\/woodinout.net\/sv\/product\/alfapet-board-with-alphabet-plattor\/#breadcrumb\",\"itemListElement\":[{\"@type\":\"ListItem\",\"position\":1,\"name\":\"Home\",\"item\":\"https:\/\/woodinout.net\/sv\/\"},{\"@type\":\"ListItem\",\"position\":2,\"name\":\"Shop\",\"item\":\"https:\/\/woodinout.net\/shop\/\"},{\"@type\":\"ListItem\",\"position\":3,\"name\":\"Junior Alfapet br\u00e4dor kit\"}]},{\"@type\":\"WebSite\",\"@id\":\"https:\/\/woodinout.net\/sv\/#website\",\"url\":\"https:\/\/woodinout.net\/sv\/\",\"name\":\"Woodinout \u00a9\",\"description\":\"Wooden Montessori toys, gifts, home and events decor details\",\"potentialAction\":[{\"@type\":\"SearchAction\",\"target\":{\"@type\":\"EntryPoint\",\"urlTemplate\":\"https:\/\/woodinout.net\/sv\/?s={search_term_string}\"},\"query-input\":\"required name=search_term_string\"}],\"inLanguage\":\"sv-SE\"}]}<\/script>\n<!-- \/ Yoast SEO plugin. -->","yoast_head_json":{"title":"Junior Alfapet br\u00e4dor kit - Woodinout \u00a9 Stavningsspel","description":"Junior alfapet br\u00e4dspel - f\u00f6r v\u00e4rdefull familjetid med dina barn. Handgjorda och milj\u00f6v\u00e4nliga inl\u00e4rningsleksaker fr\u00e5n Woodinout.","robots":{"index":"index","follow":"follow","max-snippet":"max-snippet:-1","max-image-preview":"max-image-preview:large","max-video-preview":"max-video-preview:-1"},"canonical":"https:\/\/woodinout.net\/sv\/product\/alfapet-board-with-alphabet-plattor\/","og_locale":"sv_SE","og_type":"article","og_title":"Junior Alfapet br\u00e4dor kit - Woodinout \u00a9 Stavningsspel","og_description":"Junior alfapet br\u00e4dspel - f\u00f6r v\u00e4rdefull familjetid med dina barn. Handgjorda och milj\u00f6v\u00e4nliga inl\u00e4rningsleksaker fr\u00e5n Woodinout.","og_url":"https:\/\/woodinout.net\/sv\/product\/alfapet-board-with-alphabet-plattor\/","og_site_name":"Woodinout \u00a9","article_modified_time":"2022-04-28T06:49:48+00:00","og_image":[{"width":853,"height":1280,"url":"https:\/\/woodinout.net\/wp-content\/uploads\/2020\/06\/Scrabble-board-with-alphabet-tiles-3.jpg","type":"image\/jpeg"}],"twitter_card":"summary_large_image","twitter_misc":{"Ber\u00e4knad l\u00e4stid":"1 minut"},"schema":{"@context":"https:\/\/schema.org","@graph":[{"@type":"WebPage","@id":"https:\/\/woodinout.net\/sv\/product\/alfapet-board-with-alphabet-plattor\/","url":"https:\/\/woodinout.net\/sv\/product\/alfapet-board-with-alphabet-plattor\/","name":"Junior Alfapet br\u00e4dor kit - Woodinout \u00a9 Stavningsspel","isPartOf":{"@id":"https:\/\/woodinout.net\/sv\/#website"},"datePublished":"2020-06-23T18:39:46+00:00","dateModified":"2022-04-28T06:49:48+00:00","description":"Junior alfapet br\u00e4dspel - f\u00f6r v\u00e4rdefull familjetid med dina barn. Handgjorda och milj\u00f6v\u00e4nliga inl\u00e4rningsleksaker fr\u00e5n Woodinout.","breadcrumb":{"@id":"https:\/\/woodinout.net\/sv\/product\/alfapet-board-with-alphabet-plattor\/#breadcrumb"},"inLanguage":"sv-SE","potentialAction":[{"@type":"ReadAction","target":["https:\/\/woodinout.net\/sv\/product\/alfapet-board-with-alphabet-plattor\/"]}]},{"@type":"BreadcrumbList","@id":"https:\/\/woodinout.net\/sv\/product\/alfapet-board-with-alphabet-plattor\/#breadcrumb","itemListElement":[{"@type":"ListItem","position":1,"name":"Home","item":"https:\/\/woodinout.net\/sv\/"},{"@type":"ListItem","position":2,"name":"Shop","item":"https:\/\/woodinout.net\/shop\/"},{"@type":"ListItem","position":3,"name":"Junior Alfapet br\u00e4dor kit"}]},{"@type":"WebSite","@id":"https:\/\/woodinout.net\/sv\/#website","url":"https:\/\/woodinout.net\/sv\/","name":"Woodinout \u00a9","description":"Wooden Montessori toys, gifts, home and events decor details","potentialAction":[{"@type":"SearchAction","target":{"@type":"EntryPoint","urlTemplate":"https:\/\/woodinout.net\/sv\/?s={search_term_string}"},"query-input":"required name=search_term_string"}],"inLanguage":"sv-SE"}]}},"_links":{"self":[{"href":"https:\/\/woodinout.net\/sv\/wp-json\/wp\/v2\/product\/21840"}],"collection":[{"href":"https:\/\/woodinout.net\/sv\/wp-json\/wp\/v2\/product"}],"about":[{"href":"https:\/\/woodinout.net\/sv\/wp-json\/wp\/v2\/types\/product"}],"wp:featuredmedia":[{"embeddable":true,"href":"https:\/\/woodinout.net\/sv\/wp-json\/wp\/v2\/media\/17964"}],"wp:attachment":[{"href":"https:\/\/woodinout.net\/sv\/wp-json\/wp\/v2\/media?parent=21840"}],"wp:term":[{"taxonomy":"product_cat","embeddable":true,"href":"https:\/\/woodinout.net\/sv\/wp-json\/wp\/v2\/product_cat?post=21840"},{"taxonomy":"product_tag","embeddable":true,"href":"https:\/\/woodinout.net\/sv\/wp-json\/wp\/v2\/product_tag?post=21840"}],"curies":[{"name":"wp","href":"https:\/\/api.w.org\/{rel}","templated":true}]}}