{"id":21839,"date":"2021-03-19T11:51:06","date_gmt":"2021-03-19T09:51:06","guid":{"rendered":"https:\/\/woodinout.net\/product\/traplatta-6-trianglar\/"},"modified":"2022-04-22T12:25:49","modified_gmt":"2022-04-22T09:25:49","slug":"traplatta-6-trianglar","status":"publish","type":"product","link":"https:\/\/woodinout.net\/sv\/product\/traplatta-6-trianglar\/","title":{"rendered":"Tr\u00e4platta &#8220;6 trianglar&#8221;"},"content":{"rendered":"<p>Denna Tr\u00e4 Hexagon bricka &#8211; \u00e4r en unik Montessori sensorisk leksak. Enkelt, men \u00e4nd\u00e5 med m\u00e5nga m\u00f6jligheter &#8211; anv\u00e4nd det f\u00f6r Montessori-r\u00e4kning och f\u00e4rgsortering. Fyll tr\u00e4sandbrickan med olika material f\u00f6r att skapa en av de mest popul\u00e4ra autismsensorleksakerna. Naturligt, inspirerat av milj\u00f6v\u00e4nliga Waldorfleksaker \u00e4r detta ett perfekt Montessori-klassrum eller autisminl\u00e4rningsmaterial.<\/p>\n<p>M\u00e5tt p\u00e5 fack<br \/>\nL\u00e4ngd: ~26cm<br \/>\nH\u00f6jd: ~22cm<br \/>\nTjocklek: ~0.66 inches (1.7cm)<\/p>\n<p>F\u00c4RGER OCH MATERIAL<br \/>\nF\u00e4rg: naturlig och brunoljad.<br \/>\nLeksaken \u00e4r tillverkad av NATURLIGT MASSIVT TR\u00c4.<br \/>\nObservera att f\u00e4rgerna kan variera beroende p\u00e5 inst\u00e4llningar f\u00f6r datorsk\u00e4rmar och ljusning.<\/p>\n<p>L\u00e4gg till BOLLAR:<\/p>\n<p>F\u00e4rgad: https:\/\/woodinout.net\/product\/colored-wooden-balls\/<\/p>\n<p>Naturlig: https:\/\/woodinout.net\/product\/natural-wooden-balls\/<\/p>\n<p>&nbsp;<\/p>\n","protected":false},"excerpt":{"rendered":"<p>Denna Tr\u00e4 Hexagon bricka &#8211; \u00e4r en unik Montessori sensorisk leksak. Enkelt, men \u00e4nd\u00e5 med m\u00e5nga m\u00f6jligheter &#8211; anv\u00e4nd det f\u00f6r Montessori-r\u00e4kning och f\u00e4rgsortering. Fyll tr\u00e4sandbrickan med olika material f\u00f6r att skapa en av de mest popul\u00e4ra autismsensorleksakerna. Naturligt, inspirerat av milj\u00f6v\u00e4nliga Waldorfleksaker \u00e4r detta ett perfekt Montessori-klassrum eller autisminl\u00e4rningsmaterial. M\u00e5tt p\u00e5 fack L\u00e4ngd: ~26cm [&hellip;]<\/p>\n","protected":false},"featured_media":19332,"template":"","meta":{"_monsterinsights_skip_tracking":false,"_monsterinsights_sitenote_active":false,"_monsterinsights_sitenote_note":"","_monsterinsights_sitenote_category":0},"product_cat":[1469,1437,1428],"product_tag":[1491,1486,1482,1591,1593,1606,1475,1594,1456,1466,1921,1446,1918],"yoast_head":"<!-- This site is optimized with the Yoast SEO plugin v22.1 - https:\/\/yoast.com\/wordpress\/plugins\/seo\/ -->\n<title>Tr\u00e4platta &quot;6 trianglar&quot; - Woodinout \u00a9 Montessori leksaker<\/title>\n<meta name=\"description\" content=\"L\u00e4rande \u00e4r nu Fun &amp; Easy - Naturligt tr\u00e4 Matteleksaker f\u00f6r v\u00e4rdefull familjetid. Tr\u00e4sorterings- och r\u00e4kningsplattor - mer L\u00e4r &amp; Lek s\u00e4tt.\" \/>\n<meta name=\"robots\" content=\"index, follow, max-snippet:-1, max-image-preview:large, max-video-preview:-1\" \/>\n<link rel=\"canonical\" href=\"https:\/\/woodinout.net\/sv\/product\/traplatta-6-trianglar\/\" \/>\n<meta property=\"og:locale\" content=\"sv_SE\" \/>\n<meta property=\"og:type\" content=\"article\" \/>\n<meta property=\"og:title\" content=\"Tr\u00e4platta &quot;6 trianglar&quot; - Woodinout \u00a9 Montessori leksaker\" \/>\n<meta property=\"og:description\" content=\"L\u00e4rande \u00e4r nu Fun &amp; Easy - Naturligt tr\u00e4 Matteleksaker f\u00f6r v\u00e4rdefull familjetid. Tr\u00e4sorterings- och r\u00e4kningsplattor - mer L\u00e4r &amp; Lek s\u00e4tt.\" \/>\n<meta property=\"og:url\" content=\"https:\/\/woodinout.net\/sv\/product\/traplatta-6-trianglar\/\" \/>\n<meta property=\"og:site_name\" content=\"Woodinout \u00a9\" \/>\n<meta property=\"article:modified_time\" content=\"2022-04-22T09:25:49+00:00\" \/>\n<meta property=\"og:image\" content=\"https:\/\/woodinout.net\/wp-content\/uploads\/2021\/03\/Wooden_plate_6_triangle.jpg\" \/>\n\t<meta property=\"og:image:width\" content=\"1706\" \/>\n\t<meta property=\"og:image:height\" content=\"2560\" \/>\n\t<meta property=\"og:image:type\" content=\"image\/jpeg\" \/>\n<meta name=\"twitter:card\" content=\"summary_large_image\" \/>\n<meta name=\"twitter:label1\" content=\"Ber\u00e4knad l\u00e4stid\" \/>\n\t<meta name=\"twitter:data1\" content=\"1 minut\" \/>\n<script type=\"application\/ld+json\" class=\"yoast-schema-graph\">{\"@context\":\"https:\/\/schema.org\",\"@graph\":[{\"@type\":\"WebPage\",\"@id\":\"https:\/\/woodinout.net\/sv\/product\/traplatta-6-trianglar\/\",\"url\":\"https:\/\/woodinout.net\/sv\/product\/traplatta-6-trianglar\/\",\"name\":\"Tr\u00e4platta \\\"6 trianglar\\\" - Woodinout \u00a9 Montessori leksaker\",\"isPartOf\":{\"@id\":\"https:\/\/woodinout.net\/sv\/#website\"},\"datePublished\":\"2021-03-19T09:51:06+00:00\",\"dateModified\":\"2022-04-22T09:25:49+00:00\",\"description\":\"L\u00e4rande \u00e4r nu Fun & Easy - Naturligt tr\u00e4 Matteleksaker f\u00f6r v\u00e4rdefull familjetid. Tr\u00e4sorterings- och r\u00e4kningsplattor - mer L\u00e4r & Lek s\u00e4tt.\",\"breadcrumb\":{\"@id\":\"https:\/\/woodinout.net\/sv\/product\/traplatta-6-trianglar\/#breadcrumb\"},\"inLanguage\":\"sv-SE\",\"potentialAction\":[{\"@type\":\"ReadAction\",\"target\":[\"https:\/\/woodinout.net\/sv\/product\/traplatta-6-trianglar\/\"]}]},{\"@type\":\"BreadcrumbList\",\"@id\":\"https:\/\/woodinout.net\/sv\/product\/traplatta-6-trianglar\/#breadcrumb\",\"itemListElement\":[{\"@type\":\"ListItem\",\"position\":1,\"name\":\"Home\",\"item\":\"https:\/\/woodinout.net\/sv\/\"},{\"@type\":\"ListItem\",\"position\":2,\"name\":\"Shop\",\"item\":\"https:\/\/woodinout.net\/shop\/\"},{\"@type\":\"ListItem\",\"position\":3,\"name\":\"Tr\u00e4platta &#8220;6 trianglar&#8221;\"}]},{\"@type\":\"WebSite\",\"@id\":\"https:\/\/woodinout.net\/sv\/#website\",\"url\":\"https:\/\/woodinout.net\/sv\/\",\"name\":\"Woodinout \u00a9\",\"description\":\"Wooden Montessori toys, gifts, home and events decor details\",\"potentialAction\":[{\"@type\":\"SearchAction\",\"target\":{\"@type\":\"EntryPoint\",\"urlTemplate\":\"https:\/\/woodinout.net\/sv\/?s={search_term_string}\"},\"query-input\":\"required name=search_term_string\"}],\"inLanguage\":\"sv-SE\"}]}<\/script>\n<!-- \/ Yoast SEO plugin. -->","yoast_head_json":{"title":"Tr\u00e4platta \"6 trianglar\" - Woodinout \u00a9 Montessori leksaker","description":"L\u00e4rande \u00e4r nu Fun & Easy - Naturligt tr\u00e4 Matteleksaker f\u00f6r v\u00e4rdefull familjetid. Tr\u00e4sorterings- och r\u00e4kningsplattor - mer L\u00e4r & Lek s\u00e4tt.","robots":{"index":"index","follow":"follow","max-snippet":"max-snippet:-1","max-image-preview":"max-image-preview:large","max-video-preview":"max-video-preview:-1"},"canonical":"https:\/\/woodinout.net\/sv\/product\/traplatta-6-trianglar\/","og_locale":"sv_SE","og_type":"article","og_title":"Tr\u00e4platta \"6 trianglar\" - Woodinout \u00a9 Montessori leksaker","og_description":"L\u00e4rande \u00e4r nu Fun & Easy - Naturligt tr\u00e4 Matteleksaker f\u00f6r v\u00e4rdefull familjetid. Tr\u00e4sorterings- och r\u00e4kningsplattor - mer L\u00e4r & Lek s\u00e4tt.","og_url":"https:\/\/woodinout.net\/sv\/product\/traplatta-6-trianglar\/","og_site_name":"Woodinout \u00a9","article_modified_time":"2022-04-22T09:25:49+00:00","og_image":[{"width":1706,"height":2560,"url":"https:\/\/woodinout.net\/wp-content\/uploads\/2021\/03\/Wooden_plate_6_triangle.jpg","type":"image\/jpeg"}],"twitter_card":"summary_large_image","twitter_misc":{"Ber\u00e4knad l\u00e4stid":"1 minut"},"schema":{"@context":"https:\/\/schema.org","@graph":[{"@type":"WebPage","@id":"https:\/\/woodinout.net\/sv\/product\/traplatta-6-trianglar\/","url":"https:\/\/woodinout.net\/sv\/product\/traplatta-6-trianglar\/","name":"Tr\u00e4platta \"6 trianglar\" - Woodinout \u00a9 Montessori leksaker","isPartOf":{"@id":"https:\/\/woodinout.net\/sv\/#website"},"datePublished":"2021-03-19T09:51:06+00:00","dateModified":"2022-04-22T09:25:49+00:00","description":"L\u00e4rande \u00e4r nu Fun & Easy - Naturligt tr\u00e4 Matteleksaker f\u00f6r v\u00e4rdefull familjetid. Tr\u00e4sorterings- och r\u00e4kningsplattor - mer L\u00e4r & Lek s\u00e4tt.","breadcrumb":{"@id":"https:\/\/woodinout.net\/sv\/product\/traplatta-6-trianglar\/#breadcrumb"},"inLanguage":"sv-SE","potentialAction":[{"@type":"ReadAction","target":["https:\/\/woodinout.net\/sv\/product\/traplatta-6-trianglar\/"]}]},{"@type":"BreadcrumbList","@id":"https:\/\/woodinout.net\/sv\/product\/traplatta-6-trianglar\/#breadcrumb","itemListElement":[{"@type":"ListItem","position":1,"name":"Home","item":"https:\/\/woodinout.net\/sv\/"},{"@type":"ListItem","position":2,"name":"Shop","item":"https:\/\/woodinout.net\/shop\/"},{"@type":"ListItem","position":3,"name":"Tr\u00e4platta &#8220;6 trianglar&#8221;"}]},{"@type":"WebSite","@id":"https:\/\/woodinout.net\/sv\/#website","url":"https:\/\/woodinout.net\/sv\/","name":"Woodinout \u00a9","description":"Wooden Montessori toys, gifts, home and events decor details","potentialAction":[{"@type":"SearchAction","target":{"@type":"EntryPoint","urlTemplate":"https:\/\/woodinout.net\/sv\/?s={search_term_string}"},"query-input":"required name=search_term_string"}],"inLanguage":"sv-SE"}]}},"_links":{"self":[{"href":"https:\/\/woodinout.net\/sv\/wp-json\/wp\/v2\/product\/21839"}],"collection":[{"href":"https:\/\/woodinout.net\/sv\/wp-json\/wp\/v2\/product"}],"about":[{"href":"https:\/\/woodinout.net\/sv\/wp-json\/wp\/v2\/types\/product"}],"wp:featuredmedia":[{"embeddable":true,"href":"https:\/\/woodinout.net\/sv\/wp-json\/wp\/v2\/media\/19332"}],"wp:attachment":[{"href":"https:\/\/woodinout.net\/sv\/wp-json\/wp\/v2\/media?parent=21839"}],"wp:term":[{"taxonomy":"product_cat","embeddable":true,"href":"https:\/\/woodinout.net\/sv\/wp-json\/wp\/v2\/product_cat?post=21839"},{"taxonomy":"product_tag","embeddable":true,"href":"https:\/\/woodinout.net\/sv\/wp-json\/wp\/v2\/product_tag?post=21839"}],"curies":[{"name":"wp","href":"https:\/\/api.w.org\/{rel}","templated":true}]}}