{"id":21838,"date":"2021-03-21T21:32:28","date_gmt":"2021-03-21T19:32:28","guid":{"rendered":"https:\/\/woodinout.net\/product\/kort-star\/"},"modified":"2022-04-19T16:20:30","modified_gmt":"2022-04-19T13:20:30","slug":"kort-stativ","status":"publish","type":"product","link":"https:\/\/woodinout.net\/sv\/product\/kort-stativ\/","title":{"rendered":"Kort st\u00e5r"},"content":{"rendered":"<p>Solida tr\u00e4kort st\u00e5r. Denna plywoodkortsdisplayh\u00e5llare \u00e4r skapad som till\u00e4gg till Montessori-r\u00e4kning, nummer och andra inl\u00e4rningsleksaker av Woodinout. Du kan anv\u00e4nda den med olika av v\u00e5ra handgjorda eller andra inl\u00e4rningsresurser, du \u00e4ger. Placera siffror, bokst\u00e4ver, f\u00e4rger, geoboard schemakort eller n\u00e5got annat du kan t\u00e4nka p\u00e5!<\/p>\n<p>M\u00c5TT<br \/>\nH\u00f6jd: ~4cm<br \/>\nL\u00e4ngd: ~12,5 cm<br \/>\nTjocklek: ~0.67 inches (1.7cm)<\/p>\n<p>F\u00c4RGER OCH MATERIAL<br \/>\nF\u00e4rg: naturligt tr\u00e4<br \/>\nLeksaken \u00e4r tillverkad av NATURLIGT MASSIVT TR\u00c4.<br \/>\nObservera att f\u00e4rgerna kan variera beroende p\u00e5 inst\u00e4llningar f\u00f6r datorsk\u00e4rmar och ljusning.<\/p>\n","protected":false},"excerpt":{"rendered":"<p>Solida tr\u00e4kort st\u00e5r. Denna plywoodkortsdisplayh\u00e5llare \u00e4r skapad som till\u00e4gg till Montessori-r\u00e4kning, nummer och andra inl\u00e4rningsleksaker av Woodinout. Du kan anv\u00e4nda den med olika av v\u00e5ra handgjorda eller andra inl\u00e4rningsresurser, du \u00e4ger. Placera siffror, bokst\u00e4ver, f\u00e4rger, geoboard schemakort eller n\u00e5got annat du kan t\u00e4nka p\u00e5! M\u00c5TT H\u00f6jd: ~4cm L\u00e4ngd: ~12,5 cm Tjocklek: ~0.67 inches (1.7cm) F\u00c4RGER [&hellip;]<\/p>\n","protected":false},"featured_media":20300,"template":"","meta":{"_monsterinsights_skip_tracking":false,"_monsterinsights_sitenote_active":false,"_monsterinsights_sitenote_note":"","_monsterinsights_sitenote_category":0},"product_cat":[1792,1469,1437,1428],"product_tag":[1491,1486,1482,1456,1466],"yoast_head":"<!-- This site is optimized with the Yoast SEO plugin v22.1 - https:\/\/yoast.com\/wordpress\/plugins\/seo\/ -->\n<title>Kort st\u00e5r - Woodinout \u00a9 Montessori leksaker SHOP<\/title>\n<meta name=\"description\" content=\"Perfekt till\u00e4gg till din Montessori hemskola - korth\u00e5llare stativ. Naturligt, milj\u00f6v\u00e4nligt och elegant f\u00f6r minimal livsstil.\" \/>\n<meta name=\"robots\" content=\"index, follow, max-snippet:-1, max-image-preview:large, max-video-preview:-1\" \/>\n<link rel=\"canonical\" href=\"https:\/\/woodinout.net\/sv\/product\/kort-stativ\/\" \/>\n<meta property=\"og:locale\" content=\"sv_SE\" \/>\n<meta property=\"og:type\" content=\"article\" \/>\n<meta property=\"og:title\" content=\"Kort st\u00e5r - Woodinout \u00a9 Montessori leksaker SHOP\" \/>\n<meta property=\"og:description\" content=\"Perfekt till\u00e4gg till din Montessori hemskola - korth\u00e5llare stativ. Naturligt, milj\u00f6v\u00e4nligt och elegant f\u00f6r minimal livsstil.\" \/>\n<meta property=\"og:url\" content=\"https:\/\/woodinout.net\/sv\/product\/kort-stativ\/\" \/>\n<meta property=\"og:site_name\" content=\"Woodinout \u00a9\" \/>\n<meta property=\"article:modified_time\" content=\"2022-04-19T13:20:30+00:00\" \/>\n<meta property=\"og:image\" content=\"https:\/\/woodinout.net\/wp-content\/uploads\/2021\/03\/Cards_stand.jpg\" \/>\n\t<meta property=\"og:image:width\" content=\"1706\" \/>\n\t<meta property=\"og:image:height\" content=\"2560\" \/>\n\t<meta property=\"og:image:type\" content=\"image\/jpeg\" \/>\n<meta name=\"twitter:card\" content=\"summary_large_image\" \/>\n<script type=\"application\/ld+json\" class=\"yoast-schema-graph\">{\"@context\":\"https:\/\/schema.org\",\"@graph\":[{\"@type\":\"WebPage\",\"@id\":\"https:\/\/woodinout.net\/sv\/product\/kort-stativ\/\",\"url\":\"https:\/\/woodinout.net\/sv\/product\/kort-stativ\/\",\"name\":\"Kort st\u00e5r - Woodinout \u00a9 Montessori leksaker SHOP\",\"isPartOf\":{\"@id\":\"https:\/\/woodinout.net\/sv\/#website\"},\"datePublished\":\"2021-03-21T19:32:28+00:00\",\"dateModified\":\"2022-04-19T13:20:30+00:00\",\"description\":\"Perfekt till\u00e4gg till din Montessori hemskola - korth\u00e5llare stativ. Naturligt, milj\u00f6v\u00e4nligt och elegant f\u00f6r minimal livsstil.\",\"breadcrumb\":{\"@id\":\"https:\/\/woodinout.net\/sv\/product\/kort-stativ\/#breadcrumb\"},\"inLanguage\":\"sv-SE\",\"potentialAction\":[{\"@type\":\"ReadAction\",\"target\":[\"https:\/\/woodinout.net\/sv\/product\/kort-stativ\/\"]}]},{\"@type\":\"BreadcrumbList\",\"@id\":\"https:\/\/woodinout.net\/sv\/product\/kort-stativ\/#breadcrumb\",\"itemListElement\":[{\"@type\":\"ListItem\",\"position\":1,\"name\":\"Home\",\"item\":\"https:\/\/woodinout.net\/sv\/\"},{\"@type\":\"ListItem\",\"position\":2,\"name\":\"Shop\",\"item\":\"https:\/\/woodinout.net\/shop\/\"},{\"@type\":\"ListItem\",\"position\":3,\"name\":\"Kort st\u00e5r\"}]},{\"@type\":\"WebSite\",\"@id\":\"https:\/\/woodinout.net\/sv\/#website\",\"url\":\"https:\/\/woodinout.net\/sv\/\",\"name\":\"Woodinout \u00a9\",\"description\":\"Wooden Montessori toys, gifts, home and events decor details\",\"potentialAction\":[{\"@type\":\"SearchAction\",\"target\":{\"@type\":\"EntryPoint\",\"urlTemplate\":\"https:\/\/woodinout.net\/sv\/?s={search_term_string}\"},\"query-input\":\"required name=search_term_string\"}],\"inLanguage\":\"sv-SE\"}]}<\/script>\n<!-- \/ Yoast SEO plugin. -->","yoast_head_json":{"title":"Kort st\u00e5r - Woodinout \u00a9 Montessori leksaker SHOP","description":"Perfekt till\u00e4gg till din Montessori hemskola - korth\u00e5llare stativ. Naturligt, milj\u00f6v\u00e4nligt och elegant f\u00f6r minimal livsstil.","robots":{"index":"index","follow":"follow","max-snippet":"max-snippet:-1","max-image-preview":"max-image-preview:large","max-video-preview":"max-video-preview:-1"},"canonical":"https:\/\/woodinout.net\/sv\/product\/kort-stativ\/","og_locale":"sv_SE","og_type":"article","og_title":"Kort st\u00e5r - Woodinout \u00a9 Montessori leksaker SHOP","og_description":"Perfekt till\u00e4gg till din Montessori hemskola - korth\u00e5llare stativ. Naturligt, milj\u00f6v\u00e4nligt och elegant f\u00f6r minimal livsstil.","og_url":"https:\/\/woodinout.net\/sv\/product\/kort-stativ\/","og_site_name":"Woodinout \u00a9","article_modified_time":"2022-04-19T13:20:30+00:00","og_image":[{"width":1706,"height":2560,"url":"https:\/\/woodinout.net\/wp-content\/uploads\/2021\/03\/Cards_stand.jpg","type":"image\/jpeg"}],"twitter_card":"summary_large_image","schema":{"@context":"https:\/\/schema.org","@graph":[{"@type":"WebPage","@id":"https:\/\/woodinout.net\/sv\/product\/kort-stativ\/","url":"https:\/\/woodinout.net\/sv\/product\/kort-stativ\/","name":"Kort st\u00e5r - Woodinout \u00a9 Montessori leksaker SHOP","isPartOf":{"@id":"https:\/\/woodinout.net\/sv\/#website"},"datePublished":"2021-03-21T19:32:28+00:00","dateModified":"2022-04-19T13:20:30+00:00","description":"Perfekt till\u00e4gg till din Montessori hemskola - korth\u00e5llare stativ. Naturligt, milj\u00f6v\u00e4nligt och elegant f\u00f6r minimal livsstil.","breadcrumb":{"@id":"https:\/\/woodinout.net\/sv\/product\/kort-stativ\/#breadcrumb"},"inLanguage":"sv-SE","potentialAction":[{"@type":"ReadAction","target":["https:\/\/woodinout.net\/sv\/product\/kort-stativ\/"]}]},{"@type":"BreadcrumbList","@id":"https:\/\/woodinout.net\/sv\/product\/kort-stativ\/#breadcrumb","itemListElement":[{"@type":"ListItem","position":1,"name":"Home","item":"https:\/\/woodinout.net\/sv\/"},{"@type":"ListItem","position":2,"name":"Shop","item":"https:\/\/woodinout.net\/shop\/"},{"@type":"ListItem","position":3,"name":"Kort st\u00e5r"}]},{"@type":"WebSite","@id":"https:\/\/woodinout.net\/sv\/#website","url":"https:\/\/woodinout.net\/sv\/","name":"Woodinout \u00a9","description":"Wooden Montessori toys, gifts, home and events decor details","potentialAction":[{"@type":"SearchAction","target":{"@type":"EntryPoint","urlTemplate":"https:\/\/woodinout.net\/sv\/?s={search_term_string}"},"query-input":"required name=search_term_string"}],"inLanguage":"sv-SE"}]}},"_links":{"self":[{"href":"https:\/\/woodinout.net\/sv\/wp-json\/wp\/v2\/product\/21838"}],"collection":[{"href":"https:\/\/woodinout.net\/sv\/wp-json\/wp\/v2\/product"}],"about":[{"href":"https:\/\/woodinout.net\/sv\/wp-json\/wp\/v2\/types\/product"}],"wp:featuredmedia":[{"embeddable":true,"href":"https:\/\/woodinout.net\/sv\/wp-json\/wp\/v2\/media\/20300"}],"wp:attachment":[{"href":"https:\/\/woodinout.net\/sv\/wp-json\/wp\/v2\/media?parent=21838"}],"wp:term":[{"taxonomy":"product_cat","embeddable":true,"href":"https:\/\/woodinout.net\/sv\/wp-json\/wp\/v2\/product_cat?post=21838"},{"taxonomy":"product_tag","embeddable":true,"href":"https:\/\/woodinout.net\/sv\/wp-json\/wp\/v2\/product_tag?post=21838"}],"curies":[{"name":"wp","href":"https:\/\/api.w.org\/{rel}","templated":true}]}}