{"id":21835,"date":"2020-06-30T23:36:25","date_gmt":"2020-06-30T20:36:25","guid":{"rendered":"https:\/\/woodinout.net\/product\/sma-trabollar\/"},"modified":"2022-04-28T11:14:44","modified_gmt":"2022-04-28T08:14:44","slug":"naturliga-trabollar","status":"publish","type":"product","link":"https:\/\/woodinout.net\/sv\/product\/naturliga-trabollar\/","title":{"rendered":"Sm\u00e5 tr\u00e4bollar"},"content":{"rendered":"<p>Handgjorda, milj\u00f6v\u00e4nliga, NATURLIGA sm\u00e5 tr\u00e4bollar &#8211; detta \u00e4r till\u00e4gg till v\u00e5ra Waldorf &amp; Montessori-inspirerade leksaker. Tr\u00e4p\u00e4rlor ser inte bara snygga ut, men har m\u00e5nga syften: Att l\u00e4ra sig siffror och r\u00e4kna med p\u00e4rlor \u00e4r ROLIGT &amp; L\u00c4TT. Kan en enkel tr\u00e4boll vara pedagogiska leksaker? L\u00e4r du dig spel? JA och barn kommer inte ens att m\u00e4rka att de spelar &amp; L\u00c4RANDE. Lek, touch, sortera, r\u00e4kna &#8211; naturliga Montessori leksaker i tr\u00e4 \u00e4r h\u00e4r f\u00f6r att h\u00e5lla dig upptagen ett tag. Var fri att anv\u00e4nda bollarna separat eller kombinera dem med v\u00e5ra milj\u00f6v\u00e4nliga <a href=\"http:\/\/woodinout.net\/product-tag\/math-manipulatives\/\">matematiska manipulativa.<\/a><\/p>\n<p>Vi skapar v\u00e5ra pedagogiska spel &amp;leksaker med k\u00e4rlek och passion. Vi bryr oss lika mycket om dem som f\u00f6r v\u00e5ra kunder, var v\u00e4lkomna att meddela oss. Bli en del av v\u00e5r familj och f\u00f6rverkliga din egen milj\u00f6v\u00e4nliga dr\u00f6m.<\/p>\n<div style=\"width: 1080px;\" class=\"wp-video\"><!--[if lt IE 9]><script>document.createElement('video');<\/script><![endif]-->\n<video class=\"wp-video-shortcode\" id=\"video-21835-1\" width=\"1080\" height=\"810\" preload=\"metadata\" controls=\"controls\"><source type=\"video\/mp4\" src=\"http:\/\/woodinout.net\/wp-content\/uploads\/2020\/06\/MEDINIS_8.mp4?_=1\" \/><a href=\"http:\/\/woodinout.net\/wp-content\/uploads\/2020\/06\/MEDINIS_8.mp4\">http:\/\/woodinout.net\/wp-content\/uploads\/2020\/06\/MEDINIS_8.mp4<\/a><\/video><\/div>\n<h3>M\u00c5TT:<\/h3>\n<ul>\n<li>0.05 inches dia<\/li>\n<\/ul>\n<h3>F\u00c4RGER OCH MATERIAL:<\/h3>\n<ul>\n<li>F\u00e4rg: naturlig, brun<\/li>\n<li>Leksaken \u00e4r tillverkad av naturligt TR\u00c4.<\/li>\n<\/ul>\n<p>Observera att f\u00e4rgerna kan variera beroende p\u00e5 inst\u00e4llningar f\u00f6r datorsk\u00e4rmar och ljusning.<\/p>\n<p>\u00a9 Woodinout. Alla r\u00e4ttigheter f\u00f6rbeh\u00e5llna.<\/p>\n","protected":false},"excerpt":{"rendered":"<p>Handgjorda, milj\u00f6v\u00e4nliga, NATURLIGA sm\u00e5 tr\u00e4bollar &#8211; detta \u00e4r till\u00e4gg till v\u00e5ra Waldorf &amp; Montessori-inspirerade leksaker. Tr\u00e4p\u00e4rlor ser inte bara snygga ut, men har m\u00e5nga syften: Att l\u00e4ra sig siffror och r\u00e4kna med p\u00e4rlor \u00e4r ROLIGT &amp; L\u00c4TT. Kan en enkel tr\u00e4boll vara pedagogiska leksaker? L\u00e4r du dig spel? JA och barn kommer inte ens att [&hellip;]<\/p>\n","protected":false},"featured_media":18388,"template":"","meta":{"_monsterinsights_skip_tracking":false,"_monsterinsights_sitenote_active":false,"_monsterinsights_sitenote_note":"","_monsterinsights_sitenote_category":0},"product_cat":[1469,1437,1428],"product_tag":[1491,1486,1482,1606,1475,1456,1466,2375,1446,2376],"yoast_head":"<!-- This site is optimized with the Yoast SEO plugin v22.1 - https:\/\/yoast.com\/wordpress\/plugins\/seo\/ -->\n<title>Sm\u00e5 tr\u00e4bollar - Woodinout \u00a9 Montessori leksaker<\/title>\n<meta name=\"description\" content=\"Handgjorda, milj\u00f6v\u00e4nliga, NATURLIGA sm\u00e5 tr\u00e4bollar - detta \u00e4r till\u00e4gg till v\u00e5ra Waldorf &amp; Montessori-inspirerade leksaker. R\u00e4kna, sortera, r\u00f6ra - Spela!\" \/>\n<meta name=\"robots\" content=\"index, follow, max-snippet:-1, max-image-preview:large, max-video-preview:-1\" \/>\n<link rel=\"canonical\" href=\"https:\/\/woodinout.net\/sv\/product\/naturliga-trabollar\/\" \/>\n<meta property=\"og:locale\" content=\"sv_SE\" \/>\n<meta property=\"og:type\" content=\"article\" \/>\n<meta property=\"og:title\" content=\"Sm\u00e5 tr\u00e4bollar - Woodinout \u00a9 Montessori leksaker\" \/>\n<meta property=\"og:description\" content=\"Handgjorda, milj\u00f6v\u00e4nliga, NATURLIGA sm\u00e5 tr\u00e4bollar - detta \u00e4r till\u00e4gg till v\u00e5ra Waldorf &amp; Montessori-inspirerade leksaker. R\u00e4kna, sortera, r\u00f6ra - Spela!\" \/>\n<meta property=\"og:url\" content=\"https:\/\/woodinout.net\/sv\/product\/naturliga-trabollar\/\" \/>\n<meta property=\"og:site_name\" content=\"Woodinout \u00a9\" \/>\n<meta property=\"article:modified_time\" content=\"2022-04-28T08:14:44+00:00\" \/>\n<meta property=\"og:image\" content=\"https:\/\/woodinout.net\/wp-content\/uploads\/2020\/06\/Natural-Wooden-beads.jpg\" \/>\n\t<meta property=\"og:image:width\" content=\"853\" \/>\n\t<meta property=\"og:image:height\" content=\"1280\" \/>\n\t<meta property=\"og:image:type\" content=\"image\/jpeg\" \/>\n<meta name=\"twitter:card\" content=\"summary_large_image\" \/>\n<meta name=\"twitter:label1\" content=\"Ber\u00e4knad l\u00e4stid\" \/>\n\t<meta name=\"twitter:data1\" content=\"1 minut\" \/>\n<script type=\"application\/ld+json\" class=\"yoast-schema-graph\">{\"@context\":\"https:\/\/schema.org\",\"@graph\":[{\"@type\":\"WebPage\",\"@id\":\"https:\/\/woodinout.net\/sv\/product\/naturliga-trabollar\/\",\"url\":\"https:\/\/woodinout.net\/sv\/product\/naturliga-trabollar\/\",\"name\":\"Sm\u00e5 tr\u00e4bollar - Woodinout \u00a9 Montessori leksaker\",\"isPartOf\":{\"@id\":\"https:\/\/woodinout.net\/sv\/#website\"},\"datePublished\":\"2020-06-30T20:36:25+00:00\",\"dateModified\":\"2022-04-28T08:14:44+00:00\",\"description\":\"Handgjorda, milj\u00f6v\u00e4nliga, NATURLIGA sm\u00e5 tr\u00e4bollar - detta \u00e4r till\u00e4gg till v\u00e5ra Waldorf & Montessori-inspirerade leksaker. R\u00e4kna, sortera, r\u00f6ra - Spela!\",\"breadcrumb\":{\"@id\":\"https:\/\/woodinout.net\/sv\/product\/naturliga-trabollar\/#breadcrumb\"},\"inLanguage\":\"sv-SE\",\"potentialAction\":[{\"@type\":\"ReadAction\",\"target\":[\"https:\/\/woodinout.net\/sv\/product\/naturliga-trabollar\/\"]}]},{\"@type\":\"BreadcrumbList\",\"@id\":\"https:\/\/woodinout.net\/sv\/product\/naturliga-trabollar\/#breadcrumb\",\"itemListElement\":[{\"@type\":\"ListItem\",\"position\":1,\"name\":\"Home\",\"item\":\"https:\/\/woodinout.net\/sv\/\"},{\"@type\":\"ListItem\",\"position\":2,\"name\":\"Shop\",\"item\":\"https:\/\/woodinout.net\/shop\/\"},{\"@type\":\"ListItem\",\"position\":3,\"name\":\"Sm\u00e5 tr\u00e4bollar\"}]},{\"@type\":\"WebSite\",\"@id\":\"https:\/\/woodinout.net\/sv\/#website\",\"url\":\"https:\/\/woodinout.net\/sv\/\",\"name\":\"Woodinout \u00a9\",\"description\":\"Wooden Montessori toys, gifts, home and events decor details\",\"potentialAction\":[{\"@type\":\"SearchAction\",\"target\":{\"@type\":\"EntryPoint\",\"urlTemplate\":\"https:\/\/woodinout.net\/sv\/?s={search_term_string}\"},\"query-input\":\"required name=search_term_string\"}],\"inLanguage\":\"sv-SE\"}]}<\/script>\n<!-- \/ Yoast SEO plugin. -->","yoast_head_json":{"title":"Sm\u00e5 tr\u00e4bollar - Woodinout \u00a9 Montessori leksaker","description":"Handgjorda, milj\u00f6v\u00e4nliga, NATURLIGA sm\u00e5 tr\u00e4bollar - detta \u00e4r till\u00e4gg till v\u00e5ra Waldorf & Montessori-inspirerade leksaker. R\u00e4kna, sortera, r\u00f6ra - Spela!","robots":{"index":"index","follow":"follow","max-snippet":"max-snippet:-1","max-image-preview":"max-image-preview:large","max-video-preview":"max-video-preview:-1"},"canonical":"https:\/\/woodinout.net\/sv\/product\/naturliga-trabollar\/","og_locale":"sv_SE","og_type":"article","og_title":"Sm\u00e5 tr\u00e4bollar - Woodinout \u00a9 Montessori leksaker","og_description":"Handgjorda, milj\u00f6v\u00e4nliga, NATURLIGA sm\u00e5 tr\u00e4bollar - detta \u00e4r till\u00e4gg till v\u00e5ra Waldorf & Montessori-inspirerade leksaker. R\u00e4kna, sortera, r\u00f6ra - Spela!","og_url":"https:\/\/woodinout.net\/sv\/product\/naturliga-trabollar\/","og_site_name":"Woodinout \u00a9","article_modified_time":"2022-04-28T08:14:44+00:00","og_image":[{"width":853,"height":1280,"url":"https:\/\/woodinout.net\/wp-content\/uploads\/2020\/06\/Natural-Wooden-beads.jpg","type":"image\/jpeg"}],"twitter_card":"summary_large_image","twitter_misc":{"Ber\u00e4knad l\u00e4stid":"1 minut"},"schema":{"@context":"https:\/\/schema.org","@graph":[{"@type":"WebPage","@id":"https:\/\/woodinout.net\/sv\/product\/naturliga-trabollar\/","url":"https:\/\/woodinout.net\/sv\/product\/naturliga-trabollar\/","name":"Sm\u00e5 tr\u00e4bollar - Woodinout \u00a9 Montessori leksaker","isPartOf":{"@id":"https:\/\/woodinout.net\/sv\/#website"},"datePublished":"2020-06-30T20:36:25+00:00","dateModified":"2022-04-28T08:14:44+00:00","description":"Handgjorda, milj\u00f6v\u00e4nliga, NATURLIGA sm\u00e5 tr\u00e4bollar - detta \u00e4r till\u00e4gg till v\u00e5ra Waldorf & Montessori-inspirerade leksaker. R\u00e4kna, sortera, r\u00f6ra - Spela!","breadcrumb":{"@id":"https:\/\/woodinout.net\/sv\/product\/naturliga-trabollar\/#breadcrumb"},"inLanguage":"sv-SE","potentialAction":[{"@type":"ReadAction","target":["https:\/\/woodinout.net\/sv\/product\/naturliga-trabollar\/"]}]},{"@type":"BreadcrumbList","@id":"https:\/\/woodinout.net\/sv\/product\/naturliga-trabollar\/#breadcrumb","itemListElement":[{"@type":"ListItem","position":1,"name":"Home","item":"https:\/\/woodinout.net\/sv\/"},{"@type":"ListItem","position":2,"name":"Shop","item":"https:\/\/woodinout.net\/shop\/"},{"@type":"ListItem","position":3,"name":"Sm\u00e5 tr\u00e4bollar"}]},{"@type":"WebSite","@id":"https:\/\/woodinout.net\/sv\/#website","url":"https:\/\/woodinout.net\/sv\/","name":"Woodinout \u00a9","description":"Wooden Montessori toys, gifts, home and events decor details","potentialAction":[{"@type":"SearchAction","target":{"@type":"EntryPoint","urlTemplate":"https:\/\/woodinout.net\/sv\/?s={search_term_string}"},"query-input":"required name=search_term_string"}],"inLanguage":"sv-SE"}]}},"_links":{"self":[{"href":"https:\/\/woodinout.net\/sv\/wp-json\/wp\/v2\/product\/21835"}],"collection":[{"href":"https:\/\/woodinout.net\/sv\/wp-json\/wp\/v2\/product"}],"about":[{"href":"https:\/\/woodinout.net\/sv\/wp-json\/wp\/v2\/types\/product"}],"wp:featuredmedia":[{"embeddable":true,"href":"https:\/\/woodinout.net\/sv\/wp-json\/wp\/v2\/media\/18388"}],"wp:attachment":[{"href":"https:\/\/woodinout.net\/sv\/wp-json\/wp\/v2\/media?parent=21835"}],"wp:term":[{"taxonomy":"product_cat","embeddable":true,"href":"https:\/\/woodinout.net\/sv\/wp-json\/wp\/v2\/product_cat?post=21835"},{"taxonomy":"product_tag","embeddable":true,"href":"https:\/\/woodinout.net\/sv\/wp-json\/wp\/v2\/product_tag?post=21835"}],"curies":[{"name":"wp","href":"https:\/\/api.w.org\/{rel}","templated":true}]}}