{"id":21834,"date":"2021-03-19T18:11:14","date_gmt":"2021-03-19T16:11:14","guid":{"rendered":"https:\/\/woodinout.net\/product\/couting-kit\/"},"modified":"2021-03-19T18:11:14","modified_gmt":"2021-03-19T16:11:14","slug":"couting-kit-2","status":"publish","type":"product","link":"https:\/\/woodinout.net\/sv\/product\/couting-kit-2\/","title":{"rendered":"Couting kit"},"content":{"rendered":"<p>Tr\u00e4 fem ramnummer och r\u00e4kna hemskola kit \u00e4r bland v\u00e5ra favorit Montessori r\u00e4kna set, och vi rekommenderar det starkt f\u00f6r pre k l\u00e4rande nummer och r\u00e4kna! F\u00f6rutom att st\u00e4rka finmotoriken har v\u00e5ra kunders barn haft f\u00e4rgsortering samt r\u00e4kna och hoppa \u00f6ver att r\u00e4kna praxis p\u00e5 denna tr\u00e4 Montessori 25 ram. H\u00e5llbara, m\u00e5ngsidiga och naturliga Montessori-r\u00e4knematerial i Woodinout shop.<\/p>\n<p>Huvudsats:<br \/>\n1 psc. 25 r\u00e4knetavla<br \/>\n1 psc. Fyrkantig tallrik<br \/>\n1 psc. Korth\u00e5llare<\/p>\n<p>Alternativ:<br \/>\nNaturlig tr\u00e4pinnebr\u00e4da<br \/>\nBrun oljad pegbr\u00e4da<br \/>\nNaturlig tr\u00e4pinnebr\u00e4da med siffror graverade 1-25<\/p>\n<p>F\u00c4RGER OCH MATERIAL<br \/>\nF\u00e4rg: naturlig och brunoljad.<br \/>\nLeksaken \u00e4r tillverkad av NATURLIGT MASSIVT TR\u00c4.<br \/>\nObservera att f\u00e4rgerna kan variera beroende p\u00e5 inst\u00e4llningar f\u00f6r datorsk\u00e4rmar och ljusning.<\/p>\n<p>DIMENSIONS-tavla<br \/>\nH\u00f6jd: 13 cm<br \/>\nL\u00e4ngd: 13 cm<br \/>\nTjocklek: 1,7 cm<br \/>\ntallrik:<br \/>\nH\u00f6jd: 12 cm<br \/>\nL\u00e4ngd: 12 cm<br \/>\nTjocklek: 1,7 cm<\/p>\n<p>L\u00e4gg till BOLLAR:<\/p>\n<p>F\u00e4rgad: https:\/\/woodinout.net\/product\/colored-wooden-balls\/<\/p>\n<p>Naturlig: https:\/\/woodinout.net\/product\/natural-wooden-balls\/<\/p>\n<p>L\u00e4gga till nummerkort: https:\/\/woodinout.net\/product\/wooden-number-blocks\/<\/p>\n<p>&nbsp;<\/p>\n","protected":false},"excerpt":{"rendered":"<p>Tr\u00e4 fem ramnummer och r\u00e4kna hemskola kit \u00e4r bland v\u00e5ra favorit Montessori r\u00e4kna set, och vi rekommenderar det starkt f\u00f6r pre k l\u00e4rande nummer och r\u00e4kna! F\u00f6rutom att st\u00e4rka finmotoriken har v\u00e5ra kunders barn haft f\u00e4rgsortering samt r\u00e4kna och hoppa \u00f6ver att r\u00e4kna praxis p\u00e5 denna tr\u00e4 Montessori 25 ram. H\u00e5llbara, m\u00e5ngsidiga och naturliga Montessori-r\u00e4knematerial [&hellip;]<\/p>\n","protected":false},"featured_media":19628,"template":"","meta":{"_monsterinsights_skip_tracking":false,"_monsterinsights_sitenote_active":false,"_monsterinsights_sitenote_note":"","_monsterinsights_sitenote_category":0},"product_cat":[1469,1428],"product_tag":[1491,1486,1482,1591,1593,1606,1475,1594,1456,1466,1921,1446],"yoast_head":"<!-- This site is optimized with the Yoast SEO plugin v22.1 - https:\/\/yoast.com\/wordpress\/plugins\/seo\/ -->\n<title>Couting kit - Woodinout \u00a9 Montessori leksaker<\/title>\n<meta name=\"description\" content=\"L\u00e4rande \u00e4r nu Fun &amp; Easy - Naturligt tr\u00e4 Matteleksaker f\u00f6r v\u00e4rdefull familjetid. 10 sorterings- och r\u00e4kningsplattor - mer L\u00e4r &amp; Spela s\u00e4tt.\" \/>\n<meta name=\"robots\" content=\"index, follow, max-snippet:-1, max-image-preview:large, max-video-preview:-1\" \/>\n<link rel=\"canonical\" href=\"https:\/\/woodinout.net\/sv\/product\/couting-kit-2\/\" \/>\n<meta property=\"og:locale\" content=\"sv_SE\" \/>\n<meta property=\"og:type\" content=\"article\" \/>\n<meta property=\"og:title\" content=\"Couting kit - Woodinout \u00a9 Montessori leksaker\" \/>\n<meta property=\"og:description\" content=\"L\u00e4rande \u00e4r nu Fun &amp; Easy - Naturligt tr\u00e4 Matteleksaker f\u00f6r v\u00e4rdefull familjetid. 10 sorterings- och r\u00e4kningsplattor - mer L\u00e4r &amp; Spela s\u00e4tt.\" \/>\n<meta property=\"og:url\" content=\"https:\/\/woodinout.net\/sv\/product\/couting-kit-2\/\" \/>\n<meta property=\"og:site_name\" content=\"Woodinout \u00a9\" \/>\n<meta property=\"og:image\" content=\"https:\/\/woodinout.net\/wp-content\/uploads\/2021\/03\/Couting_kit_1.jpg\" \/>\n\t<meta property=\"og:image:width\" content=\"1706\" \/>\n\t<meta property=\"og:image:height\" content=\"2560\" \/>\n\t<meta property=\"og:image:type\" content=\"image\/jpeg\" \/>\n<meta name=\"twitter:card\" content=\"summary_large_image\" \/>\n<meta name=\"twitter:label1\" content=\"Ber\u00e4knad l\u00e4stid\" \/>\n\t<meta name=\"twitter:data1\" content=\"1 minut\" \/>\n<script type=\"application\/ld+json\" class=\"yoast-schema-graph\">{\"@context\":\"https:\/\/schema.org\",\"@graph\":[{\"@type\":\"WebPage\",\"@id\":\"https:\/\/woodinout.net\/sv\/product\/couting-kit-2\/\",\"url\":\"https:\/\/woodinout.net\/sv\/product\/couting-kit-2\/\",\"name\":\"Couting kit - Woodinout \u00a9 Montessori leksaker\",\"isPartOf\":{\"@id\":\"https:\/\/woodinout.net\/sv\/#website\"},\"datePublished\":\"2021-03-19T16:11:14+00:00\",\"dateModified\":\"2021-03-19T16:11:14+00:00\",\"description\":\"L\u00e4rande \u00e4r nu Fun & Easy - Naturligt tr\u00e4 Matteleksaker f\u00f6r v\u00e4rdefull familjetid. 10 sorterings- och r\u00e4kningsplattor - mer L\u00e4r & Spela s\u00e4tt.\",\"breadcrumb\":{\"@id\":\"https:\/\/woodinout.net\/sv\/product\/couting-kit-2\/#breadcrumb\"},\"inLanguage\":\"sv-SE\",\"potentialAction\":[{\"@type\":\"ReadAction\",\"target\":[\"https:\/\/woodinout.net\/sv\/product\/couting-kit-2\/\"]}]},{\"@type\":\"BreadcrumbList\",\"@id\":\"https:\/\/woodinout.net\/sv\/product\/couting-kit-2\/#breadcrumb\",\"itemListElement\":[{\"@type\":\"ListItem\",\"position\":1,\"name\":\"Home\",\"item\":\"https:\/\/woodinout.net\/sv\/\"},{\"@type\":\"ListItem\",\"position\":2,\"name\":\"Shop\",\"item\":\"https:\/\/woodinout.net\/shop\/\"},{\"@type\":\"ListItem\",\"position\":3,\"name\":\"Couting kit\"}]},{\"@type\":\"WebSite\",\"@id\":\"https:\/\/woodinout.net\/sv\/#website\",\"url\":\"https:\/\/woodinout.net\/sv\/\",\"name\":\"Woodinout \u00a9\",\"description\":\"Wooden Montessori toys, gifts, home and events decor details\",\"potentialAction\":[{\"@type\":\"SearchAction\",\"target\":{\"@type\":\"EntryPoint\",\"urlTemplate\":\"https:\/\/woodinout.net\/sv\/?s={search_term_string}\"},\"query-input\":\"required name=search_term_string\"}],\"inLanguage\":\"sv-SE\"}]}<\/script>\n<!-- \/ Yoast SEO plugin. -->","yoast_head_json":{"title":"Couting kit - Woodinout \u00a9 Montessori leksaker","description":"L\u00e4rande \u00e4r nu Fun & Easy - Naturligt tr\u00e4 Matteleksaker f\u00f6r v\u00e4rdefull familjetid. 10 sorterings- och r\u00e4kningsplattor - mer L\u00e4r & Spela s\u00e4tt.","robots":{"index":"index","follow":"follow","max-snippet":"max-snippet:-1","max-image-preview":"max-image-preview:large","max-video-preview":"max-video-preview:-1"},"canonical":"https:\/\/woodinout.net\/sv\/product\/couting-kit-2\/","og_locale":"sv_SE","og_type":"article","og_title":"Couting kit - Woodinout \u00a9 Montessori leksaker","og_description":"L\u00e4rande \u00e4r nu Fun & Easy - Naturligt tr\u00e4 Matteleksaker f\u00f6r v\u00e4rdefull familjetid. 10 sorterings- och r\u00e4kningsplattor - mer L\u00e4r & Spela s\u00e4tt.","og_url":"https:\/\/woodinout.net\/sv\/product\/couting-kit-2\/","og_site_name":"Woodinout \u00a9","og_image":[{"width":1706,"height":2560,"url":"https:\/\/woodinout.net\/wp-content\/uploads\/2021\/03\/Couting_kit_1.jpg","type":"image\/jpeg"}],"twitter_card":"summary_large_image","twitter_misc":{"Ber\u00e4knad l\u00e4stid":"1 minut"},"schema":{"@context":"https:\/\/schema.org","@graph":[{"@type":"WebPage","@id":"https:\/\/woodinout.net\/sv\/product\/couting-kit-2\/","url":"https:\/\/woodinout.net\/sv\/product\/couting-kit-2\/","name":"Couting kit - Woodinout \u00a9 Montessori leksaker","isPartOf":{"@id":"https:\/\/woodinout.net\/sv\/#website"},"datePublished":"2021-03-19T16:11:14+00:00","dateModified":"2021-03-19T16:11:14+00:00","description":"L\u00e4rande \u00e4r nu Fun & Easy - Naturligt tr\u00e4 Matteleksaker f\u00f6r v\u00e4rdefull familjetid. 10 sorterings- och r\u00e4kningsplattor - mer L\u00e4r & Spela s\u00e4tt.","breadcrumb":{"@id":"https:\/\/woodinout.net\/sv\/product\/couting-kit-2\/#breadcrumb"},"inLanguage":"sv-SE","potentialAction":[{"@type":"ReadAction","target":["https:\/\/woodinout.net\/sv\/product\/couting-kit-2\/"]}]},{"@type":"BreadcrumbList","@id":"https:\/\/woodinout.net\/sv\/product\/couting-kit-2\/#breadcrumb","itemListElement":[{"@type":"ListItem","position":1,"name":"Home","item":"https:\/\/woodinout.net\/sv\/"},{"@type":"ListItem","position":2,"name":"Shop","item":"https:\/\/woodinout.net\/shop\/"},{"@type":"ListItem","position":3,"name":"Couting kit"}]},{"@type":"WebSite","@id":"https:\/\/woodinout.net\/sv\/#website","url":"https:\/\/woodinout.net\/sv\/","name":"Woodinout \u00a9","description":"Wooden Montessori toys, gifts, home and events decor details","potentialAction":[{"@type":"SearchAction","target":{"@type":"EntryPoint","urlTemplate":"https:\/\/woodinout.net\/sv\/?s={search_term_string}"},"query-input":"required name=search_term_string"}],"inLanguage":"sv-SE"}]}},"_links":{"self":[{"href":"https:\/\/woodinout.net\/sv\/wp-json\/wp\/v2\/product\/21834"}],"collection":[{"href":"https:\/\/woodinout.net\/sv\/wp-json\/wp\/v2\/product"}],"about":[{"href":"https:\/\/woodinout.net\/sv\/wp-json\/wp\/v2\/types\/product"}],"wp:featuredmedia":[{"embeddable":true,"href":"https:\/\/woodinout.net\/sv\/wp-json\/wp\/v2\/media\/19628"}],"wp:attachment":[{"href":"https:\/\/woodinout.net\/sv\/wp-json\/wp\/v2\/media?parent=21834"}],"wp:term":[{"taxonomy":"product_cat","embeddable":true,"href":"https:\/\/woodinout.net\/sv\/wp-json\/wp\/v2\/product_cat?post=21834"},{"taxonomy":"product_tag","embeddable":true,"href":"https:\/\/woodinout.net\/sv\/wp-json\/wp\/v2\/product_tag?post=21834"}],"curies":[{"name":"wp","href":"https:\/\/api.w.org\/{rel}","templated":true}]}}