{"id":21828,"date":"2020-06-29T23:14:46","date_gmt":"2020-06-29T20:14:46","guid":{"rendered":"https:\/\/woodinout.net\/product\/montessori-sandbricka\/"},"modified":"2022-04-28T09:46:48","modified_gmt":"2022-04-28T06:46:48","slug":"unik-sandbricka-by-montessori-waldorf-leksaker","status":"publish","type":"product","link":"https:\/\/woodinout.net\/sv\/product\/unik-sandbricka-by-montessori-waldorf-leksaker\/","title":{"rendered":"Montessori sandbricka"},"content":{"rendered":"<p>Original och unik Montessori sandbricka har m\u00e5nga syften:<\/p>\n<p>1. L\u00e4gg sand i den &#8211; l\u00e4gg till tr\u00e4bokst\u00e4ver i f\u00f6rv\u00e4g och fingersp\u00e5r alfabetet Montessori metod.<br \/>\n2. Fyll olika stenp\u00e4rlor l\u00e5da, l\u00e4gg till tr\u00e4nummerkort i f\u00f6rv\u00e4g &#8211; du kan sortera stenar eller l\u00e4gga dem i former av siffror.<br \/>\n3. Anv\u00e4nde den som p\u00e4rlbricka med r\u00e4knep\u00e4rlor. L\u00e4gg till 10 sm\u00e5 fingrar kort i f\u00f6rv\u00e4g och l\u00e5t barn v\u00e4lja hur m\u00e5nga p\u00e4rlor som l\u00e4ggs i brickan.<\/p>\n<p>Inspirerad av Montessori baby g\u00e5vor uppskattas v\u00e4l av f\u00f6r\u00e4ldrar, om du vill kan vi l\u00e4gga till PERSONALISERING \ud83d\ude42 Alla v\u00e5ra tr\u00e4leksaker \u00e4r handgjorda och milj\u00f6v\u00e4nliga f\u00f6r s\u00e4kert spelande och l\u00e4rande.<\/p>\n<p>Kit inneh\u00e5ller av:<br \/>\n1 st. bricka<\/p>\n<p>Du kan v\u00e4lja mellan 5 ALTERNATIV:<br \/>\nS: Endast fack<br \/>\nB: 26 st. tr\u00e4plywood bokst\u00e4ver kort, dimension: ~ 1,8 x 1,8 tum, tjocklek ~ 0,12 tum<br \/>\nC: 2&#215;26 st. tr\u00e4plywood bokst\u00e4ver kort, dimension: ~ 1,8 x 1,8 tum, tjocklek ~ 0,12 tum<br \/>\nD: 23 st.: tr\u00e4plywoodnummer 1-20 och 3 symboler(+-=) kort, dimension: ~ 1,8 x 1,8 tum, tjocklek ~ 0,12 tum<br \/>\nE: 10 st. plywoodkort med fingernummer bilder, dimension: ~ 1,8 x 1,8 tum, tjocklek ~ 0,12 tum<\/p>\n<p>OM DU BEH\u00d6VER ANDRA TYP ELLER YTTERLIGARE KORT KAN DU K\u00d6PA DET H\u00c4R:<br \/>\n<a href=\"https:\/\/woodinout.net\/product\/wooden-letters-alphabet-blocks\/\">26 st. tr\u00e4plywood bokst\u00e4ver kort, dimension: ~ 1,8 x 1,8 tum, tjocklek ~ 0,12 tum<\/a><br \/>\n<a href=\"https:\/\/woodinout.net\/product\/wooden-number-blocks\/\">23 st.: tr\u00e4plywoodnummer 1-20 och 3 symboler(+-=) kort, dimension: ~ 1,8 x 1,8 tum, tjocklek ~ 0,12 tum<\/a><br \/>\n<a href=\"https:\/\/woodinout.net\/product\/wooden-finger-counting-blocks\/\">10 st. plywoodkort med fingernummer bilder, dimension: ~ 1,8 x 1,8 tum, tjocklek ~ 0,12 tum<\/a><br \/>\n<a href=\"https:\/\/woodinout.net\/product\/wooden-counting-object-blocks\/\">10 st. plywoodkort med olika antal bilder, dimension: ~ 1,8 x 1,8 tum, tjocklek ~ 0,12 tum<\/a><\/p>\n<p>BR\u00c4DOR M\u00c5TT<br \/>\n6 x 10 tum<br \/>\nTjocklek: ~0.6 inches<\/p>\n<p>F\u00c4RGER OCH MATERIAL<br \/>\nBOARD F\u00e4rg: naturlig eller brun oljad. Kort\/block endast naturlig f\u00e4rg.<br \/>\nBr\u00e4dan \u00e4r tillverkad av NATURLIGT MASSIVT TR\u00c4.<br \/>\nObservera att f\u00e4rgerna kan variera beroende p\u00e5 inst\u00e4llningar f\u00f6r datorsk\u00e4rmar och ljusning.<\/p>\n<p>F\u00f6r fler id\u00e9er, f\u00f6lj oss p\u00e5 <a href=\"https:\/\/www.instagram.com\/woodinout\/\">INSTAGRAM<\/a> &amp; <a href=\"https:\/\/www.facebook.com\/Woodinout.net\">FACEBOOK<\/a><\/p>\n","protected":false},"excerpt":{"rendered":"<p>Original och unik Montessori sandbricka har m\u00e5nga syften: 1. L\u00e4gg sand i den &#8211; l\u00e4gg till tr\u00e4bokst\u00e4ver i f\u00f6rv\u00e4g och fingersp\u00e5r alfabetet Montessori metod. 2. Fyll olika stenp\u00e4rlor l\u00e5da, l\u00e4gg till tr\u00e4nummerkort i f\u00f6rv\u00e4g &#8211; du kan sortera stenar eller l\u00e4gga dem i former av siffror. 3. Anv\u00e4nde den som p\u00e4rlbricka med r\u00e4knep\u00e4rlor. L\u00e4gg till [&hellip;]<\/p>\n","protected":false},"featured_media":18252,"template":"","meta":{"_monsterinsights_skip_tracking":false,"_monsterinsights_sitenote_active":false,"_monsterinsights_sitenote_note":"","_monsterinsights_sitenote_category":0},"product_cat":[1442,1792,1428],"product_tag":[1491,1486,1582,1482,1513,1475,2372,1587,1456,1466,1520,1446],"yoast_head":"<!-- This site is optimized with the Yoast SEO plugin v22.1 - https:\/\/yoast.com\/wordpress\/plugins\/seo\/ -->\n<title>Montessori sandbricka - Woodinout \u00a9 Inl\u00e4rning leksaker butik<\/title>\n<meta name=\"description\" content=\"Montessori sandbricka har m\u00e5nga syften - l\u00e4ra sig, leka, l\u00e4gga f\u00f6rem\u00e5l, sp\u00e5rbokst\u00e4ver eller siffror och m\u00e5nga fler aktiviteter med en Montessori leksak.\" \/>\n<meta name=\"robots\" content=\"index, follow, max-snippet:-1, max-image-preview:large, max-video-preview:-1\" \/>\n<link rel=\"canonical\" href=\"https:\/\/woodinout.net\/sv\/product\/unik-sandbricka-by-montessori-waldorf-leksaker\/\" \/>\n<meta property=\"og:locale\" content=\"sv_SE\" \/>\n<meta property=\"og:type\" content=\"article\" \/>\n<meta property=\"og:title\" content=\"Montessori sandbricka - Woodinout \u00a9 Inl\u00e4rning leksaker butik\" \/>\n<meta property=\"og:description\" content=\"Montessori sandbricka har m\u00e5nga syften - l\u00e4ra sig, leka, l\u00e4gga f\u00f6rem\u00e5l, sp\u00e5rbokst\u00e4ver eller siffror och m\u00e5nga fler aktiviteter med en Montessori leksak.\" \/>\n<meta property=\"og:url\" content=\"https:\/\/woodinout.net\/sv\/product\/unik-sandbricka-by-montessori-waldorf-leksaker\/\" \/>\n<meta property=\"og:site_name\" content=\"Woodinout \u00a9\" \/>\n<meta property=\"article:modified_time\" content=\"2022-04-28T06:46:48+00:00\" \/>\n<meta property=\"og:image\" content=\"https:\/\/woodinout.net\/wp-content\/uploads\/2020\/06\/Unique-sand-tray-by-Montessori-Waldorf-toys-2.jpg\" \/>\n\t<meta property=\"og:image:width\" content=\"853\" \/>\n\t<meta property=\"og:image:height\" content=\"1280\" \/>\n\t<meta property=\"og:image:type\" content=\"image\/jpeg\" \/>\n<meta name=\"twitter:card\" content=\"summary_large_image\" \/>\n<meta name=\"twitter:label1\" content=\"Ber\u00e4knad l\u00e4stid\" \/>\n\t<meta name=\"twitter:data1\" content=\"2 minuter\" \/>\n<script type=\"application\/ld+json\" class=\"yoast-schema-graph\">{\"@context\":\"https:\/\/schema.org\",\"@graph\":[{\"@type\":\"WebPage\",\"@id\":\"https:\/\/woodinout.net\/sv\/product\/unik-sandbricka-by-montessori-waldorf-leksaker\/\",\"url\":\"https:\/\/woodinout.net\/sv\/product\/unik-sandbricka-by-montessori-waldorf-leksaker\/\",\"name\":\"Montessori sandbricka - Woodinout \u00a9 Inl\u00e4rning leksaker butik\",\"isPartOf\":{\"@id\":\"https:\/\/woodinout.net\/sv\/#website\"},\"datePublished\":\"2020-06-29T20:14:46+00:00\",\"dateModified\":\"2022-04-28T06:46:48+00:00\",\"description\":\"Montessori sandbricka har m\u00e5nga syften - l\u00e4ra sig, leka, l\u00e4gga f\u00f6rem\u00e5l, sp\u00e5rbokst\u00e4ver eller siffror och m\u00e5nga fler aktiviteter med en Montessori leksak.\",\"breadcrumb\":{\"@id\":\"https:\/\/woodinout.net\/sv\/product\/unik-sandbricka-by-montessori-waldorf-leksaker\/#breadcrumb\"},\"inLanguage\":\"sv-SE\",\"potentialAction\":[{\"@type\":\"ReadAction\",\"target\":[\"https:\/\/woodinout.net\/sv\/product\/unik-sandbricka-by-montessori-waldorf-leksaker\/\"]}]},{\"@type\":\"BreadcrumbList\",\"@id\":\"https:\/\/woodinout.net\/sv\/product\/unik-sandbricka-by-montessori-waldorf-leksaker\/#breadcrumb\",\"itemListElement\":[{\"@type\":\"ListItem\",\"position\":1,\"name\":\"Home\",\"item\":\"https:\/\/woodinout.net\/sv\/\"},{\"@type\":\"ListItem\",\"position\":2,\"name\":\"Shop\",\"item\":\"https:\/\/woodinout.net\/shop\/\"},{\"@type\":\"ListItem\",\"position\":3,\"name\":\"Montessori sandbricka\"}]},{\"@type\":\"WebSite\",\"@id\":\"https:\/\/woodinout.net\/sv\/#website\",\"url\":\"https:\/\/woodinout.net\/sv\/\",\"name\":\"Woodinout \u00a9\",\"description\":\"Wooden Montessori toys, gifts, home and events decor details\",\"potentialAction\":[{\"@type\":\"SearchAction\",\"target\":{\"@type\":\"EntryPoint\",\"urlTemplate\":\"https:\/\/woodinout.net\/sv\/?s={search_term_string}\"},\"query-input\":\"required name=search_term_string\"}],\"inLanguage\":\"sv-SE\"}]}<\/script>\n<!-- \/ Yoast SEO plugin. -->","yoast_head_json":{"title":"Montessori sandbricka - Woodinout \u00a9 Inl\u00e4rning leksaker butik","description":"Montessori sandbricka har m\u00e5nga syften - l\u00e4ra sig, leka, l\u00e4gga f\u00f6rem\u00e5l, sp\u00e5rbokst\u00e4ver eller siffror och m\u00e5nga fler aktiviteter med en Montessori leksak.","robots":{"index":"index","follow":"follow","max-snippet":"max-snippet:-1","max-image-preview":"max-image-preview:large","max-video-preview":"max-video-preview:-1"},"canonical":"https:\/\/woodinout.net\/sv\/product\/unik-sandbricka-by-montessori-waldorf-leksaker\/","og_locale":"sv_SE","og_type":"article","og_title":"Montessori sandbricka - Woodinout \u00a9 Inl\u00e4rning leksaker butik","og_description":"Montessori sandbricka har m\u00e5nga syften - l\u00e4ra sig, leka, l\u00e4gga f\u00f6rem\u00e5l, sp\u00e5rbokst\u00e4ver eller siffror och m\u00e5nga fler aktiviteter med en Montessori leksak.","og_url":"https:\/\/woodinout.net\/sv\/product\/unik-sandbricka-by-montessori-waldorf-leksaker\/","og_site_name":"Woodinout \u00a9","article_modified_time":"2022-04-28T06:46:48+00:00","og_image":[{"width":853,"height":1280,"url":"https:\/\/woodinout.net\/wp-content\/uploads\/2020\/06\/Unique-sand-tray-by-Montessori-Waldorf-toys-2.jpg","type":"image\/jpeg"}],"twitter_card":"summary_large_image","twitter_misc":{"Ber\u00e4knad l\u00e4stid":"2 minuter"},"schema":{"@context":"https:\/\/schema.org","@graph":[{"@type":"WebPage","@id":"https:\/\/woodinout.net\/sv\/product\/unik-sandbricka-by-montessori-waldorf-leksaker\/","url":"https:\/\/woodinout.net\/sv\/product\/unik-sandbricka-by-montessori-waldorf-leksaker\/","name":"Montessori sandbricka - Woodinout \u00a9 Inl\u00e4rning leksaker butik","isPartOf":{"@id":"https:\/\/woodinout.net\/sv\/#website"},"datePublished":"2020-06-29T20:14:46+00:00","dateModified":"2022-04-28T06:46:48+00:00","description":"Montessori sandbricka har m\u00e5nga syften - l\u00e4ra sig, leka, l\u00e4gga f\u00f6rem\u00e5l, sp\u00e5rbokst\u00e4ver eller siffror och m\u00e5nga fler aktiviteter med en Montessori leksak.","breadcrumb":{"@id":"https:\/\/woodinout.net\/sv\/product\/unik-sandbricka-by-montessori-waldorf-leksaker\/#breadcrumb"},"inLanguage":"sv-SE","potentialAction":[{"@type":"ReadAction","target":["https:\/\/woodinout.net\/sv\/product\/unik-sandbricka-by-montessori-waldorf-leksaker\/"]}]},{"@type":"BreadcrumbList","@id":"https:\/\/woodinout.net\/sv\/product\/unik-sandbricka-by-montessori-waldorf-leksaker\/#breadcrumb","itemListElement":[{"@type":"ListItem","position":1,"name":"Home","item":"https:\/\/woodinout.net\/sv\/"},{"@type":"ListItem","position":2,"name":"Shop","item":"https:\/\/woodinout.net\/shop\/"},{"@type":"ListItem","position":3,"name":"Montessori sandbricka"}]},{"@type":"WebSite","@id":"https:\/\/woodinout.net\/sv\/#website","url":"https:\/\/woodinout.net\/sv\/","name":"Woodinout \u00a9","description":"Wooden Montessori toys, gifts, home and events decor details","potentialAction":[{"@type":"SearchAction","target":{"@type":"EntryPoint","urlTemplate":"https:\/\/woodinout.net\/sv\/?s={search_term_string}"},"query-input":"required name=search_term_string"}],"inLanguage":"sv-SE"}]}},"_links":{"self":[{"href":"https:\/\/woodinout.net\/sv\/wp-json\/wp\/v2\/product\/21828"}],"collection":[{"href":"https:\/\/woodinout.net\/sv\/wp-json\/wp\/v2\/product"}],"about":[{"href":"https:\/\/woodinout.net\/sv\/wp-json\/wp\/v2\/types\/product"}],"wp:featuredmedia":[{"embeddable":true,"href":"https:\/\/woodinout.net\/sv\/wp-json\/wp\/v2\/media\/18252"}],"wp:attachment":[{"href":"https:\/\/woodinout.net\/sv\/wp-json\/wp\/v2\/media?parent=21828"}],"wp:term":[{"taxonomy":"product_cat","embeddable":true,"href":"https:\/\/woodinout.net\/sv\/wp-json\/wp\/v2\/product_cat?post=21828"},{"taxonomy":"product_tag","embeddable":true,"href":"https:\/\/woodinout.net\/sv\/wp-json\/wp\/v2\/product_tag?post=21828"}],"curies":[{"name":"wp","href":"https:\/\/api.w.org\/{rel}","templated":true}]}}