{"id":21827,"date":"2020-06-30T23:05:16","date_gmt":"2020-06-30T20:05:16","guid":{"rendered":"https:\/\/woodinout.net\/product\/fraktioner-som-lar-sig-leksak\/"},"modified":"2022-04-22T12:28:00","modified_gmt":"2022-04-22T09:28:00","slug":"montessori-math-fractions-learning-leksaker","status":"publish","type":"product","link":"https:\/\/woodinout.net\/sv\/product\/montessori-math-fractions-learning-leksaker\/","title":{"rendered":"Fraktioner som l\u00e4r sig leksak"},"content":{"rendered":"<h1>Fraktioner som l\u00e4r sig leksak<\/h1>\n<p>\u00e4r en av v\u00e5ra Tr\u00e4 Montessori matteleksaker. Detta \u00e4r vad vi g\u00f6r B\u00c4ST. Absolut snygg och korrekt handgjord med material av b\u00e4sta kvalitet. Tr\u00e4 l\u00e4rande matte spel f\u00f6r barn \u00e4r s\u00e4kert b\u00e4sta f\u00f6rskola matte g\u00e5vor f\u00f6r barn, lita p\u00e5 mig f\u00f6r\u00e4ldrar kommer att tacka dig. Helt enkelt som att tr\u00e4fraktioner l\u00e4rande leksak blir vinkel planar + fraktioner, siffror och r\u00e4kneverktyg f\u00f6r L\u00c4TT, ROLIGT &amp; V\u00c4RDEFULLT spel.<\/p>\n<p>Kit inneh\u00e5ller av:<br \/>\nTr\u00e4br\u00e4da<br \/>\n32 Fraktionerade bitar: 12 av 1\/12, 8 av 1\/8, 6 av 1\/6, 4 av 1\/4, 2 av 1\/2. (Plywood 0,12 tjocklek)<\/p>\n<p>M\u00c5TT<\/p>\n<p>Huvudtavla<br \/>\nDiameter: ~6 tum<br \/>\nTjocklek: ~0.6 inches<\/p>\n<p>F\u00c4RGER OCH MATERIAL<br \/>\nF\u00e4rg: m\u00f6rkbrun och naturlig oljad.<br \/>\nLeksaken \u00e4r tillverkad av NATURLIGT MASSIVT TR\u00c4 och plywood.<br \/>\nObservera att f\u00e4rgerna kan variera beroende p\u00e5 inst\u00e4llningar f\u00f6r datorsk\u00e4rmar och ljusning.<\/p>\n","protected":false},"excerpt":{"rendered":"<p>Fraktioner som l\u00e4r sig leksak \u00e4r en av v\u00e5ra Tr\u00e4 Montessori matteleksaker. Detta \u00e4r vad vi g\u00f6r B\u00c4ST. Absolut snygg och korrekt handgjord med material av b\u00e4sta kvalitet. Tr\u00e4 l\u00e4rande matte spel f\u00f6r barn \u00e4r s\u00e4kert b\u00e4sta f\u00f6rskola matte g\u00e5vor f\u00f6r barn, lita p\u00e5 mig f\u00f6r\u00e4ldrar kommer att tacka dig. Helt enkelt som att tr\u00e4fraktioner [&hellip;]<\/p>\n","protected":false},"featured_media":18332,"template":"","meta":{"_monsterinsights_skip_tracking":false,"_monsterinsights_sitenote_active":false,"_monsterinsights_sitenote_note":"","_monsterinsights_sitenote_category":0},"product_cat":[1469,1428],"product_tag":[1491,1486,2366,2367,1482,1591,1593,1606,1475,1456,1466,1446],"yoast_head":"<!-- This site is optimized with the Yoast SEO plugin v22.1 - https:\/\/yoast.com\/wordpress\/plugins\/seo\/ -->\n<title>Fraktioner som l\u00e4r sig leksak - Woodinout \u00a9 Montessori leksaker<\/title>\n<meta name=\"description\" content=\"Tr\u00e4fraktioner som l\u00e4r sig leksak blir vinkelplanka + fraktioner, siffror och r\u00e4kneverktyg f\u00f6r ENKELT, ROLIGT &amp; V\u00c4RDEFULLT spelande.\" \/>\n<meta name=\"robots\" content=\"index, follow, max-snippet:-1, max-image-preview:large, max-video-preview:-1\" \/>\n<link rel=\"canonical\" href=\"https:\/\/woodinout.net\/sv\/product\/montessori-math-fractions-learning-leksaker\/\" \/>\n<meta property=\"og:locale\" content=\"sv_SE\" \/>\n<meta property=\"og:type\" content=\"article\" \/>\n<meta property=\"og:title\" content=\"Fraktioner som l\u00e4r sig leksak - Woodinout \u00a9 Montessori leksaker\" \/>\n<meta property=\"og:description\" content=\"Tr\u00e4fraktioner som l\u00e4r sig leksak blir vinkelplanka + fraktioner, siffror och r\u00e4kneverktyg f\u00f6r ENKELT, ROLIGT &amp; V\u00c4RDEFULLT spelande.\" \/>\n<meta property=\"og:url\" content=\"https:\/\/woodinout.net\/sv\/product\/montessori-math-fractions-learning-leksaker\/\" \/>\n<meta property=\"og:site_name\" content=\"Woodinout \u00a9\" \/>\n<meta property=\"article:modified_time\" content=\"2022-04-22T09:28:00+00:00\" \/>\n<meta property=\"og:image\" content=\"https:\/\/woodinout.net\/wp-content\/uploads\/2020\/06\/Montessori-math-fractions-learning-toys-1.jpg\" \/>\n\t<meta property=\"og:image:width\" content=\"853\" \/>\n\t<meta property=\"og:image:height\" content=\"1280\" \/>\n\t<meta property=\"og:image:type\" content=\"image\/jpeg\" \/>\n<meta name=\"twitter:card\" content=\"summary_large_image\" \/>\n<meta name=\"twitter:label1\" content=\"Ber\u00e4knad l\u00e4stid\" \/>\n\t<meta name=\"twitter:data1\" content=\"1 minut\" \/>\n<script type=\"application\/ld+json\" class=\"yoast-schema-graph\">{\"@context\":\"https:\/\/schema.org\",\"@graph\":[{\"@type\":\"WebPage\",\"@id\":\"https:\/\/woodinout.net\/sv\/product\/montessori-math-fractions-learning-leksaker\/\",\"url\":\"https:\/\/woodinout.net\/sv\/product\/montessori-math-fractions-learning-leksaker\/\",\"name\":\"Fraktioner som l\u00e4r sig leksak - Woodinout \u00a9 Montessori leksaker\",\"isPartOf\":{\"@id\":\"https:\/\/woodinout.net\/sv\/#website\"},\"datePublished\":\"2020-06-30T20:05:16+00:00\",\"dateModified\":\"2022-04-22T09:28:00+00:00\",\"description\":\"Tr\u00e4fraktioner som l\u00e4r sig leksak blir vinkelplanka + fraktioner, siffror och r\u00e4kneverktyg f\u00f6r ENKELT, ROLIGT & V\u00c4RDEFULLT spelande.\",\"breadcrumb\":{\"@id\":\"https:\/\/woodinout.net\/sv\/product\/montessori-math-fractions-learning-leksaker\/#breadcrumb\"},\"inLanguage\":\"sv-SE\",\"potentialAction\":[{\"@type\":\"ReadAction\",\"target\":[\"https:\/\/woodinout.net\/sv\/product\/montessori-math-fractions-learning-leksaker\/\"]}]},{\"@type\":\"BreadcrumbList\",\"@id\":\"https:\/\/woodinout.net\/sv\/product\/montessori-math-fractions-learning-leksaker\/#breadcrumb\",\"itemListElement\":[{\"@type\":\"ListItem\",\"position\":1,\"name\":\"Home\",\"item\":\"https:\/\/woodinout.net\/sv\/\"},{\"@type\":\"ListItem\",\"position\":2,\"name\":\"Shop\",\"item\":\"https:\/\/woodinout.net\/shop\/\"},{\"@type\":\"ListItem\",\"position\":3,\"name\":\"Fraktioner som l\u00e4r sig leksak\"}]},{\"@type\":\"WebSite\",\"@id\":\"https:\/\/woodinout.net\/sv\/#website\",\"url\":\"https:\/\/woodinout.net\/sv\/\",\"name\":\"Woodinout \u00a9\",\"description\":\"Wooden Montessori toys, gifts, home and events decor details\",\"potentialAction\":[{\"@type\":\"SearchAction\",\"target\":{\"@type\":\"EntryPoint\",\"urlTemplate\":\"https:\/\/woodinout.net\/sv\/?s={search_term_string}\"},\"query-input\":\"required name=search_term_string\"}],\"inLanguage\":\"sv-SE\"}]}<\/script>\n<!-- \/ Yoast SEO plugin. -->","yoast_head_json":{"title":"Fraktioner som l\u00e4r sig leksak - Woodinout \u00a9 Montessori leksaker","description":"Tr\u00e4fraktioner som l\u00e4r sig leksak blir vinkelplanka + fraktioner, siffror och r\u00e4kneverktyg f\u00f6r ENKELT, ROLIGT & V\u00c4RDEFULLT spelande.","robots":{"index":"index","follow":"follow","max-snippet":"max-snippet:-1","max-image-preview":"max-image-preview:large","max-video-preview":"max-video-preview:-1"},"canonical":"https:\/\/woodinout.net\/sv\/product\/montessori-math-fractions-learning-leksaker\/","og_locale":"sv_SE","og_type":"article","og_title":"Fraktioner som l\u00e4r sig leksak - Woodinout \u00a9 Montessori leksaker","og_description":"Tr\u00e4fraktioner som l\u00e4r sig leksak blir vinkelplanka + fraktioner, siffror och r\u00e4kneverktyg f\u00f6r ENKELT, ROLIGT & V\u00c4RDEFULLT spelande.","og_url":"https:\/\/woodinout.net\/sv\/product\/montessori-math-fractions-learning-leksaker\/","og_site_name":"Woodinout \u00a9","article_modified_time":"2022-04-22T09:28:00+00:00","og_image":[{"width":853,"height":1280,"url":"https:\/\/woodinout.net\/wp-content\/uploads\/2020\/06\/Montessori-math-fractions-learning-toys-1.jpg","type":"image\/jpeg"}],"twitter_card":"summary_large_image","twitter_misc":{"Ber\u00e4knad l\u00e4stid":"1 minut"},"schema":{"@context":"https:\/\/schema.org","@graph":[{"@type":"WebPage","@id":"https:\/\/woodinout.net\/sv\/product\/montessori-math-fractions-learning-leksaker\/","url":"https:\/\/woodinout.net\/sv\/product\/montessori-math-fractions-learning-leksaker\/","name":"Fraktioner som l\u00e4r sig leksak - Woodinout \u00a9 Montessori leksaker","isPartOf":{"@id":"https:\/\/woodinout.net\/sv\/#website"},"datePublished":"2020-06-30T20:05:16+00:00","dateModified":"2022-04-22T09:28:00+00:00","description":"Tr\u00e4fraktioner som l\u00e4r sig leksak blir vinkelplanka + fraktioner, siffror och r\u00e4kneverktyg f\u00f6r ENKELT, ROLIGT & V\u00c4RDEFULLT spelande.","breadcrumb":{"@id":"https:\/\/woodinout.net\/sv\/product\/montessori-math-fractions-learning-leksaker\/#breadcrumb"},"inLanguage":"sv-SE","potentialAction":[{"@type":"ReadAction","target":["https:\/\/woodinout.net\/sv\/product\/montessori-math-fractions-learning-leksaker\/"]}]},{"@type":"BreadcrumbList","@id":"https:\/\/woodinout.net\/sv\/product\/montessori-math-fractions-learning-leksaker\/#breadcrumb","itemListElement":[{"@type":"ListItem","position":1,"name":"Home","item":"https:\/\/woodinout.net\/sv\/"},{"@type":"ListItem","position":2,"name":"Shop","item":"https:\/\/woodinout.net\/shop\/"},{"@type":"ListItem","position":3,"name":"Fraktioner som l\u00e4r sig leksak"}]},{"@type":"WebSite","@id":"https:\/\/woodinout.net\/sv\/#website","url":"https:\/\/woodinout.net\/sv\/","name":"Woodinout \u00a9","description":"Wooden Montessori toys, gifts, home and events decor details","potentialAction":[{"@type":"SearchAction","target":{"@type":"EntryPoint","urlTemplate":"https:\/\/woodinout.net\/sv\/?s={search_term_string}"},"query-input":"required name=search_term_string"}],"inLanguage":"sv-SE"}]}},"_links":{"self":[{"href":"https:\/\/woodinout.net\/sv\/wp-json\/wp\/v2\/product\/21827"}],"collection":[{"href":"https:\/\/woodinout.net\/sv\/wp-json\/wp\/v2\/product"}],"about":[{"href":"https:\/\/woodinout.net\/sv\/wp-json\/wp\/v2\/types\/product"}],"wp:featuredmedia":[{"embeddable":true,"href":"https:\/\/woodinout.net\/sv\/wp-json\/wp\/v2\/media\/18332"}],"wp:attachment":[{"href":"https:\/\/woodinout.net\/sv\/wp-json\/wp\/v2\/media?parent=21827"}],"wp:term":[{"taxonomy":"product_cat","embeddable":true,"href":"https:\/\/woodinout.net\/sv\/wp-json\/wp\/v2\/product_cat?post=21827"},{"taxonomy":"product_tag","embeddable":true,"href":"https:\/\/woodinout.net\/sv\/wp-json\/wp\/v2\/product_tag?post=21827"}],"curies":[{"name":"wp","href":"https:\/\/api.w.org\/{rel}","templated":true}]}}