{"id":21824,"date":"2021-03-14T22:09:04","date_gmt":"2021-03-14T20:09:04","guid":{"rendered":"https:\/\/woodinout.net\/product\/kanslor-cirkel\/"},"modified":"2022-04-28T11:48:02","modified_gmt":"2022-04-28T08:48:02","slug":"kanslor-cirkel","status":"publish","type":"product","link":"https:\/\/woodinout.net\/sv\/product\/kanslor-cirkel\/","title":{"rendered":"K\u00e4nslor cirkel"},"content":{"rendered":"<p>Barnk\u00e4nslor diagram handgjorda av tr\u00e4 &#8211; skapad f\u00f6r dem, som bryr sig och f\u00f6rst\u00e5r hur barn Psykisk h\u00e4lsa \u00e4r viktigt nuf\u00f6rtiden. Ta bara k\u00e4nslok\u00e4nslorhjulet och l\u00e5t barnet st\u00e4lla in pilen p\u00e5 sin k\u00e4nsla. Det \u00e4r enkelt eftersom hjulet \u00e4r visuellt. Diskutera och g\u00e5 vidare till n\u00e4sta eller hitta motsatsen eller visa den i ansiktet eller rita den &#8230; M\u00f6jligheterna \u00e4r o\u00e4ndliga. V\u00e5ra Montessori leksaker \u00e4r h\u00e5llbara, tillverkade av naturmaterial &#8211; s\u00e4kra f\u00f6r barn i alla \u00e5ldrar.<\/p>\n<p>M\u00c5TT<br \/>\nDiameter: ~6.9 inches (17.5cm)<br \/>\nTjocklek: ~0.6 inches (1.5cm)<\/p>\n<p>F\u00c4RGER OCH MATERIAL<br \/>\nF\u00e4rg: naturlig och brunoljad.<br \/>\nLeksaken \u00e4r tillverkad av NATURLIGT MASSIVT TR\u00c4.<br \/>\nObservera att f\u00e4rgerna kan variera beroende p\u00e5 inst\u00e4llningar f\u00f6r datorsk\u00e4rmar och ljusning.<\/p>\n<p>F\u00f6r fler id\u00e9er, f\u00f6lj oss p\u00e5 <a href=\"https:\/\/www.instagram.com\/woodinout\/\">INSTAGRAM<\/a> &amp; <a href=\"https:\/\/www.facebook.com\/Woodinout.net\">FACEBOOK<\/a><\/p>\n","protected":false},"excerpt":{"rendered":"<p>Barnk\u00e4nslor diagram handgjorda av tr\u00e4 &#8211; skapad f\u00f6r dem, som bryr sig och f\u00f6rst\u00e5r hur barn Psykisk h\u00e4lsa \u00e4r viktigt nuf\u00f6rtiden. Ta bara k\u00e4nslok\u00e4nslorhjulet och l\u00e5t barnet st\u00e4lla in pilen p\u00e5 sin k\u00e4nsla. Det \u00e4r enkelt eftersom hjulet \u00e4r visuellt. Diskutera och g\u00e5 vidare till n\u00e4sta eller hitta motsatsen eller visa den i ansiktet eller [&hellip;]<\/p>\n","protected":false},"featured_media":18980,"template":"","meta":{"_monsterinsights_skip_tracking":false,"_monsterinsights_sitenote_active":false,"_monsterinsights_sitenote_note":"","_monsterinsights_sitenote_category":0},"product_cat":[1428,1635],"product_tag":[1491,2337,1486,2360,1482,1475,1456,1466,1446],"yoast_head":"<!-- This site is optimized with the Yoast SEO plugin v22.1 - https:\/\/yoast.com\/wordpress\/plugins\/seo\/ -->\n<title>K\u00e4nslor cirkel - Woodinout \u00a9 Montessori l\u00e4rande leksaker<\/title>\n<meta name=\"description\" content=\"L\u00e4r dig att ber\u00e4tta k\u00e4nslor f\u00f6r barn med denna super coola tr\u00e4 k\u00e4nsloklocka. Naturmaterial, handgjorda och pedagogiska. \u00d6ver hela v\u00e4rlden frakt.\" \/>\n<meta name=\"robots\" content=\"index, follow, max-snippet:-1, max-image-preview:large, max-video-preview:-1\" \/>\n<link rel=\"canonical\" href=\"https:\/\/woodinout.net\/sv\/product\/kanslor-cirkel\/\" \/>\n<meta property=\"og:locale\" content=\"sv_SE\" \/>\n<meta property=\"og:type\" content=\"article\" \/>\n<meta property=\"og:title\" content=\"K\u00e4nslor cirkel - Woodinout \u00a9 Montessori l\u00e4rande leksaker\" \/>\n<meta property=\"og:description\" content=\"L\u00e4r dig att ber\u00e4tta k\u00e4nslor f\u00f6r barn med denna super coola tr\u00e4 k\u00e4nsloklocka. Naturmaterial, handgjorda och pedagogiska. \u00d6ver hela v\u00e4rlden frakt.\" \/>\n<meta property=\"og:url\" content=\"https:\/\/woodinout.net\/sv\/product\/kanslor-cirkel\/\" \/>\n<meta property=\"og:site_name\" content=\"Woodinout \u00a9\" \/>\n<meta property=\"article:modified_time\" content=\"2022-04-28T08:48:02+00:00\" \/>\n<meta property=\"og:image\" content=\"https:\/\/woodinout.net\/wp-content\/uploads\/2021\/03\/Emotions_circle_2.jpg\" \/>\n\t<meta property=\"og:image:width\" content=\"1706\" \/>\n\t<meta property=\"og:image:height\" content=\"2560\" \/>\n\t<meta property=\"og:image:type\" content=\"image\/jpeg\" \/>\n<meta name=\"twitter:card\" content=\"summary_large_image\" \/>\n<meta name=\"twitter:label1\" content=\"Ber\u00e4knad l\u00e4stid\" \/>\n\t<meta name=\"twitter:data1\" content=\"1 minut\" \/>\n<script type=\"application\/ld+json\" class=\"yoast-schema-graph\">{\"@context\":\"https:\/\/schema.org\",\"@graph\":[{\"@type\":\"WebPage\",\"@id\":\"https:\/\/woodinout.net\/sv\/product\/kanslor-cirkel\/\",\"url\":\"https:\/\/woodinout.net\/sv\/product\/kanslor-cirkel\/\",\"name\":\"K\u00e4nslor cirkel - Woodinout \u00a9 Montessori l\u00e4rande leksaker\",\"isPartOf\":{\"@id\":\"https:\/\/woodinout.net\/sv\/#website\"},\"datePublished\":\"2021-03-14T20:09:04+00:00\",\"dateModified\":\"2022-04-28T08:48:02+00:00\",\"description\":\"L\u00e4r dig att ber\u00e4tta k\u00e4nslor f\u00f6r barn med denna super coola tr\u00e4 k\u00e4nsloklocka. Naturmaterial, handgjorda och pedagogiska. \u00d6ver hela v\u00e4rlden frakt.\",\"breadcrumb\":{\"@id\":\"https:\/\/woodinout.net\/sv\/product\/kanslor-cirkel\/#breadcrumb\"},\"inLanguage\":\"sv-SE\",\"potentialAction\":[{\"@type\":\"ReadAction\",\"target\":[\"https:\/\/woodinout.net\/sv\/product\/kanslor-cirkel\/\"]}]},{\"@type\":\"BreadcrumbList\",\"@id\":\"https:\/\/woodinout.net\/sv\/product\/kanslor-cirkel\/#breadcrumb\",\"itemListElement\":[{\"@type\":\"ListItem\",\"position\":1,\"name\":\"Home\",\"item\":\"https:\/\/woodinout.net\/sv\/\"},{\"@type\":\"ListItem\",\"position\":2,\"name\":\"Shop\",\"item\":\"https:\/\/woodinout.net\/shop\/\"},{\"@type\":\"ListItem\",\"position\":3,\"name\":\"K\u00e4nslor cirkel\"}]},{\"@type\":\"WebSite\",\"@id\":\"https:\/\/woodinout.net\/sv\/#website\",\"url\":\"https:\/\/woodinout.net\/sv\/\",\"name\":\"Woodinout \u00a9\",\"description\":\"Wooden Montessori toys, gifts, home and events decor details\",\"potentialAction\":[{\"@type\":\"SearchAction\",\"target\":{\"@type\":\"EntryPoint\",\"urlTemplate\":\"https:\/\/woodinout.net\/sv\/?s={search_term_string}\"},\"query-input\":\"required name=search_term_string\"}],\"inLanguage\":\"sv-SE\"}]}<\/script>\n<!-- \/ Yoast SEO plugin. -->","yoast_head_json":{"title":"K\u00e4nslor cirkel - Woodinout \u00a9 Montessori l\u00e4rande leksaker","description":"L\u00e4r dig att ber\u00e4tta k\u00e4nslor f\u00f6r barn med denna super coola tr\u00e4 k\u00e4nsloklocka. Naturmaterial, handgjorda och pedagogiska. \u00d6ver hela v\u00e4rlden frakt.","robots":{"index":"index","follow":"follow","max-snippet":"max-snippet:-1","max-image-preview":"max-image-preview:large","max-video-preview":"max-video-preview:-1"},"canonical":"https:\/\/woodinout.net\/sv\/product\/kanslor-cirkel\/","og_locale":"sv_SE","og_type":"article","og_title":"K\u00e4nslor cirkel - Woodinout \u00a9 Montessori l\u00e4rande leksaker","og_description":"L\u00e4r dig att ber\u00e4tta k\u00e4nslor f\u00f6r barn med denna super coola tr\u00e4 k\u00e4nsloklocka. Naturmaterial, handgjorda och pedagogiska. \u00d6ver hela v\u00e4rlden frakt.","og_url":"https:\/\/woodinout.net\/sv\/product\/kanslor-cirkel\/","og_site_name":"Woodinout \u00a9","article_modified_time":"2022-04-28T08:48:02+00:00","og_image":[{"width":1706,"height":2560,"url":"https:\/\/woodinout.net\/wp-content\/uploads\/2021\/03\/Emotions_circle_2.jpg","type":"image\/jpeg"}],"twitter_card":"summary_large_image","twitter_misc":{"Ber\u00e4knad l\u00e4stid":"1 minut"},"schema":{"@context":"https:\/\/schema.org","@graph":[{"@type":"WebPage","@id":"https:\/\/woodinout.net\/sv\/product\/kanslor-cirkel\/","url":"https:\/\/woodinout.net\/sv\/product\/kanslor-cirkel\/","name":"K\u00e4nslor cirkel - Woodinout \u00a9 Montessori l\u00e4rande leksaker","isPartOf":{"@id":"https:\/\/woodinout.net\/sv\/#website"},"datePublished":"2021-03-14T20:09:04+00:00","dateModified":"2022-04-28T08:48:02+00:00","description":"L\u00e4r dig att ber\u00e4tta k\u00e4nslor f\u00f6r barn med denna super coola tr\u00e4 k\u00e4nsloklocka. Naturmaterial, handgjorda och pedagogiska. \u00d6ver hela v\u00e4rlden frakt.","breadcrumb":{"@id":"https:\/\/woodinout.net\/sv\/product\/kanslor-cirkel\/#breadcrumb"},"inLanguage":"sv-SE","potentialAction":[{"@type":"ReadAction","target":["https:\/\/woodinout.net\/sv\/product\/kanslor-cirkel\/"]}]},{"@type":"BreadcrumbList","@id":"https:\/\/woodinout.net\/sv\/product\/kanslor-cirkel\/#breadcrumb","itemListElement":[{"@type":"ListItem","position":1,"name":"Home","item":"https:\/\/woodinout.net\/sv\/"},{"@type":"ListItem","position":2,"name":"Shop","item":"https:\/\/woodinout.net\/shop\/"},{"@type":"ListItem","position":3,"name":"K\u00e4nslor cirkel"}]},{"@type":"WebSite","@id":"https:\/\/woodinout.net\/sv\/#website","url":"https:\/\/woodinout.net\/sv\/","name":"Woodinout \u00a9","description":"Wooden Montessori toys, gifts, home and events decor details","potentialAction":[{"@type":"SearchAction","target":{"@type":"EntryPoint","urlTemplate":"https:\/\/woodinout.net\/sv\/?s={search_term_string}"},"query-input":"required name=search_term_string"}],"inLanguage":"sv-SE"}]}},"_links":{"self":[{"href":"https:\/\/woodinout.net\/sv\/wp-json\/wp\/v2\/product\/21824"}],"collection":[{"href":"https:\/\/woodinout.net\/sv\/wp-json\/wp\/v2\/product"}],"about":[{"href":"https:\/\/woodinout.net\/sv\/wp-json\/wp\/v2\/types\/product"}],"wp:featuredmedia":[{"embeddable":true,"href":"https:\/\/woodinout.net\/sv\/wp-json\/wp\/v2\/media\/18980"}],"wp:attachment":[{"href":"https:\/\/woodinout.net\/sv\/wp-json\/wp\/v2\/media?parent=21824"}],"wp:term":[{"taxonomy":"product_cat","embeddable":true,"href":"https:\/\/woodinout.net\/sv\/wp-json\/wp\/v2\/product_cat?post=21824"},{"taxonomy":"product_tag","embeddable":true,"href":"https:\/\/woodinout.net\/sv\/wp-json\/wp\/v2\/product_tag?post=21824"}],"curies":[{"name":"wp","href":"https:\/\/api.w.org\/{rel}","templated":true}]}}