{"id":21820,"date":"2021-03-19T19:22:40","date_gmt":"2021-03-19T17:22:40","guid":{"rendered":"https:\/\/woodinout.net\/product\/traringstaplare\/"},"modified":"2022-04-22T12:22:01","modified_gmt":"2022-04-22T09:22:01","slug":"traring-staplare","status":"publish","type":"product","link":"https:\/\/woodinout.net\/sv\/product\/traring-staplare\/","title":{"rendered":"Tr\u00e4ringstaplare"},"content":{"rendered":"<p>Traditionell Montessori tr\u00e4ringstaplare \u00e4r den b\u00e4sta milj\u00f6v\u00e4nliga, naturliga och s\u00e4kra leksaken f\u00f6r tidig babyutveckling. V\u00e5ra handgjorda staplingsleksaker \u00e4r h\u00e5llbara, tillverkade endast av naturmaterial (massivt tr\u00e4). D\u00e4rf\u00f6r \u00e4r de s\u00e4kra f\u00f6r baby och elegant minimalt utseende. Vi v\u00e4rnar om att barnet leker och utvecklas i en s\u00e4ker, naturlig milj\u00f6, det \u00e4r d\u00e4rf\u00f6r vi skapade denna snygga tr\u00e4ringstaplare.<\/p>\n<p>Fler babyleksaker <a href=\"https:\/\/woodinout.net\/product-category\/wooden-toys\/baby-toys\/\">H\u00c4R.<\/a><\/p>\n<p>M\u00c5TT<br \/>\nH\u00f6jd: ~30cm<br \/>\nL\u00e4ngd: ~5.9 inches (15cm)<br \/>\nTjocklek: ~0.66 inches (1.7cm)<\/p>\n<p>F\u00c4RGER OCH MATERIAL<br \/>\nF\u00e4rg: naturligt tr\u00e4 och brunt tr\u00e4<br \/>\nLeksaken \u00e4r tillverkad av NATURLIGT MASSIVT TR\u00c4.<br \/>\nObservera att f\u00e4rgerna kan variera beroende p\u00e5 inst\u00e4llningar f\u00f6r datorsk\u00e4rmar och ljusning.<\/p>\n<p>F\u00f6r fler id\u00e9er, f\u00f6lj oss p\u00e5 <a href=\"https:\/\/www.instagram.com\/woodinout\/\">INSTAGRAM<\/a> &amp; <a href=\"https:\/\/www.facebook.com\/Woodinout.net\">FACEBOOK<\/a><\/p>\n","protected":false},"excerpt":{"rendered":"<p>Traditionell Montessori tr\u00e4ringstaplare \u00e4r den b\u00e4sta milj\u00f6v\u00e4nliga, naturliga och s\u00e4kra leksaken f\u00f6r tidig babyutveckling. V\u00e5ra handgjorda staplingsleksaker \u00e4r h\u00e5llbara, tillverkade endast av naturmaterial (massivt tr\u00e4). D\u00e4rf\u00f6r \u00e4r de s\u00e4kra f\u00f6r baby och elegant minimalt utseende. Vi v\u00e4rnar om att barnet leker och utvecklas i en s\u00e4ker, naturlig milj\u00f6, det \u00e4r d\u00e4rf\u00f6r vi skapade denna snygga [&hellip;]<\/p>\n","protected":false},"featured_media":19764,"template":"","meta":{"_monsterinsights_skip_tracking":false,"_monsterinsights_sitenote_active":false,"_monsterinsights_sitenote_note":"","_monsterinsights_sitenote_category":0},"product_cat":[1442,1437,1428],"product_tag":[1491,1486,1482,1513,1475,1456,1466,1520,1446],"yoast_head":"<!-- This site is optimized with the Yoast SEO plugin v22.1 - https:\/\/yoast.com\/wordpress\/plugins\/seo\/ -->\n<title>Tr\u00e4ringstaplare - Woodinout \u00a9 Montessori leksaker<\/title>\n<meta name=\"description\" content=\"Naturliga tr\u00e4utvecklingsleksaker f\u00f6r v\u00e4rdefull familjetid. Baby l\u00e4r sig p\u00e5 ett h\u00e4lsosamt s\u00e4tt med denna ringstaplare. \u00d6ver hela v\u00e4rlden frakt.\" \/>\n<meta name=\"robots\" content=\"index, follow, max-snippet:-1, max-image-preview:large, max-video-preview:-1\" \/>\n<link rel=\"canonical\" href=\"https:\/\/woodinout.net\/sv\/product\/traring-staplare\/\" \/>\n<meta property=\"og:locale\" content=\"sv_SE\" \/>\n<meta property=\"og:type\" content=\"article\" \/>\n<meta property=\"og:title\" content=\"Tr\u00e4ringstaplare - Woodinout \u00a9 Montessori leksaker\" \/>\n<meta property=\"og:description\" content=\"Naturliga tr\u00e4utvecklingsleksaker f\u00f6r v\u00e4rdefull familjetid. Baby l\u00e4r sig p\u00e5 ett h\u00e4lsosamt s\u00e4tt med denna ringstaplare. \u00d6ver hela v\u00e4rlden frakt.\" \/>\n<meta property=\"og:url\" content=\"https:\/\/woodinout.net\/sv\/product\/traring-staplare\/\" \/>\n<meta property=\"og:site_name\" content=\"Woodinout \u00a9\" \/>\n<meta property=\"article:modified_time\" content=\"2022-04-22T09:22:01+00:00\" \/>\n<meta property=\"og:image\" content=\"https:\/\/woodinout.net\/wp-content\/uploads\/2021\/03\/Wooden_ring_stacker_1.jpg\" \/>\n\t<meta property=\"og:image:width\" content=\"1706\" \/>\n\t<meta property=\"og:image:height\" content=\"2560\" \/>\n\t<meta property=\"og:image:type\" content=\"image\/jpeg\" \/>\n<meta name=\"twitter:card\" content=\"summary_large_image\" \/>\n<meta name=\"twitter:label1\" content=\"Ber\u00e4knad l\u00e4stid\" \/>\n\t<meta name=\"twitter:data1\" content=\"1 minut\" \/>\n<script type=\"application\/ld+json\" class=\"yoast-schema-graph\">{\"@context\":\"https:\/\/schema.org\",\"@graph\":[{\"@type\":\"WebPage\",\"@id\":\"https:\/\/woodinout.net\/sv\/product\/traring-staplare\/\",\"url\":\"https:\/\/woodinout.net\/sv\/product\/traring-staplare\/\",\"name\":\"Tr\u00e4ringstaplare - Woodinout \u00a9 Montessori leksaker\",\"isPartOf\":{\"@id\":\"https:\/\/woodinout.net\/sv\/#website\"},\"datePublished\":\"2021-03-19T17:22:40+00:00\",\"dateModified\":\"2022-04-22T09:22:01+00:00\",\"description\":\"Naturliga tr\u00e4utvecklingsleksaker f\u00f6r v\u00e4rdefull familjetid. Baby l\u00e4r sig p\u00e5 ett h\u00e4lsosamt s\u00e4tt med denna ringstaplare. \u00d6ver hela v\u00e4rlden frakt.\",\"breadcrumb\":{\"@id\":\"https:\/\/woodinout.net\/sv\/product\/traring-staplare\/#breadcrumb\"},\"inLanguage\":\"sv-SE\",\"potentialAction\":[{\"@type\":\"ReadAction\",\"target\":[\"https:\/\/woodinout.net\/sv\/product\/traring-staplare\/\"]}]},{\"@type\":\"BreadcrumbList\",\"@id\":\"https:\/\/woodinout.net\/sv\/product\/traring-staplare\/#breadcrumb\",\"itemListElement\":[{\"@type\":\"ListItem\",\"position\":1,\"name\":\"Home\",\"item\":\"https:\/\/woodinout.net\/sv\/\"},{\"@type\":\"ListItem\",\"position\":2,\"name\":\"Shop\",\"item\":\"https:\/\/woodinout.net\/shop\/\"},{\"@type\":\"ListItem\",\"position\":3,\"name\":\"Tr\u00e4ringstaplare\"}]},{\"@type\":\"WebSite\",\"@id\":\"https:\/\/woodinout.net\/sv\/#website\",\"url\":\"https:\/\/woodinout.net\/sv\/\",\"name\":\"Woodinout \u00a9\",\"description\":\"Wooden Montessori toys, gifts, home and events decor details\",\"potentialAction\":[{\"@type\":\"SearchAction\",\"target\":{\"@type\":\"EntryPoint\",\"urlTemplate\":\"https:\/\/woodinout.net\/sv\/?s={search_term_string}\"},\"query-input\":\"required name=search_term_string\"}],\"inLanguage\":\"sv-SE\"}]}<\/script>\n<!-- \/ Yoast SEO plugin. -->","yoast_head_json":{"title":"Tr\u00e4ringstaplare - Woodinout \u00a9 Montessori leksaker","description":"Naturliga tr\u00e4utvecklingsleksaker f\u00f6r v\u00e4rdefull familjetid. Baby l\u00e4r sig p\u00e5 ett h\u00e4lsosamt s\u00e4tt med denna ringstaplare. \u00d6ver hela v\u00e4rlden frakt.","robots":{"index":"index","follow":"follow","max-snippet":"max-snippet:-1","max-image-preview":"max-image-preview:large","max-video-preview":"max-video-preview:-1"},"canonical":"https:\/\/woodinout.net\/sv\/product\/traring-staplare\/","og_locale":"sv_SE","og_type":"article","og_title":"Tr\u00e4ringstaplare - Woodinout \u00a9 Montessori leksaker","og_description":"Naturliga tr\u00e4utvecklingsleksaker f\u00f6r v\u00e4rdefull familjetid. Baby l\u00e4r sig p\u00e5 ett h\u00e4lsosamt s\u00e4tt med denna ringstaplare. \u00d6ver hela v\u00e4rlden frakt.","og_url":"https:\/\/woodinout.net\/sv\/product\/traring-staplare\/","og_site_name":"Woodinout \u00a9","article_modified_time":"2022-04-22T09:22:01+00:00","og_image":[{"width":1706,"height":2560,"url":"https:\/\/woodinout.net\/wp-content\/uploads\/2021\/03\/Wooden_ring_stacker_1.jpg","type":"image\/jpeg"}],"twitter_card":"summary_large_image","twitter_misc":{"Ber\u00e4knad l\u00e4stid":"1 minut"},"schema":{"@context":"https:\/\/schema.org","@graph":[{"@type":"WebPage","@id":"https:\/\/woodinout.net\/sv\/product\/traring-staplare\/","url":"https:\/\/woodinout.net\/sv\/product\/traring-staplare\/","name":"Tr\u00e4ringstaplare - Woodinout \u00a9 Montessori leksaker","isPartOf":{"@id":"https:\/\/woodinout.net\/sv\/#website"},"datePublished":"2021-03-19T17:22:40+00:00","dateModified":"2022-04-22T09:22:01+00:00","description":"Naturliga tr\u00e4utvecklingsleksaker f\u00f6r v\u00e4rdefull familjetid. Baby l\u00e4r sig p\u00e5 ett h\u00e4lsosamt s\u00e4tt med denna ringstaplare. \u00d6ver hela v\u00e4rlden frakt.","breadcrumb":{"@id":"https:\/\/woodinout.net\/sv\/product\/traring-staplare\/#breadcrumb"},"inLanguage":"sv-SE","potentialAction":[{"@type":"ReadAction","target":["https:\/\/woodinout.net\/sv\/product\/traring-staplare\/"]}]},{"@type":"BreadcrumbList","@id":"https:\/\/woodinout.net\/sv\/product\/traring-staplare\/#breadcrumb","itemListElement":[{"@type":"ListItem","position":1,"name":"Home","item":"https:\/\/woodinout.net\/sv\/"},{"@type":"ListItem","position":2,"name":"Shop","item":"https:\/\/woodinout.net\/shop\/"},{"@type":"ListItem","position":3,"name":"Tr\u00e4ringstaplare"}]},{"@type":"WebSite","@id":"https:\/\/woodinout.net\/sv\/#website","url":"https:\/\/woodinout.net\/sv\/","name":"Woodinout \u00a9","description":"Wooden Montessori toys, gifts, home and events decor details","potentialAction":[{"@type":"SearchAction","target":{"@type":"EntryPoint","urlTemplate":"https:\/\/woodinout.net\/sv\/?s={search_term_string}"},"query-input":"required name=search_term_string"}],"inLanguage":"sv-SE"}]}},"_links":{"self":[{"href":"https:\/\/woodinout.net\/sv\/wp-json\/wp\/v2\/product\/21820"}],"collection":[{"href":"https:\/\/woodinout.net\/sv\/wp-json\/wp\/v2\/product"}],"about":[{"href":"https:\/\/woodinout.net\/sv\/wp-json\/wp\/v2\/types\/product"}],"wp:featuredmedia":[{"embeddable":true,"href":"https:\/\/woodinout.net\/sv\/wp-json\/wp\/v2\/media\/19764"}],"wp:attachment":[{"href":"https:\/\/woodinout.net\/sv\/wp-json\/wp\/v2\/media?parent=21820"}],"wp:term":[{"taxonomy":"product_cat","embeddable":true,"href":"https:\/\/woodinout.net\/sv\/wp-json\/wp\/v2\/product_cat?post=21820"},{"taxonomy":"product_tag","embeddable":true,"href":"https:\/\/woodinout.net\/sv\/wp-json\/wp\/v2\/product_tag?post=21820"}],"curies":[{"name":"wp","href":"https:\/\/api.w.org\/{rel}","templated":true}]}}