{"id":21819,"date":"2021-03-19T11:57:02","date_gmt":"2021-03-19T09:57:02","guid":{"rendered":"https:\/\/woodinout.net\/product\/facket-inlarningsfarger\/"},"modified":"2022-04-28T10:59:54","modified_gmt":"2022-04-28T07:59:54","slug":"mixa-farger-bricka","status":"publish","type":"product","link":"https:\/\/woodinout.net\/sv\/product\/mixa-farger-bricka\/","title":{"rendered":"Facket Inl\u00e4rningsf\u00e4rger"},"content":{"rendered":"<p>Denna tr\u00e4inl\u00e4rningsf\u00e4rgbricka \u00e4r ett unikt Montessori f\u00f6rskolematerial. Sortera, r\u00e4kna, ber\u00e4tta f\u00e4rger eller anv\u00e4nda det som en av sensoriska leksaker. Enkelt, men \u00e4nd\u00e5 med m\u00e5nga m\u00f6jligheter &#8211; anv\u00e4nd det f\u00f6r Montessori-r\u00e4kning och f\u00e4rgsortering. Fyll tr\u00e4sandbrickan med olika material f\u00f6r att skapa en av de mest popul\u00e4ra lugnande sensoriska leksakerna. Naturligt, inspirerat av milj\u00f6v\u00e4nliga Waldorfleksaker \u00e4r detta ett perfekt Montessori-klassrum eller autisminl\u00e4rningsmaterial. V\u00e4lj med eller utan f\u00e4rgsorteringskort.<\/p>\n<p>A: Kit inneh\u00e5ller av:<br \/>\nTr\u00e4bricka<\/p>\n<p>B: Kit inneh\u00e5ller av:<br \/>\nTr\u00e4bricka<br \/>\n11psc. plywood f\u00e4rgsorteringskort (1,9&#215;1,9 tum)<\/p>\n<p>Hitta fler kort att l\u00e4gga till <a href=\"https:\/\/woodinout.net\/?s=cards&amp;post_type=product\">H\u00c4R.<\/a><\/p>\n<p>M\u00e5tt p\u00e5 fack<br \/>\nL\u00e4ngd: ~20cm<br \/>\nH\u00f6jd: ~11 cm<br \/>\nTjocklek: ~0.66 inches (1.7cm)<\/p>\n<p>F\u00c4RGER OCH MATERIAL<br \/>\nF\u00e4rg: naturlig och brunoljad.<br \/>\nLeksaken \u00e4r tillverkad av NATURLIGT MASSIVT TR\u00c4 och plywood.<br \/>\nObservera att f\u00e4rgerna kan variera beroende p\u00e5 inst\u00e4llningar f\u00f6r datorsk\u00e4rmar och ljusning.<\/p>\n<p>F\u00f6r fler id\u00e9er, f\u00f6lj oss p\u00e5 <a href=\"https:\/\/www.instagram.com\/woodinout\/\">INSTAGRAM<\/a> &amp; <a href=\"https:\/\/www.facebook.com\/Woodinout.net\">FACEBOOK<\/a><\/p>\n<p>&nbsp;<\/p>\n","protected":false},"excerpt":{"rendered":"<p>Denna tr\u00e4inl\u00e4rningsf\u00e4rgbricka \u00e4r ett unikt Montessori f\u00f6rskolematerial. Sortera, r\u00e4kna, ber\u00e4tta f\u00e4rger eller anv\u00e4nda det som en av sensoriska leksaker. Enkelt, men \u00e4nd\u00e5 med m\u00e5nga m\u00f6jligheter &#8211; anv\u00e4nd det f\u00f6r Montessori-r\u00e4kning och f\u00e4rgsortering. Fyll tr\u00e4sandbrickan med olika material f\u00f6r att skapa en av de mest popul\u00e4ra lugnande sensoriska leksakerna. Naturligt, inspirerat av milj\u00f6v\u00e4nliga Waldorfleksaker \u00e4r detta [&hellip;]<\/p>\n","protected":false},"featured_media":19356,"template":"","meta":{"_monsterinsights_skip_tracking":false,"_monsterinsights_sitenote_active":false,"_monsterinsights_sitenote_note":"","_monsterinsights_sitenote_category":0},"product_cat":[1469,1437,1428],"product_tag":[1491,1486,2330,1482,1591,1593,1606,1475,1594,1456,1466,1921,1446,1918],"yoast_head":"<!-- This site is optimized with the Yoast SEO plugin v22.1 - https:\/\/yoast.com\/wordpress\/plugins\/seo\/ -->\n<title>Facket Inl\u00e4rningsf\u00e4rger - Woodinout \u00a9 Montessori leksaker<\/title>\n<meta name=\"description\" content=\"L\u00e4rande \u00e4r nu Fun &amp; Easy - Naturligt tr\u00e4 Matteleksaker f\u00f6r v\u00e4rdefull familjetid. 10 sorterings- och r\u00e4kningsplattor - mer L\u00e4r &amp; Spela s\u00e4tt.\" \/>\n<meta name=\"robots\" content=\"index, follow, max-snippet:-1, max-image-preview:large, max-video-preview:-1\" \/>\n<link rel=\"canonical\" href=\"https:\/\/woodinout.net\/sv\/product\/mixa-farger-bricka\/\" \/>\n<meta property=\"og:locale\" content=\"sv_SE\" \/>\n<meta property=\"og:type\" content=\"article\" \/>\n<meta property=\"og:title\" content=\"Facket Inl\u00e4rningsf\u00e4rger - Woodinout \u00a9 Montessori leksaker\" \/>\n<meta property=\"og:description\" content=\"L\u00e4rande \u00e4r nu Fun &amp; Easy - Naturligt tr\u00e4 Matteleksaker f\u00f6r v\u00e4rdefull familjetid. 10 sorterings- och r\u00e4kningsplattor - mer L\u00e4r &amp; Spela s\u00e4tt.\" \/>\n<meta property=\"og:url\" content=\"https:\/\/woodinout.net\/sv\/product\/mixa-farger-bricka\/\" \/>\n<meta property=\"og:site_name\" content=\"Woodinout \u00a9\" \/>\n<meta property=\"article:modified_time\" content=\"2022-04-28T07:59:54+00:00\" \/>\n<meta property=\"og:image\" content=\"https:\/\/woodinout.net\/wp-content\/uploads\/2021\/03\/Mixing_colors_tray_1.jpg\" \/>\n\t<meta property=\"og:image:width\" content=\"1706\" \/>\n\t<meta property=\"og:image:height\" content=\"2560\" \/>\n\t<meta property=\"og:image:type\" content=\"image\/jpeg\" \/>\n<meta name=\"twitter:card\" content=\"summary_large_image\" \/>\n<meta name=\"twitter:label1\" content=\"Ber\u00e4knad l\u00e4stid\" \/>\n\t<meta name=\"twitter:data1\" content=\"1 minut\" \/>\n<script type=\"application\/ld+json\" class=\"yoast-schema-graph\">{\"@context\":\"https:\/\/schema.org\",\"@graph\":[{\"@type\":\"WebPage\",\"@id\":\"https:\/\/woodinout.net\/sv\/product\/mixa-farger-bricka\/\",\"url\":\"https:\/\/woodinout.net\/sv\/product\/mixa-farger-bricka\/\",\"name\":\"Facket Inl\u00e4rningsf\u00e4rger - Woodinout \u00a9 Montessori leksaker\",\"isPartOf\":{\"@id\":\"https:\/\/woodinout.net\/sv\/#website\"},\"datePublished\":\"2021-03-19T09:57:02+00:00\",\"dateModified\":\"2022-04-28T07:59:54+00:00\",\"description\":\"L\u00e4rande \u00e4r nu Fun & Easy - Naturligt tr\u00e4 Matteleksaker f\u00f6r v\u00e4rdefull familjetid. 10 sorterings- och r\u00e4kningsplattor - mer L\u00e4r & Spela s\u00e4tt.\",\"breadcrumb\":{\"@id\":\"https:\/\/woodinout.net\/sv\/product\/mixa-farger-bricka\/#breadcrumb\"},\"inLanguage\":\"sv-SE\",\"potentialAction\":[{\"@type\":\"ReadAction\",\"target\":[\"https:\/\/woodinout.net\/sv\/product\/mixa-farger-bricka\/\"]}]},{\"@type\":\"BreadcrumbList\",\"@id\":\"https:\/\/woodinout.net\/sv\/product\/mixa-farger-bricka\/#breadcrumb\",\"itemListElement\":[{\"@type\":\"ListItem\",\"position\":1,\"name\":\"Home\",\"item\":\"https:\/\/woodinout.net\/sv\/\"},{\"@type\":\"ListItem\",\"position\":2,\"name\":\"Shop\",\"item\":\"https:\/\/woodinout.net\/shop\/\"},{\"@type\":\"ListItem\",\"position\":3,\"name\":\"Facket Inl\u00e4rningsf\u00e4rger\"}]},{\"@type\":\"WebSite\",\"@id\":\"https:\/\/woodinout.net\/sv\/#website\",\"url\":\"https:\/\/woodinout.net\/sv\/\",\"name\":\"Woodinout \u00a9\",\"description\":\"Wooden Montessori toys, gifts, home and events decor details\",\"potentialAction\":[{\"@type\":\"SearchAction\",\"target\":{\"@type\":\"EntryPoint\",\"urlTemplate\":\"https:\/\/woodinout.net\/sv\/?s={search_term_string}\"},\"query-input\":\"required name=search_term_string\"}],\"inLanguage\":\"sv-SE\"}]}<\/script>\n<!-- \/ Yoast SEO plugin. -->","yoast_head_json":{"title":"Facket Inl\u00e4rningsf\u00e4rger - Woodinout \u00a9 Montessori leksaker","description":"L\u00e4rande \u00e4r nu Fun & Easy - Naturligt tr\u00e4 Matteleksaker f\u00f6r v\u00e4rdefull familjetid. 10 sorterings- och r\u00e4kningsplattor - mer L\u00e4r & Spela s\u00e4tt.","robots":{"index":"index","follow":"follow","max-snippet":"max-snippet:-1","max-image-preview":"max-image-preview:large","max-video-preview":"max-video-preview:-1"},"canonical":"https:\/\/woodinout.net\/sv\/product\/mixa-farger-bricka\/","og_locale":"sv_SE","og_type":"article","og_title":"Facket Inl\u00e4rningsf\u00e4rger - Woodinout \u00a9 Montessori leksaker","og_description":"L\u00e4rande \u00e4r nu Fun & Easy - Naturligt tr\u00e4 Matteleksaker f\u00f6r v\u00e4rdefull familjetid. 10 sorterings- och r\u00e4kningsplattor - mer L\u00e4r & Spela s\u00e4tt.","og_url":"https:\/\/woodinout.net\/sv\/product\/mixa-farger-bricka\/","og_site_name":"Woodinout \u00a9","article_modified_time":"2022-04-28T07:59:54+00:00","og_image":[{"width":1706,"height":2560,"url":"https:\/\/woodinout.net\/wp-content\/uploads\/2021\/03\/Mixing_colors_tray_1.jpg","type":"image\/jpeg"}],"twitter_card":"summary_large_image","twitter_misc":{"Ber\u00e4knad l\u00e4stid":"1 minut"},"schema":{"@context":"https:\/\/schema.org","@graph":[{"@type":"WebPage","@id":"https:\/\/woodinout.net\/sv\/product\/mixa-farger-bricka\/","url":"https:\/\/woodinout.net\/sv\/product\/mixa-farger-bricka\/","name":"Facket Inl\u00e4rningsf\u00e4rger - Woodinout \u00a9 Montessori leksaker","isPartOf":{"@id":"https:\/\/woodinout.net\/sv\/#website"},"datePublished":"2021-03-19T09:57:02+00:00","dateModified":"2022-04-28T07:59:54+00:00","description":"L\u00e4rande \u00e4r nu Fun & Easy - Naturligt tr\u00e4 Matteleksaker f\u00f6r v\u00e4rdefull familjetid. 10 sorterings- och r\u00e4kningsplattor - mer L\u00e4r & Spela s\u00e4tt.","breadcrumb":{"@id":"https:\/\/woodinout.net\/sv\/product\/mixa-farger-bricka\/#breadcrumb"},"inLanguage":"sv-SE","potentialAction":[{"@type":"ReadAction","target":["https:\/\/woodinout.net\/sv\/product\/mixa-farger-bricka\/"]}]},{"@type":"BreadcrumbList","@id":"https:\/\/woodinout.net\/sv\/product\/mixa-farger-bricka\/#breadcrumb","itemListElement":[{"@type":"ListItem","position":1,"name":"Home","item":"https:\/\/woodinout.net\/sv\/"},{"@type":"ListItem","position":2,"name":"Shop","item":"https:\/\/woodinout.net\/shop\/"},{"@type":"ListItem","position":3,"name":"Facket Inl\u00e4rningsf\u00e4rger"}]},{"@type":"WebSite","@id":"https:\/\/woodinout.net\/sv\/#website","url":"https:\/\/woodinout.net\/sv\/","name":"Woodinout \u00a9","description":"Wooden Montessori toys, gifts, home and events decor details","potentialAction":[{"@type":"SearchAction","target":{"@type":"EntryPoint","urlTemplate":"https:\/\/woodinout.net\/sv\/?s={search_term_string}"},"query-input":"required name=search_term_string"}],"inLanguage":"sv-SE"}]}},"_links":{"self":[{"href":"https:\/\/woodinout.net\/sv\/wp-json\/wp\/v2\/product\/21819"}],"collection":[{"href":"https:\/\/woodinout.net\/sv\/wp-json\/wp\/v2\/product"}],"about":[{"href":"https:\/\/woodinout.net\/sv\/wp-json\/wp\/v2\/types\/product"}],"wp:featuredmedia":[{"embeddable":true,"href":"https:\/\/woodinout.net\/sv\/wp-json\/wp\/v2\/media\/19356"}],"wp:attachment":[{"href":"https:\/\/woodinout.net\/sv\/wp-json\/wp\/v2\/media?parent=21819"}],"wp:term":[{"taxonomy":"product_cat","embeddable":true,"href":"https:\/\/woodinout.net\/sv\/wp-json\/wp\/v2\/product_cat?post=21819"},{"taxonomy":"product_tag","embeddable":true,"href":"https:\/\/woodinout.net\/sv\/wp-json\/wp\/v2\/product_tag?post=21819"}],"curies":[{"name":"wp","href":"https:\/\/api.w.org\/{rel}","templated":true}]}}