{"id":21817,"date":"2020-06-30T23:23:12","date_gmt":"2020-06-30T20:23:12","guid":{"rendered":"https:\/\/woodinout.net\/product\/raknekort-for-traobjekt\/"},"modified":"2022-04-22T12:27:05","modified_gmt":"2022-04-22T09:27:05","slug":"trarakningsobjektblock","status":"publish","type":"product","link":"https:\/\/woodinout.net\/sv\/product\/trarakningsobjektblock\/","title":{"rendered":"R\u00e4knekort f\u00f6r tr\u00e4objekt"},"content":{"rendered":"<h1>R\u00e4knekort f\u00f6r tr\u00e4objekt<\/h1>\n<p>\u00e4r ett roligt och enkelt s\u00e4tt att l\u00e4ra ut matematik, siffror och r\u00e4kna. Objektm\u00e4ngdsbilder p\u00e5 Montessori-inspirerade tr\u00e4block hj\u00e4lper till att visualisera siffror och r\u00e4kna. En nyckelpiga. Tre bollar .. TIO&#8230;??? Objektr\u00e4kningskort hj\u00e4lper ocks\u00e5 till att utveckla ditt barns ordf\u00f6rr\u00e5d p\u00e5 det mest intressanta s\u00e4ttet. Att r\u00e4kna med 10 olika bilder \u00e4r mycket mer sp\u00e4nnande. Kompatibel med v\u00e5ra inl\u00e4rningsspel som vi f\u00f6redrar att anv\u00e4nda som  <a href=\"http:\/\/woodinout.net\/product-tag\/math-manipulatives\/\">matematiska manipulativa<\/a> som tio ram 2&#215;5 eller 3&#215;5.<\/p>\n<p>En av de mest v\u00e4rdefulla barnens matteg\u00e5vor du kan f\u00e5 &#8211; v\u00e5ra pedagogiska tr\u00e4leksaker \u00e4r gjorda med k\u00e4rlek och passion. HANDGJORDA av material av b\u00e4sta kvalitet \u00e4r v\u00e5ra tr\u00e4leksaker s\u00e4kra att r\u00f6ra, leka, k\u00e4nna, till och med smaka!<\/p>\n<p>Kit inneh\u00e5ller av:<br \/>\n10 st. PLYWOOD-kort med olika antal symboler<\/p>\n<p>M\u00c5TT<\/p>\n<p>H\u00f6jd: ~1,8 tum<br \/>\nL\u00e4ngd: ~1.8 inches<br \/>\nTjocklek: ~0.12 inches<\/p>\n<p>F\u00c4RGER OCH MATERIAL<br \/>\nF\u00e4rg: naturlig.<br \/>\nLeksaken \u00e4r tillverkad av PLYWOOD.<br \/>\nObservera att f\u00e4rgerna kan variera beroende p\u00e5 inst\u00e4llningar f\u00f6r datorsk\u00e4rmar och ljusning.<\/p>\n<div style=\"width: 1080px;\" class=\"wp-video\"><!--[if lt IE 9]><script>document.createElement('video');<\/script><![endif]-->\n<video class=\"wp-video-shortcode\" id=\"video-21817-1\" width=\"1080\" height=\"810\" preload=\"metadata\" controls=\"controls\"><source type=\"video\/mp4\" src=\"http:\/\/woodinout.net\/wp-content\/uploads\/2020\/06\/MEDINIS_5.mp4?_=1\" \/><a href=\"http:\/\/woodinout.net\/wp-content\/uploads\/2020\/06\/MEDINIS_5.mp4\">http:\/\/woodinout.net\/wp-content\/uploads\/2020\/06\/MEDINIS_5.mp4<\/a><\/video><\/div>\n","protected":false},"excerpt":{"rendered":"<p>R\u00e4knekort f\u00f6r tr\u00e4objekt \u00e4r ett roligt och enkelt s\u00e4tt att l\u00e4ra ut matematik, siffror och r\u00e4kna. Objektm\u00e4ngdsbilder p\u00e5 Montessori-inspirerade tr\u00e4block hj\u00e4lper till att visualisera siffror och r\u00e4kna. En nyckelpiga. Tre bollar .. TIO&#8230;??? Objektr\u00e4kningskort hj\u00e4lper ocks\u00e5 till att utveckla ditt barns ordf\u00f6rr\u00e5d p\u00e5 det mest intressanta s\u00e4ttet. Att r\u00e4kna med 10 olika bilder \u00e4r mycket [&hellip;]<\/p>\n","protected":false},"featured_media":18356,"template":"","meta":{"_monsterinsights_skip_tracking":false,"_monsterinsights_sitenote_active":false,"_monsterinsights_sitenote_note":"","_monsterinsights_sitenote_category":0},"product_cat":[1469,1428],"product_tag":[1491,1486,1482,1606,1475,1456,1466,2333,1446,2329],"yoast_head":"<!-- This site is optimized with the Yoast SEO plugin v22.1 - https:\/\/yoast.com\/wordpress\/plugins\/seo\/ -->\n<title>R\u00e4knekort f\u00f6r tr\u00e4objekt - Woodinout \u00a9 Montessori leksaker<\/title>\n<meta name=\"description\" content=\"L\u00e4r barnen matte, siffror &amp; r\u00e4kna p\u00e5 ett roligt s\u00e4tt. Utveckla ocks\u00e5 sm\u00e5barns ordf\u00f6rr\u00e5d och lek med snygga handgjorda tr\u00e4klossar.\" \/>\n<meta name=\"robots\" content=\"index, follow, max-snippet:-1, max-image-preview:large, max-video-preview:-1\" \/>\n<link rel=\"canonical\" href=\"https:\/\/woodinout.net\/sv\/product\/trarakningsobjektblock\/\" \/>\n<meta property=\"og:locale\" content=\"sv_SE\" \/>\n<meta property=\"og:type\" content=\"article\" \/>\n<meta property=\"og:title\" content=\"R\u00e4knekort f\u00f6r tr\u00e4objekt - Woodinout \u00a9 Montessori leksaker\" \/>\n<meta property=\"og:description\" content=\"L\u00e4r barnen matte, siffror &amp; r\u00e4kna p\u00e5 ett roligt s\u00e4tt. Utveckla ocks\u00e5 sm\u00e5barns ordf\u00f6rr\u00e5d och lek med snygga handgjorda tr\u00e4klossar.\" \/>\n<meta property=\"og:url\" content=\"https:\/\/woodinout.net\/sv\/product\/trarakningsobjektblock\/\" \/>\n<meta property=\"og:site_name\" content=\"Woodinout \u00a9\" \/>\n<meta property=\"article:modified_time\" content=\"2022-04-22T09:27:05+00:00\" \/>\n<meta property=\"og:image\" content=\"https:\/\/woodinout.net\/wp-content\/uploads\/2020\/06\/Montessori-math-gifts-Numbers-and-Counting-1.jpg\" \/>\n\t<meta property=\"og:image:width\" content=\"853\" \/>\n\t<meta property=\"og:image:height\" content=\"1280\" \/>\n\t<meta property=\"og:image:type\" content=\"image\/jpeg\" \/>\n<meta name=\"twitter:card\" content=\"summary_large_image\" \/>\n<meta name=\"twitter:label1\" content=\"Ber\u00e4knad l\u00e4stid\" \/>\n\t<meta name=\"twitter:data1\" content=\"1 minut\" \/>\n<script type=\"application\/ld+json\" class=\"yoast-schema-graph\">{\"@context\":\"https:\/\/schema.org\",\"@graph\":[{\"@type\":\"WebPage\",\"@id\":\"https:\/\/woodinout.net\/sv\/product\/trarakningsobjektblock\/\",\"url\":\"https:\/\/woodinout.net\/sv\/product\/trarakningsobjektblock\/\",\"name\":\"R\u00e4knekort f\u00f6r tr\u00e4objekt - Woodinout \u00a9 Montessori leksaker\",\"isPartOf\":{\"@id\":\"https:\/\/woodinout.net\/sv\/#website\"},\"datePublished\":\"2020-06-30T20:23:12+00:00\",\"dateModified\":\"2022-04-22T09:27:05+00:00\",\"description\":\"L\u00e4r barnen matte, siffror & r\u00e4kna p\u00e5 ett roligt s\u00e4tt. Utveckla ocks\u00e5 sm\u00e5barns ordf\u00f6rr\u00e5d och lek med snygga handgjorda tr\u00e4klossar.\",\"breadcrumb\":{\"@id\":\"https:\/\/woodinout.net\/sv\/product\/trarakningsobjektblock\/#breadcrumb\"},\"inLanguage\":\"sv-SE\",\"potentialAction\":[{\"@type\":\"ReadAction\",\"target\":[\"https:\/\/woodinout.net\/sv\/product\/trarakningsobjektblock\/\"]}]},{\"@type\":\"BreadcrumbList\",\"@id\":\"https:\/\/woodinout.net\/sv\/product\/trarakningsobjektblock\/#breadcrumb\",\"itemListElement\":[{\"@type\":\"ListItem\",\"position\":1,\"name\":\"Home\",\"item\":\"https:\/\/woodinout.net\/sv\/\"},{\"@type\":\"ListItem\",\"position\":2,\"name\":\"Shop\",\"item\":\"https:\/\/woodinout.net\/shop\/\"},{\"@type\":\"ListItem\",\"position\":3,\"name\":\"R\u00e4knekort f\u00f6r tr\u00e4objekt\"}]},{\"@type\":\"WebSite\",\"@id\":\"https:\/\/woodinout.net\/sv\/#website\",\"url\":\"https:\/\/woodinout.net\/sv\/\",\"name\":\"Woodinout \u00a9\",\"description\":\"Wooden Montessori toys, gifts, home and events decor details\",\"potentialAction\":[{\"@type\":\"SearchAction\",\"target\":{\"@type\":\"EntryPoint\",\"urlTemplate\":\"https:\/\/woodinout.net\/sv\/?s={search_term_string}\"},\"query-input\":\"required name=search_term_string\"}],\"inLanguage\":\"sv-SE\"}]}<\/script>\n<!-- \/ Yoast SEO plugin. -->","yoast_head_json":{"title":"R\u00e4knekort f\u00f6r tr\u00e4objekt - Woodinout \u00a9 Montessori leksaker","description":"L\u00e4r barnen matte, siffror & r\u00e4kna p\u00e5 ett roligt s\u00e4tt. Utveckla ocks\u00e5 sm\u00e5barns ordf\u00f6rr\u00e5d och lek med snygga handgjorda tr\u00e4klossar.","robots":{"index":"index","follow":"follow","max-snippet":"max-snippet:-1","max-image-preview":"max-image-preview:large","max-video-preview":"max-video-preview:-1"},"canonical":"https:\/\/woodinout.net\/sv\/product\/trarakningsobjektblock\/","og_locale":"sv_SE","og_type":"article","og_title":"R\u00e4knekort f\u00f6r tr\u00e4objekt - Woodinout \u00a9 Montessori leksaker","og_description":"L\u00e4r barnen matte, siffror & r\u00e4kna p\u00e5 ett roligt s\u00e4tt. Utveckla ocks\u00e5 sm\u00e5barns ordf\u00f6rr\u00e5d och lek med snygga handgjorda tr\u00e4klossar.","og_url":"https:\/\/woodinout.net\/sv\/product\/trarakningsobjektblock\/","og_site_name":"Woodinout \u00a9","article_modified_time":"2022-04-22T09:27:05+00:00","og_image":[{"width":853,"height":1280,"url":"https:\/\/woodinout.net\/wp-content\/uploads\/2020\/06\/Montessori-math-gifts-Numbers-and-Counting-1.jpg","type":"image\/jpeg"}],"twitter_card":"summary_large_image","twitter_misc":{"Ber\u00e4knad l\u00e4stid":"1 minut"},"schema":{"@context":"https:\/\/schema.org","@graph":[{"@type":"WebPage","@id":"https:\/\/woodinout.net\/sv\/product\/trarakningsobjektblock\/","url":"https:\/\/woodinout.net\/sv\/product\/trarakningsobjektblock\/","name":"R\u00e4knekort f\u00f6r tr\u00e4objekt - Woodinout \u00a9 Montessori leksaker","isPartOf":{"@id":"https:\/\/woodinout.net\/sv\/#website"},"datePublished":"2020-06-30T20:23:12+00:00","dateModified":"2022-04-22T09:27:05+00:00","description":"L\u00e4r barnen matte, siffror & r\u00e4kna p\u00e5 ett roligt s\u00e4tt. Utveckla ocks\u00e5 sm\u00e5barns ordf\u00f6rr\u00e5d och lek med snygga handgjorda tr\u00e4klossar.","breadcrumb":{"@id":"https:\/\/woodinout.net\/sv\/product\/trarakningsobjektblock\/#breadcrumb"},"inLanguage":"sv-SE","potentialAction":[{"@type":"ReadAction","target":["https:\/\/woodinout.net\/sv\/product\/trarakningsobjektblock\/"]}]},{"@type":"BreadcrumbList","@id":"https:\/\/woodinout.net\/sv\/product\/trarakningsobjektblock\/#breadcrumb","itemListElement":[{"@type":"ListItem","position":1,"name":"Home","item":"https:\/\/woodinout.net\/sv\/"},{"@type":"ListItem","position":2,"name":"Shop","item":"https:\/\/woodinout.net\/shop\/"},{"@type":"ListItem","position":3,"name":"R\u00e4knekort f\u00f6r tr\u00e4objekt"}]},{"@type":"WebSite","@id":"https:\/\/woodinout.net\/sv\/#website","url":"https:\/\/woodinout.net\/sv\/","name":"Woodinout \u00a9","description":"Wooden Montessori toys, gifts, home and events decor details","potentialAction":[{"@type":"SearchAction","target":{"@type":"EntryPoint","urlTemplate":"https:\/\/woodinout.net\/sv\/?s={search_term_string}"},"query-input":"required name=search_term_string"}],"inLanguage":"sv-SE"}]}},"_links":{"self":[{"href":"https:\/\/woodinout.net\/sv\/wp-json\/wp\/v2\/product\/21817"}],"collection":[{"href":"https:\/\/woodinout.net\/sv\/wp-json\/wp\/v2\/product"}],"about":[{"href":"https:\/\/woodinout.net\/sv\/wp-json\/wp\/v2\/types\/product"}],"wp:featuredmedia":[{"embeddable":true,"href":"https:\/\/woodinout.net\/sv\/wp-json\/wp\/v2\/media\/18356"}],"wp:attachment":[{"href":"https:\/\/woodinout.net\/sv\/wp-json\/wp\/v2\/media?parent=21817"}],"wp:term":[{"taxonomy":"product_cat","embeddable":true,"href":"https:\/\/woodinout.net\/sv\/wp-json\/wp\/v2\/product_cat?post=21817"},{"taxonomy":"product_tag","embeddable":true,"href":"https:\/\/woodinout.net\/sv\/wp-json\/wp\/v2\/product_tag?post=21817"}],"curies":[{"name":"wp","href":"https:\/\/api.w.org\/{rel}","templated":true}]}}