{"id":21810,"date":"2020-06-23T23:17:51","date_gmt":"2020-06-23T20:17:51","guid":{"rendered":"https:\/\/woodinout.net\/product\/stor-tra-alfapetbrada-5x5\/"},"modified":"2022-04-28T09:56:37","modified_gmt":"2022-04-28T06:56:37","slug":"tra-bokstaver-bradspel-alfapet-plattor-5x5","status":"publish","type":"product","link":"https:\/\/woodinout.net\/sv\/product\/tra-bokstaver-bradspel-alfapet-plattor-5x5\/","title":{"rendered":"Stor tr\u00e4 alfapetbr\u00e4da 5&#215;5"},"content":{"rendered":"<p>Vi presenterar f\u00f6r dig en personlig g\u00e5va tr\u00e4 brev br\u00e4dspel. Detta alfabet pussel \u00e4r perfekt familjeg\u00e5va f\u00f6r v\u00e4rdefull familjetid tillsammans. Alfapet spel \u00e4r mest popul\u00e4ra ordinl\u00e4rning spel i v\u00e4rlden. Bli kreativ p\u00e5 alfapetbr\u00e4da och sammanfoga alfabetsblock i tr\u00e4ord. Tr\u00e4 bokst\u00e4ver abc tr\u00e4 block tar dig till ordv\u00e4rlden, l\u00e5t oss g\u00e5 tillsammans NU! G\u00e5 med i familjen av glada kunder p\u00e5 Woodinout!<\/p>\n<p>Kit inneh\u00e5ller av:<br \/>\nAlfapetbr\u00e4da<\/p>\n<p>KORTDIMENSIONER<br \/>\nL\u00e4ngd: ~12 inches<br \/>\nH\u00f6jd: ~12 tum<br \/>\nTjocklek: ~0.6 inches<\/p>\n<p>F\u00c4RGER OCH MATERIAL<br \/>\nF\u00e4rg: naturlig eller brun oljad.<br \/>\nBr\u00e4dan \u00e4r tillverkad av NATURLIGT MASSIVT TR\u00c4.<br \/>\nObservera att f\u00e4rgerna kan variera beroende p\u00e5 inst\u00e4llningar f\u00f6r datorsk\u00e4rmar och ljusning.<\/p>\n<div style=\"width: 1080px;\" class=\"wp-video\"><!--[if lt IE 9]><script>document.createElement('video');<\/script><![endif]-->\n<video class=\"wp-video-shortcode\" id=\"video-21810-1\" width=\"1080\" height=\"810\" preload=\"metadata\" controls=\"controls\"><source type=\"video\/mp4\" src=\"http:\/\/woodinout.net\/wp-content\/uploads\/2020\/06\/MEDINIS_18.mp4?_=1\" \/><a href=\"http:\/\/woodinout.net\/wp-content\/uploads\/2020\/06\/MEDINIS_18.mp4\">http:\/\/woodinout.net\/wp-content\/uploads\/2020\/06\/MEDINIS_18.mp4<\/a><\/video><\/div>\n","protected":false},"excerpt":{"rendered":"<p>Vi presenterar f\u00f6r dig en personlig g\u00e5va tr\u00e4 brev br\u00e4dspel. Detta alfabet pussel \u00e4r perfekt familjeg\u00e5va f\u00f6r v\u00e4rdefull familjetid tillsammans. Alfapet spel \u00e4r mest popul\u00e4ra ordinl\u00e4rning spel i v\u00e4rlden. Bli kreativ p\u00e5 alfapetbr\u00e4da och sammanfoga alfabetsblock i tr\u00e4ord. Tr\u00e4 bokst\u00e4ver abc tr\u00e4 block tar dig till ordv\u00e4rlden, l\u00e5t oss g\u00e5 tillsammans NU! G\u00e5 med i [&hellip;]<\/p>\n","protected":false},"featured_media":18060,"template":"","meta":{"_monsterinsights_skip_tracking":false,"_monsterinsights_sitenote_active":false,"_monsterinsights_sitenote_note":"","_monsterinsights_sitenote_category":0},"product_cat":[1471,1469,1428],"product_tag":[1491,1486,2365,1482,1475,1456,1466,2364,1548,1549,1446],"yoast_head":"<!-- This site is optimized with the Yoast SEO plugin v22.1 - https:\/\/yoast.com\/wordpress\/plugins\/seo\/ -->\n<title>Stor tr\u00e4 alfapetbr\u00e4da 5x5 - Woodinout \u00a9 Stavningsspel<\/title>\n<meta name=\"description\" content=\"Junior alfapet br\u00e4dspel - f\u00f6r v\u00e4rdefull familjetid med dina barn. Handgjorda och milj\u00f6v\u00e4nliga inl\u00e4rningsleksaker fr\u00e5n Woodinout.\" \/>\n<meta name=\"robots\" content=\"index, follow, max-snippet:-1, max-image-preview:large, max-video-preview:-1\" \/>\n<link rel=\"canonical\" href=\"https:\/\/woodinout.net\/sv\/product\/tra-bokstaver-bradspel-alfapet-plattor-5x5\/\" \/>\n<meta property=\"og:locale\" content=\"sv_SE\" \/>\n<meta property=\"og:type\" content=\"article\" \/>\n<meta property=\"og:title\" content=\"Stor tr\u00e4 alfapetbr\u00e4da 5x5 - Woodinout \u00a9 Stavningsspel\" \/>\n<meta property=\"og:description\" content=\"Junior alfapet br\u00e4dspel - f\u00f6r v\u00e4rdefull familjetid med dina barn. Handgjorda och milj\u00f6v\u00e4nliga inl\u00e4rningsleksaker fr\u00e5n Woodinout.\" \/>\n<meta property=\"og:url\" content=\"https:\/\/woodinout.net\/sv\/product\/tra-bokstaver-bradspel-alfapet-plattor-5x5\/\" \/>\n<meta property=\"og:site_name\" content=\"Woodinout \u00a9\" \/>\n<meta property=\"article:modified_time\" content=\"2022-04-28T06:56:37+00:00\" \/>\n<meta property=\"og:image\" content=\"https:\/\/woodinout.net\/wp-content\/uploads\/2020\/06\/Scrabble-tiles-5x5-1.jpg\" \/>\n\t<meta property=\"og:image:width\" content=\"853\" \/>\n\t<meta property=\"og:image:height\" content=\"1280\" \/>\n\t<meta property=\"og:image:type\" content=\"image\/jpeg\" \/>\n<meta name=\"twitter:card\" content=\"summary_large_image\" \/>\n<meta name=\"twitter:label1\" content=\"Ber\u00e4knad l\u00e4stid\" \/>\n\t<meta name=\"twitter:data1\" content=\"1 minut\" \/>\n<script type=\"application\/ld+json\" class=\"yoast-schema-graph\">{\"@context\":\"https:\/\/schema.org\",\"@graph\":[{\"@type\":\"WebPage\",\"@id\":\"https:\/\/woodinout.net\/sv\/product\/tra-bokstaver-bradspel-alfapet-plattor-5x5\/\",\"url\":\"https:\/\/woodinout.net\/sv\/product\/tra-bokstaver-bradspel-alfapet-plattor-5x5\/\",\"name\":\"Stor tr\u00e4 alfapetbr\u00e4da 5x5 - Woodinout \u00a9 Stavningsspel\",\"isPartOf\":{\"@id\":\"https:\/\/woodinout.net\/sv\/#website\"},\"datePublished\":\"2020-06-23T20:17:51+00:00\",\"dateModified\":\"2022-04-28T06:56:37+00:00\",\"description\":\"Junior alfapet br\u00e4dspel - f\u00f6r v\u00e4rdefull familjetid med dina barn. Handgjorda och milj\u00f6v\u00e4nliga inl\u00e4rningsleksaker fr\u00e5n Woodinout.\",\"breadcrumb\":{\"@id\":\"https:\/\/woodinout.net\/sv\/product\/tra-bokstaver-bradspel-alfapet-plattor-5x5\/#breadcrumb\"},\"inLanguage\":\"sv-SE\",\"potentialAction\":[{\"@type\":\"ReadAction\",\"target\":[\"https:\/\/woodinout.net\/sv\/product\/tra-bokstaver-bradspel-alfapet-plattor-5x5\/\"]}]},{\"@type\":\"BreadcrumbList\",\"@id\":\"https:\/\/woodinout.net\/sv\/product\/tra-bokstaver-bradspel-alfapet-plattor-5x5\/#breadcrumb\",\"itemListElement\":[{\"@type\":\"ListItem\",\"position\":1,\"name\":\"Home\",\"item\":\"https:\/\/woodinout.net\/sv\/\"},{\"@type\":\"ListItem\",\"position\":2,\"name\":\"Shop\",\"item\":\"https:\/\/woodinout.net\/shop\/\"},{\"@type\":\"ListItem\",\"position\":3,\"name\":\"Stor tr\u00e4 alfapetbr\u00e4da 5&#215;5\"}]},{\"@type\":\"WebSite\",\"@id\":\"https:\/\/woodinout.net\/sv\/#website\",\"url\":\"https:\/\/woodinout.net\/sv\/\",\"name\":\"Woodinout \u00a9\",\"description\":\"Wooden Montessori toys, gifts, home and events decor details\",\"potentialAction\":[{\"@type\":\"SearchAction\",\"target\":{\"@type\":\"EntryPoint\",\"urlTemplate\":\"https:\/\/woodinout.net\/sv\/?s={search_term_string}\"},\"query-input\":\"required name=search_term_string\"}],\"inLanguage\":\"sv-SE\"}]}<\/script>\n<!-- \/ Yoast SEO plugin. -->","yoast_head_json":{"title":"Stor tr\u00e4 alfapetbr\u00e4da 5x5 - Woodinout \u00a9 Stavningsspel","description":"Junior alfapet br\u00e4dspel - f\u00f6r v\u00e4rdefull familjetid med dina barn. Handgjorda och milj\u00f6v\u00e4nliga inl\u00e4rningsleksaker fr\u00e5n Woodinout.","robots":{"index":"index","follow":"follow","max-snippet":"max-snippet:-1","max-image-preview":"max-image-preview:large","max-video-preview":"max-video-preview:-1"},"canonical":"https:\/\/woodinout.net\/sv\/product\/tra-bokstaver-bradspel-alfapet-plattor-5x5\/","og_locale":"sv_SE","og_type":"article","og_title":"Stor tr\u00e4 alfapetbr\u00e4da 5x5 - Woodinout \u00a9 Stavningsspel","og_description":"Junior alfapet br\u00e4dspel - f\u00f6r v\u00e4rdefull familjetid med dina barn. Handgjorda och milj\u00f6v\u00e4nliga inl\u00e4rningsleksaker fr\u00e5n Woodinout.","og_url":"https:\/\/woodinout.net\/sv\/product\/tra-bokstaver-bradspel-alfapet-plattor-5x5\/","og_site_name":"Woodinout \u00a9","article_modified_time":"2022-04-28T06:56:37+00:00","og_image":[{"width":853,"height":1280,"url":"https:\/\/woodinout.net\/wp-content\/uploads\/2020\/06\/Scrabble-tiles-5x5-1.jpg","type":"image\/jpeg"}],"twitter_card":"summary_large_image","twitter_misc":{"Ber\u00e4knad l\u00e4stid":"1 minut"},"schema":{"@context":"https:\/\/schema.org","@graph":[{"@type":"WebPage","@id":"https:\/\/woodinout.net\/sv\/product\/tra-bokstaver-bradspel-alfapet-plattor-5x5\/","url":"https:\/\/woodinout.net\/sv\/product\/tra-bokstaver-bradspel-alfapet-plattor-5x5\/","name":"Stor tr\u00e4 alfapetbr\u00e4da 5x5 - Woodinout \u00a9 Stavningsspel","isPartOf":{"@id":"https:\/\/woodinout.net\/sv\/#website"},"datePublished":"2020-06-23T20:17:51+00:00","dateModified":"2022-04-28T06:56:37+00:00","description":"Junior alfapet br\u00e4dspel - f\u00f6r v\u00e4rdefull familjetid med dina barn. Handgjorda och milj\u00f6v\u00e4nliga inl\u00e4rningsleksaker fr\u00e5n Woodinout.","breadcrumb":{"@id":"https:\/\/woodinout.net\/sv\/product\/tra-bokstaver-bradspel-alfapet-plattor-5x5\/#breadcrumb"},"inLanguage":"sv-SE","potentialAction":[{"@type":"ReadAction","target":["https:\/\/woodinout.net\/sv\/product\/tra-bokstaver-bradspel-alfapet-plattor-5x5\/"]}]},{"@type":"BreadcrumbList","@id":"https:\/\/woodinout.net\/sv\/product\/tra-bokstaver-bradspel-alfapet-plattor-5x5\/#breadcrumb","itemListElement":[{"@type":"ListItem","position":1,"name":"Home","item":"https:\/\/woodinout.net\/sv\/"},{"@type":"ListItem","position":2,"name":"Shop","item":"https:\/\/woodinout.net\/shop\/"},{"@type":"ListItem","position":3,"name":"Stor tr\u00e4 alfapetbr\u00e4da 5&#215;5"}]},{"@type":"WebSite","@id":"https:\/\/woodinout.net\/sv\/#website","url":"https:\/\/woodinout.net\/sv\/","name":"Woodinout \u00a9","description":"Wooden Montessori toys, gifts, home and events decor details","potentialAction":[{"@type":"SearchAction","target":{"@type":"EntryPoint","urlTemplate":"https:\/\/woodinout.net\/sv\/?s={search_term_string}"},"query-input":"required name=search_term_string"}],"inLanguage":"sv-SE"}]}},"_links":{"self":[{"href":"https:\/\/woodinout.net\/sv\/wp-json\/wp\/v2\/product\/21810"}],"collection":[{"href":"https:\/\/woodinout.net\/sv\/wp-json\/wp\/v2\/product"}],"about":[{"href":"https:\/\/woodinout.net\/sv\/wp-json\/wp\/v2\/types\/product"}],"wp:featuredmedia":[{"embeddable":true,"href":"https:\/\/woodinout.net\/sv\/wp-json\/wp\/v2\/media\/18060"}],"wp:attachment":[{"href":"https:\/\/woodinout.net\/sv\/wp-json\/wp\/v2\/media?parent=21810"}],"wp:term":[{"taxonomy":"product_cat","embeddable":true,"href":"https:\/\/woodinout.net\/sv\/wp-json\/wp\/v2\/product_cat?post=21810"},{"taxonomy":"product_tag","embeddable":true,"href":"https:\/\/woodinout.net\/sv\/wp-json\/wp\/v2\/product_tag?post=21810"}],"curies":[{"name":"wp","href":"https:\/\/api.w.org\/{rel}","templated":true}]}}