{"id":21809,"date":"2021-03-14T22:12:41","date_gmt":"2021-03-14T20:12:41","guid":{"rendered":"https:\/\/woodinout.net\/product\/vader-och-temperaturbrada\/"},"modified":"2022-04-28T11:48:09","modified_gmt":"2022-04-28T08:48:09","slug":"vader-och-temperatur-board","status":"publish","type":"product","link":"https:\/\/woodinout.net\/sv\/product\/vader-och-temperatur-board\/","title":{"rendered":"V\u00e4der- och temperaturbr\u00e4da"},"content":{"rendered":"<p>V\u00e4derstation f\u00f6r barn \u00e4r ett M\u00c5STE i varje<a href=\"https:\/\/woodinout.net\/product-category\/wooden-toys\/science-nature-toys\/\"> f\u00f6rskolevetenskapligt<\/a> klassrum. Waldorfleksaker \u00e4r tr\u00e4, d\u00e4rf\u00f6r h\u00e5llbara, milj\u00f6v\u00e4nliga och s\u00e4kra f\u00f6r barn i alla \u00e5ldrar. Barn l\u00e4r sig mest genom lek &#8211; detta tr\u00e4 v\u00e4derhjul \u00e4r h\u00e4r f\u00f6r att g\u00f6ra det ROLIGT &amp; ENKELT. Pre-k l\u00e4rande kommer aldrig att bli tr\u00e5kigt igen med Woodinout tillverkade leksaker.<\/p>\n<p>M\u00c5TT<br \/>\nL\u00e4ngd: ~37cm<br \/>\nH\u00f6jd: ~7 inches (18cm)<br \/>\nTjocklek: ~0.6 inches (1.5cm)<\/p>\n<p>F\u00c4RGER OCH MATERIAL<br \/>\nF\u00e4rg: naturlig och brunoljad.<br \/>\nLeksaken \u00e4r tillverkad av NATURLIGT MASSIVT TR\u00c4 och plywood.<br \/>\nObservera att f\u00e4rgerna kan variera beroende p\u00e5 inst\u00e4llningar f\u00f6r datorsk\u00e4rmar och ljusning.<\/p>\n<p>F\u00f6r fler id\u00e9er, f\u00f6lj oss p\u00e5 <a href=\"https:\/\/www.instagram.com\/woodinout\/\">INSTAGRAM<\/a> &amp; <a href=\"https:\/\/www.facebook.com\/Woodinout.net\">FACEBOOK<\/a><\/p>\n","protected":false},"excerpt":{"rendered":"<p>V\u00e4derstation f\u00f6r barn \u00e4r ett M\u00c5STE i varje f\u00f6rskolevetenskapligt klassrum. Waldorfleksaker \u00e4r tr\u00e4, d\u00e4rf\u00f6r h\u00e5llbara, milj\u00f6v\u00e4nliga och s\u00e4kra f\u00f6r barn i alla \u00e5ldrar. Barn l\u00e4r sig mest genom lek &#8211; detta tr\u00e4 v\u00e4derhjul \u00e4r h\u00e4r f\u00f6r att g\u00f6ra det ROLIGT &amp; ENKELT. Pre-k l\u00e4rande kommer aldrig att bli tr\u00e5kigt igen med Woodinout tillverkade leksaker. M\u00c5TT [&hellip;]<\/p>\n","protected":false},"featured_media":19004,"template":"","meta":{"_monsterinsights_skip_tracking":false,"_monsterinsights_sitenote_active":false,"_monsterinsights_sitenote_note":"","_monsterinsights_sitenote_category":0},"product_cat":[1428,1635],"product_tag":[1491,2337,1486,1482,1475,1456,1466,1446,2338],"yoast_head":"<!-- This site is optimized with the Yoast SEO plugin v22.1 - https:\/\/yoast.com\/wordpress\/plugins\/seo\/ -->\n<title>V\u00e4der- och temperaturbr\u00e4da - Woodinout \u00a9 Montessori l\u00e4rande leksaker<\/title>\n<meta name=\"description\" content=\"L\u00e4r dig att ber\u00e4tta v\u00e4der f\u00f6r barn med denna supercoola dubbelklocka. Naturmaterial, handgjorda och pedagogiska. \u00d6ver hela v\u00e4rlden frakt.\" \/>\n<meta name=\"robots\" content=\"index, follow, max-snippet:-1, max-image-preview:large, max-video-preview:-1\" \/>\n<link rel=\"canonical\" href=\"https:\/\/woodinout.net\/sv\/product\/vader-och-temperatur-board\/\" \/>\n<meta property=\"og:locale\" content=\"sv_SE\" \/>\n<meta property=\"og:type\" content=\"article\" \/>\n<meta property=\"og:title\" content=\"V\u00e4der- och temperaturbr\u00e4da - Woodinout \u00a9 Montessori l\u00e4rande leksaker\" \/>\n<meta property=\"og:description\" content=\"L\u00e4r dig att ber\u00e4tta v\u00e4der f\u00f6r barn med denna supercoola dubbelklocka. Naturmaterial, handgjorda och pedagogiska. \u00d6ver hela v\u00e4rlden frakt.\" \/>\n<meta property=\"og:url\" content=\"https:\/\/woodinout.net\/sv\/product\/vader-och-temperatur-board\/\" \/>\n<meta property=\"og:site_name\" content=\"Woodinout \u00a9\" \/>\n<meta property=\"article:modified_time\" content=\"2022-04-28T08:48:09+00:00\" \/>\n<meta property=\"og:image\" content=\"https:\/\/woodinout.net\/wp-content\/uploads\/2021\/03\/Weather-and-temperature-board-1.jpg\" \/>\n\t<meta property=\"og:image:width\" content=\"1706\" \/>\n\t<meta property=\"og:image:height\" content=\"2560\" \/>\n\t<meta property=\"og:image:type\" content=\"image\/jpeg\" \/>\n<meta name=\"twitter:card\" content=\"summary_large_image\" \/>\n<meta name=\"twitter:label1\" content=\"Ber\u00e4knad l\u00e4stid\" \/>\n\t<meta name=\"twitter:data1\" content=\"1 minut\" \/>\n<script type=\"application\/ld+json\" class=\"yoast-schema-graph\">{\"@context\":\"https:\/\/schema.org\",\"@graph\":[{\"@type\":\"WebPage\",\"@id\":\"https:\/\/woodinout.net\/sv\/product\/vader-och-temperatur-board\/\",\"url\":\"https:\/\/woodinout.net\/sv\/product\/vader-och-temperatur-board\/\",\"name\":\"V\u00e4der- och temperaturbr\u00e4da - Woodinout \u00a9 Montessori l\u00e4rande leksaker\",\"isPartOf\":{\"@id\":\"https:\/\/woodinout.net\/sv\/#website\"},\"datePublished\":\"2021-03-14T20:12:41+00:00\",\"dateModified\":\"2022-04-28T08:48:09+00:00\",\"description\":\"L\u00e4r dig att ber\u00e4tta v\u00e4der f\u00f6r barn med denna supercoola dubbelklocka. Naturmaterial, handgjorda och pedagogiska. \u00d6ver hela v\u00e4rlden frakt.\",\"breadcrumb\":{\"@id\":\"https:\/\/woodinout.net\/sv\/product\/vader-och-temperatur-board\/#breadcrumb\"},\"inLanguage\":\"sv-SE\",\"potentialAction\":[{\"@type\":\"ReadAction\",\"target\":[\"https:\/\/woodinout.net\/sv\/product\/vader-och-temperatur-board\/\"]}]},{\"@type\":\"BreadcrumbList\",\"@id\":\"https:\/\/woodinout.net\/sv\/product\/vader-och-temperatur-board\/#breadcrumb\",\"itemListElement\":[{\"@type\":\"ListItem\",\"position\":1,\"name\":\"Home\",\"item\":\"https:\/\/woodinout.net\/sv\/\"},{\"@type\":\"ListItem\",\"position\":2,\"name\":\"Shop\",\"item\":\"https:\/\/woodinout.net\/shop\/\"},{\"@type\":\"ListItem\",\"position\":3,\"name\":\"V\u00e4der- och temperaturbr\u00e4da\"}]},{\"@type\":\"WebSite\",\"@id\":\"https:\/\/woodinout.net\/sv\/#website\",\"url\":\"https:\/\/woodinout.net\/sv\/\",\"name\":\"Woodinout \u00a9\",\"description\":\"Wooden Montessori toys, gifts, home and events decor details\",\"potentialAction\":[{\"@type\":\"SearchAction\",\"target\":{\"@type\":\"EntryPoint\",\"urlTemplate\":\"https:\/\/woodinout.net\/sv\/?s={search_term_string}\"},\"query-input\":\"required name=search_term_string\"}],\"inLanguage\":\"sv-SE\"}]}<\/script>\n<!-- \/ Yoast SEO plugin. -->","yoast_head_json":{"title":"V\u00e4der- och temperaturbr\u00e4da - Woodinout \u00a9 Montessori l\u00e4rande leksaker","description":"L\u00e4r dig att ber\u00e4tta v\u00e4der f\u00f6r barn med denna supercoola dubbelklocka. Naturmaterial, handgjorda och pedagogiska. \u00d6ver hela v\u00e4rlden frakt.","robots":{"index":"index","follow":"follow","max-snippet":"max-snippet:-1","max-image-preview":"max-image-preview:large","max-video-preview":"max-video-preview:-1"},"canonical":"https:\/\/woodinout.net\/sv\/product\/vader-och-temperatur-board\/","og_locale":"sv_SE","og_type":"article","og_title":"V\u00e4der- och temperaturbr\u00e4da - Woodinout \u00a9 Montessori l\u00e4rande leksaker","og_description":"L\u00e4r dig att ber\u00e4tta v\u00e4der f\u00f6r barn med denna supercoola dubbelklocka. Naturmaterial, handgjorda och pedagogiska. \u00d6ver hela v\u00e4rlden frakt.","og_url":"https:\/\/woodinout.net\/sv\/product\/vader-och-temperatur-board\/","og_site_name":"Woodinout \u00a9","article_modified_time":"2022-04-28T08:48:09+00:00","og_image":[{"width":1706,"height":2560,"url":"https:\/\/woodinout.net\/wp-content\/uploads\/2021\/03\/Weather-and-temperature-board-1.jpg","type":"image\/jpeg"}],"twitter_card":"summary_large_image","twitter_misc":{"Ber\u00e4knad l\u00e4stid":"1 minut"},"schema":{"@context":"https:\/\/schema.org","@graph":[{"@type":"WebPage","@id":"https:\/\/woodinout.net\/sv\/product\/vader-och-temperatur-board\/","url":"https:\/\/woodinout.net\/sv\/product\/vader-och-temperatur-board\/","name":"V\u00e4der- och temperaturbr\u00e4da - Woodinout \u00a9 Montessori l\u00e4rande leksaker","isPartOf":{"@id":"https:\/\/woodinout.net\/sv\/#website"},"datePublished":"2021-03-14T20:12:41+00:00","dateModified":"2022-04-28T08:48:09+00:00","description":"L\u00e4r dig att ber\u00e4tta v\u00e4der f\u00f6r barn med denna supercoola dubbelklocka. Naturmaterial, handgjorda och pedagogiska. \u00d6ver hela v\u00e4rlden frakt.","breadcrumb":{"@id":"https:\/\/woodinout.net\/sv\/product\/vader-och-temperatur-board\/#breadcrumb"},"inLanguage":"sv-SE","potentialAction":[{"@type":"ReadAction","target":["https:\/\/woodinout.net\/sv\/product\/vader-och-temperatur-board\/"]}]},{"@type":"BreadcrumbList","@id":"https:\/\/woodinout.net\/sv\/product\/vader-och-temperatur-board\/#breadcrumb","itemListElement":[{"@type":"ListItem","position":1,"name":"Home","item":"https:\/\/woodinout.net\/sv\/"},{"@type":"ListItem","position":2,"name":"Shop","item":"https:\/\/woodinout.net\/shop\/"},{"@type":"ListItem","position":3,"name":"V\u00e4der- och temperaturbr\u00e4da"}]},{"@type":"WebSite","@id":"https:\/\/woodinout.net\/sv\/#website","url":"https:\/\/woodinout.net\/sv\/","name":"Woodinout \u00a9","description":"Wooden Montessori toys, gifts, home and events decor details","potentialAction":[{"@type":"SearchAction","target":{"@type":"EntryPoint","urlTemplate":"https:\/\/woodinout.net\/sv\/?s={search_term_string}"},"query-input":"required name=search_term_string"}],"inLanguage":"sv-SE"}]}},"_links":{"self":[{"href":"https:\/\/woodinout.net\/sv\/wp-json\/wp\/v2\/product\/21809"}],"collection":[{"href":"https:\/\/woodinout.net\/sv\/wp-json\/wp\/v2\/product"}],"about":[{"href":"https:\/\/woodinout.net\/sv\/wp-json\/wp\/v2\/types\/product"}],"wp:featuredmedia":[{"embeddable":true,"href":"https:\/\/woodinout.net\/sv\/wp-json\/wp\/v2\/media\/19004"}],"wp:attachment":[{"href":"https:\/\/woodinout.net\/sv\/wp-json\/wp\/v2\/media?parent=21809"}],"wp:term":[{"taxonomy":"product_cat","embeddable":true,"href":"https:\/\/woodinout.net\/sv\/wp-json\/wp\/v2\/product_cat?post=21809"},{"taxonomy":"product_tag","embeddable":true,"href":"https:\/\/woodinout.net\/sv\/wp-json\/wp\/v2\/product_tag?post=21809"}],"curies":[{"name":"wp","href":"https:\/\/api.w.org\/{rel}","templated":true}]}}