{"id":21808,"date":"2021-03-22T13:26:16","date_gmt":"2021-03-22T11:26:16","guid":{"rendered":"https:\/\/woodinout.net\/product\/geoboard-med-full-cirkel\/"},"modified":"2022-04-19T16:20:23","modified_gmt":"2022-04-19T13:20:23","slug":"cirkel-geoboard-2","status":"publish","type":"product","link":"https:\/\/woodinout.net\/sv\/product\/cirkel-geoboard-2\/","title":{"rendered":"Geoboard med full cirkel"},"content":{"rendered":"<p>Tr\u00e4 full cirkel geoboard \u00e4r en av unika Montessori inspirerade leksaker. Pinnar \u00e4r separata i den h\u00e4r, d\u00e4rf\u00f6r kan du l\u00e4gga till dem p\u00e5 peg board som du vill och s\u00e5 mycket du vill. Denna cirkelgeoboard \u00e4r handgjord av massivt tr\u00e4 och \u00e4r h\u00e5llbar, naturlig och milj\u00f6v\u00e4nlig leksak som \u00e4r s\u00e4ker f\u00f6r barn i alla \u00e5ldrar. Anv\u00e4nd den antingen som barnf\u00f6rskolegeometriinl\u00e4rningstavla. Eller en av dina lekterapileksaker f\u00f6r lugnande upplevelse. Helt enkelt som pedagogiskt och utvecklingsm\u00e4ssigt spelverktyg varje dag.<\/p>\n<p>F\u00f6rb\u00e4ttra kreativiteten och fantasin &#8211; barn kan spendera timmar p\u00e5 denna gratis lek.<br \/>\nUtveckla finmotorik (\u00f6gonhandkoordinering).<br \/>\nL\u00e4r dig geometri och probleml\u00f6sning med uppgiftskort ing\u00e5r.<\/p>\n<p>Huvudsatsen inneh\u00e5ller av:<br \/>\nTr\u00e4 geoboard<br \/>\n25 st. Pinnar<br \/>\n3 st. av 59in sladd (150cm)<br \/>\nYtterligare kort:<br \/>\n20 st. Formerkort<\/p>\n<p>Du kan ocks\u00e5 l\u00e4gga till i din varukorg:<br \/>\n<a href=\"https:\/\/woodinout.net\/product\/pegs-for-geoboard\/\">Ytterligare pinnar<\/a><br \/>\n<a href=\"https:\/\/woodinout.net\/product\/colorful-rubber-bands\/\">Gummiband<\/a><\/p>\n<p>M\u00c5TT<br \/>\nH\u00f6jd: 22 cm<br \/>\nL\u00e4ngd: 20 cm<br \/>\nTjocklek: 1,7 cm<\/p>\n<p>F\u00c4RGER OCH MATERIAL<br \/>\nF\u00e4rg: naturligt tr\u00e4 eller brunoljat.<br \/>\nLeksaken \u00e4r tillverkad av NATURLIGT MASSIVT TR\u00c4 och plywood.<br \/>\nObservera att f\u00e4rgerna kan variera beroende p\u00e5 inst\u00e4llningar f\u00f6r datorsk\u00e4rmar och ljusning.<\/p>\n<p>Hitta fler tr\u00e4id\u00e9er p\u00e5 v\u00e5r <a href=\"https:\/\/www.pinterest.com\/Woodinoutnet\/_created\/\">PINTEREST.<\/a><\/p>\n","protected":false},"excerpt":{"rendered":"<p>Tr\u00e4 full cirkel geoboard \u00e4r en av unika Montessori inspirerade leksaker. Pinnar \u00e4r separata i den h\u00e4r, d\u00e4rf\u00f6r kan du l\u00e4gga till dem p\u00e5 peg board som du vill och s\u00e5 mycket du vill. Denna cirkelgeoboard \u00e4r handgjord av massivt tr\u00e4 och \u00e4r h\u00e5llbar, naturlig och milj\u00f6v\u00e4nlig leksak som \u00e4r s\u00e4ker f\u00f6r barn i alla [&hellip;]<\/p>\n","protected":false},"featured_media":20340,"template":"","meta":{"_monsterinsights_skip_tracking":false,"_monsterinsights_sitenote_active":false,"_monsterinsights_sitenote_note":"","_monsterinsights_sitenote_category":0},"product_cat":[1792,1428],"product_tag":[1491,1486,2332,2334,1482,1475,1456,1466,2361,2331,1446],"yoast_head":"<!-- This site is optimized with the Yoast SEO plugin v22.1 - https:\/\/yoast.com\/wordpress\/plugins\/seo\/ -->\n<title>Geoboard med full cirkel - Woodinout \u00a9 Montessori leksaker<\/title>\n<meta name=\"description\" content=\"Naturliga tr\u00e4leksaker \u00e4r b\u00e4st f\u00f6r fantasifulla och kreativa lekar. Montessori-inspirerade Geoboard \u00e4r just det! Anpassning tillg\u00e4nglig.\" \/>\n<meta name=\"robots\" content=\"index, follow, max-snippet:-1, max-image-preview:large, max-video-preview:-1\" \/>\n<link rel=\"canonical\" href=\"https:\/\/woodinout.net\/sv\/product\/cirkel-geoboard-2\/\" \/>\n<meta property=\"og:locale\" content=\"sv_SE\" \/>\n<meta property=\"og:type\" content=\"article\" \/>\n<meta property=\"og:title\" content=\"Geoboard med full cirkel - Woodinout \u00a9 Montessori leksaker\" \/>\n<meta property=\"og:description\" content=\"Naturliga tr\u00e4leksaker \u00e4r b\u00e4st f\u00f6r fantasifulla och kreativa lekar. Montessori-inspirerade Geoboard \u00e4r just det! Anpassning tillg\u00e4nglig.\" \/>\n<meta property=\"og:url\" content=\"https:\/\/woodinout.net\/sv\/product\/cirkel-geoboard-2\/\" \/>\n<meta property=\"og:site_name\" content=\"Woodinout \u00a9\" \/>\n<meta property=\"article:modified_time\" content=\"2022-04-19T13:20:23+00:00\" \/>\n<meta property=\"og:image\" content=\"https:\/\/woodinout.net\/wp-content\/uploads\/2021\/03\/Full_circle_geoboard_5.jpg\" \/>\n\t<meta property=\"og:image:width\" content=\"1706\" \/>\n\t<meta property=\"og:image:height\" content=\"2560\" \/>\n\t<meta property=\"og:image:type\" content=\"image\/jpeg\" \/>\n<meta name=\"twitter:card\" content=\"summary_large_image\" \/>\n<meta name=\"twitter:label1\" content=\"Ber\u00e4knad l\u00e4stid\" \/>\n\t<meta name=\"twitter:data1\" content=\"1 minut\" \/>\n<script type=\"application\/ld+json\" class=\"yoast-schema-graph\">{\"@context\":\"https:\/\/schema.org\",\"@graph\":[{\"@type\":\"WebPage\",\"@id\":\"https:\/\/woodinout.net\/sv\/product\/cirkel-geoboard-2\/\",\"url\":\"https:\/\/woodinout.net\/sv\/product\/cirkel-geoboard-2\/\",\"name\":\"Geoboard med full cirkel - Woodinout \u00a9 Montessori leksaker\",\"isPartOf\":{\"@id\":\"https:\/\/woodinout.net\/sv\/#website\"},\"datePublished\":\"2021-03-22T11:26:16+00:00\",\"dateModified\":\"2022-04-19T13:20:23+00:00\",\"description\":\"Naturliga tr\u00e4leksaker \u00e4r b\u00e4st f\u00f6r fantasifulla och kreativa lekar. Montessori-inspirerade Geoboard \u00e4r just det! Anpassning tillg\u00e4nglig.\",\"breadcrumb\":{\"@id\":\"https:\/\/woodinout.net\/sv\/product\/cirkel-geoboard-2\/#breadcrumb\"},\"inLanguage\":\"sv-SE\",\"potentialAction\":[{\"@type\":\"ReadAction\",\"target\":[\"https:\/\/woodinout.net\/sv\/product\/cirkel-geoboard-2\/\"]}]},{\"@type\":\"BreadcrumbList\",\"@id\":\"https:\/\/woodinout.net\/sv\/product\/cirkel-geoboard-2\/#breadcrumb\",\"itemListElement\":[{\"@type\":\"ListItem\",\"position\":1,\"name\":\"Home\",\"item\":\"https:\/\/woodinout.net\/sv\/\"},{\"@type\":\"ListItem\",\"position\":2,\"name\":\"Shop\",\"item\":\"https:\/\/woodinout.net\/shop\/\"},{\"@type\":\"ListItem\",\"position\":3,\"name\":\"Geoboard med full cirkel\"}]},{\"@type\":\"WebSite\",\"@id\":\"https:\/\/woodinout.net\/sv\/#website\",\"url\":\"https:\/\/woodinout.net\/sv\/\",\"name\":\"Woodinout \u00a9\",\"description\":\"Wooden Montessori toys, gifts, home and events decor details\",\"potentialAction\":[{\"@type\":\"SearchAction\",\"target\":{\"@type\":\"EntryPoint\",\"urlTemplate\":\"https:\/\/woodinout.net\/sv\/?s={search_term_string}\"},\"query-input\":\"required name=search_term_string\"}],\"inLanguage\":\"sv-SE\"}]}<\/script>\n<!-- \/ Yoast SEO plugin. -->","yoast_head_json":{"title":"Geoboard med full cirkel - Woodinout \u00a9 Montessori leksaker","description":"Naturliga tr\u00e4leksaker \u00e4r b\u00e4st f\u00f6r fantasifulla och kreativa lekar. Montessori-inspirerade Geoboard \u00e4r just det! Anpassning tillg\u00e4nglig.","robots":{"index":"index","follow":"follow","max-snippet":"max-snippet:-1","max-image-preview":"max-image-preview:large","max-video-preview":"max-video-preview:-1"},"canonical":"https:\/\/woodinout.net\/sv\/product\/cirkel-geoboard-2\/","og_locale":"sv_SE","og_type":"article","og_title":"Geoboard med full cirkel - Woodinout \u00a9 Montessori leksaker","og_description":"Naturliga tr\u00e4leksaker \u00e4r b\u00e4st f\u00f6r fantasifulla och kreativa lekar. Montessori-inspirerade Geoboard \u00e4r just det! Anpassning tillg\u00e4nglig.","og_url":"https:\/\/woodinout.net\/sv\/product\/cirkel-geoboard-2\/","og_site_name":"Woodinout \u00a9","article_modified_time":"2022-04-19T13:20:23+00:00","og_image":[{"width":1706,"height":2560,"url":"https:\/\/woodinout.net\/wp-content\/uploads\/2021\/03\/Full_circle_geoboard_5.jpg","type":"image\/jpeg"}],"twitter_card":"summary_large_image","twitter_misc":{"Ber\u00e4knad l\u00e4stid":"1 minut"},"schema":{"@context":"https:\/\/schema.org","@graph":[{"@type":"WebPage","@id":"https:\/\/woodinout.net\/sv\/product\/cirkel-geoboard-2\/","url":"https:\/\/woodinout.net\/sv\/product\/cirkel-geoboard-2\/","name":"Geoboard med full cirkel - Woodinout \u00a9 Montessori leksaker","isPartOf":{"@id":"https:\/\/woodinout.net\/sv\/#website"},"datePublished":"2021-03-22T11:26:16+00:00","dateModified":"2022-04-19T13:20:23+00:00","description":"Naturliga tr\u00e4leksaker \u00e4r b\u00e4st f\u00f6r fantasifulla och kreativa lekar. Montessori-inspirerade Geoboard \u00e4r just det! Anpassning tillg\u00e4nglig.","breadcrumb":{"@id":"https:\/\/woodinout.net\/sv\/product\/cirkel-geoboard-2\/#breadcrumb"},"inLanguage":"sv-SE","potentialAction":[{"@type":"ReadAction","target":["https:\/\/woodinout.net\/sv\/product\/cirkel-geoboard-2\/"]}]},{"@type":"BreadcrumbList","@id":"https:\/\/woodinout.net\/sv\/product\/cirkel-geoboard-2\/#breadcrumb","itemListElement":[{"@type":"ListItem","position":1,"name":"Home","item":"https:\/\/woodinout.net\/sv\/"},{"@type":"ListItem","position":2,"name":"Shop","item":"https:\/\/woodinout.net\/shop\/"},{"@type":"ListItem","position":3,"name":"Geoboard med full cirkel"}]},{"@type":"WebSite","@id":"https:\/\/woodinout.net\/sv\/#website","url":"https:\/\/woodinout.net\/sv\/","name":"Woodinout \u00a9","description":"Wooden Montessori toys, gifts, home and events decor details","potentialAction":[{"@type":"SearchAction","target":{"@type":"EntryPoint","urlTemplate":"https:\/\/woodinout.net\/sv\/?s={search_term_string}"},"query-input":"required name=search_term_string"}],"inLanguage":"sv-SE"}]}},"_links":{"self":[{"href":"https:\/\/woodinout.net\/sv\/wp-json\/wp\/v2\/product\/21808"}],"collection":[{"href":"https:\/\/woodinout.net\/sv\/wp-json\/wp\/v2\/product"}],"about":[{"href":"https:\/\/woodinout.net\/sv\/wp-json\/wp\/v2\/types\/product"}],"wp:featuredmedia":[{"embeddable":true,"href":"https:\/\/woodinout.net\/sv\/wp-json\/wp\/v2\/media\/20340"}],"wp:attachment":[{"href":"https:\/\/woodinout.net\/sv\/wp-json\/wp\/v2\/media?parent=21808"}],"wp:term":[{"taxonomy":"product_cat","embeddable":true,"href":"https:\/\/woodinout.net\/sv\/wp-json\/wp\/v2\/product_cat?post=21808"},{"taxonomy":"product_tag","embeddable":true,"href":"https:\/\/woodinout.net\/sv\/wp-json\/wp\/v2\/product_tag?post=21808"}],"curies":[{"name":"wp","href":"https:\/\/api.w.org\/{rel}","templated":true}]}}