{"id":21803,"date":"2021-03-19T13:01:30","date_gmt":"2021-03-19T11:01:30","guid":{"rendered":"https:\/\/woodinout.net\/product\/balans-regnbage-vader-spel\/"},"modified":"2022-04-22T12:22:20","modified_gmt":"2022-04-22T09:22:20","slug":"balans-regnbage-vader-spel","status":"publish","type":"product","link":"https:\/\/woodinout.net\/sv\/product\/balans-regnbage-vader-spel\/","title":{"rendered":"Balans regnb\u00e5ge &#8211; v\u00e4der spel"},"content":{"rendered":"<p>Balans, stapla, ha kul! Denna balanserande v\u00e4derleklek \u00e4r handgjord av massivt tr\u00e4. Endast naturliga material som anv\u00e4nds &#8211; s\u00e4kert f\u00f6r sp\u00e4dbarn och sm\u00e5barn. Vi prioriterar trygg och naturlig milj\u00f6 f\u00f6r barn att l\u00e4ra sig och utvecklas. Denna montessoristaplare i tr\u00e4 \u00e4r inget undantag &#8211; l\u00e4r dig, skapa, spendera kvalitetstid med ditt barn eller sm\u00e5barn &#8211; helt enkelt Ha kul med det. Inkludera att l\u00e4ra sig orden om v\u00e4der, som sol -&gt; soligt.<\/p>\n<p>Hitta fler <a href=\"https:\/\/woodinout.net\/product-category\/wooden-toys\/science-nature-toys\/\">SCIENCE &amp; NATURE<\/a> leksaker.<\/p>\n<p>M\u00c5TT<br \/>\n&#x1f308;Huvud regnb\u00e5ge:<br \/>\nH\u00f6jd: ~5.9 inches (15cm)<br \/>\nL\u00e4ngd: ~35cm<br \/>\nTjocklek: ~0.66 inches (1.7cm)<br \/>\n&#x26c8;&#xfe0f;V\u00e4derblock:<br \/>\nH\u00f6jd: ~2.3-2.9 inches (6-7.5cm)<br \/>\nL\u00e4ngd: ~2.3-2.9 inches (6-7.5cm)<br \/>\nTjocklek: ~0.66 inches (1.7cm)<\/p>\n<p>F\u00c4RGER OCH MATERIAL<br \/>\nF\u00e4rg: naturligt tr\u00e4<br \/>\nLeksaken \u00e4r tillverkad av NATURLIGT MASSIVT TR\u00c4.<br \/>\nObservera att f\u00e4rgerna kan variera beroende p\u00e5 inst\u00e4llningar f\u00f6r datorsk\u00e4rmar och ljusning.<\/p>\n<p>F\u00f6r fler id\u00e9er, f\u00f6lj oss p\u00e5 <a href=\"https:\/\/www.instagram.com\/woodinout\/\">INSTAGRAM<\/a> &amp; <a href=\"https:\/\/www.facebook.com\/Woodinout.net\">FACEBOOK<\/a><\/p>\n<p>&nbsp;<\/p>\n","protected":false},"excerpt":{"rendered":"<p>Balans, stapla, ha kul! Denna balanserande v\u00e4derleklek \u00e4r handgjord av massivt tr\u00e4. Endast naturliga material som anv\u00e4nds &#8211; s\u00e4kert f\u00f6r sp\u00e4dbarn och sm\u00e5barn. Vi prioriterar trygg och naturlig milj\u00f6 f\u00f6r barn att l\u00e4ra sig och utvecklas. Denna montessoristaplare i tr\u00e4 \u00e4r inget undantag &#8211; l\u00e4r dig, skapa, spendera kvalitetstid med ditt barn eller sm\u00e5barn &#8211; [&hellip;]<\/p>\n","protected":false},"featured_media":19428,"template":"","meta":{"_monsterinsights_skip_tracking":false,"_monsterinsights_sitenote_active":false,"_monsterinsights_sitenote_note":"","_monsterinsights_sitenote_category":0},"product_cat":[1442,1437,1428,1635],"product_tag":[1491,1486,1482,1475,1456,1466,1520,1446],"yoast_head":"<!-- This site is optimized with the Yoast SEO plugin v22.1 - https:\/\/yoast.com\/wordpress\/plugins\/seo\/ -->\n<title>Balans regnb\u00e5ge - v\u00e4der spel - Woodinout \u00a9 Montessori leksaker<\/title>\n<meta name=\"description\" content=\"Vi prioriterar trygg och naturlig milj\u00f6 f\u00f6r barn att l\u00e4ra sig och utvecklas. Detta \u00e4r inget undantag - l\u00e4ra, skapa, spendera kvalitetstid tillsammans.\" \/>\n<meta name=\"robots\" content=\"index, follow, max-snippet:-1, max-image-preview:large, max-video-preview:-1\" \/>\n<link rel=\"canonical\" href=\"https:\/\/woodinout.net\/sv\/product\/balans-regnbage-vader-spel\/\" \/>\n<meta property=\"og:locale\" content=\"sv_SE\" \/>\n<meta property=\"og:type\" content=\"article\" \/>\n<meta property=\"og:title\" content=\"Balans regnb\u00e5ge - v\u00e4der spel - Woodinout \u00a9 Montessori leksaker\" \/>\n<meta property=\"og:description\" content=\"Vi prioriterar trygg och naturlig milj\u00f6 f\u00f6r barn att l\u00e4ra sig och utvecklas. Detta \u00e4r inget undantag - l\u00e4ra, skapa, spendera kvalitetstid tillsammans.\" \/>\n<meta property=\"og:url\" content=\"https:\/\/woodinout.net\/sv\/product\/balans-regnbage-vader-spel\/\" \/>\n<meta property=\"og:site_name\" content=\"Woodinout \u00a9\" \/>\n<meta property=\"article:modified_time\" content=\"2022-04-22T09:22:20+00:00\" \/>\n<meta property=\"og:image\" content=\"https:\/\/woodinout.net\/wp-content\/uploads\/2021\/03\/Balance_rainbow-weather_game_3.jpg\" \/>\n\t<meta property=\"og:image:width\" content=\"1706\" \/>\n\t<meta property=\"og:image:height\" content=\"2560\" \/>\n\t<meta property=\"og:image:type\" content=\"image\/jpeg\" \/>\n<meta name=\"twitter:card\" content=\"summary_large_image\" \/>\n<meta name=\"twitter:label1\" content=\"Ber\u00e4knad l\u00e4stid\" \/>\n\t<meta name=\"twitter:data1\" content=\"1 minut\" \/>\n<script type=\"application\/ld+json\" class=\"yoast-schema-graph\">{\"@context\":\"https:\/\/schema.org\",\"@graph\":[{\"@type\":\"WebPage\",\"@id\":\"https:\/\/woodinout.net\/sv\/product\/balans-regnbage-vader-spel\/\",\"url\":\"https:\/\/woodinout.net\/sv\/product\/balans-regnbage-vader-spel\/\",\"name\":\"Balans regnb\u00e5ge - v\u00e4der spel - Woodinout \u00a9 Montessori leksaker\",\"isPartOf\":{\"@id\":\"https:\/\/woodinout.net\/sv\/#website\"},\"datePublished\":\"2021-03-19T11:01:30+00:00\",\"dateModified\":\"2022-04-22T09:22:20+00:00\",\"description\":\"Vi prioriterar trygg och naturlig milj\u00f6 f\u00f6r barn att l\u00e4ra sig och utvecklas. Detta \u00e4r inget undantag - l\u00e4ra, skapa, spendera kvalitetstid tillsammans.\",\"breadcrumb\":{\"@id\":\"https:\/\/woodinout.net\/sv\/product\/balans-regnbage-vader-spel\/#breadcrumb\"},\"inLanguage\":\"sv-SE\",\"potentialAction\":[{\"@type\":\"ReadAction\",\"target\":[\"https:\/\/woodinout.net\/sv\/product\/balans-regnbage-vader-spel\/\"]}]},{\"@type\":\"BreadcrumbList\",\"@id\":\"https:\/\/woodinout.net\/sv\/product\/balans-regnbage-vader-spel\/#breadcrumb\",\"itemListElement\":[{\"@type\":\"ListItem\",\"position\":1,\"name\":\"Home\",\"item\":\"https:\/\/woodinout.net\/sv\/\"},{\"@type\":\"ListItem\",\"position\":2,\"name\":\"Shop\",\"item\":\"https:\/\/woodinout.net\/shop\/\"},{\"@type\":\"ListItem\",\"position\":3,\"name\":\"Balans regnb\u00e5ge &#8211; v\u00e4der spel\"}]},{\"@type\":\"WebSite\",\"@id\":\"https:\/\/woodinout.net\/sv\/#website\",\"url\":\"https:\/\/woodinout.net\/sv\/\",\"name\":\"Woodinout \u00a9\",\"description\":\"Wooden Montessori toys, gifts, home and events decor details\",\"potentialAction\":[{\"@type\":\"SearchAction\",\"target\":{\"@type\":\"EntryPoint\",\"urlTemplate\":\"https:\/\/woodinout.net\/sv\/?s={search_term_string}\"},\"query-input\":\"required name=search_term_string\"}],\"inLanguage\":\"sv-SE\"}]}<\/script>\n<!-- \/ Yoast SEO plugin. -->","yoast_head_json":{"title":"Balans regnb\u00e5ge - v\u00e4der spel - Woodinout \u00a9 Montessori leksaker","description":"Vi prioriterar trygg och naturlig milj\u00f6 f\u00f6r barn att l\u00e4ra sig och utvecklas. Detta \u00e4r inget undantag - l\u00e4ra, skapa, spendera kvalitetstid tillsammans.","robots":{"index":"index","follow":"follow","max-snippet":"max-snippet:-1","max-image-preview":"max-image-preview:large","max-video-preview":"max-video-preview:-1"},"canonical":"https:\/\/woodinout.net\/sv\/product\/balans-regnbage-vader-spel\/","og_locale":"sv_SE","og_type":"article","og_title":"Balans regnb\u00e5ge - v\u00e4der spel - Woodinout \u00a9 Montessori leksaker","og_description":"Vi prioriterar trygg och naturlig milj\u00f6 f\u00f6r barn att l\u00e4ra sig och utvecklas. Detta \u00e4r inget undantag - l\u00e4ra, skapa, spendera kvalitetstid tillsammans.","og_url":"https:\/\/woodinout.net\/sv\/product\/balans-regnbage-vader-spel\/","og_site_name":"Woodinout \u00a9","article_modified_time":"2022-04-22T09:22:20+00:00","og_image":[{"width":1706,"height":2560,"url":"https:\/\/woodinout.net\/wp-content\/uploads\/2021\/03\/Balance_rainbow-weather_game_3.jpg","type":"image\/jpeg"}],"twitter_card":"summary_large_image","twitter_misc":{"Ber\u00e4knad l\u00e4stid":"1 minut"},"schema":{"@context":"https:\/\/schema.org","@graph":[{"@type":"WebPage","@id":"https:\/\/woodinout.net\/sv\/product\/balans-regnbage-vader-spel\/","url":"https:\/\/woodinout.net\/sv\/product\/balans-regnbage-vader-spel\/","name":"Balans regnb\u00e5ge - v\u00e4der spel - Woodinout \u00a9 Montessori leksaker","isPartOf":{"@id":"https:\/\/woodinout.net\/sv\/#website"},"datePublished":"2021-03-19T11:01:30+00:00","dateModified":"2022-04-22T09:22:20+00:00","description":"Vi prioriterar trygg och naturlig milj\u00f6 f\u00f6r barn att l\u00e4ra sig och utvecklas. Detta \u00e4r inget undantag - l\u00e4ra, skapa, spendera kvalitetstid tillsammans.","breadcrumb":{"@id":"https:\/\/woodinout.net\/sv\/product\/balans-regnbage-vader-spel\/#breadcrumb"},"inLanguage":"sv-SE","potentialAction":[{"@type":"ReadAction","target":["https:\/\/woodinout.net\/sv\/product\/balans-regnbage-vader-spel\/"]}]},{"@type":"BreadcrumbList","@id":"https:\/\/woodinout.net\/sv\/product\/balans-regnbage-vader-spel\/#breadcrumb","itemListElement":[{"@type":"ListItem","position":1,"name":"Home","item":"https:\/\/woodinout.net\/sv\/"},{"@type":"ListItem","position":2,"name":"Shop","item":"https:\/\/woodinout.net\/shop\/"},{"@type":"ListItem","position":3,"name":"Balans regnb\u00e5ge &#8211; v\u00e4der spel"}]},{"@type":"WebSite","@id":"https:\/\/woodinout.net\/sv\/#website","url":"https:\/\/woodinout.net\/sv\/","name":"Woodinout \u00a9","description":"Wooden Montessori toys, gifts, home and events decor details","potentialAction":[{"@type":"SearchAction","target":{"@type":"EntryPoint","urlTemplate":"https:\/\/woodinout.net\/sv\/?s={search_term_string}"},"query-input":"required name=search_term_string"}],"inLanguage":"sv-SE"}]}},"_links":{"self":[{"href":"https:\/\/woodinout.net\/sv\/wp-json\/wp\/v2\/product\/21803"}],"collection":[{"href":"https:\/\/woodinout.net\/sv\/wp-json\/wp\/v2\/product"}],"about":[{"href":"https:\/\/woodinout.net\/sv\/wp-json\/wp\/v2\/types\/product"}],"wp:featuredmedia":[{"embeddable":true,"href":"https:\/\/woodinout.net\/sv\/wp-json\/wp\/v2\/media\/19428"}],"wp:attachment":[{"href":"https:\/\/woodinout.net\/sv\/wp-json\/wp\/v2\/media?parent=21803"}],"wp:term":[{"taxonomy":"product_cat","embeddable":true,"href":"https:\/\/woodinout.net\/sv\/wp-json\/wp\/v2\/product_cat?post=21803"},{"taxonomy":"product_tag","embeddable":true,"href":"https:\/\/woodinout.net\/sv\/wp-json\/wp\/v2\/product_tag?post=21803"}],"curies":[{"name":"wp","href":"https:\/\/api.w.org\/{rel}","templated":true}]}}