{"id":21802,"date":"2020-06-30T23:26:21","date_gmt":"2020-06-30T20:26:21","guid":{"rendered":"https:\/\/woodinout.net\/product\/trapinnar-for-montessori-leksaker\/"},"modified":"2020-06-30T23:26:21","modified_gmt":"2020-06-30T20:26:21","slug":"trapluggar-pegboard-pinnar","status":"publish","type":"product","link":"https:\/\/woodinout.net\/sv\/product\/trapluggar-pegboard-pinnar\/","title":{"rendered":"Tr\u00e4pinnar f\u00f6r Montessori leksaker"},"content":{"rendered":"<p>Naturliga tr\u00e4pinnar \u00e4lskade av barn. Tr\u00e4pluggar eller helt enkelt tr\u00e4pinnar \u00e4r en av de mest popul\u00e4ra Montessori-leksakerna. Anv\u00e4nd den i <a href=\"http:\/\/woodinout.net\/product\/unique-sand-tray-by-montessori-waldorf-toys\/\">sandbricka<\/a>, Spela deg, tr\u00e4 eller stenp\u00e4rlor &#8211; Barn kommer definitivt att hitta var de ska plugga dem, bara l\u00e5ta fantasin v\u00e4xa! V\u00c5RA pedagogiska sensoriska leksaker \u00e4r HANDGJORDA, milj\u00f6v\u00e4nliga och s\u00e4kra att leka med. Spelpinnar s\u00e5 enkla de ser lika v\u00e4rdefulla ut de \u00e4r! R\u00e4kna dem, plugga dem, sortera dem, f\u00e4rga dem! Bli kreativ och h\u00e5ll dig naturlig med tr\u00e4leksaker.<\/p>\n<p>Kit &#8211; 10 pegboardpinnar i tr\u00e4<\/p>\n<p>M\u00c5TT<\/p>\n<p>Sm\u00e5 stift l\u00e4ngd 0.35 inches<br \/>\nStora stift l\u00e4ngd 1.2 inches<\/p>\n<p>F\u00c4RGER OCH MATERIAL<br \/>\nF\u00e4rg: naturlig<br \/>\nLeksaken \u00e4r tillverkad av naturligt TR\u00c4.<br \/>\nObservera att f\u00e4rgerna kan variera beroende p\u00e5 inst\u00e4llningar f\u00f6r datorsk\u00e4rmar och ljusning.<\/p>\n","protected":false},"excerpt":{"rendered":"<p>Naturliga tr\u00e4pinnar \u00e4lskade av barn. Tr\u00e4pluggar eller helt enkelt tr\u00e4pinnar \u00e4r en av de mest popul\u00e4ra Montessori-leksakerna. Anv\u00e4nd den i sandbricka, Spela deg, tr\u00e4 eller stenp\u00e4rlor &#8211; Barn kommer definitivt att hitta var de ska plugga dem, bara l\u00e5ta fantasin v\u00e4xa! V\u00c5RA pedagogiska sensoriska leksaker \u00e4r HANDGJORDA, milj\u00f6v\u00e4nliga och s\u00e4kra att leka med. Spelpinnar s\u00e5 [&hellip;]<\/p>\n","protected":false},"featured_media":18372,"template":"","meta":{"_monsterinsights_skip_tracking":false,"_monsterinsights_sitenote_active":false,"_monsterinsights_sitenote_note":"","_monsterinsights_sitenote_category":0},"product_cat":[1469,1428],"product_tag":[1491,1486,1482,1475,1456,1466,2345,1446,2344,2343],"yoast_head":"<!-- This site is optimized with the Yoast SEO plugin v22.1 - https:\/\/yoast.com\/wordpress\/plugins\/seo\/ -->\n<title>Tr\u00e4pinnar f\u00f6r Montessori leksaker - Woodinout \u00a9 Tr\u00e4leksaker<\/title>\n<meta name=\"description\" content=\"Tr\u00e4pinnar s\u00e5 enkla som v\u00e4rdefulla de \u00e4r! R\u00e4kna dem, plugga dem, sortera dem, f\u00e4rga dem! Bli kreativ och h\u00e5ll dig naturlig med tr\u00e4leksaker.\" \/>\n<meta name=\"robots\" content=\"index, follow, max-snippet:-1, max-image-preview:large, max-video-preview:-1\" \/>\n<link rel=\"canonical\" href=\"https:\/\/woodinout.net\/sv\/product\/trapluggar-pegboard-pinnar\/\" \/>\n<meta property=\"og:locale\" content=\"sv_SE\" \/>\n<meta property=\"og:type\" content=\"article\" \/>\n<meta property=\"og:title\" content=\"Tr\u00e4pinnar f\u00f6r Montessori leksaker - Woodinout \u00a9 Tr\u00e4leksaker\" \/>\n<meta property=\"og:description\" content=\"Tr\u00e4pinnar s\u00e5 enkla som v\u00e4rdefulla de \u00e4r! R\u00e4kna dem, plugga dem, sortera dem, f\u00e4rga dem! Bli kreativ och h\u00e5ll dig naturlig med tr\u00e4leksaker.\" \/>\n<meta property=\"og:url\" content=\"https:\/\/woodinout.net\/sv\/product\/trapluggar-pegboard-pinnar\/\" \/>\n<meta property=\"og:site_name\" content=\"Woodinout \u00a9\" \/>\n<meta property=\"og:image\" content=\"https:\/\/woodinout.net\/wp-content\/uploads\/2020\/06\/Pegboard-pegs-1.jpg\" \/>\n\t<meta property=\"og:image:width\" content=\"853\" \/>\n\t<meta property=\"og:image:height\" content=\"1280\" \/>\n\t<meta property=\"og:image:type\" content=\"image\/jpeg\" \/>\n<meta name=\"twitter:card\" content=\"summary_large_image\" \/>\n<meta name=\"twitter:label1\" content=\"Ber\u00e4knad l\u00e4stid\" \/>\n\t<meta name=\"twitter:data1\" content=\"1 minut\" \/>\n<script type=\"application\/ld+json\" class=\"yoast-schema-graph\">{\"@context\":\"https:\/\/schema.org\",\"@graph\":[{\"@type\":\"WebPage\",\"@id\":\"https:\/\/woodinout.net\/sv\/product\/trapluggar-pegboard-pinnar\/\",\"url\":\"https:\/\/woodinout.net\/sv\/product\/trapluggar-pegboard-pinnar\/\",\"name\":\"Tr\u00e4pinnar f\u00f6r Montessori leksaker - Woodinout \u00a9 Tr\u00e4leksaker\",\"isPartOf\":{\"@id\":\"https:\/\/woodinout.net\/sv\/#website\"},\"datePublished\":\"2020-06-30T20:26:21+00:00\",\"dateModified\":\"2020-06-30T20:26:21+00:00\",\"description\":\"Tr\u00e4pinnar s\u00e5 enkla som v\u00e4rdefulla de \u00e4r! R\u00e4kna dem, plugga dem, sortera dem, f\u00e4rga dem! Bli kreativ och h\u00e5ll dig naturlig med tr\u00e4leksaker.\",\"breadcrumb\":{\"@id\":\"https:\/\/woodinout.net\/sv\/product\/trapluggar-pegboard-pinnar\/#breadcrumb\"},\"inLanguage\":\"sv-SE\",\"potentialAction\":[{\"@type\":\"ReadAction\",\"target\":[\"https:\/\/woodinout.net\/sv\/product\/trapluggar-pegboard-pinnar\/\"]}]},{\"@type\":\"BreadcrumbList\",\"@id\":\"https:\/\/woodinout.net\/sv\/product\/trapluggar-pegboard-pinnar\/#breadcrumb\",\"itemListElement\":[{\"@type\":\"ListItem\",\"position\":1,\"name\":\"Home\",\"item\":\"https:\/\/woodinout.net\/sv\/\"},{\"@type\":\"ListItem\",\"position\":2,\"name\":\"Shop\",\"item\":\"https:\/\/woodinout.net\/shop\/\"},{\"@type\":\"ListItem\",\"position\":3,\"name\":\"Tr\u00e4pinnar f\u00f6r Montessori leksaker\"}]},{\"@type\":\"WebSite\",\"@id\":\"https:\/\/woodinout.net\/sv\/#website\",\"url\":\"https:\/\/woodinout.net\/sv\/\",\"name\":\"Woodinout \u00a9\",\"description\":\"Wooden Montessori toys, gifts, home and events decor details\",\"potentialAction\":[{\"@type\":\"SearchAction\",\"target\":{\"@type\":\"EntryPoint\",\"urlTemplate\":\"https:\/\/woodinout.net\/sv\/?s={search_term_string}\"},\"query-input\":\"required name=search_term_string\"}],\"inLanguage\":\"sv-SE\"}]}<\/script>\n<!-- \/ Yoast SEO plugin. -->","yoast_head_json":{"title":"Tr\u00e4pinnar f\u00f6r Montessori leksaker - Woodinout \u00a9 Tr\u00e4leksaker","description":"Tr\u00e4pinnar s\u00e5 enkla som v\u00e4rdefulla de \u00e4r! R\u00e4kna dem, plugga dem, sortera dem, f\u00e4rga dem! Bli kreativ och h\u00e5ll dig naturlig med tr\u00e4leksaker.","robots":{"index":"index","follow":"follow","max-snippet":"max-snippet:-1","max-image-preview":"max-image-preview:large","max-video-preview":"max-video-preview:-1"},"canonical":"https:\/\/woodinout.net\/sv\/product\/trapluggar-pegboard-pinnar\/","og_locale":"sv_SE","og_type":"article","og_title":"Tr\u00e4pinnar f\u00f6r Montessori leksaker - Woodinout \u00a9 Tr\u00e4leksaker","og_description":"Tr\u00e4pinnar s\u00e5 enkla som v\u00e4rdefulla de \u00e4r! R\u00e4kna dem, plugga dem, sortera dem, f\u00e4rga dem! Bli kreativ och h\u00e5ll dig naturlig med tr\u00e4leksaker.","og_url":"https:\/\/woodinout.net\/sv\/product\/trapluggar-pegboard-pinnar\/","og_site_name":"Woodinout \u00a9","og_image":[{"width":853,"height":1280,"url":"https:\/\/woodinout.net\/wp-content\/uploads\/2020\/06\/Pegboard-pegs-1.jpg","type":"image\/jpeg"}],"twitter_card":"summary_large_image","twitter_misc":{"Ber\u00e4knad l\u00e4stid":"1 minut"},"schema":{"@context":"https:\/\/schema.org","@graph":[{"@type":"WebPage","@id":"https:\/\/woodinout.net\/sv\/product\/trapluggar-pegboard-pinnar\/","url":"https:\/\/woodinout.net\/sv\/product\/trapluggar-pegboard-pinnar\/","name":"Tr\u00e4pinnar f\u00f6r Montessori leksaker - Woodinout \u00a9 Tr\u00e4leksaker","isPartOf":{"@id":"https:\/\/woodinout.net\/sv\/#website"},"datePublished":"2020-06-30T20:26:21+00:00","dateModified":"2020-06-30T20:26:21+00:00","description":"Tr\u00e4pinnar s\u00e5 enkla som v\u00e4rdefulla de \u00e4r! R\u00e4kna dem, plugga dem, sortera dem, f\u00e4rga dem! Bli kreativ och h\u00e5ll dig naturlig med tr\u00e4leksaker.","breadcrumb":{"@id":"https:\/\/woodinout.net\/sv\/product\/trapluggar-pegboard-pinnar\/#breadcrumb"},"inLanguage":"sv-SE","potentialAction":[{"@type":"ReadAction","target":["https:\/\/woodinout.net\/sv\/product\/trapluggar-pegboard-pinnar\/"]}]},{"@type":"BreadcrumbList","@id":"https:\/\/woodinout.net\/sv\/product\/trapluggar-pegboard-pinnar\/#breadcrumb","itemListElement":[{"@type":"ListItem","position":1,"name":"Home","item":"https:\/\/woodinout.net\/sv\/"},{"@type":"ListItem","position":2,"name":"Shop","item":"https:\/\/woodinout.net\/shop\/"},{"@type":"ListItem","position":3,"name":"Tr\u00e4pinnar f\u00f6r Montessori leksaker"}]},{"@type":"WebSite","@id":"https:\/\/woodinout.net\/sv\/#website","url":"https:\/\/woodinout.net\/sv\/","name":"Woodinout \u00a9","description":"Wooden Montessori toys, gifts, home and events decor details","potentialAction":[{"@type":"SearchAction","target":{"@type":"EntryPoint","urlTemplate":"https:\/\/woodinout.net\/sv\/?s={search_term_string}"},"query-input":"required name=search_term_string"}],"inLanguage":"sv-SE"}]}},"_links":{"self":[{"href":"https:\/\/woodinout.net\/sv\/wp-json\/wp\/v2\/product\/21802"}],"collection":[{"href":"https:\/\/woodinout.net\/sv\/wp-json\/wp\/v2\/product"}],"about":[{"href":"https:\/\/woodinout.net\/sv\/wp-json\/wp\/v2\/types\/product"}],"wp:featuredmedia":[{"embeddable":true,"href":"https:\/\/woodinout.net\/sv\/wp-json\/wp\/v2\/media\/18372"}],"wp:attachment":[{"href":"https:\/\/woodinout.net\/sv\/wp-json\/wp\/v2\/media?parent=21802"}],"wp:term":[{"taxonomy":"product_cat","embeddable":true,"href":"https:\/\/woodinout.net\/sv\/wp-json\/wp\/v2\/product_cat?post=21802"},{"taxonomy":"product_tag","embeddable":true,"href":"https:\/\/woodinout.net\/sv\/wp-json\/wp\/v2\/product_tag?post=21802"}],"curies":[{"name":"wp","href":"https:\/\/api.w.org\/{rel}","templated":true}]}}