{"id":21801,"date":"2021-03-22T13:30:16","date_gmt":"2021-03-22T11:30:16","guid":{"rendered":"https:\/\/woodinout.net\/product\/pinnar-for-geoboard\/"},"modified":"2022-04-19T16:11:05","modified_gmt":"2022-04-19T13:11:05","slug":"pinnar-for-geoboard","status":"publish","type":"product","link":"https:\/\/woodinout.net\/sv\/product\/pinnar-for-geoboard\/","title":{"rendered":"Pinnar f\u00f6r geoboard"},"content":{"rendered":"<p>Sm\u00e5 tr\u00e4pinnar som till\u00e4gg till tr\u00e4geoboard f\u00f6r barn. Detta kan vara en perfekt f\u00e4rdighetsleklek f\u00f6r utvecklingslekar och kreativa lekar, antingen f\u00f6r barn och vuxna. Tr\u00e4pinnar anv\u00e4nds fr\u00e4mst i Montessori peg board, men kan ocks\u00e5 anv\u00e4ndas kreativt i m\u00e5nga Montessori- eller Waldorf-inspirerade aktiviteter som att r\u00e4kna, sortera eller sensoriska.<\/p>\n<p>M\u00c5TT<br \/>\nH\u00f6jd: 4 cm<br \/>\nTjocklek: 0,23 tum (0.6cm)<\/p>\n<p>F\u00c4RGER OCH MATERIAL<br \/>\nF\u00e4rg: naturligt tr\u00e4.<br \/>\nLeksaken \u00e4r tillverkad av NATURLIGT MASSIVT TR\u00c4.<br \/>\nObservera att f\u00e4rgerna kan variera beroende p\u00e5 inst\u00e4llningar f\u00f6r datorsk\u00e4rmar och ljusning.<\/p>\n","protected":false},"excerpt":{"rendered":"<p>Sm\u00e5 tr\u00e4pinnar som till\u00e4gg till tr\u00e4geoboard f\u00f6r barn. Detta kan vara en perfekt f\u00e4rdighetsleklek f\u00f6r utvecklingslekar och kreativa lekar, antingen f\u00f6r barn och vuxna. Tr\u00e4pinnar anv\u00e4nds fr\u00e4mst i Montessori peg board, men kan ocks\u00e5 anv\u00e4ndas kreativt i m\u00e5nga Montessori- eller Waldorf-inspirerade aktiviteter som att r\u00e4kna, sortera eller sensoriska. M\u00c5TT H\u00f6jd: 4 cm Tjocklek: 0,23 tum [&hellip;]<\/p>\n","protected":false},"featured_media":20356,"template":"","meta":{"_monsterinsights_skip_tracking":false,"_monsterinsights_sitenote_active":false,"_monsterinsights_sitenote_note":"","_monsterinsights_sitenote_category":0},"product_cat":[1792,1428],"product_tag":[1491,1486,2332,2334,1482,1606,1475,1456,1466,2331,1446,2329],"yoast_head":"<!-- This site is optimized with the Yoast SEO plugin v22.1 - https:\/\/yoast.com\/wordpress\/plugins\/seo\/ -->\n<title>Pinnar f\u00f6r geoboard - Woodinout \u00a9 Montessori leksaker SHOP<\/title>\n<meta name=\"description\" content=\"L\u00e4r barnen matte, siffror och sortering p\u00e5 ett roligt s\u00e4tt. Utveckla ocks\u00e5 sm\u00e5 barn finmotorik och lek med snygga handgjorda tr\u00e4pinnar.\" \/>\n<meta name=\"robots\" content=\"index, follow, max-snippet:-1, max-image-preview:large, max-video-preview:-1\" \/>\n<link rel=\"canonical\" href=\"https:\/\/woodinout.net\/sv\/product\/pinnar-for-geoboard\/\" \/>\n<meta property=\"og:locale\" content=\"sv_SE\" \/>\n<meta property=\"og:type\" content=\"article\" \/>\n<meta property=\"og:title\" content=\"Pinnar f\u00f6r geoboard - Woodinout \u00a9 Montessori leksaker SHOP\" \/>\n<meta property=\"og:description\" content=\"L\u00e4r barnen matte, siffror och sortering p\u00e5 ett roligt s\u00e4tt. Utveckla ocks\u00e5 sm\u00e5 barn finmotorik och lek med snygga handgjorda tr\u00e4pinnar.\" \/>\n<meta property=\"og:url\" content=\"https:\/\/woodinout.net\/sv\/product\/pinnar-for-geoboard\/\" \/>\n<meta property=\"og:site_name\" content=\"Woodinout \u00a9\" \/>\n<meta property=\"article:modified_time\" content=\"2022-04-19T13:11:05+00:00\" \/>\n<meta property=\"og:image\" content=\"https:\/\/woodinout.net\/wp-content\/uploads\/2021\/03\/Small-wooden-Pegs.jpg\" \/>\n\t<meta property=\"og:image:width\" content=\"1140\" \/>\n\t<meta property=\"og:image:height\" content=\"1002\" \/>\n\t<meta property=\"og:image:type\" content=\"image\/jpeg\" \/>\n<meta name=\"twitter:card\" content=\"summary_large_image\" \/>\n<meta name=\"twitter:label1\" content=\"Ber\u00e4knad l\u00e4stid\" \/>\n\t<meta name=\"twitter:data1\" content=\"1 minut\" \/>\n<script type=\"application\/ld+json\" class=\"yoast-schema-graph\">{\"@context\":\"https:\/\/schema.org\",\"@graph\":[{\"@type\":\"WebPage\",\"@id\":\"https:\/\/woodinout.net\/sv\/product\/pinnar-for-geoboard\/\",\"url\":\"https:\/\/woodinout.net\/sv\/product\/pinnar-for-geoboard\/\",\"name\":\"Pinnar f\u00f6r geoboard - Woodinout \u00a9 Montessori leksaker SHOP\",\"isPartOf\":{\"@id\":\"https:\/\/woodinout.net\/sv\/#website\"},\"datePublished\":\"2021-03-22T11:30:16+00:00\",\"dateModified\":\"2022-04-19T13:11:05+00:00\",\"description\":\"L\u00e4r barnen matte, siffror och sortering p\u00e5 ett roligt s\u00e4tt. Utveckla ocks\u00e5 sm\u00e5 barn finmotorik och lek med snygga handgjorda tr\u00e4pinnar.\",\"breadcrumb\":{\"@id\":\"https:\/\/woodinout.net\/sv\/product\/pinnar-for-geoboard\/#breadcrumb\"},\"inLanguage\":\"sv-SE\",\"potentialAction\":[{\"@type\":\"ReadAction\",\"target\":[\"https:\/\/woodinout.net\/sv\/product\/pinnar-for-geoboard\/\"]}]},{\"@type\":\"BreadcrumbList\",\"@id\":\"https:\/\/woodinout.net\/sv\/product\/pinnar-for-geoboard\/#breadcrumb\",\"itemListElement\":[{\"@type\":\"ListItem\",\"position\":1,\"name\":\"Home\",\"item\":\"https:\/\/woodinout.net\/sv\/\"},{\"@type\":\"ListItem\",\"position\":2,\"name\":\"Shop\",\"item\":\"https:\/\/woodinout.net\/shop\/\"},{\"@type\":\"ListItem\",\"position\":3,\"name\":\"Pinnar f\u00f6r geoboard\"}]},{\"@type\":\"WebSite\",\"@id\":\"https:\/\/woodinout.net\/sv\/#website\",\"url\":\"https:\/\/woodinout.net\/sv\/\",\"name\":\"Woodinout \u00a9\",\"description\":\"Wooden Montessori toys, gifts, home and events decor details\",\"potentialAction\":[{\"@type\":\"SearchAction\",\"target\":{\"@type\":\"EntryPoint\",\"urlTemplate\":\"https:\/\/woodinout.net\/sv\/?s={search_term_string}\"},\"query-input\":\"required name=search_term_string\"}],\"inLanguage\":\"sv-SE\"}]}<\/script>\n<!-- \/ Yoast SEO plugin. -->","yoast_head_json":{"title":"Pinnar f\u00f6r geoboard - Woodinout \u00a9 Montessori leksaker SHOP","description":"L\u00e4r barnen matte, siffror och sortering p\u00e5 ett roligt s\u00e4tt. Utveckla ocks\u00e5 sm\u00e5 barn finmotorik och lek med snygga handgjorda tr\u00e4pinnar.","robots":{"index":"index","follow":"follow","max-snippet":"max-snippet:-1","max-image-preview":"max-image-preview:large","max-video-preview":"max-video-preview:-1"},"canonical":"https:\/\/woodinout.net\/sv\/product\/pinnar-for-geoboard\/","og_locale":"sv_SE","og_type":"article","og_title":"Pinnar f\u00f6r geoboard - Woodinout \u00a9 Montessori leksaker SHOP","og_description":"L\u00e4r barnen matte, siffror och sortering p\u00e5 ett roligt s\u00e4tt. Utveckla ocks\u00e5 sm\u00e5 barn finmotorik och lek med snygga handgjorda tr\u00e4pinnar.","og_url":"https:\/\/woodinout.net\/sv\/product\/pinnar-for-geoboard\/","og_site_name":"Woodinout \u00a9","article_modified_time":"2022-04-19T13:11:05+00:00","og_image":[{"width":1140,"height":1002,"url":"https:\/\/woodinout.net\/wp-content\/uploads\/2021\/03\/Small-wooden-Pegs.jpg","type":"image\/jpeg"}],"twitter_card":"summary_large_image","twitter_misc":{"Ber\u00e4knad l\u00e4stid":"1 minut"},"schema":{"@context":"https:\/\/schema.org","@graph":[{"@type":"WebPage","@id":"https:\/\/woodinout.net\/sv\/product\/pinnar-for-geoboard\/","url":"https:\/\/woodinout.net\/sv\/product\/pinnar-for-geoboard\/","name":"Pinnar f\u00f6r geoboard - Woodinout \u00a9 Montessori leksaker SHOP","isPartOf":{"@id":"https:\/\/woodinout.net\/sv\/#website"},"datePublished":"2021-03-22T11:30:16+00:00","dateModified":"2022-04-19T13:11:05+00:00","description":"L\u00e4r barnen matte, siffror och sortering p\u00e5 ett roligt s\u00e4tt. Utveckla ocks\u00e5 sm\u00e5 barn finmotorik och lek med snygga handgjorda tr\u00e4pinnar.","breadcrumb":{"@id":"https:\/\/woodinout.net\/sv\/product\/pinnar-for-geoboard\/#breadcrumb"},"inLanguage":"sv-SE","potentialAction":[{"@type":"ReadAction","target":["https:\/\/woodinout.net\/sv\/product\/pinnar-for-geoboard\/"]}]},{"@type":"BreadcrumbList","@id":"https:\/\/woodinout.net\/sv\/product\/pinnar-for-geoboard\/#breadcrumb","itemListElement":[{"@type":"ListItem","position":1,"name":"Home","item":"https:\/\/woodinout.net\/sv\/"},{"@type":"ListItem","position":2,"name":"Shop","item":"https:\/\/woodinout.net\/shop\/"},{"@type":"ListItem","position":3,"name":"Pinnar f\u00f6r geoboard"}]},{"@type":"WebSite","@id":"https:\/\/woodinout.net\/sv\/#website","url":"https:\/\/woodinout.net\/sv\/","name":"Woodinout \u00a9","description":"Wooden Montessori toys, gifts, home and events decor details","potentialAction":[{"@type":"SearchAction","target":{"@type":"EntryPoint","urlTemplate":"https:\/\/woodinout.net\/sv\/?s={search_term_string}"},"query-input":"required name=search_term_string"}],"inLanguage":"sv-SE"}]}},"_links":{"self":[{"href":"https:\/\/woodinout.net\/sv\/wp-json\/wp\/v2\/product\/21801"}],"collection":[{"href":"https:\/\/woodinout.net\/sv\/wp-json\/wp\/v2\/product"}],"about":[{"href":"https:\/\/woodinout.net\/sv\/wp-json\/wp\/v2\/types\/product"}],"wp:featuredmedia":[{"embeddable":true,"href":"https:\/\/woodinout.net\/sv\/wp-json\/wp\/v2\/media\/20356"}],"wp:attachment":[{"href":"https:\/\/woodinout.net\/sv\/wp-json\/wp\/v2\/media?parent=21801"}],"wp:term":[{"taxonomy":"product_cat","embeddable":true,"href":"https:\/\/woodinout.net\/sv\/wp-json\/wp\/v2\/product_cat?post=21801"},{"taxonomy":"product_tag","embeddable":true,"href":"https:\/\/woodinout.net\/sv\/wp-json\/wp\/v2\/product_tag?post=21801"}],"curies":[{"name":"wp","href":"https:\/\/api.w.org\/{rel}","templated":true}]}}