{"id":21800,"date":"2021-03-21T19:15:28","date_gmt":"2021-03-21T17:15:28","guid":{"rendered":"https:\/\/woodinout.net\/product\/formerkort\/"},"modified":"2022-04-19T16:36:46","modified_gmt":"2022-04-19T13:36:46","slug":"former-kort","status":"publish","type":"product","link":"https:\/\/woodinout.net\/sv\/product\/former-kort\/","title":{"rendered":"Formerkort"},"content":{"rendered":"<p>Geoboard scheman plywoodkort &#8211; till\u00e4gg till peg board f\u00f6r barn. Alla v\u00e5ra Montessori leksaker i tr\u00e4 \u00e4r skapade f\u00f6r att utveckla kreativiteten med naturliga tr\u00e4leksaker. F\u00f6rskoleinl\u00e4rning genom lek \u00e4r svaret p\u00e5 dagens utbildning. Montessori peg board former kort handlar om! Anv\u00e4nd den med din eller en av v\u00e5ra unika geoboards.<\/p>\n<p>M\u00c5TT<br \/>\nH\u00f6jd: ~4.8cm<br \/>\nL\u00e4ngd: ~1,9 tum (4.8cm)<\/p>\n<p>F\u00c4RGER OCH MATERIAL<br \/>\nF\u00e4rg: naturligt tr\u00e4<br \/>\nLeksaken \u00e4r tillverkad av NATURLIG TR\u00c4plywoodplywood.<br \/>\nObservera att f\u00e4rgerna kan variera beroende p\u00e5 inst\u00e4llningar f\u00f6r datorsk\u00e4rmar och ljusning.<\/p>\n","protected":false},"excerpt":{"rendered":"<p>Geoboard scheman plywoodkort &#8211; till\u00e4gg till peg board f\u00f6r barn. Alla v\u00e5ra Montessori leksaker i tr\u00e4 \u00e4r skapade f\u00f6r att utveckla kreativiteten med naturliga tr\u00e4leksaker. F\u00f6rskoleinl\u00e4rning genom lek \u00e4r svaret p\u00e5 dagens utbildning. Montessori peg board former kort handlar om! Anv\u00e4nd den med din eller en av v\u00e5ra unika geoboards. M\u00c5TT H\u00f6jd: ~4.8cm L\u00e4ngd: ~1,9 [&hellip;]<\/p>\n","protected":false},"featured_media":20140,"template":"","meta":{"_monsterinsights_skip_tracking":false,"_monsterinsights_sitenote_active":false,"_monsterinsights_sitenote_note":"","_monsterinsights_sitenote_category":0},"product_cat":[1792,1428],"product_tag":[1491,1486,2332,2334,1482,1606,1475,1456,1466,2333,2331,1446,2329],"yoast_head":"<!-- This site is optimized with the Yoast SEO plugin v22.1 - https:\/\/yoast.com\/wordpress\/plugins\/seo\/ -->\n<title>Formerkort - Woodinout \u00a9 Montessori leksaker SHOP<\/title>\n<meta name=\"description\" content=\"L\u00e4r barn geometri, probleml\u00f6sning och utveckla finmotorik p\u00e5 ett roligt s\u00e4tt. Lek med snygga handgjorda, naturliga tr\u00e4klossar.\" \/>\n<meta name=\"robots\" content=\"index, follow, max-snippet:-1, max-image-preview:large, max-video-preview:-1\" \/>\n<link rel=\"canonical\" href=\"https:\/\/woodinout.net\/sv\/product\/former-kort\/\" \/>\n<meta property=\"og:locale\" content=\"sv_SE\" \/>\n<meta property=\"og:type\" content=\"article\" \/>\n<meta property=\"og:title\" content=\"Formerkort - Woodinout \u00a9 Montessori leksaker SHOP\" \/>\n<meta property=\"og:description\" content=\"L\u00e4r barn geometri, probleml\u00f6sning och utveckla finmotorik p\u00e5 ett roligt s\u00e4tt. Lek med snygga handgjorda, naturliga tr\u00e4klossar.\" \/>\n<meta property=\"og:url\" content=\"https:\/\/woodinout.net\/sv\/product\/former-kort\/\" \/>\n<meta property=\"og:site_name\" content=\"Woodinout \u00a9\" \/>\n<meta property=\"article:modified_time\" content=\"2022-04-19T13:36:46+00:00\" \/>\n<meta property=\"og:image\" content=\"https:\/\/woodinout.net\/wp-content\/uploads\/2021\/03\/Shapes_cards_3.jpg\" \/>\n\t<meta property=\"og:image:width\" content=\"1706\" \/>\n\t<meta property=\"og:image:height\" content=\"2560\" \/>\n\t<meta property=\"og:image:type\" content=\"image\/jpeg\" \/>\n<meta name=\"twitter:card\" content=\"summary_large_image\" \/>\n<script type=\"application\/ld+json\" class=\"yoast-schema-graph\">{\"@context\":\"https:\/\/schema.org\",\"@graph\":[{\"@type\":\"WebPage\",\"@id\":\"https:\/\/woodinout.net\/sv\/product\/former-kort\/\",\"url\":\"https:\/\/woodinout.net\/sv\/product\/former-kort\/\",\"name\":\"Formerkort - Woodinout \u00a9 Montessori leksaker SHOP\",\"isPartOf\":{\"@id\":\"https:\/\/woodinout.net\/sv\/#website\"},\"datePublished\":\"2021-03-21T17:15:28+00:00\",\"dateModified\":\"2022-04-19T13:36:46+00:00\",\"description\":\"L\u00e4r barn geometri, probleml\u00f6sning och utveckla finmotorik p\u00e5 ett roligt s\u00e4tt. Lek med snygga handgjorda, naturliga tr\u00e4klossar.\",\"breadcrumb\":{\"@id\":\"https:\/\/woodinout.net\/sv\/product\/former-kort\/#breadcrumb\"},\"inLanguage\":\"sv-SE\",\"potentialAction\":[{\"@type\":\"ReadAction\",\"target\":[\"https:\/\/woodinout.net\/sv\/product\/former-kort\/\"]}]},{\"@type\":\"BreadcrumbList\",\"@id\":\"https:\/\/woodinout.net\/sv\/product\/former-kort\/#breadcrumb\",\"itemListElement\":[{\"@type\":\"ListItem\",\"position\":1,\"name\":\"Home\",\"item\":\"https:\/\/woodinout.net\/sv\/\"},{\"@type\":\"ListItem\",\"position\":2,\"name\":\"Shop\",\"item\":\"https:\/\/woodinout.net\/shop\/\"},{\"@type\":\"ListItem\",\"position\":3,\"name\":\"Formerkort\"}]},{\"@type\":\"WebSite\",\"@id\":\"https:\/\/woodinout.net\/sv\/#website\",\"url\":\"https:\/\/woodinout.net\/sv\/\",\"name\":\"Woodinout \u00a9\",\"description\":\"Wooden Montessori toys, gifts, home and events decor details\",\"potentialAction\":[{\"@type\":\"SearchAction\",\"target\":{\"@type\":\"EntryPoint\",\"urlTemplate\":\"https:\/\/woodinout.net\/sv\/?s={search_term_string}\"},\"query-input\":\"required name=search_term_string\"}],\"inLanguage\":\"sv-SE\"}]}<\/script>\n<!-- \/ Yoast SEO plugin. -->","yoast_head_json":{"title":"Formerkort - Woodinout \u00a9 Montessori leksaker SHOP","description":"L\u00e4r barn geometri, probleml\u00f6sning och utveckla finmotorik p\u00e5 ett roligt s\u00e4tt. Lek med snygga handgjorda, naturliga tr\u00e4klossar.","robots":{"index":"index","follow":"follow","max-snippet":"max-snippet:-1","max-image-preview":"max-image-preview:large","max-video-preview":"max-video-preview:-1"},"canonical":"https:\/\/woodinout.net\/sv\/product\/former-kort\/","og_locale":"sv_SE","og_type":"article","og_title":"Formerkort - Woodinout \u00a9 Montessori leksaker SHOP","og_description":"L\u00e4r barn geometri, probleml\u00f6sning och utveckla finmotorik p\u00e5 ett roligt s\u00e4tt. Lek med snygga handgjorda, naturliga tr\u00e4klossar.","og_url":"https:\/\/woodinout.net\/sv\/product\/former-kort\/","og_site_name":"Woodinout \u00a9","article_modified_time":"2022-04-19T13:36:46+00:00","og_image":[{"width":1706,"height":2560,"url":"https:\/\/woodinout.net\/wp-content\/uploads\/2021\/03\/Shapes_cards_3.jpg","type":"image\/jpeg"}],"twitter_card":"summary_large_image","schema":{"@context":"https:\/\/schema.org","@graph":[{"@type":"WebPage","@id":"https:\/\/woodinout.net\/sv\/product\/former-kort\/","url":"https:\/\/woodinout.net\/sv\/product\/former-kort\/","name":"Formerkort - Woodinout \u00a9 Montessori leksaker SHOP","isPartOf":{"@id":"https:\/\/woodinout.net\/sv\/#website"},"datePublished":"2021-03-21T17:15:28+00:00","dateModified":"2022-04-19T13:36:46+00:00","description":"L\u00e4r barn geometri, probleml\u00f6sning och utveckla finmotorik p\u00e5 ett roligt s\u00e4tt. Lek med snygga handgjorda, naturliga tr\u00e4klossar.","breadcrumb":{"@id":"https:\/\/woodinout.net\/sv\/product\/former-kort\/#breadcrumb"},"inLanguage":"sv-SE","potentialAction":[{"@type":"ReadAction","target":["https:\/\/woodinout.net\/sv\/product\/former-kort\/"]}]},{"@type":"BreadcrumbList","@id":"https:\/\/woodinout.net\/sv\/product\/former-kort\/#breadcrumb","itemListElement":[{"@type":"ListItem","position":1,"name":"Home","item":"https:\/\/woodinout.net\/sv\/"},{"@type":"ListItem","position":2,"name":"Shop","item":"https:\/\/woodinout.net\/shop\/"},{"@type":"ListItem","position":3,"name":"Formerkort"}]},{"@type":"WebSite","@id":"https:\/\/woodinout.net\/sv\/#website","url":"https:\/\/woodinout.net\/sv\/","name":"Woodinout \u00a9","description":"Wooden Montessori toys, gifts, home and events decor details","potentialAction":[{"@type":"SearchAction","target":{"@type":"EntryPoint","urlTemplate":"https:\/\/woodinout.net\/sv\/?s={search_term_string}"},"query-input":"required name=search_term_string"}],"inLanguage":"sv-SE"}]}},"_links":{"self":[{"href":"https:\/\/woodinout.net\/sv\/wp-json\/wp\/v2\/product\/21800"}],"collection":[{"href":"https:\/\/woodinout.net\/sv\/wp-json\/wp\/v2\/product"}],"about":[{"href":"https:\/\/woodinout.net\/sv\/wp-json\/wp\/v2\/types\/product"}],"wp:featuredmedia":[{"embeddable":true,"href":"https:\/\/woodinout.net\/sv\/wp-json\/wp\/v2\/media\/20140"}],"wp:attachment":[{"href":"https:\/\/woodinout.net\/sv\/wp-json\/wp\/v2\/media?parent=21800"}],"wp:term":[{"taxonomy":"product_cat","embeddable":true,"href":"https:\/\/woodinout.net\/sv\/wp-json\/wp\/v2\/product_cat?post=21800"},{"taxonomy":"product_tag","embeddable":true,"href":"https:\/\/woodinout.net\/sv\/wp-json\/wp\/v2\/product_tag?post=21800"}],"curies":[{"name":"wp","href":"https:\/\/api.w.org\/{rel}","templated":true}]}}