{"id":21796,"date":"2020-06-30T22:51:44","date_gmt":"2020-06-30T19:51:44","guid":{"rendered":"https:\/\/woodinout.net\/product\/matematikcirkel-tramatematik-manipulativa\/"},"modified":"2022-04-22T12:29:58","modified_gmt":"2022-04-22T09:29:58","slug":"matematikring-for-siffror-och-rakning","status":"publish","type":"product","link":"https:\/\/woodinout.net\/sv\/product\/matematikring-for-siffror-och-rakning\/","title":{"rendered":"Matematikcirkel (tr\u00e4matematik manipulativa)"},"content":{"rendered":"<p>Montessori matematiska manipulativa inspirerade oss att skapa denna tr\u00e4 matte ring \/ cirkel. Att l\u00e4ra sig leksaker \u00e4r alltid de b\u00e4sta handgjorda presenterna f\u00f6r barn. Letar du efter matteg\u00e5vor &#8211; f\u00e5 denna Multiplikationstavla och KUL ATT SPELA med siffror och r\u00e4kna \u00e4r garanterat! Ett.. tv\u00e5.. TIO r\u00e4kna med JOY! L\u00e4gg till, subtrahera, multiplicera &#8211; allt p\u00e5 ett tr\u00e4hjul. Handgjord och omsorgsfullt m\u00e5lad med milj\u00f6v\u00e4nlig f\u00e4rg &#8211; s\u00e4ker att leka. Montessori l\u00e4rande leksaker \u00e4r v\u00e5r passion &#8211; det h\u00e4r \u00e4r vad vi g\u00f6r B\u00c4ST. G\u00e5 med i familjen av glada kunder p\u00e5 Woodinout.<\/p>\n<p>Kit inneh\u00e5ller av:<br \/>\nTr\u00e4 multiplikationsbr\u00e4da<br \/>\nTr\u00e4cirkel med matematiska symboler<br \/>\n12 Tr\u00e4cirkelblock med siffror fr\u00e5n 1 till 12<br \/>\n144 enheter tr\u00e4mynt med siffror fr\u00e5n 1 till 144<\/p>\n<p>M\u00c5TT<\/p>\n<p>Huvudtavla<br \/>\nDiameter: ~6.7 inches<br \/>\nTjocklek: ~0.6 inches<\/p>\n<p>F\u00c4RGER OCH MATERIAL<br \/>\nF\u00e4rg: m\u00f6rkbrun och naturlig oljad.<br \/>\nLeksaken \u00e4r tillverkad av NATURLIGT MASSIVT TR\u00c4 och plywood.<br \/>\nObservera att f\u00e4rgerna kan variera beroende p\u00e5 inst\u00e4llningar f\u00f6r datorsk\u00e4rmar och ljusning.<\/p>\n<div style=\"width: 1080px;\" class=\"wp-video\"><!--[if lt IE 9]><script>document.createElement('video');<\/script><![endif]-->\n<video class=\"wp-video-shortcode\" id=\"video-21796-1\" width=\"1080\" height=\"810\" preload=\"metadata\" controls=\"controls\"><source type=\"video\/mp4\" src=\"http:\/\/woodinout.net\/wp-content\/uploads\/2020\/06\/MEDINIS_19.mp4?_=1\" \/><a href=\"http:\/\/woodinout.net\/wp-content\/uploads\/2020\/06\/MEDINIS_19.mp4\">http:\/\/woodinout.net\/wp-content\/uploads\/2020\/06\/MEDINIS_19.mp4<\/a><\/video><\/div>\n","protected":false},"excerpt":{"rendered":"<p>Montessori matematiska manipulativa inspirerade oss att skapa denna tr\u00e4 matte ring \/ cirkel. Att l\u00e4ra sig leksaker \u00e4r alltid de b\u00e4sta handgjorda presenterna f\u00f6r barn. Letar du efter matteg\u00e5vor &#8211; f\u00e5 denna Multiplikationstavla och KUL ATT SPELA med siffror och r\u00e4kna \u00e4r garanterat! Ett.. tv\u00e5.. TIO r\u00e4kna med JOY! L\u00e4gg till, subtrahera, multiplicera &#8211; allt [&hellip;]<\/p>\n","protected":false},"featured_media":18276,"template":"","meta":{"_monsterinsights_skip_tracking":false,"_monsterinsights_sitenote_active":false,"_monsterinsights_sitenote_note":"","_monsterinsights_sitenote_category":0},"product_cat":[1469,1428],"product_tag":[1491,1486,1482,2351,2355,1591,1593,1606,1475,1594,1456,1466,1446],"yoast_head":"<!-- This site is optimized with the Yoast SEO plugin v22.1 - https:\/\/yoast.com\/wordpress\/plugins\/seo\/ -->\n<title>Matematikcirkel (tr\u00e4matematik manipulativa) - Woodinout \u00a9<\/title>\n<meta name=\"description\" content=\"Mattecirkel handgjord fr\u00e5n massivt tr\u00e4 f\u00f6r Joyfull matteinl\u00e4rning. L\u00e4gg till, understrastra, multiplicera, dela - allt i en Montessori-inspirerad leksak.\" \/>\n<meta name=\"robots\" content=\"index, follow, max-snippet:-1, max-image-preview:large, max-video-preview:-1\" \/>\n<link rel=\"canonical\" href=\"https:\/\/woodinout.net\/sv\/product\/matematikring-for-siffror-och-rakning\/\" \/>\n<meta property=\"og:locale\" content=\"sv_SE\" \/>\n<meta property=\"og:type\" content=\"article\" \/>\n<meta property=\"og:title\" content=\"Matematikcirkel (tr\u00e4matematik manipulativa) - Woodinout \u00a9\" \/>\n<meta property=\"og:description\" content=\"Mattecirkel handgjord fr\u00e5n massivt tr\u00e4 f\u00f6r Joyfull matteinl\u00e4rning. L\u00e4gg till, understrastra, multiplicera, dela - allt i en Montessori-inspirerad leksak.\" \/>\n<meta property=\"og:url\" content=\"https:\/\/woodinout.net\/sv\/product\/matematikring-for-siffror-och-rakning\/\" \/>\n<meta property=\"og:site_name\" content=\"Woodinout \u00a9\" \/>\n<meta property=\"article:modified_time\" content=\"2022-04-22T09:29:58+00:00\" \/>\n<meta property=\"og:image\" content=\"https:\/\/woodinout.net\/wp-content\/uploads\/2020\/06\/Math-ring-for-numbers-and-counting-1.jpg\" \/>\n\t<meta property=\"og:image:width\" content=\"853\" \/>\n\t<meta property=\"og:image:height\" content=\"1280\" \/>\n\t<meta property=\"og:image:type\" content=\"image\/jpeg\" \/>\n<meta name=\"twitter:card\" content=\"summary_large_image\" \/>\n<meta name=\"twitter:label1\" content=\"Ber\u00e4knad l\u00e4stid\" \/>\n\t<meta name=\"twitter:data1\" content=\"1 minut\" \/>\n<script type=\"application\/ld+json\" class=\"yoast-schema-graph\">{\"@context\":\"https:\/\/schema.org\",\"@graph\":[{\"@type\":\"WebPage\",\"@id\":\"https:\/\/woodinout.net\/sv\/product\/matematikring-for-siffror-och-rakning\/\",\"url\":\"https:\/\/woodinout.net\/sv\/product\/matematikring-for-siffror-och-rakning\/\",\"name\":\"Matematikcirkel (tr\u00e4matematik manipulativa) - Woodinout \u00a9\",\"isPartOf\":{\"@id\":\"https:\/\/woodinout.net\/sv\/#website\"},\"datePublished\":\"2020-06-30T19:51:44+00:00\",\"dateModified\":\"2022-04-22T09:29:58+00:00\",\"description\":\"Mattecirkel handgjord fr\u00e5n massivt tr\u00e4 f\u00f6r Joyfull matteinl\u00e4rning. L\u00e4gg till, understrastra, multiplicera, dela - allt i en Montessori-inspirerad leksak.\",\"breadcrumb\":{\"@id\":\"https:\/\/woodinout.net\/sv\/product\/matematikring-for-siffror-och-rakning\/#breadcrumb\"},\"inLanguage\":\"sv-SE\",\"potentialAction\":[{\"@type\":\"ReadAction\",\"target\":[\"https:\/\/woodinout.net\/sv\/product\/matematikring-for-siffror-och-rakning\/\"]}]},{\"@type\":\"BreadcrumbList\",\"@id\":\"https:\/\/woodinout.net\/sv\/product\/matematikring-for-siffror-och-rakning\/#breadcrumb\",\"itemListElement\":[{\"@type\":\"ListItem\",\"position\":1,\"name\":\"Home\",\"item\":\"https:\/\/woodinout.net\/sv\/\"},{\"@type\":\"ListItem\",\"position\":2,\"name\":\"Shop\",\"item\":\"https:\/\/woodinout.net\/shop\/\"},{\"@type\":\"ListItem\",\"position\":3,\"name\":\"Matematikcirkel (tr\u00e4matematik manipulativa)\"}]},{\"@type\":\"WebSite\",\"@id\":\"https:\/\/woodinout.net\/sv\/#website\",\"url\":\"https:\/\/woodinout.net\/sv\/\",\"name\":\"Woodinout \u00a9\",\"description\":\"Wooden Montessori toys, gifts, home and events decor details\",\"potentialAction\":[{\"@type\":\"SearchAction\",\"target\":{\"@type\":\"EntryPoint\",\"urlTemplate\":\"https:\/\/woodinout.net\/sv\/?s={search_term_string}\"},\"query-input\":\"required name=search_term_string\"}],\"inLanguage\":\"sv-SE\"}]}<\/script>\n<!-- \/ Yoast SEO plugin. -->","yoast_head_json":{"title":"Matematikcirkel (tr\u00e4matematik manipulativa) - Woodinout \u00a9","description":"Mattecirkel handgjord fr\u00e5n massivt tr\u00e4 f\u00f6r Joyfull matteinl\u00e4rning. L\u00e4gg till, understrastra, multiplicera, dela - allt i en Montessori-inspirerad leksak.","robots":{"index":"index","follow":"follow","max-snippet":"max-snippet:-1","max-image-preview":"max-image-preview:large","max-video-preview":"max-video-preview:-1"},"canonical":"https:\/\/woodinout.net\/sv\/product\/matematikring-for-siffror-och-rakning\/","og_locale":"sv_SE","og_type":"article","og_title":"Matematikcirkel (tr\u00e4matematik manipulativa) - Woodinout \u00a9","og_description":"Mattecirkel handgjord fr\u00e5n massivt tr\u00e4 f\u00f6r Joyfull matteinl\u00e4rning. L\u00e4gg till, understrastra, multiplicera, dela - allt i en Montessori-inspirerad leksak.","og_url":"https:\/\/woodinout.net\/sv\/product\/matematikring-for-siffror-och-rakning\/","og_site_name":"Woodinout \u00a9","article_modified_time":"2022-04-22T09:29:58+00:00","og_image":[{"width":853,"height":1280,"url":"https:\/\/woodinout.net\/wp-content\/uploads\/2020\/06\/Math-ring-for-numbers-and-counting-1.jpg","type":"image\/jpeg"}],"twitter_card":"summary_large_image","twitter_misc":{"Ber\u00e4knad l\u00e4stid":"1 minut"},"schema":{"@context":"https:\/\/schema.org","@graph":[{"@type":"WebPage","@id":"https:\/\/woodinout.net\/sv\/product\/matematikring-for-siffror-och-rakning\/","url":"https:\/\/woodinout.net\/sv\/product\/matematikring-for-siffror-och-rakning\/","name":"Matematikcirkel (tr\u00e4matematik manipulativa) - Woodinout \u00a9","isPartOf":{"@id":"https:\/\/woodinout.net\/sv\/#website"},"datePublished":"2020-06-30T19:51:44+00:00","dateModified":"2022-04-22T09:29:58+00:00","description":"Mattecirkel handgjord fr\u00e5n massivt tr\u00e4 f\u00f6r Joyfull matteinl\u00e4rning. L\u00e4gg till, understrastra, multiplicera, dela - allt i en Montessori-inspirerad leksak.","breadcrumb":{"@id":"https:\/\/woodinout.net\/sv\/product\/matematikring-for-siffror-och-rakning\/#breadcrumb"},"inLanguage":"sv-SE","potentialAction":[{"@type":"ReadAction","target":["https:\/\/woodinout.net\/sv\/product\/matematikring-for-siffror-och-rakning\/"]}]},{"@type":"BreadcrumbList","@id":"https:\/\/woodinout.net\/sv\/product\/matematikring-for-siffror-och-rakning\/#breadcrumb","itemListElement":[{"@type":"ListItem","position":1,"name":"Home","item":"https:\/\/woodinout.net\/sv\/"},{"@type":"ListItem","position":2,"name":"Shop","item":"https:\/\/woodinout.net\/shop\/"},{"@type":"ListItem","position":3,"name":"Matematikcirkel (tr\u00e4matematik manipulativa)"}]},{"@type":"WebSite","@id":"https:\/\/woodinout.net\/sv\/#website","url":"https:\/\/woodinout.net\/sv\/","name":"Woodinout \u00a9","description":"Wooden Montessori toys, gifts, home and events decor details","potentialAction":[{"@type":"SearchAction","target":{"@type":"EntryPoint","urlTemplate":"https:\/\/woodinout.net\/sv\/?s={search_term_string}"},"query-input":"required name=search_term_string"}],"inLanguage":"sv-SE"}]}},"_links":{"self":[{"href":"https:\/\/woodinout.net\/sv\/wp-json\/wp\/v2\/product\/21796"}],"collection":[{"href":"https:\/\/woodinout.net\/sv\/wp-json\/wp\/v2\/product"}],"about":[{"href":"https:\/\/woodinout.net\/sv\/wp-json\/wp\/v2\/types\/product"}],"wp:featuredmedia":[{"embeddable":true,"href":"https:\/\/woodinout.net\/sv\/wp-json\/wp\/v2\/media\/18276"}],"wp:attachment":[{"href":"https:\/\/woodinout.net\/sv\/wp-json\/wp\/v2\/media?parent=21796"}],"wp:term":[{"taxonomy":"product_cat","embeddable":true,"href":"https:\/\/woodinout.net\/sv\/wp-json\/wp\/v2\/product_cat?post=21796"},{"taxonomy":"product_tag","embeddable":true,"href":"https:\/\/woodinout.net\/sv\/wp-json\/wp\/v2\/product_tag?post=21796"}],"curies":[{"name":"wp","href":"https:\/\/api.w.org\/{rel}","templated":true}]}}