{"id":21795,"date":"2020-06-23T23:22:33","date_gmt":"2020-06-23T20:22:33","guid":{"rendered":"https:\/\/woodinout.net\/product\/naturliga-trabokstaver\/"},"modified":"2022-04-28T11:37:50","modified_gmt":"2022-04-28T08:37:50","slug":"trabokstaver-smabarn-gavor","status":"publish","type":"product","link":"https:\/\/woodinout.net\/sv\/product\/trabokstaver-smabarn-gavor\/","title":{"rendered":"Naturliga tr\u00e4bokst\u00e4ver"},"content":{"rendered":"<p>Tr\u00e4bokst\u00e4ver \u00e4r de b\u00e4sta sm\u00e5barnsg\u00e5vorna. Vi presenterar laserskurna bokst\u00e4ver som inte bara ser snygga ut, men \u00e4r v\u00e4lk\u00e4nda \u00f6ver hela v\u00e4rlden som Montessori leksaker. L\u00e4gg ihop tr\u00e4bokst\u00e4ver till tr\u00e4ord och l\u00e4r dig stavning p\u00e5 det roligaste s\u00e4ttet. Denna alfabet plantskola konst g\u00f6r hemskola L\u00c4TT! Jag kan inte t\u00e4nka mig b\u00e4ttre presenter till barn. Waldorf leksaker &#8211; L\u00e4r leksaker &#8211; F\u00f6rskoleleksaker &#8211; Det h\u00e4r \u00e4r vad vi g\u00f6r b\u00e4st p\u00e5 Woodinout! G\u00e5 med i familjen av glada kunder NU genom att f\u00e5 detta tr\u00e4brev set.<\/p>\n<p>Kit inneh\u00e5ller av:<br \/>\n26 ABC tr\u00e4bokst\u00e4ver av massivt tr\u00e4<\/p>\n<p>M\u00c5TT<\/p>\n<p>Bokst\u00e4ver<br \/>\nH\u00f6jd: ~2.7 inches<br \/>\nTjocklek: ~0.6 inches<\/p>\n<p>F\u00c4RGER OCH MATERIAL<br \/>\nF\u00e4rg: m\u00f6rkbrun eller naturlig oljad.<br \/>\nLeksaken \u00e4r tillverkad av NATURLIGT MASSIVT TR\u00c4 och milj\u00f6v\u00e4nliga f\u00e4rger\/oljor.<br \/>\nObservera att f\u00e4rgerna kan variera beroende p\u00e5 inst\u00e4llningar f\u00f6r datorsk\u00e4rmar och ljusning.<\/p>\n<div style=\"width: 1080px;\" class=\"wp-video\"><!--[if lt IE 9]><script>document.createElement('video');<\/script><![endif]-->\n<video class=\"wp-video-shortcode\" id=\"video-21795-1\" width=\"1080\" height=\"810\" preload=\"metadata\" controls=\"controls\"><source type=\"video\/mp4\" src=\"http:\/\/woodinout.net\/wp-content\/uploads\/2020\/06\/MEDINIS_17.mp4?_=1\" \/><a href=\"http:\/\/woodinout.net\/wp-content\/uploads\/2020\/06\/MEDINIS_17.mp4\">http:\/\/woodinout.net\/wp-content\/uploads\/2020\/06\/MEDINIS_17.mp4<\/a><\/video><\/div>\n","protected":false},"excerpt":{"rendered":"<p>Tr\u00e4bokst\u00e4ver \u00e4r de b\u00e4sta sm\u00e5barnsg\u00e5vorna. Vi presenterar laserskurna bokst\u00e4ver som inte bara ser snygga ut, men \u00e4r v\u00e4lk\u00e4nda \u00f6ver hela v\u00e4rlden som Montessori leksaker. L\u00e4gg ihop tr\u00e4bokst\u00e4ver till tr\u00e4ord och l\u00e4r dig stavning p\u00e5 det roligaste s\u00e4ttet. Denna alfabet plantskola konst g\u00f6r hemskola L\u00c4TT! Jag kan inte t\u00e4nka mig b\u00e4ttre presenter till barn. Waldorf leksaker [&hellip;]<\/p>\n","protected":false},"featured_media":18068,"template":"","meta":{"_monsterinsights_skip_tracking":false,"_monsterinsights_sitenote_active":false,"_monsterinsights_sitenote_note":"","_monsterinsights_sitenote_category":0},"product_cat":[1471,1428],"product_tag":[1491,1486,2340,1482,1475,1456,1466,1548,1549,2339,1446],"yoast_head":"<!-- This site is optimized with the Yoast SEO plugin v22.1 - https:\/\/yoast.com\/wordpress\/plugins\/seo\/ -->\n<title>Naturliga tr\u00e4bokst\u00e4ver - Woodinout \u00a9 Inl\u00e4rningsleksaker<\/title>\n<meta name=\"description\" content=\"Montessori godk\u00e4nd - Milj\u00f6v\u00e4nlig - S\u00e4ker - Handgjord. Detta alfabetsbokst\u00e4ver \u00e4r perfekt inl\u00e4rningslekt f\u00f6r sm\u00e5barn och f\u00f6rskolebarn.\" \/>\n<meta name=\"robots\" content=\"index, follow, max-snippet:-1, max-image-preview:large, max-video-preview:-1\" \/>\n<link rel=\"canonical\" href=\"https:\/\/woodinout.net\/sv\/product\/trabokstaver-smabarn-gavor\/\" \/>\n<meta property=\"og:locale\" content=\"sv_SE\" \/>\n<meta property=\"og:type\" content=\"article\" \/>\n<meta property=\"og:title\" content=\"Naturliga tr\u00e4bokst\u00e4ver - Woodinout \u00a9 Inl\u00e4rningsleksaker\" \/>\n<meta property=\"og:description\" content=\"Montessori godk\u00e4nd - Milj\u00f6v\u00e4nlig - S\u00e4ker - Handgjord. Detta alfabetsbokst\u00e4ver \u00e4r perfekt inl\u00e4rningslekt f\u00f6r sm\u00e5barn och f\u00f6rskolebarn.\" \/>\n<meta property=\"og:url\" content=\"https:\/\/woodinout.net\/sv\/product\/trabokstaver-smabarn-gavor\/\" \/>\n<meta property=\"og:site_name\" content=\"Woodinout \u00a9\" \/>\n<meta property=\"article:modified_time\" content=\"2022-04-28T08:37:50+00:00\" \/>\n<meta property=\"og:image\" content=\"https:\/\/woodinout.net\/wp-content\/uploads\/2020\/06\/Wooden-letters-1.jpg\" \/>\n\t<meta property=\"og:image:width\" content=\"853\" \/>\n\t<meta property=\"og:image:height\" content=\"1280\" \/>\n\t<meta property=\"og:image:type\" content=\"image\/jpeg\" \/>\n<meta name=\"twitter:card\" content=\"summary_large_image\" \/>\n<meta name=\"twitter:label1\" content=\"Ber\u00e4knad l\u00e4stid\" \/>\n\t<meta name=\"twitter:data1\" content=\"1 minut\" \/>\n<script type=\"application\/ld+json\" class=\"yoast-schema-graph\">{\"@context\":\"https:\/\/schema.org\",\"@graph\":[{\"@type\":\"WebPage\",\"@id\":\"https:\/\/woodinout.net\/sv\/product\/trabokstaver-smabarn-gavor\/\",\"url\":\"https:\/\/woodinout.net\/sv\/product\/trabokstaver-smabarn-gavor\/\",\"name\":\"Naturliga tr\u00e4bokst\u00e4ver - Woodinout \u00a9 Inl\u00e4rningsleksaker\",\"isPartOf\":{\"@id\":\"https:\/\/woodinout.net\/sv\/#website\"},\"datePublished\":\"2020-06-23T20:22:33+00:00\",\"dateModified\":\"2022-04-28T08:37:50+00:00\",\"description\":\"Montessori godk\u00e4nd - Milj\u00f6v\u00e4nlig - S\u00e4ker - Handgjord. Detta alfabetsbokst\u00e4ver \u00e4r perfekt inl\u00e4rningslekt f\u00f6r sm\u00e5barn och f\u00f6rskolebarn.\",\"breadcrumb\":{\"@id\":\"https:\/\/woodinout.net\/sv\/product\/trabokstaver-smabarn-gavor\/#breadcrumb\"},\"inLanguage\":\"sv-SE\",\"potentialAction\":[{\"@type\":\"ReadAction\",\"target\":[\"https:\/\/woodinout.net\/sv\/product\/trabokstaver-smabarn-gavor\/\"]}]},{\"@type\":\"BreadcrumbList\",\"@id\":\"https:\/\/woodinout.net\/sv\/product\/trabokstaver-smabarn-gavor\/#breadcrumb\",\"itemListElement\":[{\"@type\":\"ListItem\",\"position\":1,\"name\":\"Home\",\"item\":\"https:\/\/woodinout.net\/sv\/\"},{\"@type\":\"ListItem\",\"position\":2,\"name\":\"Shop\",\"item\":\"https:\/\/woodinout.net\/shop\/\"},{\"@type\":\"ListItem\",\"position\":3,\"name\":\"Naturliga tr\u00e4bokst\u00e4ver\"}]},{\"@type\":\"WebSite\",\"@id\":\"https:\/\/woodinout.net\/sv\/#website\",\"url\":\"https:\/\/woodinout.net\/sv\/\",\"name\":\"Woodinout \u00a9\",\"description\":\"Wooden Montessori toys, gifts, home and events decor details\",\"potentialAction\":[{\"@type\":\"SearchAction\",\"target\":{\"@type\":\"EntryPoint\",\"urlTemplate\":\"https:\/\/woodinout.net\/sv\/?s={search_term_string}\"},\"query-input\":\"required name=search_term_string\"}],\"inLanguage\":\"sv-SE\"}]}<\/script>\n<!-- \/ Yoast SEO plugin. -->","yoast_head_json":{"title":"Naturliga tr\u00e4bokst\u00e4ver - Woodinout \u00a9 Inl\u00e4rningsleksaker","description":"Montessori godk\u00e4nd - Milj\u00f6v\u00e4nlig - S\u00e4ker - Handgjord. Detta alfabetsbokst\u00e4ver \u00e4r perfekt inl\u00e4rningslekt f\u00f6r sm\u00e5barn och f\u00f6rskolebarn.","robots":{"index":"index","follow":"follow","max-snippet":"max-snippet:-1","max-image-preview":"max-image-preview:large","max-video-preview":"max-video-preview:-1"},"canonical":"https:\/\/woodinout.net\/sv\/product\/trabokstaver-smabarn-gavor\/","og_locale":"sv_SE","og_type":"article","og_title":"Naturliga tr\u00e4bokst\u00e4ver - Woodinout \u00a9 Inl\u00e4rningsleksaker","og_description":"Montessori godk\u00e4nd - Milj\u00f6v\u00e4nlig - S\u00e4ker - Handgjord. Detta alfabetsbokst\u00e4ver \u00e4r perfekt inl\u00e4rningslekt f\u00f6r sm\u00e5barn och f\u00f6rskolebarn.","og_url":"https:\/\/woodinout.net\/sv\/product\/trabokstaver-smabarn-gavor\/","og_site_name":"Woodinout \u00a9","article_modified_time":"2022-04-28T08:37:50+00:00","og_image":[{"width":853,"height":1280,"url":"https:\/\/woodinout.net\/wp-content\/uploads\/2020\/06\/Wooden-letters-1.jpg","type":"image\/jpeg"}],"twitter_card":"summary_large_image","twitter_misc":{"Ber\u00e4knad l\u00e4stid":"1 minut"},"schema":{"@context":"https:\/\/schema.org","@graph":[{"@type":"WebPage","@id":"https:\/\/woodinout.net\/sv\/product\/trabokstaver-smabarn-gavor\/","url":"https:\/\/woodinout.net\/sv\/product\/trabokstaver-smabarn-gavor\/","name":"Naturliga tr\u00e4bokst\u00e4ver - Woodinout \u00a9 Inl\u00e4rningsleksaker","isPartOf":{"@id":"https:\/\/woodinout.net\/sv\/#website"},"datePublished":"2020-06-23T20:22:33+00:00","dateModified":"2022-04-28T08:37:50+00:00","description":"Montessori godk\u00e4nd - Milj\u00f6v\u00e4nlig - S\u00e4ker - Handgjord. Detta alfabetsbokst\u00e4ver \u00e4r perfekt inl\u00e4rningslekt f\u00f6r sm\u00e5barn och f\u00f6rskolebarn.","breadcrumb":{"@id":"https:\/\/woodinout.net\/sv\/product\/trabokstaver-smabarn-gavor\/#breadcrumb"},"inLanguage":"sv-SE","potentialAction":[{"@type":"ReadAction","target":["https:\/\/woodinout.net\/sv\/product\/trabokstaver-smabarn-gavor\/"]}]},{"@type":"BreadcrumbList","@id":"https:\/\/woodinout.net\/sv\/product\/trabokstaver-smabarn-gavor\/#breadcrumb","itemListElement":[{"@type":"ListItem","position":1,"name":"Home","item":"https:\/\/woodinout.net\/sv\/"},{"@type":"ListItem","position":2,"name":"Shop","item":"https:\/\/woodinout.net\/shop\/"},{"@type":"ListItem","position":3,"name":"Naturliga tr\u00e4bokst\u00e4ver"}]},{"@type":"WebSite","@id":"https:\/\/woodinout.net\/sv\/#website","url":"https:\/\/woodinout.net\/sv\/","name":"Woodinout \u00a9","description":"Wooden Montessori toys, gifts, home and events decor details","potentialAction":[{"@type":"SearchAction","target":{"@type":"EntryPoint","urlTemplate":"https:\/\/woodinout.net\/sv\/?s={search_term_string}"},"query-input":"required name=search_term_string"}],"inLanguage":"sv-SE"}]}},"_links":{"self":[{"href":"https:\/\/woodinout.net\/sv\/wp-json\/wp\/v2\/product\/21795"}],"collection":[{"href":"https:\/\/woodinout.net\/sv\/wp-json\/wp\/v2\/product"}],"about":[{"href":"https:\/\/woodinout.net\/sv\/wp-json\/wp\/v2\/types\/product"}],"wp:featuredmedia":[{"embeddable":true,"href":"https:\/\/woodinout.net\/sv\/wp-json\/wp\/v2\/media\/18068"}],"wp:attachment":[{"href":"https:\/\/woodinout.net\/sv\/wp-json\/wp\/v2\/media?parent=21795"}],"wp:term":[{"taxonomy":"product_cat","embeddable":true,"href":"https:\/\/woodinout.net\/sv\/wp-json\/wp\/v2\/product_cat?post=21795"},{"taxonomy":"product_tag","embeddable":true,"href":"https:\/\/woodinout.net\/sv\/wp-json\/wp\/v2\/product_tag?post=21795"}],"curies":[{"name":"wp","href":"https:\/\/api.w.org\/{rel}","templated":true}]}}