{"id":21792,"date":"2021-03-19T13:06:23","date_gmt":"2021-03-19T11:06:23","guid":{"rendered":"https:\/\/woodinout.net\/product\/kalender\/"},"modified":"2022-04-28T11:47:56","modified_gmt":"2022-04-28T08:47:56","slug":"kalender","status":"publish","type":"product","link":"https:\/\/woodinout.net\/sv\/product\/kalender\/","title":{"rendered":"Kalender"},"content":{"rendered":"<p>Tr\u00e4kalender f\u00f6r barn &#8211; h\u00e5llbara Montessori-material skapade f\u00f6r l\u00e4rande och lek. Perfekt kostym f\u00f6r antingen hemskola eller f\u00f6rskola eller dagis. Tillverkad av tr\u00e4, det \u00e4r ett naturligt inl\u00e4rningsverktyg f\u00f6r \u00e5r, \u00e5rstider, vardagar. Roligt s\u00e4tt att l\u00e4ra ditt barn att f\u00f6rst\u00e5 datum mening och varaktighet av vecka, m\u00e5nad och hela s\u00e4songen.<\/p>\n<p>Morgontavlan inneh\u00e5ller:<br \/>\nHuvudkalendertavla<br \/>\n31-dagarsmynt (31 st.) (~1,6 in \/ 4cm)<br \/>\n\u00c5r mynt 5cm (20 st.) (~2 in \/ 5cm)<br \/>\nM\u00e5nadskort (12 st.) (~8.4&#215;2 in \/ 21.5x5cm)<br \/>\n\u00c5rstider mynt (4 st.) (~3.1 in \/ 8cm)<br \/>\nVardagar kort (7 st.) (~3.3&#215;1.2 in \/ 8.5x3cm)<\/p>\n<p>M\u00c5TT p\u00e5 br\u00e4det:<br \/>\nL\u00e4ngd: ~37cm<br \/>\nH\u00f6jd: ~46cm<br \/>\nTjocklek: ~0.6 inches (1.5cm)<\/p>\n<p>F\u00c4RGER OCH MATERIAL<br \/>\nF\u00e4rg: naturligt tr\u00e4.<br \/>\nLeksaken \u00e4r tillverkad av NATURLIGT MASSIVT TR\u00c4 och plywood.<br \/>\nObservera att f\u00e4rgerna kan variera beroende p\u00e5 inst\u00e4llningar f\u00f6r datorsk\u00e4rmar och ljusning.<\/p>\n<p>F\u00f6r fler id\u00e9er, f\u00f6lj oss p\u00e5 <a href=\"https:\/\/www.instagram.com\/woodinout\/\">INSTAGRAM<\/a> &amp; <a href=\"https:\/\/www.facebook.com\/Woodinout.net\">FACEBOOK<\/a><\/p>\n","protected":false},"excerpt":{"rendered":"<p>Tr\u00e4kalender f\u00f6r barn &#8211; h\u00e5llbara Montessori-material skapade f\u00f6r l\u00e4rande och lek. Perfekt kostym f\u00f6r antingen hemskola eller f\u00f6rskola eller dagis. Tillverkad av tr\u00e4, det \u00e4r ett naturligt inl\u00e4rningsverktyg f\u00f6r \u00e5r, \u00e5rstider, vardagar. Roligt s\u00e4tt att l\u00e4ra ditt barn att f\u00f6rst\u00e5 datum mening och varaktighet av vecka, m\u00e5nad och hela s\u00e4songen. Morgontavlan inneh\u00e5ller: Huvudkalendertavla 31-dagarsmynt (31 [&hellip;]<\/p>\n","protected":false},"featured_media":19460,"template":"","meta":{"_monsterinsights_skip_tracking":false,"_monsterinsights_sitenote_active":false,"_monsterinsights_sitenote_note":"","_monsterinsights_sitenote_category":0},"product_cat":[1428,1635],"product_tag":[1491,1486,1482,1591,1593,1606,1475,1594,1456,1466,1921,1446],"yoast_head":"<!-- This site is optimized with the Yoast SEO plugin v22.1 - https:\/\/yoast.com\/wordpress\/plugins\/seo\/ -->\n<title>Kalender - Woodinout \u00a9 pedagogiska Montessori leksaker<\/title>\n<meta name=\"description\" content=\"L\u00e4rande \u00e4r nu Fun &amp; Easy - Naturliga tr\u00e4leksaker f\u00f6r v\u00e4rdefull familjetid. Hemskola eller f\u00f6rskola m\u00e5ste ha. \u00d6ver hela v\u00e4rlden frakt.\" \/>\n<meta name=\"robots\" content=\"index, follow, max-snippet:-1, max-image-preview:large, max-video-preview:-1\" \/>\n<link rel=\"canonical\" href=\"https:\/\/woodinout.net\/sv\/product\/kalender\/\" \/>\n<meta property=\"og:locale\" content=\"sv_SE\" \/>\n<meta property=\"og:type\" content=\"article\" \/>\n<meta property=\"og:title\" content=\"Kalender - Woodinout \u00a9 pedagogiska Montessori leksaker\" \/>\n<meta property=\"og:description\" content=\"L\u00e4rande \u00e4r nu Fun &amp; Easy - Naturliga tr\u00e4leksaker f\u00f6r v\u00e4rdefull familjetid. Hemskola eller f\u00f6rskola m\u00e5ste ha. \u00d6ver hela v\u00e4rlden frakt.\" \/>\n<meta property=\"og:url\" content=\"https:\/\/woodinout.net\/sv\/product\/kalender\/\" \/>\n<meta property=\"og:site_name\" content=\"Woodinout \u00a9\" \/>\n<meta property=\"article:modified_time\" content=\"2022-04-28T08:47:56+00:00\" \/>\n<meta property=\"og:image\" content=\"https:\/\/woodinout.net\/wp-content\/uploads\/2021\/03\/Calendar_1.jpg\" \/>\n\t<meta property=\"og:image:width\" content=\"1706\" \/>\n\t<meta property=\"og:image:height\" content=\"2560\" \/>\n\t<meta property=\"og:image:type\" content=\"image\/jpeg\" \/>\n<meta name=\"twitter:card\" content=\"summary_large_image\" \/>\n<meta name=\"twitter:label1\" content=\"Ber\u00e4knad l\u00e4stid\" \/>\n\t<meta name=\"twitter:data1\" content=\"1 minut\" \/>\n<script type=\"application\/ld+json\" class=\"yoast-schema-graph\">{\"@context\":\"https:\/\/schema.org\",\"@graph\":[{\"@type\":\"WebPage\",\"@id\":\"https:\/\/woodinout.net\/sv\/product\/kalender\/\",\"url\":\"https:\/\/woodinout.net\/sv\/product\/kalender\/\",\"name\":\"Kalender - Woodinout \u00a9 pedagogiska Montessori leksaker\",\"isPartOf\":{\"@id\":\"https:\/\/woodinout.net\/sv\/#website\"},\"datePublished\":\"2021-03-19T11:06:23+00:00\",\"dateModified\":\"2022-04-28T08:47:56+00:00\",\"description\":\"L\u00e4rande \u00e4r nu Fun & Easy - Naturliga tr\u00e4leksaker f\u00f6r v\u00e4rdefull familjetid. Hemskola eller f\u00f6rskola m\u00e5ste ha. \u00d6ver hela v\u00e4rlden frakt.\",\"breadcrumb\":{\"@id\":\"https:\/\/woodinout.net\/sv\/product\/kalender\/#breadcrumb\"},\"inLanguage\":\"sv-SE\",\"potentialAction\":[{\"@type\":\"ReadAction\",\"target\":[\"https:\/\/woodinout.net\/sv\/product\/kalender\/\"]}]},{\"@type\":\"BreadcrumbList\",\"@id\":\"https:\/\/woodinout.net\/sv\/product\/kalender\/#breadcrumb\",\"itemListElement\":[{\"@type\":\"ListItem\",\"position\":1,\"name\":\"Home\",\"item\":\"https:\/\/woodinout.net\/sv\/\"},{\"@type\":\"ListItem\",\"position\":2,\"name\":\"Shop\",\"item\":\"https:\/\/woodinout.net\/shop\/\"},{\"@type\":\"ListItem\",\"position\":3,\"name\":\"Kalender\"}]},{\"@type\":\"WebSite\",\"@id\":\"https:\/\/woodinout.net\/sv\/#website\",\"url\":\"https:\/\/woodinout.net\/sv\/\",\"name\":\"Woodinout \u00a9\",\"description\":\"Wooden Montessori toys, gifts, home and events decor details\",\"potentialAction\":[{\"@type\":\"SearchAction\",\"target\":{\"@type\":\"EntryPoint\",\"urlTemplate\":\"https:\/\/woodinout.net\/sv\/?s={search_term_string}\"},\"query-input\":\"required name=search_term_string\"}],\"inLanguage\":\"sv-SE\"}]}<\/script>\n<!-- \/ Yoast SEO plugin. -->","yoast_head_json":{"title":"Kalender - Woodinout \u00a9 pedagogiska Montessori leksaker","description":"L\u00e4rande \u00e4r nu Fun & Easy - Naturliga tr\u00e4leksaker f\u00f6r v\u00e4rdefull familjetid. Hemskola eller f\u00f6rskola m\u00e5ste ha. \u00d6ver hela v\u00e4rlden frakt.","robots":{"index":"index","follow":"follow","max-snippet":"max-snippet:-1","max-image-preview":"max-image-preview:large","max-video-preview":"max-video-preview:-1"},"canonical":"https:\/\/woodinout.net\/sv\/product\/kalender\/","og_locale":"sv_SE","og_type":"article","og_title":"Kalender - Woodinout \u00a9 pedagogiska Montessori leksaker","og_description":"L\u00e4rande \u00e4r nu Fun & Easy - Naturliga tr\u00e4leksaker f\u00f6r v\u00e4rdefull familjetid. Hemskola eller f\u00f6rskola m\u00e5ste ha. \u00d6ver hela v\u00e4rlden frakt.","og_url":"https:\/\/woodinout.net\/sv\/product\/kalender\/","og_site_name":"Woodinout \u00a9","article_modified_time":"2022-04-28T08:47:56+00:00","og_image":[{"width":1706,"height":2560,"url":"https:\/\/woodinout.net\/wp-content\/uploads\/2021\/03\/Calendar_1.jpg","type":"image\/jpeg"}],"twitter_card":"summary_large_image","twitter_misc":{"Ber\u00e4knad l\u00e4stid":"1 minut"},"schema":{"@context":"https:\/\/schema.org","@graph":[{"@type":"WebPage","@id":"https:\/\/woodinout.net\/sv\/product\/kalender\/","url":"https:\/\/woodinout.net\/sv\/product\/kalender\/","name":"Kalender - Woodinout \u00a9 pedagogiska Montessori leksaker","isPartOf":{"@id":"https:\/\/woodinout.net\/sv\/#website"},"datePublished":"2021-03-19T11:06:23+00:00","dateModified":"2022-04-28T08:47:56+00:00","description":"L\u00e4rande \u00e4r nu Fun & Easy - Naturliga tr\u00e4leksaker f\u00f6r v\u00e4rdefull familjetid. Hemskola eller f\u00f6rskola m\u00e5ste ha. \u00d6ver hela v\u00e4rlden frakt.","breadcrumb":{"@id":"https:\/\/woodinout.net\/sv\/product\/kalender\/#breadcrumb"},"inLanguage":"sv-SE","potentialAction":[{"@type":"ReadAction","target":["https:\/\/woodinout.net\/sv\/product\/kalender\/"]}]},{"@type":"BreadcrumbList","@id":"https:\/\/woodinout.net\/sv\/product\/kalender\/#breadcrumb","itemListElement":[{"@type":"ListItem","position":1,"name":"Home","item":"https:\/\/woodinout.net\/sv\/"},{"@type":"ListItem","position":2,"name":"Shop","item":"https:\/\/woodinout.net\/shop\/"},{"@type":"ListItem","position":3,"name":"Kalender"}]},{"@type":"WebSite","@id":"https:\/\/woodinout.net\/sv\/#website","url":"https:\/\/woodinout.net\/sv\/","name":"Woodinout \u00a9","description":"Wooden Montessori toys, gifts, home and events decor details","potentialAction":[{"@type":"SearchAction","target":{"@type":"EntryPoint","urlTemplate":"https:\/\/woodinout.net\/sv\/?s={search_term_string}"},"query-input":"required name=search_term_string"}],"inLanguage":"sv-SE"}]}},"_links":{"self":[{"href":"https:\/\/woodinout.net\/sv\/wp-json\/wp\/v2\/product\/21792"}],"collection":[{"href":"https:\/\/woodinout.net\/sv\/wp-json\/wp\/v2\/product"}],"about":[{"href":"https:\/\/woodinout.net\/sv\/wp-json\/wp\/v2\/types\/product"}],"wp:featuredmedia":[{"embeddable":true,"href":"https:\/\/woodinout.net\/sv\/wp-json\/wp\/v2\/media\/19460"}],"wp:attachment":[{"href":"https:\/\/woodinout.net\/sv\/wp-json\/wp\/v2\/media?parent=21792"}],"wp:term":[{"taxonomy":"product_cat","embeddable":true,"href":"https:\/\/woodinout.net\/sv\/wp-json\/wp\/v2\/product_cat?post=21792"},{"taxonomy":"product_tag","embeddable":true,"href":"https:\/\/woodinout.net\/sv\/wp-json\/wp\/v2\/product_tag?post=21792"}],"curies":[{"name":"wp","href":"https:\/\/api.w.org\/{rel}","templated":true}]}}