{"id":21790,"date":"2021-03-21T21:02:14","date_gmt":"2021-03-21T19:02:14","guid":{"rendered":"https:\/\/woodinout.net\/product\/fargkort\/"},"modified":"2022-04-19T16:38:01","modified_gmt":"2022-04-19T13:38:01","slug":"fargkort","status":"publish","type":"product","link":"https:\/\/woodinout.net\/sv\/product\/fargkort\/","title":{"rendered":"F\u00e4rgkort"},"content":{"rendered":"<p>Barn l\u00e4r sig f\u00e4rgnamn med Montessori alla f\u00e4rgkort. Woodinout handgjorda tr\u00e4inl\u00e4rningsleksaker och resurser \u00e4r h\u00e5llbara, milj\u00f6v\u00e4nliga och s\u00e4kra f\u00f6r barn. Dessa Montessori-kort \u00e4r skapade f\u00f6r att l\u00e4ra sig f\u00e4rgord p\u00e5 f\u00f6rskolan, men du kan anv\u00e4nda dem i dina egna kreativa spel med ditt barn eller barn. M\u00e5lad med s\u00e4ker, certifierad f\u00e4rg.<\/p>\n<p>Kit inneh\u00e5ller av:<br \/>\n11psc. olika f\u00e4rgkort<\/p>\n<p>M\u00c5TT<br \/>\nH\u00f6jd: ~4.8cm<br \/>\nL\u00e4ngd: ~1,9 tum (4.8cm)<\/p>\n<p>F\u00c4RGER OCH MATERIAL<br \/>\nF\u00e4rg: Naturlig vattenbaserad f\u00e4rg.<br \/>\nLeksaken \u00e4r tillverkad av NATURLIG TR\u00c4plywoodplywood.<br \/>\nObservera att f\u00e4rgerna kan variera beroende p\u00e5 inst\u00e4llningar f\u00f6r datorsk\u00e4rmar och ljusning.<\/p>\n","protected":false},"excerpt":{"rendered":"<p>Barn l\u00e4r sig f\u00e4rgnamn med Montessori alla f\u00e4rgkort. Woodinout handgjorda tr\u00e4inl\u00e4rningsleksaker och resurser \u00e4r h\u00e5llbara, milj\u00f6v\u00e4nliga och s\u00e4kra f\u00f6r barn. Dessa Montessori-kort \u00e4r skapade f\u00f6r att l\u00e4ra sig f\u00e4rgord p\u00e5 f\u00f6rskolan, men du kan anv\u00e4nda dem i dina egna kreativa spel med ditt barn eller barn. M\u00e5lad med s\u00e4ker, certifierad f\u00e4rg. Kit inneh\u00e5ller av: 11psc. [&hellip;]<\/p>\n","protected":false},"featured_media":22773,"template":"","meta":{"_monsterinsights_skip_tracking":false,"_monsterinsights_sitenote_active":false,"_monsterinsights_sitenote_note":"","_monsterinsights_sitenote_category":0},"product_cat":[1469,1437,1428],"product_tag":[1491,1486,2326,2330,1482,1475,1456,1466,1446],"yoast_head":"<!-- This site is optimized with the Yoast SEO plugin v22.1 - https:\/\/yoast.com\/wordpress\/plugins\/seo\/ -->\n<title>F\u00e4rgkort - utbildningsmaterial - Shop Woodinout \u00a9 Montessori leksaker<\/title>\n<meta name=\"description\" content=\"L\u00e4r barnen f\u00e4rger och sortering p\u00e5 ett roligt s\u00e4tt. Utveckla ocks\u00e5 sm\u00e5barns ordf\u00f6rr\u00e5d och lek med snygga handgjorda tr\u00e4f\u00e4rgkort.\" \/>\n<meta name=\"robots\" content=\"index, follow, max-snippet:-1, max-image-preview:large, max-video-preview:-1\" \/>\n<link rel=\"canonical\" href=\"https:\/\/woodinout.net\/sv\/product\/fargkort\/\" \/>\n<meta property=\"og:locale\" content=\"sv_SE\" \/>\n<meta property=\"og:type\" content=\"article\" \/>\n<meta property=\"og:title\" content=\"F\u00e4rgkort - utbildningsmaterial - Shop Woodinout \u00a9 Montessori leksaker\" \/>\n<meta property=\"og:description\" content=\"L\u00e4r barnen f\u00e4rger och sortering p\u00e5 ett roligt s\u00e4tt. Utveckla ocks\u00e5 sm\u00e5barns ordf\u00f6rr\u00e5d och lek med snygga handgjorda tr\u00e4f\u00e4rgkort.\" \/>\n<meta property=\"og:url\" content=\"https:\/\/woodinout.net\/sv\/product\/fargkort\/\" \/>\n<meta property=\"og:site_name\" content=\"Woodinout \u00a9\" \/>\n<meta property=\"article:modified_time\" content=\"2022-04-19T13:38:01+00:00\" \/>\n<meta property=\"og:image\" content=\"https:\/\/woodinout.net\/wp-content\/uploads\/2021\/03\/Colors_cards_2.jpg\" \/>\n\t<meta property=\"og:image:width\" content=\"2560\" \/>\n\t<meta property=\"og:image:height\" content=\"1706\" \/>\n\t<meta property=\"og:image:type\" content=\"image\/jpeg\" \/>\n<meta name=\"twitter:card\" content=\"summary_large_image\" \/>\n<meta name=\"twitter:label1\" content=\"Ber\u00e4knad l\u00e4stid\" \/>\n\t<meta name=\"twitter:data1\" content=\"1 minut\" \/>\n<script type=\"application\/ld+json\" class=\"yoast-schema-graph\">{\"@context\":\"https:\/\/schema.org\",\"@graph\":[{\"@type\":\"WebPage\",\"@id\":\"https:\/\/woodinout.net\/sv\/product\/fargkort\/\",\"url\":\"https:\/\/woodinout.net\/sv\/product\/fargkort\/\",\"name\":\"F\u00e4rgkort - utbildningsmaterial - Shop Woodinout \u00a9 Montessori leksaker\",\"isPartOf\":{\"@id\":\"https:\/\/woodinout.net\/sv\/#website\"},\"datePublished\":\"2021-03-21T19:02:14+00:00\",\"dateModified\":\"2022-04-19T13:38:01+00:00\",\"description\":\"L\u00e4r barnen f\u00e4rger och sortering p\u00e5 ett roligt s\u00e4tt. Utveckla ocks\u00e5 sm\u00e5barns ordf\u00f6rr\u00e5d och lek med snygga handgjorda tr\u00e4f\u00e4rgkort.\",\"breadcrumb\":{\"@id\":\"https:\/\/woodinout.net\/sv\/product\/fargkort\/#breadcrumb\"},\"inLanguage\":\"sv-SE\",\"potentialAction\":[{\"@type\":\"ReadAction\",\"target\":[\"https:\/\/woodinout.net\/sv\/product\/fargkort\/\"]}]},{\"@type\":\"BreadcrumbList\",\"@id\":\"https:\/\/woodinout.net\/sv\/product\/fargkort\/#breadcrumb\",\"itemListElement\":[{\"@type\":\"ListItem\",\"position\":1,\"name\":\"Home\",\"item\":\"https:\/\/woodinout.net\/sv\/\"},{\"@type\":\"ListItem\",\"position\":2,\"name\":\"Shop\",\"item\":\"https:\/\/woodinout.net\/shop\/\"},{\"@type\":\"ListItem\",\"position\":3,\"name\":\"F\u00e4rgkort\"}]},{\"@type\":\"WebSite\",\"@id\":\"https:\/\/woodinout.net\/sv\/#website\",\"url\":\"https:\/\/woodinout.net\/sv\/\",\"name\":\"Woodinout \u00a9\",\"description\":\"Wooden Montessori toys, gifts, home and events decor details\",\"potentialAction\":[{\"@type\":\"SearchAction\",\"target\":{\"@type\":\"EntryPoint\",\"urlTemplate\":\"https:\/\/woodinout.net\/sv\/?s={search_term_string}\"},\"query-input\":\"required name=search_term_string\"}],\"inLanguage\":\"sv-SE\"}]}<\/script>\n<!-- \/ Yoast SEO plugin. -->","yoast_head_json":{"title":"F\u00e4rgkort - utbildningsmaterial - Shop Woodinout \u00a9 Montessori leksaker","description":"L\u00e4r barnen f\u00e4rger och sortering p\u00e5 ett roligt s\u00e4tt. Utveckla ocks\u00e5 sm\u00e5barns ordf\u00f6rr\u00e5d och lek med snygga handgjorda tr\u00e4f\u00e4rgkort.","robots":{"index":"index","follow":"follow","max-snippet":"max-snippet:-1","max-image-preview":"max-image-preview:large","max-video-preview":"max-video-preview:-1"},"canonical":"https:\/\/woodinout.net\/sv\/product\/fargkort\/","og_locale":"sv_SE","og_type":"article","og_title":"F\u00e4rgkort - utbildningsmaterial - Shop Woodinout \u00a9 Montessori leksaker","og_description":"L\u00e4r barnen f\u00e4rger och sortering p\u00e5 ett roligt s\u00e4tt. Utveckla ocks\u00e5 sm\u00e5barns ordf\u00f6rr\u00e5d och lek med snygga handgjorda tr\u00e4f\u00e4rgkort.","og_url":"https:\/\/woodinout.net\/sv\/product\/fargkort\/","og_site_name":"Woodinout \u00a9","article_modified_time":"2022-04-19T13:38:01+00:00","og_image":[{"width":2560,"height":1706,"url":"https:\/\/woodinout.net\/wp-content\/uploads\/2021\/03\/Colors_cards_2.jpg","type":"image\/jpeg"}],"twitter_card":"summary_large_image","twitter_misc":{"Ber\u00e4knad l\u00e4stid":"1 minut"},"schema":{"@context":"https:\/\/schema.org","@graph":[{"@type":"WebPage","@id":"https:\/\/woodinout.net\/sv\/product\/fargkort\/","url":"https:\/\/woodinout.net\/sv\/product\/fargkort\/","name":"F\u00e4rgkort - utbildningsmaterial - Shop Woodinout \u00a9 Montessori leksaker","isPartOf":{"@id":"https:\/\/woodinout.net\/sv\/#website"},"datePublished":"2021-03-21T19:02:14+00:00","dateModified":"2022-04-19T13:38:01+00:00","description":"L\u00e4r barnen f\u00e4rger och sortering p\u00e5 ett roligt s\u00e4tt. Utveckla ocks\u00e5 sm\u00e5barns ordf\u00f6rr\u00e5d och lek med snygga handgjorda tr\u00e4f\u00e4rgkort.","breadcrumb":{"@id":"https:\/\/woodinout.net\/sv\/product\/fargkort\/#breadcrumb"},"inLanguage":"sv-SE","potentialAction":[{"@type":"ReadAction","target":["https:\/\/woodinout.net\/sv\/product\/fargkort\/"]}]},{"@type":"BreadcrumbList","@id":"https:\/\/woodinout.net\/sv\/product\/fargkort\/#breadcrumb","itemListElement":[{"@type":"ListItem","position":1,"name":"Home","item":"https:\/\/woodinout.net\/sv\/"},{"@type":"ListItem","position":2,"name":"Shop","item":"https:\/\/woodinout.net\/shop\/"},{"@type":"ListItem","position":3,"name":"F\u00e4rgkort"}]},{"@type":"WebSite","@id":"https:\/\/woodinout.net\/sv\/#website","url":"https:\/\/woodinout.net\/sv\/","name":"Woodinout \u00a9","description":"Wooden Montessori toys, gifts, home and events decor details","potentialAction":[{"@type":"SearchAction","target":{"@type":"EntryPoint","urlTemplate":"https:\/\/woodinout.net\/sv\/?s={search_term_string}"},"query-input":"required name=search_term_string"}],"inLanguage":"sv-SE"}]}},"_links":{"self":[{"href":"https:\/\/woodinout.net\/sv\/wp-json\/wp\/v2\/product\/21790"}],"collection":[{"href":"https:\/\/woodinout.net\/sv\/wp-json\/wp\/v2\/product"}],"about":[{"href":"https:\/\/woodinout.net\/sv\/wp-json\/wp\/v2\/types\/product"}],"wp:featuredmedia":[{"embeddable":true,"href":"https:\/\/woodinout.net\/sv\/wp-json\/wp\/v2\/media\/22773"}],"wp:attachment":[{"href":"https:\/\/woodinout.net\/sv\/wp-json\/wp\/v2\/media?parent=21790"}],"wp:term":[{"taxonomy":"product_cat","embeddable":true,"href":"https:\/\/woodinout.net\/sv\/wp-json\/wp\/v2\/product_cat?post=21790"},{"taxonomy":"product_tag","embeddable":true,"href":"https:\/\/woodinout.net\/sv\/wp-json\/wp\/v2\/product_tag?post=21790"}],"curies":[{"name":"wp","href":"https:\/\/api.w.org\/{rel}","templated":true}]}}