{"id":21789,"date":"2021-03-22T13:33:33","date_gmt":"2021-03-22T11:33:33","guid":{"rendered":"https:\/\/woodinout.net\/product\/fargglada-gummiband\/"},"modified":"2022-04-19T16:09:58","modified_gmt":"2022-04-19T13:09:58","slug":"fargglada-gummiband","status":"publish","type":"product","link":"https:\/\/woodinout.net\/sv\/product\/fargglada-gummiband\/","title":{"rendered":"F\u00e4rgglada gummiband"},"content":{"rendered":"<p>Enkla f\u00e4rgglada gummiband som till\u00e4gg till tr\u00e4 geoboard &#8211; pegboard f\u00f6r barn. Detta kan vara en perfekt stress eller terapileksaker f\u00f6r lugna och kreativa lekar antingen f\u00f6r barn och vuxna.<\/p>\n<p>28 st. Av f\u00e4rgglada gummiband<\/p>\n<p>F\u00c4RGER OCH MATERIAL<br \/>\nF\u00e4rg: slumpm\u00e4ssigt plockad<br \/>\nLeksaken \u00e4r tillverkad av gummi<br \/>\nObservera att f\u00e4rgerna kan variera beroende p\u00e5 inst\u00e4llningar f\u00f6r datorsk\u00e4rmar och ljusning.<\/p>\n","protected":false},"excerpt":{"rendered":"<p>Enkla f\u00e4rgglada gummiband som till\u00e4gg till tr\u00e4 geoboard &#8211; pegboard f\u00f6r barn. Detta kan vara en perfekt stress eller terapileksaker f\u00f6r lugna och kreativa lekar antingen f\u00f6r barn och vuxna. 28 st. Av f\u00e4rgglada gummiband F\u00c4RGER OCH MATERIAL F\u00e4rg: slumpm\u00e4ssigt plockad Leksaken \u00e4r tillverkad av gummi Observera att f\u00e4rgerna kan variera beroende p\u00e5 inst\u00e4llningar f\u00f6r [&hellip;]<\/p>\n","protected":false},"featured_media":20364,"template":"","meta":{"_monsterinsights_skip_tracking":false,"_monsterinsights_sitenote_active":false,"_monsterinsights_sitenote_note":"","_monsterinsights_sitenote_category":0},"product_cat":[1792,1428],"product_tag":[1491,1486,2332,2334,1482,1606,1475,1456,1466,2331,1446,2329],"yoast_head":"<!-- This site is optimized with the Yoast SEO plugin v22.1 - https:\/\/yoast.com\/wordpress\/plugins\/seo\/ -->\n<title>F\u00e4rgglada gummiband - Woodinout \u00a9 Montessori leksaker<\/title>\n<meta name=\"description\" content=\"Enkla f\u00e4rgglada gummiband som till\u00e4gg till tr\u00e4geoboard. Detta kan vara en perfekt stress eller terapileksaker f\u00f6r lugn och kreativ lek.\" \/>\n<meta name=\"robots\" content=\"index, follow, max-snippet:-1, max-image-preview:large, max-video-preview:-1\" \/>\n<link rel=\"canonical\" href=\"https:\/\/woodinout.net\/sv\/product\/fargglada-gummiband\/\" \/>\n<meta property=\"og:locale\" content=\"sv_SE\" \/>\n<meta property=\"og:type\" content=\"article\" \/>\n<meta property=\"og:title\" content=\"F\u00e4rgglada gummiband - Woodinout \u00a9 Montessori leksaker\" \/>\n<meta property=\"og:description\" content=\"Enkla f\u00e4rgglada gummiband som till\u00e4gg till tr\u00e4geoboard. Detta kan vara en perfekt stress eller terapileksaker f\u00f6r lugn och kreativ lek.\" \/>\n<meta property=\"og:url\" content=\"https:\/\/woodinout.net\/sv\/product\/fargglada-gummiband\/\" \/>\n<meta property=\"og:site_name\" content=\"Woodinout \u00a9\" \/>\n<meta property=\"article:modified_time\" content=\"2022-04-19T13:09:58+00:00\" \/>\n<meta property=\"og:image\" content=\"https:\/\/woodinout.net\/wp-content\/uploads\/2021\/03\/Colorful-rubber-bands.jpg\" \/>\n\t<meta property=\"og:image:width\" content=\"1140\" \/>\n\t<meta property=\"og:image:height\" content=\"974\" \/>\n\t<meta property=\"og:image:type\" content=\"image\/jpeg\" \/>\n<meta name=\"twitter:card\" content=\"summary_large_image\" \/>\n<script type=\"application\/ld+json\" class=\"yoast-schema-graph\">{\"@context\":\"https:\/\/schema.org\",\"@graph\":[{\"@type\":\"WebPage\",\"@id\":\"https:\/\/woodinout.net\/sv\/product\/fargglada-gummiband\/\",\"url\":\"https:\/\/woodinout.net\/sv\/product\/fargglada-gummiband\/\",\"name\":\"F\u00e4rgglada gummiband - Woodinout \u00a9 Montessori leksaker\",\"isPartOf\":{\"@id\":\"https:\/\/woodinout.net\/sv\/#website\"},\"datePublished\":\"2021-03-22T11:33:33+00:00\",\"dateModified\":\"2022-04-19T13:09:58+00:00\",\"description\":\"Enkla f\u00e4rgglada gummiband som till\u00e4gg till tr\u00e4geoboard. Detta kan vara en perfekt stress eller terapileksaker f\u00f6r lugn och kreativ lek.\",\"breadcrumb\":{\"@id\":\"https:\/\/woodinout.net\/sv\/product\/fargglada-gummiband\/#breadcrumb\"},\"inLanguage\":\"sv-SE\",\"potentialAction\":[{\"@type\":\"ReadAction\",\"target\":[\"https:\/\/woodinout.net\/sv\/product\/fargglada-gummiband\/\"]}]},{\"@type\":\"BreadcrumbList\",\"@id\":\"https:\/\/woodinout.net\/sv\/product\/fargglada-gummiband\/#breadcrumb\",\"itemListElement\":[{\"@type\":\"ListItem\",\"position\":1,\"name\":\"Home\",\"item\":\"https:\/\/woodinout.net\/sv\/\"},{\"@type\":\"ListItem\",\"position\":2,\"name\":\"Shop\",\"item\":\"https:\/\/woodinout.net\/shop\/\"},{\"@type\":\"ListItem\",\"position\":3,\"name\":\"F\u00e4rgglada gummiband\"}]},{\"@type\":\"WebSite\",\"@id\":\"https:\/\/woodinout.net\/sv\/#website\",\"url\":\"https:\/\/woodinout.net\/sv\/\",\"name\":\"Woodinout \u00a9\",\"description\":\"Wooden Montessori toys, gifts, home and events decor details\",\"potentialAction\":[{\"@type\":\"SearchAction\",\"target\":{\"@type\":\"EntryPoint\",\"urlTemplate\":\"https:\/\/woodinout.net\/sv\/?s={search_term_string}\"},\"query-input\":\"required name=search_term_string\"}],\"inLanguage\":\"sv-SE\"}]}<\/script>\n<!-- \/ Yoast SEO plugin. -->","yoast_head_json":{"title":"F\u00e4rgglada gummiband - Woodinout \u00a9 Montessori leksaker","description":"Enkla f\u00e4rgglada gummiband som till\u00e4gg till tr\u00e4geoboard. Detta kan vara en perfekt stress eller terapileksaker f\u00f6r lugn och kreativ lek.","robots":{"index":"index","follow":"follow","max-snippet":"max-snippet:-1","max-image-preview":"max-image-preview:large","max-video-preview":"max-video-preview:-1"},"canonical":"https:\/\/woodinout.net\/sv\/product\/fargglada-gummiband\/","og_locale":"sv_SE","og_type":"article","og_title":"F\u00e4rgglada gummiband - Woodinout \u00a9 Montessori leksaker","og_description":"Enkla f\u00e4rgglada gummiband som till\u00e4gg till tr\u00e4geoboard. Detta kan vara en perfekt stress eller terapileksaker f\u00f6r lugn och kreativ lek.","og_url":"https:\/\/woodinout.net\/sv\/product\/fargglada-gummiband\/","og_site_name":"Woodinout \u00a9","article_modified_time":"2022-04-19T13:09:58+00:00","og_image":[{"width":1140,"height":974,"url":"https:\/\/woodinout.net\/wp-content\/uploads\/2021\/03\/Colorful-rubber-bands.jpg","type":"image\/jpeg"}],"twitter_card":"summary_large_image","schema":{"@context":"https:\/\/schema.org","@graph":[{"@type":"WebPage","@id":"https:\/\/woodinout.net\/sv\/product\/fargglada-gummiband\/","url":"https:\/\/woodinout.net\/sv\/product\/fargglada-gummiband\/","name":"F\u00e4rgglada gummiband - Woodinout \u00a9 Montessori leksaker","isPartOf":{"@id":"https:\/\/woodinout.net\/sv\/#website"},"datePublished":"2021-03-22T11:33:33+00:00","dateModified":"2022-04-19T13:09:58+00:00","description":"Enkla f\u00e4rgglada gummiband som till\u00e4gg till tr\u00e4geoboard. Detta kan vara en perfekt stress eller terapileksaker f\u00f6r lugn och kreativ lek.","breadcrumb":{"@id":"https:\/\/woodinout.net\/sv\/product\/fargglada-gummiband\/#breadcrumb"},"inLanguage":"sv-SE","potentialAction":[{"@type":"ReadAction","target":["https:\/\/woodinout.net\/sv\/product\/fargglada-gummiband\/"]}]},{"@type":"BreadcrumbList","@id":"https:\/\/woodinout.net\/sv\/product\/fargglada-gummiband\/#breadcrumb","itemListElement":[{"@type":"ListItem","position":1,"name":"Home","item":"https:\/\/woodinout.net\/sv\/"},{"@type":"ListItem","position":2,"name":"Shop","item":"https:\/\/woodinout.net\/shop\/"},{"@type":"ListItem","position":3,"name":"F\u00e4rgglada gummiband"}]},{"@type":"WebSite","@id":"https:\/\/woodinout.net\/sv\/#website","url":"https:\/\/woodinout.net\/sv\/","name":"Woodinout \u00a9","description":"Wooden Montessori toys, gifts, home and events decor details","potentialAction":[{"@type":"SearchAction","target":{"@type":"EntryPoint","urlTemplate":"https:\/\/woodinout.net\/sv\/?s={search_term_string}"},"query-input":"required name=search_term_string"}],"inLanguage":"sv-SE"}]}},"_links":{"self":[{"href":"https:\/\/woodinout.net\/sv\/wp-json\/wp\/v2\/product\/21789"}],"collection":[{"href":"https:\/\/woodinout.net\/sv\/wp-json\/wp\/v2\/product"}],"about":[{"href":"https:\/\/woodinout.net\/sv\/wp-json\/wp\/v2\/types\/product"}],"wp:featuredmedia":[{"embeddable":true,"href":"https:\/\/woodinout.net\/sv\/wp-json\/wp\/v2\/media\/20364"}],"wp:attachment":[{"href":"https:\/\/woodinout.net\/sv\/wp-json\/wp\/v2\/media?parent=21789"}],"wp:term":[{"taxonomy":"product_cat","embeddable":true,"href":"https:\/\/woodinout.net\/sv\/wp-json\/wp\/v2\/product_cat?post=21789"},{"taxonomy":"product_tag","embeddable":true,"href":"https:\/\/woodinout.net\/sv\/wp-json\/wp\/v2\/product_tag?post=21789"}],"curies":[{"name":"wp","href":"https:\/\/api.w.org\/{rel}","templated":true}]}}