{"id":21055,"date":"2020-06-20T23:11:13","date_gmt":"2020-06-20T20:11:13","guid":{"rendered":"https:\/\/woodinout.net\/product\/10-sorterings-och-rakneplattor\/"},"modified":"2022-04-22T14:05:15","modified_gmt":"2022-04-22T11:05:15","slug":"10-siffror-och-rakna-tio-ram-med-tra-parlor-tra-siffror-graverade","status":"publish","type":"product","link":"https:\/\/woodinout.net\/sv\/product\/10-siffror-och-rakna-tio-ram-med-tra-parlor-tra-siffror-graverade\/","title":{"rendered":"10 sorterings- och r\u00e4kneplattor"},"content":{"rendered":"<p>10 Siffror och r\u00e4knar till tio ram med tr\u00e4p\u00e4rlor &amp; tr\u00e4nummer graverade. Montessori matte manipulativa \u00e4r b\u00e4sta matte g\u00e5vor f\u00f6r l\u00e4rare. V\u00e4rdefulla och snygga &#8211; tr\u00e4sorteringsleksaker hj\u00e4lper till att f\u00f6rb\u00e4ttra finmotoriken och g\u00f6r inl\u00e4rningsnummer och r\u00e4kning enkelt med stil. Tio ram med tr\u00e4bollar anv\u00e4nds v\u00e4l i f\u00f6rskola, hemskola eller dagis. F\u00e5 det som unikt tillbaka till skolpresenter till barn NU!<\/p>\n<p>TEN FRAME inneh\u00e5ller av:<br \/>\n10 olika storlekar r\u00e4kna brickor med tr\u00e4nummer<br \/>\n60 st. av tr\u00e4bollar (0,05 tum dia)<br \/>\nTr\u00e4penna<\/p>\n<p>M\u00c5TT<br \/>\nDiameter: minsta platta -~2.35 inches, st\u00f6rsta plattan -~ 7.5 inches<br \/>\nTjocklek: ~0.6 inches<\/p>\n<p>F\u00c4RGER OCH MATERIAL<br \/>\nF\u00e4rg: naturlig eller brun oljad.<br \/>\nLeksaken \u00e4r tillverkad av NATURLIGT MASSIVT TR\u00c4.<br \/>\nObservera att f\u00e4rgerna kan variera beroende p\u00e5 inst\u00e4llningar f\u00f6r datorsk\u00e4rmar och ljusning.<\/p>\n","protected":false},"excerpt":{"rendered":"<p>10 Siffror och r\u00e4knar till tio ram med tr\u00e4p\u00e4rlor &amp; tr\u00e4nummer graverade. Montessori matte manipulativa \u00e4r b\u00e4sta matte g\u00e5vor f\u00f6r l\u00e4rare. V\u00e4rdefulla och snygga &#8211; tr\u00e4sorteringsleksaker hj\u00e4lper till att f\u00f6rb\u00e4ttra finmotoriken och g\u00f6r inl\u00e4rningsnummer och r\u00e4kning enkelt med stil. Tio ram med tr\u00e4bollar anv\u00e4nds v\u00e4l i f\u00f6rskola, hemskola eller dagis. F\u00e5 det som unikt tillbaka [&hellip;]<\/p>\n","protected":false},"featured_media":17196,"template":"","meta":{"_monsterinsights_skip_tracking":false,"_monsterinsights_sitenote_active":false,"_monsterinsights_sitenote_note":"","_monsterinsights_sitenote_category":0},"product_cat":[1469,1428],"product_tag":[1491,1486,1482,1591,1593,1606,1475,1594,1456,1466,1921,1446,1918],"yoast_head":"<!-- This site is optimized with the Yoast SEO plugin v22.1 - https:\/\/yoast.com\/wordpress\/plugins\/seo\/ -->\n<title>10 sorterings- och r\u00e4kneplattor - Woodinout \u00a9 Montessori leksaker<\/title>\n<meta name=\"description\" content=\"L\u00e4rande \u00e4r nu Fun &amp; Easy - Naturligt tr\u00e4 Matteleksaker f\u00f6r v\u00e4rdefull familjetid. 10 sorterings- och r\u00e4kningsplattor - mer L\u00e4r &amp; Spela s\u00e4tt.\" \/>\n<meta name=\"robots\" content=\"index, follow, max-snippet:-1, max-image-preview:large, max-video-preview:-1\" \/>\n<link rel=\"canonical\" href=\"https:\/\/woodinout.net\/sv\/product\/10-siffror-och-rakna-tio-ram-med-tra-parlor-tra-siffror-graverade\/\" \/>\n<meta property=\"og:locale\" content=\"sv_SE\" \/>\n<meta property=\"og:type\" content=\"article\" \/>\n<meta property=\"og:title\" content=\"10 sorterings- och r\u00e4kneplattor - Woodinout \u00a9 Montessori leksaker\" \/>\n<meta property=\"og:description\" content=\"L\u00e4rande \u00e4r nu Fun &amp; Easy - Naturligt tr\u00e4 Matteleksaker f\u00f6r v\u00e4rdefull familjetid. 10 sorterings- och r\u00e4kningsplattor - mer L\u00e4r &amp; Spela s\u00e4tt.\" \/>\n<meta property=\"og:url\" content=\"https:\/\/woodinout.net\/sv\/product\/10-siffror-och-rakna-tio-ram-med-tra-parlor-tra-siffror-graverade\/\" \/>\n<meta property=\"og:site_name\" content=\"Woodinout \u00a9\" \/>\n<meta property=\"article:modified_time\" content=\"2022-04-22T11:05:15+00:00\" \/>\n<meta property=\"og:image\" content=\"https:\/\/woodinout.net\/wp-content\/uploads\/2020\/06\/10-Numbers-and-counting-ten-frame-with-wooden-beads-wood-numbers-engraved-1.jpg\" \/>\n\t<meta property=\"og:image:width\" content=\"853\" \/>\n\t<meta property=\"og:image:height\" content=\"1280\" \/>\n\t<meta property=\"og:image:type\" content=\"image\/jpeg\" \/>\n<meta name=\"twitter:card\" content=\"summary_large_image\" \/>\n<meta name=\"twitter:label1\" content=\"Ber\u00e4knad l\u00e4stid\" \/>\n\t<meta name=\"twitter:data1\" content=\"1 minut\" \/>\n<script type=\"application\/ld+json\" class=\"yoast-schema-graph\">{\"@context\":\"https:\/\/schema.org\",\"@graph\":[{\"@type\":\"WebPage\",\"@id\":\"https:\/\/woodinout.net\/sv\/product\/10-siffror-och-rakna-tio-ram-med-tra-parlor-tra-siffror-graverade\/\",\"url\":\"https:\/\/woodinout.net\/sv\/product\/10-siffror-och-rakna-tio-ram-med-tra-parlor-tra-siffror-graverade\/\",\"name\":\"10 sorterings- och r\u00e4kneplattor - Woodinout \u00a9 Montessori leksaker\",\"isPartOf\":{\"@id\":\"https:\/\/woodinout.net\/sv\/#website\"},\"datePublished\":\"2020-06-20T20:11:13+00:00\",\"dateModified\":\"2022-04-22T11:05:15+00:00\",\"description\":\"L\u00e4rande \u00e4r nu Fun & Easy - Naturligt tr\u00e4 Matteleksaker f\u00f6r v\u00e4rdefull familjetid. 10 sorterings- och r\u00e4kningsplattor - mer L\u00e4r & Spela s\u00e4tt.\",\"breadcrumb\":{\"@id\":\"https:\/\/woodinout.net\/sv\/product\/10-siffror-och-rakna-tio-ram-med-tra-parlor-tra-siffror-graverade\/#breadcrumb\"},\"inLanguage\":\"sv-SE\",\"potentialAction\":[{\"@type\":\"ReadAction\",\"target\":[\"https:\/\/woodinout.net\/sv\/product\/10-siffror-och-rakna-tio-ram-med-tra-parlor-tra-siffror-graverade\/\"]}]},{\"@type\":\"BreadcrumbList\",\"@id\":\"https:\/\/woodinout.net\/sv\/product\/10-siffror-och-rakna-tio-ram-med-tra-parlor-tra-siffror-graverade\/#breadcrumb\",\"itemListElement\":[{\"@type\":\"ListItem\",\"position\":1,\"name\":\"Home\",\"item\":\"https:\/\/woodinout.net\/sv\/\"},{\"@type\":\"ListItem\",\"position\":2,\"name\":\"Shop\",\"item\":\"https:\/\/woodinout.net\/shop\/\"},{\"@type\":\"ListItem\",\"position\":3,\"name\":\"10 sorterings- och r\u00e4kneplattor\"}]},{\"@type\":\"WebSite\",\"@id\":\"https:\/\/woodinout.net\/sv\/#website\",\"url\":\"https:\/\/woodinout.net\/sv\/\",\"name\":\"Woodinout \u00a9\",\"description\":\"Wooden Montessori toys, gifts, home and events decor details\",\"potentialAction\":[{\"@type\":\"SearchAction\",\"target\":{\"@type\":\"EntryPoint\",\"urlTemplate\":\"https:\/\/woodinout.net\/sv\/?s={search_term_string}\"},\"query-input\":\"required name=search_term_string\"}],\"inLanguage\":\"sv-SE\"}]}<\/script>\n<!-- \/ Yoast SEO plugin. -->","yoast_head_json":{"title":"10 sorterings- och r\u00e4kneplattor - Woodinout \u00a9 Montessori leksaker","description":"L\u00e4rande \u00e4r nu Fun & Easy - Naturligt tr\u00e4 Matteleksaker f\u00f6r v\u00e4rdefull familjetid. 10 sorterings- och r\u00e4kningsplattor - mer L\u00e4r & Spela s\u00e4tt.","robots":{"index":"index","follow":"follow","max-snippet":"max-snippet:-1","max-image-preview":"max-image-preview:large","max-video-preview":"max-video-preview:-1"},"canonical":"https:\/\/woodinout.net\/sv\/product\/10-siffror-och-rakna-tio-ram-med-tra-parlor-tra-siffror-graverade\/","og_locale":"sv_SE","og_type":"article","og_title":"10 sorterings- och r\u00e4kneplattor - Woodinout \u00a9 Montessori leksaker","og_description":"L\u00e4rande \u00e4r nu Fun & Easy - Naturligt tr\u00e4 Matteleksaker f\u00f6r v\u00e4rdefull familjetid. 10 sorterings- och r\u00e4kningsplattor - mer L\u00e4r & Spela s\u00e4tt.","og_url":"https:\/\/woodinout.net\/sv\/product\/10-siffror-och-rakna-tio-ram-med-tra-parlor-tra-siffror-graverade\/","og_site_name":"Woodinout \u00a9","article_modified_time":"2022-04-22T11:05:15+00:00","og_image":[{"width":853,"height":1280,"url":"https:\/\/woodinout.net\/wp-content\/uploads\/2020\/06\/10-Numbers-and-counting-ten-frame-with-wooden-beads-wood-numbers-engraved-1.jpg","type":"image\/jpeg"}],"twitter_card":"summary_large_image","twitter_misc":{"Ber\u00e4knad l\u00e4stid":"1 minut"},"schema":{"@context":"https:\/\/schema.org","@graph":[{"@type":"WebPage","@id":"https:\/\/woodinout.net\/sv\/product\/10-siffror-och-rakna-tio-ram-med-tra-parlor-tra-siffror-graverade\/","url":"https:\/\/woodinout.net\/sv\/product\/10-siffror-och-rakna-tio-ram-med-tra-parlor-tra-siffror-graverade\/","name":"10 sorterings- och r\u00e4kneplattor - Woodinout \u00a9 Montessori leksaker","isPartOf":{"@id":"https:\/\/woodinout.net\/sv\/#website"},"datePublished":"2020-06-20T20:11:13+00:00","dateModified":"2022-04-22T11:05:15+00:00","description":"L\u00e4rande \u00e4r nu Fun & Easy - Naturligt tr\u00e4 Matteleksaker f\u00f6r v\u00e4rdefull familjetid. 10 sorterings- och r\u00e4kningsplattor - mer L\u00e4r & Spela s\u00e4tt.","breadcrumb":{"@id":"https:\/\/woodinout.net\/sv\/product\/10-siffror-och-rakna-tio-ram-med-tra-parlor-tra-siffror-graverade\/#breadcrumb"},"inLanguage":"sv-SE","potentialAction":[{"@type":"ReadAction","target":["https:\/\/woodinout.net\/sv\/product\/10-siffror-och-rakna-tio-ram-med-tra-parlor-tra-siffror-graverade\/"]}]},{"@type":"BreadcrumbList","@id":"https:\/\/woodinout.net\/sv\/product\/10-siffror-och-rakna-tio-ram-med-tra-parlor-tra-siffror-graverade\/#breadcrumb","itemListElement":[{"@type":"ListItem","position":1,"name":"Home","item":"https:\/\/woodinout.net\/sv\/"},{"@type":"ListItem","position":2,"name":"Shop","item":"https:\/\/woodinout.net\/shop\/"},{"@type":"ListItem","position":3,"name":"10 sorterings- och r\u00e4kneplattor"}]},{"@type":"WebSite","@id":"https:\/\/woodinout.net\/sv\/#website","url":"https:\/\/woodinout.net\/sv\/","name":"Woodinout \u00a9","description":"Wooden Montessori toys, gifts, home and events decor details","potentialAction":[{"@type":"SearchAction","target":{"@type":"EntryPoint","urlTemplate":"https:\/\/woodinout.net\/sv\/?s={search_term_string}"},"query-input":"required name=search_term_string"}],"inLanguage":"sv-SE"}]}},"_links":{"self":[{"href":"https:\/\/woodinout.net\/sv\/wp-json\/wp\/v2\/product\/21055"}],"collection":[{"href":"https:\/\/woodinout.net\/sv\/wp-json\/wp\/v2\/product"}],"about":[{"href":"https:\/\/woodinout.net\/sv\/wp-json\/wp\/v2\/types\/product"}],"wp:featuredmedia":[{"embeddable":true,"href":"https:\/\/woodinout.net\/sv\/wp-json\/wp\/v2\/media\/17196"}],"wp:attachment":[{"href":"https:\/\/woodinout.net\/sv\/wp-json\/wp\/v2\/media?parent=21055"}],"wp:term":[{"taxonomy":"product_cat","embeddable":true,"href":"https:\/\/woodinout.net\/sv\/wp-json\/wp\/v2\/product_cat?post=21055"},{"taxonomy":"product_tag","embeddable":true,"href":"https:\/\/woodinout.net\/sv\/wp-json\/wp\/v2\/product_tag?post=21055"}],"curies":[{"name":"wp","href":"https:\/\/api.w.org\/{rel}","templated":true}]}}