{"id":21000,"date":"2020-06-20T23:04:00","date_gmt":"2020-06-20T20:04:00","guid":{"rendered":"https:\/\/woodinout.net\/product\/tra-dj-sparning-former-styrelse\/"},"modified":"2022-04-06T08:57:54","modified_gmt":"2022-04-06T05:57:54","slug":"tra-sparning-brada","status":"publish","type":"product","link":"https:\/\/woodinout.net\/sv\/product\/tra-sparning-brada\/","title":{"rendered":"Tr\u00e4 DJ sp\u00e5rning former styrelse"},"content":{"rendered":"<p>Tr\u00e4br\u00e4da. Varf\u00f6r ska du v\u00e4lja det h\u00e4r?!<br \/>\n1. Kommer att f\u00f6rb\u00e4ttra \u00f6gonhandkoordineringen, utveckla finmotorik.<br \/>\n2. Sensorisk lek \u00e4r en lugnande aktivitet.<br \/>\n3. Det \u00e4r handgjort och kan vara en personlig g\u00e5va, vi kommer att gravera ditt meddelande p\u00e5 baksidan.<br \/>\n4. Montessori- och Waldorfinspirerade inl\u00e4rningsleksaker \u00e4r v\u00e4lk\u00e4nda och uppskattade \u00f6ver hela v\u00e4rlden.<br \/>\n5. Tr\u00e4m\u00f6nstersp\u00e5rningsmall g\u00f6r hemskola ENKEL. Utbilda ditt barn medan du spelar.<br \/>\n6. Pedagogiska leksaker \u00e4r utan tvekan mest uppskattade barng\u00e5vor om du vill g\u00f6ra sina f\u00f6r\u00e4ldrar lyckliga ocks\u00e5.<\/p>\n<p>Hitta fler sp\u00e5rningsleksaker <a href=\"https:\/\/woodinout.net\/product-tag\/wooden-tracing-boards\/\">H\u00c4R.<\/a><\/p>\n<p>Kit inneh\u00e5ller av:<br \/>\nPrydnadstavla<br \/>\nTr\u00e4penna<\/p>\n<p>M\u00c5TT<br \/>\nH\u00f6jd: ~7.5 inches<br \/>\nL\u00e4ngd: ~10 inches<br \/>\nBr\u00e4dtjocklek: ~0,6 tum<\/p>\n<p>F\u00c4RGER OCH MATERIAL<br \/>\nBakgrund: m\u00f6rkbrun eller naturoljad.<br \/>\nLeksaken \u00e4r tillverkad av NATURLIGT MASSIVT TR\u00c4 och milj\u00f6v\u00e4nliga f\u00e4rger\/oljor.<br \/>\nObservera att f\u00e4rgerna kan variera beroende p\u00e5 inst\u00e4llningar f\u00f6r datorsk\u00e4rmar och ljusning.<\/p>\n<p>F\u00f6r fler id\u00e9er, f\u00f6lj oss p\u00e5 <a href=\"https:\/\/www.instagram.com\/woodinout\/\">INSTAGRAM<\/a> &amp; <a href=\"https:\/\/www.facebook.com\/Woodinout.net\">FACEBOOK<\/a><\/p>\n","protected":false},"excerpt":{"rendered":"<p>Tr\u00e4br\u00e4da. Varf\u00f6r ska du v\u00e4lja det h\u00e4r?! 1. Kommer att f\u00f6rb\u00e4ttra \u00f6gonhandkoordineringen, utveckla finmotorik. 2. Sensorisk lek \u00e4r en lugnande aktivitet. 3. Det \u00e4r handgjort och kan vara en personlig g\u00e5va, vi kommer att gravera ditt meddelande p\u00e5 baksidan. 4. Montessori- och Waldorfinspirerade inl\u00e4rningsleksaker \u00e4r v\u00e4lk\u00e4nda och uppskattade \u00f6ver hela v\u00e4rlden. 5. Tr\u00e4m\u00f6nstersp\u00e5rningsmall g\u00f6r hemskola [&hellip;]<\/p>\n","protected":false},"featured_media":17172,"template":"","meta":{"_monsterinsights_skip_tracking":false,"_monsterinsights_sitenote_active":false,"_monsterinsights_sitenote_note":"","_monsterinsights_sitenote_category":0},"product_cat":[1442,1471,1792,1428],"product_tag":[1491,1486,1797,1482,1513,1475,1456,1466,1520,1795,1521,1446],"yoast_head":"<!-- This site is optimized with the Yoast SEO plugin v22.1 - https:\/\/yoast.com\/wordpress\/plugins\/seo\/ -->\n<title>Tr\u00e4 DJ sp\u00e5rning former styrelse - Woodinout \u00a9 Inl\u00e4rningsleksaker f\u00f6r sm\u00e5barn<\/title>\n<meta name=\"description\" content=\"\u00c5teranv\u00e4ndbar tr\u00e4sp\u00e5rningsformer br\u00e4da. L\u00e4r dig skriva p\u00e5 ett mer milj\u00f6v\u00e4nligt och elegant s\u00e4tt! Handgjord och s\u00e4ker f\u00f6r barn.\" \/>\n<meta name=\"robots\" content=\"index, follow, max-snippet:-1, max-image-preview:large, max-video-preview:-1\" \/>\n<link rel=\"canonical\" href=\"https:\/\/woodinout.net\/sv\/product\/tra-sparning-brada\/\" \/>\n<meta property=\"og:locale\" content=\"sv_SE\" \/>\n<meta property=\"og:type\" content=\"article\" \/>\n<meta property=\"og:title\" content=\"Tr\u00e4 DJ sp\u00e5rning former styrelse - Woodinout \u00a9 Inl\u00e4rningsleksaker f\u00f6r sm\u00e5barn\" \/>\n<meta property=\"og:description\" content=\"\u00c5teranv\u00e4ndbar tr\u00e4sp\u00e5rningsformer br\u00e4da. L\u00e4r dig skriva p\u00e5 ett mer milj\u00f6v\u00e4nligt och elegant s\u00e4tt! Handgjord och s\u00e4ker f\u00f6r barn.\" \/>\n<meta property=\"og:url\" content=\"https:\/\/woodinout.net\/sv\/product\/tra-sparning-brada\/\" \/>\n<meta property=\"og:site_name\" content=\"Woodinout \u00a9\" \/>\n<meta property=\"article:modified_time\" content=\"2022-04-06T05:57:54+00:00\" \/>\n<meta property=\"og:image\" content=\"https:\/\/woodinout.net\/wp-content\/uploads\/2020\/06\/Wooden-tracing-board-2.jpg\" \/>\n\t<meta property=\"og:image:width\" content=\"853\" \/>\n\t<meta property=\"og:image:height\" content=\"1280\" \/>\n\t<meta property=\"og:image:type\" content=\"image\/jpeg\" \/>\n<meta name=\"twitter:card\" content=\"summary_large_image\" \/>\n<meta name=\"twitter:label1\" content=\"Ber\u00e4knad l\u00e4stid\" \/>\n\t<meta name=\"twitter:data1\" content=\"1 minut\" \/>\n<script type=\"application\/ld+json\" class=\"yoast-schema-graph\">{\"@context\":\"https:\/\/schema.org\",\"@graph\":[{\"@type\":\"WebPage\",\"@id\":\"https:\/\/woodinout.net\/sv\/product\/tra-sparning-brada\/\",\"url\":\"https:\/\/woodinout.net\/sv\/product\/tra-sparning-brada\/\",\"name\":\"Tr\u00e4 DJ sp\u00e5rning former styrelse - Woodinout \u00a9 Inl\u00e4rningsleksaker f\u00f6r sm\u00e5barn\",\"isPartOf\":{\"@id\":\"https:\/\/woodinout.net\/sv\/#website\"},\"datePublished\":\"2020-06-20T20:04:00+00:00\",\"dateModified\":\"2022-04-06T05:57:54+00:00\",\"description\":\"\u00c5teranv\u00e4ndbar tr\u00e4sp\u00e5rningsformer br\u00e4da. L\u00e4r dig skriva p\u00e5 ett mer milj\u00f6v\u00e4nligt och elegant s\u00e4tt! Handgjord och s\u00e4ker f\u00f6r barn.\",\"breadcrumb\":{\"@id\":\"https:\/\/woodinout.net\/sv\/product\/tra-sparning-brada\/#breadcrumb\"},\"inLanguage\":\"sv-SE\",\"potentialAction\":[{\"@type\":\"ReadAction\",\"target\":[\"https:\/\/woodinout.net\/sv\/product\/tra-sparning-brada\/\"]}]},{\"@type\":\"BreadcrumbList\",\"@id\":\"https:\/\/woodinout.net\/sv\/product\/tra-sparning-brada\/#breadcrumb\",\"itemListElement\":[{\"@type\":\"ListItem\",\"position\":1,\"name\":\"Home\",\"item\":\"https:\/\/woodinout.net\/sv\/\"},{\"@type\":\"ListItem\",\"position\":2,\"name\":\"Shop\",\"item\":\"https:\/\/woodinout.net\/shop\/\"},{\"@type\":\"ListItem\",\"position\":3,\"name\":\"Tr\u00e4 DJ sp\u00e5rning former styrelse\"}]},{\"@type\":\"WebSite\",\"@id\":\"https:\/\/woodinout.net\/sv\/#website\",\"url\":\"https:\/\/woodinout.net\/sv\/\",\"name\":\"Woodinout \u00a9\",\"description\":\"Wooden Montessori toys, gifts, home and events decor details\",\"potentialAction\":[{\"@type\":\"SearchAction\",\"target\":{\"@type\":\"EntryPoint\",\"urlTemplate\":\"https:\/\/woodinout.net\/sv\/?s={search_term_string}\"},\"query-input\":\"required name=search_term_string\"}],\"inLanguage\":\"sv-SE\"}]}<\/script>\n<!-- \/ Yoast SEO plugin. -->","yoast_head_json":{"title":"Tr\u00e4 DJ sp\u00e5rning former styrelse - Woodinout \u00a9 Inl\u00e4rningsleksaker f\u00f6r sm\u00e5barn","description":"\u00c5teranv\u00e4ndbar tr\u00e4sp\u00e5rningsformer br\u00e4da. L\u00e4r dig skriva p\u00e5 ett mer milj\u00f6v\u00e4nligt och elegant s\u00e4tt! Handgjord och s\u00e4ker f\u00f6r barn.","robots":{"index":"index","follow":"follow","max-snippet":"max-snippet:-1","max-image-preview":"max-image-preview:large","max-video-preview":"max-video-preview:-1"},"canonical":"https:\/\/woodinout.net\/sv\/product\/tra-sparning-brada\/","og_locale":"sv_SE","og_type":"article","og_title":"Tr\u00e4 DJ sp\u00e5rning former styrelse - Woodinout \u00a9 Inl\u00e4rningsleksaker f\u00f6r sm\u00e5barn","og_description":"\u00c5teranv\u00e4ndbar tr\u00e4sp\u00e5rningsformer br\u00e4da. L\u00e4r dig skriva p\u00e5 ett mer milj\u00f6v\u00e4nligt och elegant s\u00e4tt! Handgjord och s\u00e4ker f\u00f6r barn.","og_url":"https:\/\/woodinout.net\/sv\/product\/tra-sparning-brada\/","og_site_name":"Woodinout \u00a9","article_modified_time":"2022-04-06T05:57:54+00:00","og_image":[{"width":853,"height":1280,"url":"https:\/\/woodinout.net\/wp-content\/uploads\/2020\/06\/Wooden-tracing-board-2.jpg","type":"image\/jpeg"}],"twitter_card":"summary_large_image","twitter_misc":{"Ber\u00e4knad l\u00e4stid":"1 minut"},"schema":{"@context":"https:\/\/schema.org","@graph":[{"@type":"WebPage","@id":"https:\/\/woodinout.net\/sv\/product\/tra-sparning-brada\/","url":"https:\/\/woodinout.net\/sv\/product\/tra-sparning-brada\/","name":"Tr\u00e4 DJ sp\u00e5rning former styrelse - Woodinout \u00a9 Inl\u00e4rningsleksaker f\u00f6r sm\u00e5barn","isPartOf":{"@id":"https:\/\/woodinout.net\/sv\/#website"},"datePublished":"2020-06-20T20:04:00+00:00","dateModified":"2022-04-06T05:57:54+00:00","description":"\u00c5teranv\u00e4ndbar tr\u00e4sp\u00e5rningsformer br\u00e4da. L\u00e4r dig skriva p\u00e5 ett mer milj\u00f6v\u00e4nligt och elegant s\u00e4tt! Handgjord och s\u00e4ker f\u00f6r barn.","breadcrumb":{"@id":"https:\/\/woodinout.net\/sv\/product\/tra-sparning-brada\/#breadcrumb"},"inLanguage":"sv-SE","potentialAction":[{"@type":"ReadAction","target":["https:\/\/woodinout.net\/sv\/product\/tra-sparning-brada\/"]}]},{"@type":"BreadcrumbList","@id":"https:\/\/woodinout.net\/sv\/product\/tra-sparning-brada\/#breadcrumb","itemListElement":[{"@type":"ListItem","position":1,"name":"Home","item":"https:\/\/woodinout.net\/sv\/"},{"@type":"ListItem","position":2,"name":"Shop","item":"https:\/\/woodinout.net\/shop\/"},{"@type":"ListItem","position":3,"name":"Tr\u00e4 DJ sp\u00e5rning former styrelse"}]},{"@type":"WebSite","@id":"https:\/\/woodinout.net\/sv\/#website","url":"https:\/\/woodinout.net\/sv\/","name":"Woodinout \u00a9","description":"Wooden Montessori toys, gifts, home and events decor details","potentialAction":[{"@type":"SearchAction","target":{"@type":"EntryPoint","urlTemplate":"https:\/\/woodinout.net\/sv\/?s={search_term_string}"},"query-input":"required name=search_term_string"}],"inLanguage":"sv-SE"}]}},"_links":{"self":[{"href":"https:\/\/woodinout.net\/sv\/wp-json\/wp\/v2\/product\/21000"}],"collection":[{"href":"https:\/\/woodinout.net\/sv\/wp-json\/wp\/v2\/product"}],"about":[{"href":"https:\/\/woodinout.net\/sv\/wp-json\/wp\/v2\/types\/product"}],"wp:featuredmedia":[{"embeddable":true,"href":"https:\/\/woodinout.net\/sv\/wp-json\/wp\/v2\/media\/17172"}],"wp:attachment":[{"href":"https:\/\/woodinout.net\/sv\/wp-json\/wp\/v2\/media?parent=21000"}],"wp:term":[{"taxonomy":"product_cat","embeddable":true,"href":"https:\/\/woodinout.net\/sv\/wp-json\/wp\/v2\/product_cat?post=21000"},{"taxonomy":"product_tag","embeddable":true,"href":"https:\/\/woodinout.net\/sv\/wp-json\/wp\/v2\/product_tag?post=21000"}],"curies":[{"name":"wp","href":"https:\/\/api.w.org\/{rel}","templated":true}]}}