{"id":20892,"date":"2020-06-20T22:47:08","date_gmt":"2020-06-20T19:47:08","guid":{"rendered":"https:\/\/woodinout.net\/product\/tra-manfasleklekt\/"},"modified":"2022-04-28T11:28:29","modified_gmt":"2022-04-28T08:28:29","slug":"manfas","status":"publish","type":"product","link":"https:\/\/woodinout.net\/sv\/product\/manfas\/","title":{"rendered":"Tr\u00e4 m\u00e5nfasleklekt"},"content":{"rendered":"<p>Inspirerad av Montessori \u00e4r v\u00e5r tr\u00e4m\u00e5nefaslekty HANDGJORD, milj\u00f6v\u00e4nlig och g\u00f6r det enkelt och ROLIGT att l\u00e4ra sig. F\u00e5 den h\u00e4r m\u00e5nfasen inst\u00e4lld som julklapp till barn eller en av l\u00e4rarg\u00e5vorna. F\u00f6r\u00e4ldrar kommer att uppskatta det p\u00e5 hemskola, absolut snyggt d\u00e4rf\u00f6r ser bra ut i varje klassrum. M\u00e5nfaspussel \u00e4r en av de mest favorit bland v\u00e5ra barn, eftersom de \u00e4lskar att j\u00e4mf\u00f6ra det med den riktiga m\u00e5nen utanf\u00f6r f\u00f6nstret.<\/p>\n<p>Kommer att f\u00f6rb\u00e4ttra <a href=\"https:\/\/woodinout.net\/product-tag\/fine-motor-skills-activities\/\">motoriken<\/a><\/p>\n<p>L\u00e4ngd: ~7 inches<br \/>\nH\u00f6jd: ~7.9 inches<br \/>\nTjocklek: ~0.6 inches<\/p>\n<p>F\u00c4RGER OCH MATERIAL<br \/>\nF\u00e4rg: naturlig och brunoljad.<br \/>\nLeksaken \u00e4r tillverkad av NATURLIGT MASSIVT TR\u00c4 och plywood.<br \/>\nObservera att f\u00e4rgerna kan variera beroende p\u00e5 inst\u00e4llningar f\u00f6r datorsk\u00e4rmar och ljusning.<\/p>\n<p>F\u00f6r fler id\u00e9er, f\u00f6lj oss p\u00e5 <a href=\"https:\/\/www.instagram.com\/woodinout\/\">INSTAGRAM<\/a> &amp; <a href=\"https:\/\/www.facebook.com\/Woodinout.net\">FACEBOOK<\/a><\/p>\n","protected":false},"excerpt":{"rendered":"<p>Inspirerad av Montessori \u00e4r v\u00e5r tr\u00e4m\u00e5nefaslekty HANDGJORD, milj\u00f6v\u00e4nlig och g\u00f6r det enkelt och ROLIGT att l\u00e4ra sig. F\u00e5 den h\u00e4r m\u00e5nfasen inst\u00e4lld som julklapp till barn eller en av l\u00e4rarg\u00e5vorna. F\u00f6r\u00e4ldrar kommer att uppskatta det p\u00e5 hemskola, absolut snyggt d\u00e4rf\u00f6r ser bra ut i varje klassrum. M\u00e5nfaspussel \u00e4r en av de mest favorit bland v\u00e5ra [&hellip;]<\/p>\n","protected":false},"featured_media":17028,"template":"","meta":{"_monsterinsights_skip_tracking":false,"_monsterinsights_sitenote_active":false,"_monsterinsights_sitenote_note":"","_monsterinsights_sitenote_category":0},"product_cat":[1428,1635],"product_tag":[1491,1486,1482,1695,1693,1694,1475,1456,1466,1446,1698,1640],"yoast_head":"<!-- This site is optimized with the Yoast SEO plugin v22.1 - https:\/\/yoast.com\/wordpress\/plugins\/seo\/ -->\n<title>Tr\u00e4 m\u00e5nfasleklekt - Woodinout \u00a9 Inl\u00e4rningsleksaker<\/title>\n<meta name=\"description\" content=\"Tr\u00e4m\u00e5nefaser f\u00f6r barn - Snygg leksak f\u00f6r vetenskapligt l\u00e4rande. Handgjord av massivt tr\u00e4 detta pussel \u00e4r perfekt barn g\u00e5va!\" \/>\n<meta name=\"robots\" content=\"index, follow, max-snippet:-1, max-image-preview:large, max-video-preview:-1\" \/>\n<link rel=\"canonical\" href=\"https:\/\/woodinout.net\/sv\/product\/manfas\/\" \/>\n<meta property=\"og:locale\" content=\"sv_SE\" \/>\n<meta property=\"og:type\" content=\"article\" \/>\n<meta property=\"og:title\" content=\"Tr\u00e4 m\u00e5nfasleklekt - Woodinout \u00a9 Inl\u00e4rningsleksaker\" \/>\n<meta property=\"og:description\" content=\"Tr\u00e4m\u00e5nefaser f\u00f6r barn - Snygg leksak f\u00f6r vetenskapligt l\u00e4rande. Handgjord av massivt tr\u00e4 detta pussel \u00e4r perfekt barn g\u00e5va!\" \/>\n<meta property=\"og:url\" content=\"https:\/\/woodinout.net\/sv\/product\/manfas\/\" \/>\n<meta property=\"og:site_name\" content=\"Woodinout \u00a9\" \/>\n<meta property=\"article:modified_time\" content=\"2022-04-28T08:28:29+00:00\" \/>\n<meta property=\"og:image\" content=\"https:\/\/woodinout.net\/wp-content\/uploads\/2020\/06\/Moon-phase-1.jpg\" \/>\n\t<meta property=\"og:image:width\" content=\"853\" \/>\n\t<meta property=\"og:image:height\" content=\"1280\" \/>\n\t<meta property=\"og:image:type\" content=\"image\/jpeg\" \/>\n<meta name=\"twitter:card\" content=\"summary_large_image\" \/>\n<meta name=\"twitter:label1\" content=\"Ber\u00e4knad l\u00e4stid\" \/>\n\t<meta name=\"twitter:data1\" content=\"1 minut\" \/>\n<script type=\"application\/ld+json\" class=\"yoast-schema-graph\">{\"@context\":\"https:\/\/schema.org\",\"@graph\":[{\"@type\":\"WebPage\",\"@id\":\"https:\/\/woodinout.net\/sv\/product\/manfas\/\",\"url\":\"https:\/\/woodinout.net\/sv\/product\/manfas\/\",\"name\":\"Tr\u00e4 m\u00e5nfasleklekt - Woodinout \u00a9 Inl\u00e4rningsleksaker\",\"isPartOf\":{\"@id\":\"https:\/\/woodinout.net\/sv\/#website\"},\"datePublished\":\"2020-06-20T19:47:08+00:00\",\"dateModified\":\"2022-04-28T08:28:29+00:00\",\"description\":\"Tr\u00e4m\u00e5nefaser f\u00f6r barn - Snygg leksak f\u00f6r vetenskapligt l\u00e4rande. Handgjord av massivt tr\u00e4 detta pussel \u00e4r perfekt barn g\u00e5va!\",\"breadcrumb\":{\"@id\":\"https:\/\/woodinout.net\/sv\/product\/manfas\/#breadcrumb\"},\"inLanguage\":\"sv-SE\",\"potentialAction\":[{\"@type\":\"ReadAction\",\"target\":[\"https:\/\/woodinout.net\/sv\/product\/manfas\/\"]}]},{\"@type\":\"BreadcrumbList\",\"@id\":\"https:\/\/woodinout.net\/sv\/product\/manfas\/#breadcrumb\",\"itemListElement\":[{\"@type\":\"ListItem\",\"position\":1,\"name\":\"Home\",\"item\":\"https:\/\/woodinout.net\/sv\/\"},{\"@type\":\"ListItem\",\"position\":2,\"name\":\"Shop\",\"item\":\"https:\/\/woodinout.net\/shop\/\"},{\"@type\":\"ListItem\",\"position\":3,\"name\":\"Tr\u00e4 m\u00e5nfasleklekt\"}]},{\"@type\":\"WebSite\",\"@id\":\"https:\/\/woodinout.net\/sv\/#website\",\"url\":\"https:\/\/woodinout.net\/sv\/\",\"name\":\"Woodinout \u00a9\",\"description\":\"Wooden Montessori toys, gifts, home and events decor details\",\"potentialAction\":[{\"@type\":\"SearchAction\",\"target\":{\"@type\":\"EntryPoint\",\"urlTemplate\":\"https:\/\/woodinout.net\/sv\/?s={search_term_string}\"},\"query-input\":\"required name=search_term_string\"}],\"inLanguage\":\"sv-SE\"}]}<\/script>\n<!-- \/ Yoast SEO plugin. -->","yoast_head_json":{"title":"Tr\u00e4 m\u00e5nfasleklekt - Woodinout \u00a9 Inl\u00e4rningsleksaker","description":"Tr\u00e4m\u00e5nefaser f\u00f6r barn - Snygg leksak f\u00f6r vetenskapligt l\u00e4rande. Handgjord av massivt tr\u00e4 detta pussel \u00e4r perfekt barn g\u00e5va!","robots":{"index":"index","follow":"follow","max-snippet":"max-snippet:-1","max-image-preview":"max-image-preview:large","max-video-preview":"max-video-preview:-1"},"canonical":"https:\/\/woodinout.net\/sv\/product\/manfas\/","og_locale":"sv_SE","og_type":"article","og_title":"Tr\u00e4 m\u00e5nfasleklekt - Woodinout \u00a9 Inl\u00e4rningsleksaker","og_description":"Tr\u00e4m\u00e5nefaser f\u00f6r barn - Snygg leksak f\u00f6r vetenskapligt l\u00e4rande. Handgjord av massivt tr\u00e4 detta pussel \u00e4r perfekt barn g\u00e5va!","og_url":"https:\/\/woodinout.net\/sv\/product\/manfas\/","og_site_name":"Woodinout \u00a9","article_modified_time":"2022-04-28T08:28:29+00:00","og_image":[{"width":853,"height":1280,"url":"https:\/\/woodinout.net\/wp-content\/uploads\/2020\/06\/Moon-phase-1.jpg","type":"image\/jpeg"}],"twitter_card":"summary_large_image","twitter_misc":{"Ber\u00e4knad l\u00e4stid":"1 minut"},"schema":{"@context":"https:\/\/schema.org","@graph":[{"@type":"WebPage","@id":"https:\/\/woodinout.net\/sv\/product\/manfas\/","url":"https:\/\/woodinout.net\/sv\/product\/manfas\/","name":"Tr\u00e4 m\u00e5nfasleklekt - Woodinout \u00a9 Inl\u00e4rningsleksaker","isPartOf":{"@id":"https:\/\/woodinout.net\/sv\/#website"},"datePublished":"2020-06-20T19:47:08+00:00","dateModified":"2022-04-28T08:28:29+00:00","description":"Tr\u00e4m\u00e5nefaser f\u00f6r barn - Snygg leksak f\u00f6r vetenskapligt l\u00e4rande. Handgjord av massivt tr\u00e4 detta pussel \u00e4r perfekt barn g\u00e5va!","breadcrumb":{"@id":"https:\/\/woodinout.net\/sv\/product\/manfas\/#breadcrumb"},"inLanguage":"sv-SE","potentialAction":[{"@type":"ReadAction","target":["https:\/\/woodinout.net\/sv\/product\/manfas\/"]}]},{"@type":"BreadcrumbList","@id":"https:\/\/woodinout.net\/sv\/product\/manfas\/#breadcrumb","itemListElement":[{"@type":"ListItem","position":1,"name":"Home","item":"https:\/\/woodinout.net\/sv\/"},{"@type":"ListItem","position":2,"name":"Shop","item":"https:\/\/woodinout.net\/shop\/"},{"@type":"ListItem","position":3,"name":"Tr\u00e4 m\u00e5nfasleklekt"}]},{"@type":"WebSite","@id":"https:\/\/woodinout.net\/sv\/#website","url":"https:\/\/woodinout.net\/sv\/","name":"Woodinout \u00a9","description":"Wooden Montessori toys, gifts, home and events decor details","potentialAction":[{"@type":"SearchAction","target":{"@type":"EntryPoint","urlTemplate":"https:\/\/woodinout.net\/sv\/?s={search_term_string}"},"query-input":"required name=search_term_string"}],"inLanguage":"sv-SE"}]}},"_links":{"self":[{"href":"https:\/\/woodinout.net\/sv\/wp-json\/wp\/v2\/product\/20892"}],"collection":[{"href":"https:\/\/woodinout.net\/sv\/wp-json\/wp\/v2\/product"}],"about":[{"href":"https:\/\/woodinout.net\/sv\/wp-json\/wp\/v2\/types\/product"}],"wp:featuredmedia":[{"embeddable":true,"href":"https:\/\/woodinout.net\/sv\/wp-json\/wp\/v2\/media\/17028"}],"wp:attachment":[{"href":"https:\/\/woodinout.net\/sv\/wp-json\/wp\/v2\/media?parent=20892"}],"wp:term":[{"taxonomy":"product_cat","embeddable":true,"href":"https:\/\/woodinout.net\/sv\/wp-json\/wp\/v2\/product_cat?post=20892"},{"taxonomy":"product_tag","embeddable":true,"href":"https:\/\/woodinout.net\/sv\/wp-json\/wp\/v2\/product_tag?post=20892"}],"curies":[{"name":"wp","href":"https:\/\/api.w.org\/{rel}","templated":true}]}}