{"id":20884,"date":"2018-07-23T16:01:24","date_gmt":"2018-07-23T13:01:24","guid":{"rendered":"https:\/\/woodinout.net\/product\/tranamn-pussel\/"},"modified":"2022-04-28T11:36:45","modified_gmt":"2022-04-28T08:36:45","slug":"natur-tra-namn-pussel","status":"publish","type":"product","link":"https:\/\/woodinout.net\/sv\/product\/natur-tra-namn-pussel\/","title":{"rendered":"Tr\u00e4namn pussel"},"content":{"rendered":"<p>OM DU LETAR EFTER:<\/p>\n<p>Naturligt tr\u00e4namn pussel? Naturlig milj\u00f6v\u00e4nlig leksak? Liten flicka eller pojke julklapp? F\u00f6delsedagspresent till sm\u00e5barn? Personlig g\u00e5va? Anpassad barnkammare dekor?<\/p>\n<p>DU \u00c4R P\u00c5 ETT BRA S\u00c4TT! \ud83d\ude42<\/p>\n<p>Detta namnpussel \u00e4r en perfekt present till ditt \u00e4lskade barn. Bokst\u00e4ver i namnet l\u00e5ter ditt barn g\u00f6ra f\u00f6rsta steg mot att l\u00e4ra sig att l\u00e4sa. F\u00f6r att g\u00f6ra din pedagogiska leksak mer personlig \u00e4r du v\u00e4lkommen att l\u00e4mna ett kort meddelande som kan graveras p\u00e5 baksidan av pusslet. Vi \u00e4r s\u00e4kra p\u00e5 att ett s\u00e5dant tr\u00e4namnpussel kommer att h\u00e5lla i flera \u00e5r och kommer att ge massor av goda minnen.<br \/>\nF\u00f6rdelar du kan f\u00f6rv\u00e4nta dig &#8211; ditt barn kommer att f\u00f6rb\u00e4ttra motoriska f\u00e4rdigheter genom att ta tag i varje bokstav och s\u00e4tta till ett l\u00e4mpligt h\u00e5l, starta separata f\u00e4rger och f\u00f6rs\u00f6k att stava sitt namn.<\/p>\n<p>MER PERSONLIGA F\u00d6REM\u00c5L HITTAR <a href=\"https:\/\/woodinout.net\/product-tag\/kids-presents\/\">DU H\u00c4R.<\/a><\/p>\n<p>Tr\u00e4pussel \u00e4r gjord av NATURLIGT MASSIVT TR\u00c4!<\/p>\n<p>Storleken p\u00e5 tr\u00e4namnpussel:<br \/>\nH\u00f6jd \u2013 12 cm (~ 4,7 tum), l\u00e4ngd &#8211; beror p\u00e5 bokst\u00e4ver kvantitet, tjocklek &#8211; ~ 2 cm (0,8 tum).<br \/>\nFickdjup: 1 cm.<br \/>\nM\u00e5tt p\u00e5 bokst\u00e4ver (h\u00f6jd x tjocklek): 7 cm x 2 cm ( ~ 0,8 tum) &#8211; (bredden beror p\u00e5 bokstavens form).<br \/>\nVarje bokstav \u00e4r omsorgsfullt handm\u00e5lad med milj\u00f6v\u00e4nligt bl\u00e4ck.<\/p>\n<p>Observera att f\u00e4rgerna kan variera beroende p\u00e5 inst\u00e4llningar f\u00f6r datorsk\u00e4rmar och ljusning.<\/p>\n<p>Vi \u00e4lskar anpassade best\u00e4llningar, s\u00e5 om du inte hittar det du vill ha, v\u00e4nligen kontakta oss direkt.<\/p>\n<p>F\u00f6r fler id\u00e9er, f\u00f6lj oss p\u00e5 <a href=\"https:\/\/www.instagram.com\/woodinout\/\">INSTAGRAM<\/a> &amp; <a href=\"https:\/\/www.facebook.com\/Woodinout.net\">FACEBOOK<\/a><\/p>\n","protected":false},"excerpt":{"rendered":"<p>OM DU LETAR EFTER: Naturligt tr\u00e4namn pussel? Naturlig milj\u00f6v\u00e4nlig leksak? Liten flicka eller pojke julklapp? F\u00f6delsedagspresent till sm\u00e5barn? Personlig g\u00e5va? Anpassad barnkammare dekor? DU \u00c4R P\u00c5 ETT BRA S\u00c4TT! \ud83d\ude42 Detta namnpussel \u00e4r en perfekt present till ditt \u00e4lskade barn. Bokst\u00e4ver i namnet l\u00e5ter ditt barn g\u00f6ra f\u00f6rsta steg mot att l\u00e4ra sig att l\u00e4sa. [&hellip;]<\/p>\n","protected":false},"featured_media":16876,"template":"","meta":{"_monsterinsights_skip_tracking":false,"_monsterinsights_sitenote_active":false,"_monsterinsights_sitenote_note":"","_monsterinsights_sitenote_category":0},"product_cat":[1442,1432,1428],"product_tag":[1690,1491,1486,1482,1513,1475,1684,1456,1466,1689,1520,1687,1548,1549,1688,1685,1686,1446],"yoast_head":"<!-- This site is optimized with the Yoast SEO plugin v22.1 - https:\/\/yoast.com\/wordpress\/plugins\/seo\/ -->\n<title>Tr\u00e4namn pussel - Woodinout \u00a9 Montessori leksaker butik<\/title>\n<meta name=\"description\" content=\"Perfekt barng\u00e5va - Montessori inspirerade Custom namn pussel. Handgjord, milj\u00f6v\u00e4nlig, S\u00e4ker f\u00f6r barn och sm\u00e5barn. Tillverkad av massivt tr\u00e4.\" \/>\n<meta name=\"robots\" content=\"index, follow, max-snippet:-1, max-image-preview:large, max-video-preview:-1\" \/>\n<link rel=\"canonical\" href=\"https:\/\/woodinout.net\/sv\/product\/natur-tra-namn-pussel\/\" \/>\n<meta property=\"og:locale\" content=\"sv_SE\" \/>\n<meta property=\"og:type\" content=\"article\" \/>\n<meta property=\"og:title\" content=\"Tr\u00e4namn pussel - Woodinout \u00a9 Montessori leksaker butik\" \/>\n<meta property=\"og:description\" content=\"Perfekt barng\u00e5va - Montessori inspirerade Custom namn pussel. Handgjord, milj\u00f6v\u00e4nlig, S\u00e4ker f\u00f6r barn och sm\u00e5barn. Tillverkad av massivt tr\u00e4.\" \/>\n<meta property=\"og:url\" content=\"https:\/\/woodinout.net\/sv\/product\/natur-tra-namn-pussel\/\" \/>\n<meta property=\"og:site_name\" content=\"Woodinout \u00a9\" \/>\n<meta property=\"article:modified_time\" content=\"2022-04-28T08:36:45+00:00\" \/>\n<meta property=\"og:image\" content=\"https:\/\/woodinout.net\/wp-content\/uploads\/2018\/07\/MAX-1-NXPowerLite-Copy-scaled.jpg\" \/>\n\t<meta property=\"og:image:width\" content=\"1707\" \/>\n\t<meta property=\"og:image:height\" content=\"2560\" \/>\n\t<meta property=\"og:image:type\" content=\"image\/jpeg\" \/>\n<meta name=\"twitter:card\" content=\"summary_large_image\" \/>\n<meta name=\"twitter:label1\" content=\"Ber\u00e4knad l\u00e4stid\" \/>\n\t<meta name=\"twitter:data1\" content=\"1 minut\" \/>\n<script type=\"application\/ld+json\" class=\"yoast-schema-graph\">{\"@context\":\"https:\/\/schema.org\",\"@graph\":[{\"@type\":\"WebPage\",\"@id\":\"https:\/\/woodinout.net\/sv\/product\/natur-tra-namn-pussel\/\",\"url\":\"https:\/\/woodinout.net\/sv\/product\/natur-tra-namn-pussel\/\",\"name\":\"Tr\u00e4namn pussel - Woodinout \u00a9 Montessori leksaker butik\",\"isPartOf\":{\"@id\":\"https:\/\/woodinout.net\/sv\/#website\"},\"datePublished\":\"2018-07-23T13:01:24+00:00\",\"dateModified\":\"2022-04-28T08:36:45+00:00\",\"description\":\"Perfekt barng\u00e5va - Montessori inspirerade Custom namn pussel. Handgjord, milj\u00f6v\u00e4nlig, S\u00e4ker f\u00f6r barn och sm\u00e5barn. Tillverkad av massivt tr\u00e4.\",\"breadcrumb\":{\"@id\":\"https:\/\/woodinout.net\/sv\/product\/natur-tra-namn-pussel\/#breadcrumb\"},\"inLanguage\":\"sv-SE\",\"potentialAction\":[{\"@type\":\"ReadAction\",\"target\":[\"https:\/\/woodinout.net\/sv\/product\/natur-tra-namn-pussel\/\"]}]},{\"@type\":\"BreadcrumbList\",\"@id\":\"https:\/\/woodinout.net\/sv\/product\/natur-tra-namn-pussel\/#breadcrumb\",\"itemListElement\":[{\"@type\":\"ListItem\",\"position\":1,\"name\":\"Home\",\"item\":\"https:\/\/woodinout.net\/sv\/\"},{\"@type\":\"ListItem\",\"position\":2,\"name\":\"Shop\",\"item\":\"https:\/\/woodinout.net\/shop\/\"},{\"@type\":\"ListItem\",\"position\":3,\"name\":\"Tr\u00e4namn pussel\"}]},{\"@type\":\"WebSite\",\"@id\":\"https:\/\/woodinout.net\/sv\/#website\",\"url\":\"https:\/\/woodinout.net\/sv\/\",\"name\":\"Woodinout \u00a9\",\"description\":\"Wooden Montessori toys, gifts, home and events decor details\",\"potentialAction\":[{\"@type\":\"SearchAction\",\"target\":{\"@type\":\"EntryPoint\",\"urlTemplate\":\"https:\/\/woodinout.net\/sv\/?s={search_term_string}\"},\"query-input\":\"required name=search_term_string\"}],\"inLanguage\":\"sv-SE\"}]}<\/script>\n<!-- \/ Yoast SEO plugin. -->","yoast_head_json":{"title":"Tr\u00e4namn pussel - Woodinout \u00a9 Montessori leksaker butik","description":"Perfekt barng\u00e5va - Montessori inspirerade Custom namn pussel. Handgjord, milj\u00f6v\u00e4nlig, S\u00e4ker f\u00f6r barn och sm\u00e5barn. Tillverkad av massivt tr\u00e4.","robots":{"index":"index","follow":"follow","max-snippet":"max-snippet:-1","max-image-preview":"max-image-preview:large","max-video-preview":"max-video-preview:-1"},"canonical":"https:\/\/woodinout.net\/sv\/product\/natur-tra-namn-pussel\/","og_locale":"sv_SE","og_type":"article","og_title":"Tr\u00e4namn pussel - Woodinout \u00a9 Montessori leksaker butik","og_description":"Perfekt barng\u00e5va - Montessori inspirerade Custom namn pussel. Handgjord, milj\u00f6v\u00e4nlig, S\u00e4ker f\u00f6r barn och sm\u00e5barn. Tillverkad av massivt tr\u00e4.","og_url":"https:\/\/woodinout.net\/sv\/product\/natur-tra-namn-pussel\/","og_site_name":"Woodinout \u00a9","article_modified_time":"2022-04-28T08:36:45+00:00","og_image":[{"width":1707,"height":2560,"url":"https:\/\/woodinout.net\/wp-content\/uploads\/2018\/07\/MAX-1-NXPowerLite-Copy-scaled.jpg","type":"image\/jpeg"}],"twitter_card":"summary_large_image","twitter_misc":{"Ber\u00e4knad l\u00e4stid":"1 minut"},"schema":{"@context":"https:\/\/schema.org","@graph":[{"@type":"WebPage","@id":"https:\/\/woodinout.net\/sv\/product\/natur-tra-namn-pussel\/","url":"https:\/\/woodinout.net\/sv\/product\/natur-tra-namn-pussel\/","name":"Tr\u00e4namn pussel - Woodinout \u00a9 Montessori leksaker butik","isPartOf":{"@id":"https:\/\/woodinout.net\/sv\/#website"},"datePublished":"2018-07-23T13:01:24+00:00","dateModified":"2022-04-28T08:36:45+00:00","description":"Perfekt barng\u00e5va - Montessori inspirerade Custom namn pussel. Handgjord, milj\u00f6v\u00e4nlig, S\u00e4ker f\u00f6r barn och sm\u00e5barn. Tillverkad av massivt tr\u00e4.","breadcrumb":{"@id":"https:\/\/woodinout.net\/sv\/product\/natur-tra-namn-pussel\/#breadcrumb"},"inLanguage":"sv-SE","potentialAction":[{"@type":"ReadAction","target":["https:\/\/woodinout.net\/sv\/product\/natur-tra-namn-pussel\/"]}]},{"@type":"BreadcrumbList","@id":"https:\/\/woodinout.net\/sv\/product\/natur-tra-namn-pussel\/#breadcrumb","itemListElement":[{"@type":"ListItem","position":1,"name":"Home","item":"https:\/\/woodinout.net\/sv\/"},{"@type":"ListItem","position":2,"name":"Shop","item":"https:\/\/woodinout.net\/shop\/"},{"@type":"ListItem","position":3,"name":"Tr\u00e4namn pussel"}]},{"@type":"WebSite","@id":"https:\/\/woodinout.net\/sv\/#website","url":"https:\/\/woodinout.net\/sv\/","name":"Woodinout \u00a9","description":"Wooden Montessori toys, gifts, home and events decor details","potentialAction":[{"@type":"SearchAction","target":{"@type":"EntryPoint","urlTemplate":"https:\/\/woodinout.net\/sv\/?s={search_term_string}"},"query-input":"required name=search_term_string"}],"inLanguage":"sv-SE"}]}},"_links":{"self":[{"href":"https:\/\/woodinout.net\/sv\/wp-json\/wp\/v2\/product\/20884"}],"collection":[{"href":"https:\/\/woodinout.net\/sv\/wp-json\/wp\/v2\/product"}],"about":[{"href":"https:\/\/woodinout.net\/sv\/wp-json\/wp\/v2\/types\/product"}],"wp:featuredmedia":[{"embeddable":true,"href":"https:\/\/woodinout.net\/sv\/wp-json\/wp\/v2\/media\/16876"}],"wp:attachment":[{"href":"https:\/\/woodinout.net\/sv\/wp-json\/wp\/v2\/media?parent=20884"}],"wp:term":[{"taxonomy":"product_cat","embeddable":true,"href":"https:\/\/woodinout.net\/sv\/wp-json\/wp\/v2\/product_cat?post=20884"},{"taxonomy":"product_tag","embeddable":true,"href":"https:\/\/woodinout.net\/sv\/wp-json\/wp\/v2\/product_tag?post=20884"}],"curies":[{"name":"wp","href":"https:\/\/api.w.org\/{rel}","templated":true}]}}