{"id":20864,"date":"2020-06-20T22:45:52","date_gmt":"2020-06-20T19:45:52","guid":{"rendered":"https:\/\/woodinout.net\/product\/solsystemlekt-i-tra\/"},"modified":"2022-04-28T11:27:51","modified_gmt":"2022-04-28T08:27:51","slug":"tra-solsystem","status":"publish","type":"product","link":"https:\/\/woodinout.net\/sv\/product\/tra-solsystem\/","title":{"rendered":"Solsystemlekt i tr\u00e4"},"content":{"rendered":"<p>Solsystemleksak i tr\u00e4 f\u00f6r barn \u00e4r en v\u00e4rdefull g\u00e5va, v\u00e4l uppskattad av f\u00f6r\u00e4ldrar och snygg! Montessori leksaker \u00e4r v\u00e4lk\u00e4nda \u00f6ver hela v\u00e4rlden, denna tr\u00e4planetmodell \u00e4r en av dem.<br \/>\nSolsystemleksaker \u00e4r de b\u00e4sta <a href=\"https:\/\/woodinout.net\/product-category\/wooden-toys\/science-nature-toys\/\">vetenskapliga g\u00e5vorna<\/a> f\u00f6r universum\u00e4lskare. Vi kommer att g\u00f6ra detta tr\u00e4solsystem till en personlig g\u00e5va med din \u00f6nskade text p\u00e5 baksidan graverad. Tr\u00e4planetmodell \u00e4r s\u00e5 snygg, passar alla stil barn rum inredning. Tr\u00e4leksaker &#8211; L\u00e4rande leksaker &#8211; Montessori leksaker &#8211; det h\u00e4r \u00e4r vad vi g\u00f6r b\u00e4st p\u00e5 Woodinout, f\u00e5 detta anpassade pussel med solsystemet och g\u00e5 med i familjen av glada kunder!<\/p>\n<p>Kit inneh\u00e5ller av:<br \/>\nSolsystembr\u00e4da i tr\u00e4<br \/>\n11 former\/planeter<\/p>\n<p>Kommer att f\u00f6rb\u00e4ttra motoriken<\/p>\n<p>M\u00c5TT<br \/>\nL\u00e4ngd: ~19.7 inches<br \/>\nH\u00f6jd: ~4.3 inches<br \/>\nTjocklek: ~0.6 inches<\/p>\n<p>F\u00c4RGER OCH MATERIAL<br \/>\nF\u00e4rg: naturlig oljad.<br \/>\nLeksaken \u00e4r tillverkad av NATURLIGT MASSIVT TR\u00c4 och plywood.<br \/>\nObservera att f\u00e4rgerna kan variera beroende p\u00e5 inst\u00e4llningar f\u00f6r datorsk\u00e4rmar och ljusning.<\/p>\n<p>F\u00f6r fler id\u00e9er, f\u00f6lj oss p\u00e5 <a href=\"https:\/\/www.instagram.com\/woodinout\/\">INSTAGRAM<\/a> &amp; <a href=\"https:\/\/www.facebook.com\/Woodinout.net\">FACEBOOK<\/a><\/p>\n","protected":false},"excerpt":{"rendered":"<p>Solsystemleksak i tr\u00e4 f\u00f6r barn \u00e4r en v\u00e4rdefull g\u00e5va, v\u00e4l uppskattad av f\u00f6r\u00e4ldrar och snygg! Montessori leksaker \u00e4r v\u00e4lk\u00e4nda \u00f6ver hela v\u00e4rlden, denna tr\u00e4planetmodell \u00e4r en av dem. Solsystemleksaker \u00e4r de b\u00e4sta vetenskapliga g\u00e5vorna f\u00f6r universum\u00e4lskare. Vi kommer att g\u00f6ra detta tr\u00e4solsystem till en personlig g\u00e5va med din \u00f6nskade text p\u00e5 baksidan graverad. Tr\u00e4planetmodell \u00e4r [&hellip;]<\/p>\n","protected":false},"featured_media":16996,"template":"","meta":{"_monsterinsights_skip_tracking":false,"_monsterinsights_sitenote_active":false,"_monsterinsights_sitenote_note":"","_monsterinsights_sitenote_category":0},"product_cat":[1428,1635],"product_tag":[1491,1486,1482,1475,1456,1466,1636,1637,1638,1639,1446,1640],"yoast_head":"<!-- This site is optimized with the Yoast SEO plugin v22.1 - https:\/\/yoast.com\/wordpress\/plugins\/seo\/ -->\n<title>Solsystemlekt i tr\u00e4 - Woodinout \u00a9 Inl\u00e4rningsleksaker<\/title>\n<meta name=\"description\" content=\"L\u00e4r dig vetenskap p\u00e5 stilrent och naturligt s\u00e4tt. Montessori-inspirerade tr\u00e4solsystems leksaken \u00e4r den b\u00e4sta pedagogiska barnpresenten. Anpassning m\u00f6jlig!\" \/>\n<meta name=\"robots\" content=\"index, follow, max-snippet:-1, max-image-preview:large, max-video-preview:-1\" \/>\n<link rel=\"canonical\" href=\"https:\/\/woodinout.net\/sv\/product\/tra-solsystem\/\" \/>\n<meta property=\"og:locale\" content=\"sv_SE\" \/>\n<meta property=\"og:type\" content=\"article\" \/>\n<meta property=\"og:title\" content=\"Solsystemlekt i tr\u00e4 - Woodinout \u00a9 Inl\u00e4rningsleksaker\" \/>\n<meta property=\"og:description\" content=\"L\u00e4r dig vetenskap p\u00e5 stilrent och naturligt s\u00e4tt. Montessori-inspirerade tr\u00e4solsystems leksaken \u00e4r den b\u00e4sta pedagogiska barnpresenten. Anpassning m\u00f6jlig!\" \/>\n<meta property=\"og:url\" content=\"https:\/\/woodinout.net\/sv\/product\/tra-solsystem\/\" \/>\n<meta property=\"og:site_name\" content=\"Woodinout \u00a9\" \/>\n<meta property=\"article:modified_time\" content=\"2022-04-28T08:27:51+00:00\" \/>\n<meta property=\"og:image\" content=\"https:\/\/woodinout.net\/wp-content\/uploads\/2020\/06\/Wooden-solar-system-1.jpg\" \/>\n\t<meta property=\"og:image:width\" content=\"853\" \/>\n\t<meta property=\"og:image:height\" content=\"1280\" \/>\n\t<meta property=\"og:image:type\" content=\"image\/jpeg\" \/>\n<meta name=\"twitter:card\" content=\"summary_large_image\" \/>\n<meta name=\"twitter:label1\" content=\"Ber\u00e4knad l\u00e4stid\" \/>\n\t<meta name=\"twitter:data1\" content=\"1 minut\" \/>\n<script type=\"application\/ld+json\" class=\"yoast-schema-graph\">{\"@context\":\"https:\/\/schema.org\",\"@graph\":[{\"@type\":\"WebPage\",\"@id\":\"https:\/\/woodinout.net\/sv\/product\/tra-solsystem\/\",\"url\":\"https:\/\/woodinout.net\/sv\/product\/tra-solsystem\/\",\"name\":\"Solsystemlekt i tr\u00e4 - Woodinout \u00a9 Inl\u00e4rningsleksaker\",\"isPartOf\":{\"@id\":\"https:\/\/woodinout.net\/sv\/#website\"},\"datePublished\":\"2020-06-20T19:45:52+00:00\",\"dateModified\":\"2022-04-28T08:27:51+00:00\",\"description\":\"L\u00e4r dig vetenskap p\u00e5 stilrent och naturligt s\u00e4tt. Montessori-inspirerade tr\u00e4solsystems leksaken \u00e4r den b\u00e4sta pedagogiska barnpresenten. Anpassning m\u00f6jlig!\",\"breadcrumb\":{\"@id\":\"https:\/\/woodinout.net\/sv\/product\/tra-solsystem\/#breadcrumb\"},\"inLanguage\":\"sv-SE\",\"potentialAction\":[{\"@type\":\"ReadAction\",\"target\":[\"https:\/\/woodinout.net\/sv\/product\/tra-solsystem\/\"]}]},{\"@type\":\"BreadcrumbList\",\"@id\":\"https:\/\/woodinout.net\/sv\/product\/tra-solsystem\/#breadcrumb\",\"itemListElement\":[{\"@type\":\"ListItem\",\"position\":1,\"name\":\"Home\",\"item\":\"https:\/\/woodinout.net\/sv\/\"},{\"@type\":\"ListItem\",\"position\":2,\"name\":\"Shop\",\"item\":\"https:\/\/woodinout.net\/shop\/\"},{\"@type\":\"ListItem\",\"position\":3,\"name\":\"Solsystemlekt i tr\u00e4\"}]},{\"@type\":\"WebSite\",\"@id\":\"https:\/\/woodinout.net\/sv\/#website\",\"url\":\"https:\/\/woodinout.net\/sv\/\",\"name\":\"Woodinout \u00a9\",\"description\":\"Wooden Montessori toys, gifts, home and events decor details\",\"potentialAction\":[{\"@type\":\"SearchAction\",\"target\":{\"@type\":\"EntryPoint\",\"urlTemplate\":\"https:\/\/woodinout.net\/sv\/?s={search_term_string}\"},\"query-input\":\"required name=search_term_string\"}],\"inLanguage\":\"sv-SE\"}]}<\/script>\n<!-- \/ Yoast SEO plugin. -->","yoast_head_json":{"title":"Solsystemlekt i tr\u00e4 - Woodinout \u00a9 Inl\u00e4rningsleksaker","description":"L\u00e4r dig vetenskap p\u00e5 stilrent och naturligt s\u00e4tt. Montessori-inspirerade tr\u00e4solsystems leksaken \u00e4r den b\u00e4sta pedagogiska barnpresenten. Anpassning m\u00f6jlig!","robots":{"index":"index","follow":"follow","max-snippet":"max-snippet:-1","max-image-preview":"max-image-preview:large","max-video-preview":"max-video-preview:-1"},"canonical":"https:\/\/woodinout.net\/sv\/product\/tra-solsystem\/","og_locale":"sv_SE","og_type":"article","og_title":"Solsystemlekt i tr\u00e4 - Woodinout \u00a9 Inl\u00e4rningsleksaker","og_description":"L\u00e4r dig vetenskap p\u00e5 stilrent och naturligt s\u00e4tt. Montessori-inspirerade tr\u00e4solsystems leksaken \u00e4r den b\u00e4sta pedagogiska barnpresenten. Anpassning m\u00f6jlig!","og_url":"https:\/\/woodinout.net\/sv\/product\/tra-solsystem\/","og_site_name":"Woodinout \u00a9","article_modified_time":"2022-04-28T08:27:51+00:00","og_image":[{"width":853,"height":1280,"url":"https:\/\/woodinout.net\/wp-content\/uploads\/2020\/06\/Wooden-solar-system-1.jpg","type":"image\/jpeg"}],"twitter_card":"summary_large_image","twitter_misc":{"Ber\u00e4knad l\u00e4stid":"1 minut"},"schema":{"@context":"https:\/\/schema.org","@graph":[{"@type":"WebPage","@id":"https:\/\/woodinout.net\/sv\/product\/tra-solsystem\/","url":"https:\/\/woodinout.net\/sv\/product\/tra-solsystem\/","name":"Solsystemlekt i tr\u00e4 - Woodinout \u00a9 Inl\u00e4rningsleksaker","isPartOf":{"@id":"https:\/\/woodinout.net\/sv\/#website"},"datePublished":"2020-06-20T19:45:52+00:00","dateModified":"2022-04-28T08:27:51+00:00","description":"L\u00e4r dig vetenskap p\u00e5 stilrent och naturligt s\u00e4tt. Montessori-inspirerade tr\u00e4solsystems leksaken \u00e4r den b\u00e4sta pedagogiska barnpresenten. Anpassning m\u00f6jlig!","breadcrumb":{"@id":"https:\/\/woodinout.net\/sv\/product\/tra-solsystem\/#breadcrumb"},"inLanguage":"sv-SE","potentialAction":[{"@type":"ReadAction","target":["https:\/\/woodinout.net\/sv\/product\/tra-solsystem\/"]}]},{"@type":"BreadcrumbList","@id":"https:\/\/woodinout.net\/sv\/product\/tra-solsystem\/#breadcrumb","itemListElement":[{"@type":"ListItem","position":1,"name":"Home","item":"https:\/\/woodinout.net\/sv\/"},{"@type":"ListItem","position":2,"name":"Shop","item":"https:\/\/woodinout.net\/shop\/"},{"@type":"ListItem","position":3,"name":"Solsystemlekt i tr\u00e4"}]},{"@type":"WebSite","@id":"https:\/\/woodinout.net\/sv\/#website","url":"https:\/\/woodinout.net\/sv\/","name":"Woodinout \u00a9","description":"Wooden Montessori toys, gifts, home and events decor details","potentialAction":[{"@type":"SearchAction","target":{"@type":"EntryPoint","urlTemplate":"https:\/\/woodinout.net\/sv\/?s={search_term_string}"},"query-input":"required name=search_term_string"}],"inLanguage":"sv-SE"}]}},"_links":{"self":[{"href":"https:\/\/woodinout.net\/sv\/wp-json\/wp\/v2\/product\/20864"}],"collection":[{"href":"https:\/\/woodinout.net\/sv\/wp-json\/wp\/v2\/product"}],"about":[{"href":"https:\/\/woodinout.net\/sv\/wp-json\/wp\/v2\/types\/product"}],"wp:featuredmedia":[{"embeddable":true,"href":"https:\/\/woodinout.net\/sv\/wp-json\/wp\/v2\/media\/16996"}],"wp:attachment":[{"href":"https:\/\/woodinout.net\/sv\/wp-json\/wp\/v2\/media?parent=20864"}],"wp:term":[{"taxonomy":"product_cat","embeddable":true,"href":"https:\/\/woodinout.net\/sv\/wp-json\/wp\/v2\/product_cat?post=20864"},{"taxonomy":"product_tag","embeddable":true,"href":"https:\/\/woodinout.net\/sv\/wp-json\/wp\/v2\/product_tag?post=20864"}],"curies":[{"name":"wp","href":"https:\/\/api.w.org\/{rel}","templated":true}]}}