{"id":20850,"date":"2020-06-20T22:50:21","date_gmt":"2020-06-20T19:50:21","guid":{"rendered":"https:\/\/woodinout.net\/product\/tranummer-pussel\/"},"modified":"2022-04-28T11:30:15","modified_gmt":"2022-04-28T08:30:15","slug":"trapussel-for-siffror-och-rakning","status":"publish","type":"product","link":"https:\/\/woodinout.net\/sv\/product\/trapussel-for-siffror-och-rakning\/","title":{"rendered":"Tr\u00e4nummer pussel"},"content":{"rendered":"<p>Tr\u00e4nummer pussel skapat f\u00f6r barn att l\u00e4ra sig p\u00e5 ett roligt s\u00e4tt. V\u00e5rt Montessori-inspirerade mattepussel \u00e4r ett annat s\u00e4tt att l\u00e4ra sig siffror och r\u00e4kna. Tr\u00e4nummer \u00e4r en fantastisk present till barn. Vi kommer att gravera ditt \u00f6nskade meddelande p\u00e5 baksidan, om du vill g\u00f6ra det personlig g\u00e5va. Detta tr\u00e4pussel \u00e4r ocks\u00e5 ett bra komplement till tidiga babymatematiska material &#8211; tidigare \u00e4r b\u00e4ttre. Vill g\u00f6ra f\u00f6r\u00e4ldrar glada, l\u00e4ra sig leksaker som barn g\u00e5vor \u00e4r vad de verkligen uppskattar. Pedagogiska leksaker \u00e4r svaret p\u00e5 anv\u00e4ndbar &amp; v\u00e4rdefull tid att spendera.<\/p>\n<p>Hitta fler Montessori-inspirerade babyg\u00e5vor <a href=\"https:\/\/woodinout.net\/product-category\/wooden-toys\/baby-toys\/\">H\u00c4R.<\/a><\/p>\n<p>Kit inneh\u00e5ller av:<br \/>\nSiffror pusseltavla<br \/>\nNummer fr\u00e5n 0 till 9<\/p>\n<p>M\u00c5TT<br \/>\nBr\u00e4de<br \/>\nH\u00f6jd: ~6 tum<br \/>\nL\u00e4ngd: ~10 inches<br \/>\nBr\u00e4dtjocklek: ~0,6 tum<\/p>\n<p>Tal<br \/>\nH\u00f6jd: ~2.7 inches<br \/>\nTjocklek: ~0.6 inches<\/p>\n<p>F\u00c4RGER OCH MATERIAL<br \/>\nF\u00e4rg: m\u00f6rkbrun eller naturlig oljad.<br \/>\nLeksaken \u00e4r tillverkad av NATURLIGT MASSIVT TR\u00c4 och milj\u00f6v\u00e4nliga f\u00e4rger\/oljor.<br \/>\nObservera att f\u00e4rgerna kan variera beroende p\u00e5 inst\u00e4llningar f\u00f6r datorsk\u00e4rmar och ljusning.<\/p>\n<p>F\u00f6r fler id\u00e9er, f\u00f6lj oss p\u00e5 <a href=\"https:\/\/www.instagram.com\/woodinout\/\">INSTAGRAM<\/a> &amp; <a href=\"https:\/\/www.facebook.com\/Woodinout.net\">FACEBOOK<\/a><\/p>\n","protected":false},"excerpt":{"rendered":"<p>Tr\u00e4nummer pussel skapat f\u00f6r barn att l\u00e4ra sig p\u00e5 ett roligt s\u00e4tt. V\u00e5rt Montessori-inspirerade mattepussel \u00e4r ett annat s\u00e4tt att l\u00e4ra sig siffror och r\u00e4kna. Tr\u00e4nummer \u00e4r en fantastisk present till barn. Vi kommer att gravera ditt \u00f6nskade meddelande p\u00e5 baksidan, om du vill g\u00f6ra det personlig g\u00e5va. Detta tr\u00e4pussel \u00e4r ocks\u00e5 ett bra komplement [&hellip;]<\/p>\n","protected":false},"featured_media":17076,"template":"","meta":{"_monsterinsights_skip_tracking":false,"_monsterinsights_sitenote_active":false,"_monsterinsights_sitenote_note":"","_monsterinsights_sitenote_category":0},"product_cat":[1432,1428],"product_tag":[1491,1486,1582,1482,1591,1593,1606,1475,1594,1587,1456,1466,1446],"yoast_head":"<!-- This site is optimized with the Yoast SEO plugin v22.1 - https:\/\/yoast.com\/wordpress\/plugins\/seo\/ -->\n<title>Tr\u00e4nummer pussel - Woodinout \u00a9 Montessori matematikmaterial<\/title>\n<meta name=\"description\" content=\"L\u00e4r dig siffror och r\u00e4kna p\u00e5 ett roligt s\u00e4tt med detta naturliga tr\u00e4nummer pussel. Montessori mattematerial f\u00f6r v\u00e4rdefull familjetid.\" \/>\n<meta name=\"robots\" content=\"index, follow, max-snippet:-1, max-image-preview:large, max-video-preview:-1\" \/>\n<link rel=\"canonical\" href=\"https:\/\/woodinout.net\/sv\/product\/trapussel-for-siffror-och-rakning\/\" \/>\n<meta property=\"og:locale\" content=\"sv_SE\" \/>\n<meta property=\"og:type\" content=\"article\" \/>\n<meta property=\"og:title\" content=\"Tr\u00e4nummer pussel - Woodinout \u00a9 Montessori matematikmaterial\" \/>\n<meta property=\"og:description\" content=\"L\u00e4r dig siffror och r\u00e4kna p\u00e5 ett roligt s\u00e4tt med detta naturliga tr\u00e4nummer pussel. Montessori mattematerial f\u00f6r v\u00e4rdefull familjetid.\" \/>\n<meta property=\"og:url\" content=\"https:\/\/woodinout.net\/sv\/product\/trapussel-for-siffror-och-rakning\/\" \/>\n<meta property=\"og:site_name\" content=\"Woodinout \u00a9\" \/>\n<meta property=\"article:modified_time\" content=\"2022-04-28T08:30:15+00:00\" \/>\n<meta property=\"og:image\" content=\"https:\/\/woodinout.net\/wp-content\/uploads\/2020\/06\/Wooden-puzzle-for-numbers-and-counting-3.jpg\" \/>\n\t<meta property=\"og:image:width\" content=\"853\" \/>\n\t<meta property=\"og:image:height\" content=\"1280\" \/>\n\t<meta property=\"og:image:type\" content=\"image\/jpeg\" \/>\n<meta name=\"twitter:card\" content=\"summary_large_image\" \/>\n<meta name=\"twitter:label1\" content=\"Ber\u00e4knad l\u00e4stid\" \/>\n\t<meta name=\"twitter:data1\" content=\"1 minut\" \/>\n<script type=\"application\/ld+json\" class=\"yoast-schema-graph\">{\"@context\":\"https:\/\/schema.org\",\"@graph\":[{\"@type\":\"WebPage\",\"@id\":\"https:\/\/woodinout.net\/sv\/product\/trapussel-for-siffror-och-rakning\/\",\"url\":\"https:\/\/woodinout.net\/sv\/product\/trapussel-for-siffror-och-rakning\/\",\"name\":\"Tr\u00e4nummer pussel - Woodinout \u00a9 Montessori matematikmaterial\",\"isPartOf\":{\"@id\":\"https:\/\/woodinout.net\/sv\/#website\"},\"datePublished\":\"2020-06-20T19:50:21+00:00\",\"dateModified\":\"2022-04-28T08:30:15+00:00\",\"description\":\"L\u00e4r dig siffror och r\u00e4kna p\u00e5 ett roligt s\u00e4tt med detta naturliga tr\u00e4nummer pussel. Montessori mattematerial f\u00f6r v\u00e4rdefull familjetid.\",\"breadcrumb\":{\"@id\":\"https:\/\/woodinout.net\/sv\/product\/trapussel-for-siffror-och-rakning\/#breadcrumb\"},\"inLanguage\":\"sv-SE\",\"potentialAction\":[{\"@type\":\"ReadAction\",\"target\":[\"https:\/\/woodinout.net\/sv\/product\/trapussel-for-siffror-och-rakning\/\"]}]},{\"@type\":\"BreadcrumbList\",\"@id\":\"https:\/\/woodinout.net\/sv\/product\/trapussel-for-siffror-och-rakning\/#breadcrumb\",\"itemListElement\":[{\"@type\":\"ListItem\",\"position\":1,\"name\":\"Home\",\"item\":\"https:\/\/woodinout.net\/sv\/\"},{\"@type\":\"ListItem\",\"position\":2,\"name\":\"Shop\",\"item\":\"https:\/\/woodinout.net\/shop\/\"},{\"@type\":\"ListItem\",\"position\":3,\"name\":\"Tr\u00e4nummer pussel\"}]},{\"@type\":\"WebSite\",\"@id\":\"https:\/\/woodinout.net\/sv\/#website\",\"url\":\"https:\/\/woodinout.net\/sv\/\",\"name\":\"Woodinout \u00a9\",\"description\":\"Wooden Montessori toys, gifts, home and events decor details\",\"potentialAction\":[{\"@type\":\"SearchAction\",\"target\":{\"@type\":\"EntryPoint\",\"urlTemplate\":\"https:\/\/woodinout.net\/sv\/?s={search_term_string}\"},\"query-input\":\"required name=search_term_string\"}],\"inLanguage\":\"sv-SE\"}]}<\/script>\n<!-- \/ Yoast SEO plugin. -->","yoast_head_json":{"title":"Tr\u00e4nummer pussel - Woodinout \u00a9 Montessori matematikmaterial","description":"L\u00e4r dig siffror och r\u00e4kna p\u00e5 ett roligt s\u00e4tt med detta naturliga tr\u00e4nummer pussel. Montessori mattematerial f\u00f6r v\u00e4rdefull familjetid.","robots":{"index":"index","follow":"follow","max-snippet":"max-snippet:-1","max-image-preview":"max-image-preview:large","max-video-preview":"max-video-preview:-1"},"canonical":"https:\/\/woodinout.net\/sv\/product\/trapussel-for-siffror-och-rakning\/","og_locale":"sv_SE","og_type":"article","og_title":"Tr\u00e4nummer pussel - Woodinout \u00a9 Montessori matematikmaterial","og_description":"L\u00e4r dig siffror och r\u00e4kna p\u00e5 ett roligt s\u00e4tt med detta naturliga tr\u00e4nummer pussel. Montessori mattematerial f\u00f6r v\u00e4rdefull familjetid.","og_url":"https:\/\/woodinout.net\/sv\/product\/trapussel-for-siffror-och-rakning\/","og_site_name":"Woodinout \u00a9","article_modified_time":"2022-04-28T08:30:15+00:00","og_image":[{"width":853,"height":1280,"url":"https:\/\/woodinout.net\/wp-content\/uploads\/2020\/06\/Wooden-puzzle-for-numbers-and-counting-3.jpg","type":"image\/jpeg"}],"twitter_card":"summary_large_image","twitter_misc":{"Ber\u00e4knad l\u00e4stid":"1 minut"},"schema":{"@context":"https:\/\/schema.org","@graph":[{"@type":"WebPage","@id":"https:\/\/woodinout.net\/sv\/product\/trapussel-for-siffror-och-rakning\/","url":"https:\/\/woodinout.net\/sv\/product\/trapussel-for-siffror-och-rakning\/","name":"Tr\u00e4nummer pussel - Woodinout \u00a9 Montessori matematikmaterial","isPartOf":{"@id":"https:\/\/woodinout.net\/sv\/#website"},"datePublished":"2020-06-20T19:50:21+00:00","dateModified":"2022-04-28T08:30:15+00:00","description":"L\u00e4r dig siffror och r\u00e4kna p\u00e5 ett roligt s\u00e4tt med detta naturliga tr\u00e4nummer pussel. Montessori mattematerial f\u00f6r v\u00e4rdefull familjetid.","breadcrumb":{"@id":"https:\/\/woodinout.net\/sv\/product\/trapussel-for-siffror-och-rakning\/#breadcrumb"},"inLanguage":"sv-SE","potentialAction":[{"@type":"ReadAction","target":["https:\/\/woodinout.net\/sv\/product\/trapussel-for-siffror-och-rakning\/"]}]},{"@type":"BreadcrumbList","@id":"https:\/\/woodinout.net\/sv\/product\/trapussel-for-siffror-och-rakning\/#breadcrumb","itemListElement":[{"@type":"ListItem","position":1,"name":"Home","item":"https:\/\/woodinout.net\/sv\/"},{"@type":"ListItem","position":2,"name":"Shop","item":"https:\/\/woodinout.net\/shop\/"},{"@type":"ListItem","position":3,"name":"Tr\u00e4nummer pussel"}]},{"@type":"WebSite","@id":"https:\/\/woodinout.net\/sv\/#website","url":"https:\/\/woodinout.net\/sv\/","name":"Woodinout \u00a9","description":"Wooden Montessori toys, gifts, home and events decor details","potentialAction":[{"@type":"SearchAction","target":{"@type":"EntryPoint","urlTemplate":"https:\/\/woodinout.net\/sv\/?s={search_term_string}"},"query-input":"required name=search_term_string"}],"inLanguage":"sv-SE"}]}},"_links":{"self":[{"href":"https:\/\/woodinout.net\/sv\/wp-json\/wp\/v2\/product\/20850"}],"collection":[{"href":"https:\/\/woodinout.net\/sv\/wp-json\/wp\/v2\/product"}],"about":[{"href":"https:\/\/woodinout.net\/sv\/wp-json\/wp\/v2\/types\/product"}],"wp:featuredmedia":[{"embeddable":true,"href":"https:\/\/woodinout.net\/sv\/wp-json\/wp\/v2\/media\/17076"}],"wp:attachment":[{"href":"https:\/\/woodinout.net\/sv\/wp-json\/wp\/v2\/media?parent=20850"}],"wp:term":[{"taxonomy":"product_cat","embeddable":true,"href":"https:\/\/woodinout.net\/sv\/wp-json\/wp\/v2\/product_cat?post=20850"},{"taxonomy":"product_tag","embeddable":true,"href":"https:\/\/woodinout.net\/sv\/wp-json\/wp\/v2\/product_tag?post=20850"}],"curies":[{"name":"wp","href":"https:\/\/api.w.org\/{rel}","templated":true}]}}