{"id":20835,"date":"2020-06-20T22:14:57","date_gmt":"2020-06-20T19:14:57","guid":{"rendered":"https:\/\/woodinout.net\/product\/namnskylt-for-trasparningstavla\/"},"modified":"2022-04-28T09:33:32","modified_gmt":"2022-04-28T06:33:32","slug":"trasparning-board-namnskylt","status":"publish","type":"product","link":"https:\/\/woodinout.net\/sv\/product\/trasparning-board-namnskylt\/","title":{"rendered":"Namnskylt f\u00f6r tr\u00e4sp\u00e5rningstavla"},"content":{"rendered":"<p>Tr\u00e4sp\u00e5rning av din namntavla \u00e4r en unik personlig g\u00e5va. V\u00e4rldsk\u00e4nda Waldorf &amp; Montessori leksaker \u00e4r ett enkelt och roligt s\u00e4tt att l\u00e4ra sig och utbilda barn i f\u00f6rskolan. Denna tr\u00e4namnskylt med id\u00e9 om att sp\u00e5ra bokst\u00e4ver \u00e4r ett av s\u00f6ta och roliga s\u00e4tt att l\u00e4ra sig att skriva ditt namn. Tro mig, barn \u00e4lskar det. Inga fler hundratals namnsp\u00e5rningsark beh\u00f6vs!<br \/>\nPedagogiska leksaker \u00e4r fortfarande leksaker i ett barns \u00f6gon. V\u00e5ra handgjorda tr\u00e4leksaker \u00e4r inte bara gjorda f\u00f6r att vara roliga s\u00e4tt att l\u00e4ra sig, men ocks\u00e5 mycket snygga. D\u00e4rf\u00f6r kan denna personliga g\u00e5va vara elegant barnrumsinredning &#8211; h\u00e4ngande p\u00e5 v\u00e4ggen eller anv\u00e4nds som skrivbordsnamnplatta &#8211; anv\u00e4nd din fantasi h\u00e4r.<\/p>\n<p>Dessutom f\u00e5 alfabetets bokstavssp\u00e5rningstavla, du kan hitta den p\u00e5 etsy.com\/shop\/woodinout<\/p>\n<p>Kit inneh\u00e5ller av:<br \/>\nSp\u00e5rningstavla med namnet<br \/>\nTr\u00e4penna<\/p>\n<p>Kommer att f\u00f6rb\u00e4ttra motoriken<br \/>\nKommer att f\u00f6rs\u00f6ka stava sitt namn. Naturligtvis, med din hj\u00e4lp<\/p>\n<p>M\u00c5TT<br \/>\nH\u00f6jd &#8211; ~5 inches<br \/>\nBr\u00e4dtjocklek: ~0,6 tum<br \/>\nL\u00e4ngd &#8211; beror p\u00e5 m\u00e4ngden bokst\u00e4ver<\/p>\n<p>F\u00c4RGER OCH MATERIAL<br \/>\nBakgrund: m\u00f6rkbrun eller naturoljad.<br \/>\nLeksaken \u00e4r tillverkad av NATURLIGT MASSIVT TR\u00c4 och milj\u00f6v\u00e4nliga f\u00e4rger\/oljor.<br \/>\nObservera att f\u00e4rgerna kan variera beroende p\u00e5 inst\u00e4llningar f\u00f6r datorsk\u00e4rmar och ljusning.<\/p>\n","protected":false},"excerpt":{"rendered":"<p>Tr\u00e4sp\u00e5rning av din namntavla \u00e4r en unik personlig g\u00e5va. V\u00e4rldsk\u00e4nda Waldorf &amp; Montessori leksaker \u00e4r ett enkelt och roligt s\u00e4tt att l\u00e4ra sig och utbilda barn i f\u00f6rskolan. Denna tr\u00e4namnskylt med id\u00e9 om att sp\u00e5ra bokst\u00e4ver \u00e4r ett av s\u00f6ta och roliga s\u00e4tt att l\u00e4ra sig att skriva ditt namn. Tro mig, barn \u00e4lskar det. [&hellip;]<\/p>\n","protected":false},"featured_media":16916,"template":"","meta":{"_monsterinsights_skip_tracking":false,"_monsterinsights_sitenote_active":false,"_monsterinsights_sitenote_note":"","_monsterinsights_sitenote_category":0},"product_cat":[1471,1428],"product_tag":[1491,1486,1562,1482,1475,1456,1466,1557,1552,1548,1549,1521,1446],"yoast_head":"<!-- This site is optimized with the Yoast SEO plugin v22.1 - https:\/\/yoast.com\/wordpress\/plugins\/seo\/ -->\n<title>Namnskylt f\u00f6r tr\u00e4sp\u00e5rningstavla - Woodinout \u00a9 Inl\u00e4rningsleksaker<\/title>\n<meta name=\"description\" content=\"Personlig sp\u00e5rning av din namntavla - inga fler pappersark - Anv\u00e4nd denna tr\u00e4br\u00e4da s\u00e5 m\u00e5nga g\u00e5nger du vill.\" \/>\n<meta name=\"robots\" content=\"index, follow, max-snippet:-1, max-image-preview:large, max-video-preview:-1\" \/>\n<link rel=\"canonical\" href=\"https:\/\/woodinout.net\/sv\/product\/trasparning-board-namnskylt\/\" \/>\n<meta property=\"og:locale\" content=\"sv_SE\" \/>\n<meta property=\"og:type\" content=\"article\" \/>\n<meta property=\"og:title\" content=\"Namnskylt f\u00f6r tr\u00e4sp\u00e5rningstavla - Woodinout \u00a9 Inl\u00e4rningsleksaker\" \/>\n<meta property=\"og:description\" content=\"Personlig sp\u00e5rning av din namntavla - inga fler pappersark - Anv\u00e4nd denna tr\u00e4br\u00e4da s\u00e5 m\u00e5nga g\u00e5nger du vill.\" \/>\n<meta property=\"og:url\" content=\"https:\/\/woodinout.net\/sv\/product\/trasparning-board-namnskylt\/\" \/>\n<meta property=\"og:site_name\" content=\"Woodinout \u00a9\" \/>\n<meta property=\"article:modified_time\" content=\"2022-04-28T06:33:32+00:00\" \/>\n<meta property=\"og:image\" content=\"https:\/\/woodinout.net\/wp-content\/uploads\/2020\/06\/Wooden-Tracing-board-name-sign-2.jpg\" \/>\n\t<meta property=\"og:image:width\" content=\"580\" \/>\n\t<meta property=\"og:image:height\" content=\"768\" \/>\n\t<meta property=\"og:image:type\" content=\"image\/jpeg\" \/>\n<meta name=\"twitter:card\" content=\"summary_large_image\" \/>\n<meta name=\"twitter:label1\" content=\"Ber\u00e4knad l\u00e4stid\" \/>\n\t<meta name=\"twitter:data1\" content=\"1 minut\" \/>\n<script type=\"application\/ld+json\" class=\"yoast-schema-graph\">{\"@context\":\"https:\/\/schema.org\",\"@graph\":[{\"@type\":\"WebPage\",\"@id\":\"https:\/\/woodinout.net\/sv\/product\/trasparning-board-namnskylt\/\",\"url\":\"https:\/\/woodinout.net\/sv\/product\/trasparning-board-namnskylt\/\",\"name\":\"Namnskylt f\u00f6r tr\u00e4sp\u00e5rningstavla - Woodinout \u00a9 Inl\u00e4rningsleksaker\",\"isPartOf\":{\"@id\":\"https:\/\/woodinout.net\/sv\/#website\"},\"datePublished\":\"2020-06-20T19:14:57+00:00\",\"dateModified\":\"2022-04-28T06:33:32+00:00\",\"description\":\"Personlig sp\u00e5rning av din namntavla - inga fler pappersark - Anv\u00e4nd denna tr\u00e4br\u00e4da s\u00e5 m\u00e5nga g\u00e5nger du vill.\",\"breadcrumb\":{\"@id\":\"https:\/\/woodinout.net\/sv\/product\/trasparning-board-namnskylt\/#breadcrumb\"},\"inLanguage\":\"sv-SE\",\"potentialAction\":[{\"@type\":\"ReadAction\",\"target\":[\"https:\/\/woodinout.net\/sv\/product\/trasparning-board-namnskylt\/\"]}]},{\"@type\":\"BreadcrumbList\",\"@id\":\"https:\/\/woodinout.net\/sv\/product\/trasparning-board-namnskylt\/#breadcrumb\",\"itemListElement\":[{\"@type\":\"ListItem\",\"position\":1,\"name\":\"Home\",\"item\":\"https:\/\/woodinout.net\/sv\/\"},{\"@type\":\"ListItem\",\"position\":2,\"name\":\"Shop\",\"item\":\"https:\/\/woodinout.net\/shop\/\"},{\"@type\":\"ListItem\",\"position\":3,\"name\":\"Namnskylt f\u00f6r tr\u00e4sp\u00e5rningstavla\"}]},{\"@type\":\"WebSite\",\"@id\":\"https:\/\/woodinout.net\/sv\/#website\",\"url\":\"https:\/\/woodinout.net\/sv\/\",\"name\":\"Woodinout \u00a9\",\"description\":\"Wooden Montessori toys, gifts, home and events decor details\",\"potentialAction\":[{\"@type\":\"SearchAction\",\"target\":{\"@type\":\"EntryPoint\",\"urlTemplate\":\"https:\/\/woodinout.net\/sv\/?s={search_term_string}\"},\"query-input\":\"required name=search_term_string\"}],\"inLanguage\":\"sv-SE\"}]}<\/script>\n<!-- \/ Yoast SEO plugin. -->","yoast_head_json":{"title":"Namnskylt f\u00f6r tr\u00e4sp\u00e5rningstavla - Woodinout \u00a9 Inl\u00e4rningsleksaker","description":"Personlig sp\u00e5rning av din namntavla - inga fler pappersark - Anv\u00e4nd denna tr\u00e4br\u00e4da s\u00e5 m\u00e5nga g\u00e5nger du vill.","robots":{"index":"index","follow":"follow","max-snippet":"max-snippet:-1","max-image-preview":"max-image-preview:large","max-video-preview":"max-video-preview:-1"},"canonical":"https:\/\/woodinout.net\/sv\/product\/trasparning-board-namnskylt\/","og_locale":"sv_SE","og_type":"article","og_title":"Namnskylt f\u00f6r tr\u00e4sp\u00e5rningstavla - Woodinout \u00a9 Inl\u00e4rningsleksaker","og_description":"Personlig sp\u00e5rning av din namntavla - inga fler pappersark - Anv\u00e4nd denna tr\u00e4br\u00e4da s\u00e5 m\u00e5nga g\u00e5nger du vill.","og_url":"https:\/\/woodinout.net\/sv\/product\/trasparning-board-namnskylt\/","og_site_name":"Woodinout \u00a9","article_modified_time":"2022-04-28T06:33:32+00:00","og_image":[{"width":580,"height":768,"url":"https:\/\/woodinout.net\/wp-content\/uploads\/2020\/06\/Wooden-Tracing-board-name-sign-2.jpg","type":"image\/jpeg"}],"twitter_card":"summary_large_image","twitter_misc":{"Ber\u00e4knad l\u00e4stid":"1 minut"},"schema":{"@context":"https:\/\/schema.org","@graph":[{"@type":"WebPage","@id":"https:\/\/woodinout.net\/sv\/product\/trasparning-board-namnskylt\/","url":"https:\/\/woodinout.net\/sv\/product\/trasparning-board-namnskylt\/","name":"Namnskylt f\u00f6r tr\u00e4sp\u00e5rningstavla - Woodinout \u00a9 Inl\u00e4rningsleksaker","isPartOf":{"@id":"https:\/\/woodinout.net\/sv\/#website"},"datePublished":"2020-06-20T19:14:57+00:00","dateModified":"2022-04-28T06:33:32+00:00","description":"Personlig sp\u00e5rning av din namntavla - inga fler pappersark - Anv\u00e4nd denna tr\u00e4br\u00e4da s\u00e5 m\u00e5nga g\u00e5nger du vill.","breadcrumb":{"@id":"https:\/\/woodinout.net\/sv\/product\/trasparning-board-namnskylt\/#breadcrumb"},"inLanguage":"sv-SE","potentialAction":[{"@type":"ReadAction","target":["https:\/\/woodinout.net\/sv\/product\/trasparning-board-namnskylt\/"]}]},{"@type":"BreadcrumbList","@id":"https:\/\/woodinout.net\/sv\/product\/trasparning-board-namnskylt\/#breadcrumb","itemListElement":[{"@type":"ListItem","position":1,"name":"Home","item":"https:\/\/woodinout.net\/sv\/"},{"@type":"ListItem","position":2,"name":"Shop","item":"https:\/\/woodinout.net\/shop\/"},{"@type":"ListItem","position":3,"name":"Namnskylt f\u00f6r tr\u00e4sp\u00e5rningstavla"}]},{"@type":"WebSite","@id":"https:\/\/woodinout.net\/sv\/#website","url":"https:\/\/woodinout.net\/sv\/","name":"Woodinout \u00a9","description":"Wooden Montessori toys, gifts, home and events decor details","potentialAction":[{"@type":"SearchAction","target":{"@type":"EntryPoint","urlTemplate":"https:\/\/woodinout.net\/sv\/?s={search_term_string}"},"query-input":"required name=search_term_string"}],"inLanguage":"sv-SE"}]}},"_links":{"self":[{"href":"https:\/\/woodinout.net\/sv\/wp-json\/wp\/v2\/product\/20835"}],"collection":[{"href":"https:\/\/woodinout.net\/sv\/wp-json\/wp\/v2\/product"}],"about":[{"href":"https:\/\/woodinout.net\/sv\/wp-json\/wp\/v2\/types\/product"}],"wp:featuredmedia":[{"embeddable":true,"href":"https:\/\/woodinout.net\/sv\/wp-json\/wp\/v2\/media\/16916"}],"wp:attachment":[{"href":"https:\/\/woodinout.net\/sv\/wp-json\/wp\/v2\/media?parent=20835"}],"wp:term":[{"taxonomy":"product_cat","embeddable":true,"href":"https:\/\/woodinout.net\/sv\/wp-json\/wp\/v2\/product_cat?post=20835"},{"taxonomy":"product_tag","embeddable":true,"href":"https:\/\/woodinout.net\/sv\/wp-json\/wp\/v2\/product_tag?post=20835"}],"curies":[{"name":"wp","href":"https:\/\/api.w.org\/{rel}","templated":true}]}}