{"id":20834,"date":"2020-06-20T22:55:58","date_gmt":"2020-06-20T19:55:58","guid":{"rendered":"https:\/\/woodinout.net\/product\/tranummer\/"},"modified":"2022-04-22T12:35:44","modified_gmt":"2022-04-22T09:35:44","slug":"tranummer-och-rakna-inlarningsleksaker","status":"publish","type":"product","link":"https:\/\/woodinout.net\/sv\/product\/tranummer-och-rakna-inlarningsleksaker\/","title":{"rendered":"Tr\u00e4nummer"},"content":{"rendered":"<p>Sm\u00e5 tr\u00e4nummer som inl\u00e4rningsleksaker \u00e4r det vi g\u00f6r b\u00e4st. Vill du g\u00f6ra f\u00f6r\u00e4ldrar lyckliga? Att l\u00e4ra sig leksaker som tr\u00e4nummer \u00e4r fantastiska g\u00e5vor till barn och v\u00e4l uppskattade av f\u00f6r\u00e4ldrar. V\u00e5ra Waldorf sm\u00e5barnsleksaker \u00e4r ett roligt s\u00e4tt att l\u00e4ra sig siffror och r\u00e4kna. Dessa tr\u00e4nummer \u00e4r svaret p\u00e5 anv\u00e4ndbar &amp; v\u00e4rdefull babyg\u00e5va. Montessori babyleksaker \u00e4r ocks\u00e5 k\u00e4nda f\u00f6r l\u00e5ngvarig anv\u00e4ndning, efter sm\u00e5barns\u00e5r kan det bli snygg Montessori matte klassrumsinredning p\u00e5 f\u00f6rskolan.<br \/>\nHitta fler tr\u00e4leksaker i v\u00e5r butik: etsy.com\/shop\/woodinout<\/p>\n<p>Kit inneh\u00e5ller av:<br \/>\nNummer fr\u00e5n 1 till 10<\/p>\n<p>Kommer att f\u00f6rb\u00e4ttra motoriken<\/p>\n<p>M\u00c5TT<\/p>\n<p>Tal<br \/>\nH\u00f6jd: ~2.7 inches<br \/>\nTjocklek: ~0.6 inches<\/p>\n<p>F\u00c4RGER OCH MATERIAL<br \/>\nF\u00e4rg: m\u00f6rkbrun eller naturlig oljad.<br \/>\nLeksaken \u00e4r tillverkad av NATURLIGT MASSIVT TR\u00c4 och milj\u00f6v\u00e4nliga f\u00e4rger\/oljor.<br \/>\nObservera att f\u00e4rgerna kan variera beroende p\u00e5 inst\u00e4llningar f\u00f6r datorsk\u00e4rmar och ljusning.<\/p>\n","protected":false},"excerpt":{"rendered":"<p>Sm\u00e5 tr\u00e4nummer som inl\u00e4rningsleksaker \u00e4r det vi g\u00f6r b\u00e4st. Vill du g\u00f6ra f\u00f6r\u00e4ldrar lyckliga? Att l\u00e4ra sig leksaker som tr\u00e4nummer \u00e4r fantastiska g\u00e5vor till barn och v\u00e4l uppskattade av f\u00f6r\u00e4ldrar. V\u00e5ra Waldorf sm\u00e5barnsleksaker \u00e4r ett roligt s\u00e4tt att l\u00e4ra sig siffror och r\u00e4kna. Dessa tr\u00e4nummer \u00e4r svaret p\u00e5 anv\u00e4ndbar &amp; v\u00e4rdefull babyg\u00e5va. Montessori babyleksaker \u00e4r [&hellip;]<\/p>\n","protected":false},"featured_media":17108,"template":"","meta":{"_monsterinsights_skip_tracking":false,"_monsterinsights_sitenote_active":false,"_monsterinsights_sitenote_note":"","_monsterinsights_sitenote_category":0},"product_cat":[1469,1428],"product_tag":[1491,1486,1582,1482,1591,1593,1475,1594,1587,1456,1466,1595,1446],"yoast_head":"<!-- This site is optimized with the Yoast SEO plugin v22.1 - https:\/\/yoast.com\/wordpress\/plugins\/seo\/ -->\n<title>Tr\u00e4nummer - Woodinout \u00a9 tr\u00e4 Montessori leksaker<\/title>\n<meta name=\"description\" content=\"Sm\u00e5 tr\u00e4nummer - b\u00e4sta Montessori mattematerial f\u00f6r sm\u00e5barn och f\u00f6rskolebarn. V\u00e4rdefull familjetidsgaranti.\" \/>\n<meta name=\"robots\" content=\"index, follow, max-snippet:-1, max-image-preview:large, max-video-preview:-1\" \/>\n<link rel=\"canonical\" href=\"https:\/\/woodinout.net\/sv\/product\/tranummer-och-rakna-inlarningsleksaker\/\" \/>\n<meta property=\"og:locale\" content=\"sv_SE\" \/>\n<meta property=\"og:type\" content=\"article\" \/>\n<meta property=\"og:title\" content=\"Tr\u00e4nummer - Woodinout \u00a9 tr\u00e4 Montessori leksaker\" \/>\n<meta property=\"og:description\" content=\"Sm\u00e5 tr\u00e4nummer - b\u00e4sta Montessori mattematerial f\u00f6r sm\u00e5barn och f\u00f6rskolebarn. V\u00e4rdefull familjetidsgaranti.\" \/>\n<meta property=\"og:url\" content=\"https:\/\/woodinout.net\/sv\/product\/tranummer-och-rakna-inlarningsleksaker\/\" \/>\n<meta property=\"og:site_name\" content=\"Woodinout \u00a9\" \/>\n<meta property=\"article:modified_time\" content=\"2022-04-22T09:35:44+00:00\" \/>\n<meta property=\"og:image\" content=\"https:\/\/woodinout.net\/wp-content\/uploads\/2020\/06\/Wood-numbers-and-counting-learning-toys-1.jpg\" \/>\n\t<meta property=\"og:image:width\" content=\"853\" \/>\n\t<meta property=\"og:image:height\" content=\"1280\" \/>\n\t<meta property=\"og:image:type\" content=\"image\/jpeg\" \/>\n<meta name=\"twitter:card\" content=\"summary_large_image\" \/>\n<meta name=\"twitter:label1\" content=\"Ber\u00e4knad l\u00e4stid\" \/>\n\t<meta name=\"twitter:data1\" content=\"1 minut\" \/>\n<script type=\"application\/ld+json\" class=\"yoast-schema-graph\">{\"@context\":\"https:\/\/schema.org\",\"@graph\":[{\"@type\":\"WebPage\",\"@id\":\"https:\/\/woodinout.net\/sv\/product\/tranummer-och-rakna-inlarningsleksaker\/\",\"url\":\"https:\/\/woodinout.net\/sv\/product\/tranummer-och-rakna-inlarningsleksaker\/\",\"name\":\"Tr\u00e4nummer - Woodinout \u00a9 tr\u00e4 Montessori leksaker\",\"isPartOf\":{\"@id\":\"https:\/\/woodinout.net\/sv\/#website\"},\"datePublished\":\"2020-06-20T19:55:58+00:00\",\"dateModified\":\"2022-04-22T09:35:44+00:00\",\"description\":\"Sm\u00e5 tr\u00e4nummer - b\u00e4sta Montessori mattematerial f\u00f6r sm\u00e5barn och f\u00f6rskolebarn. V\u00e4rdefull familjetidsgaranti.\",\"breadcrumb\":{\"@id\":\"https:\/\/woodinout.net\/sv\/product\/tranummer-och-rakna-inlarningsleksaker\/#breadcrumb\"},\"inLanguage\":\"sv-SE\",\"potentialAction\":[{\"@type\":\"ReadAction\",\"target\":[\"https:\/\/woodinout.net\/sv\/product\/tranummer-och-rakna-inlarningsleksaker\/\"]}]},{\"@type\":\"BreadcrumbList\",\"@id\":\"https:\/\/woodinout.net\/sv\/product\/tranummer-och-rakna-inlarningsleksaker\/#breadcrumb\",\"itemListElement\":[{\"@type\":\"ListItem\",\"position\":1,\"name\":\"Home\",\"item\":\"https:\/\/woodinout.net\/sv\/\"},{\"@type\":\"ListItem\",\"position\":2,\"name\":\"Shop\",\"item\":\"https:\/\/woodinout.net\/shop\/\"},{\"@type\":\"ListItem\",\"position\":3,\"name\":\"Tr\u00e4nummer\"}]},{\"@type\":\"WebSite\",\"@id\":\"https:\/\/woodinout.net\/sv\/#website\",\"url\":\"https:\/\/woodinout.net\/sv\/\",\"name\":\"Woodinout \u00a9\",\"description\":\"Wooden Montessori toys, gifts, home and events decor details\",\"potentialAction\":[{\"@type\":\"SearchAction\",\"target\":{\"@type\":\"EntryPoint\",\"urlTemplate\":\"https:\/\/woodinout.net\/sv\/?s={search_term_string}\"},\"query-input\":\"required name=search_term_string\"}],\"inLanguage\":\"sv-SE\"}]}<\/script>\n<!-- \/ Yoast SEO plugin. -->","yoast_head_json":{"title":"Tr\u00e4nummer - Woodinout \u00a9 tr\u00e4 Montessori leksaker","description":"Sm\u00e5 tr\u00e4nummer - b\u00e4sta Montessori mattematerial f\u00f6r sm\u00e5barn och f\u00f6rskolebarn. V\u00e4rdefull familjetidsgaranti.","robots":{"index":"index","follow":"follow","max-snippet":"max-snippet:-1","max-image-preview":"max-image-preview:large","max-video-preview":"max-video-preview:-1"},"canonical":"https:\/\/woodinout.net\/sv\/product\/tranummer-och-rakna-inlarningsleksaker\/","og_locale":"sv_SE","og_type":"article","og_title":"Tr\u00e4nummer - Woodinout \u00a9 tr\u00e4 Montessori leksaker","og_description":"Sm\u00e5 tr\u00e4nummer - b\u00e4sta Montessori mattematerial f\u00f6r sm\u00e5barn och f\u00f6rskolebarn. V\u00e4rdefull familjetidsgaranti.","og_url":"https:\/\/woodinout.net\/sv\/product\/tranummer-och-rakna-inlarningsleksaker\/","og_site_name":"Woodinout \u00a9","article_modified_time":"2022-04-22T09:35:44+00:00","og_image":[{"width":853,"height":1280,"url":"https:\/\/woodinout.net\/wp-content\/uploads\/2020\/06\/Wood-numbers-and-counting-learning-toys-1.jpg","type":"image\/jpeg"}],"twitter_card":"summary_large_image","twitter_misc":{"Ber\u00e4knad l\u00e4stid":"1 minut"},"schema":{"@context":"https:\/\/schema.org","@graph":[{"@type":"WebPage","@id":"https:\/\/woodinout.net\/sv\/product\/tranummer-och-rakna-inlarningsleksaker\/","url":"https:\/\/woodinout.net\/sv\/product\/tranummer-och-rakna-inlarningsleksaker\/","name":"Tr\u00e4nummer - Woodinout \u00a9 tr\u00e4 Montessori leksaker","isPartOf":{"@id":"https:\/\/woodinout.net\/sv\/#website"},"datePublished":"2020-06-20T19:55:58+00:00","dateModified":"2022-04-22T09:35:44+00:00","description":"Sm\u00e5 tr\u00e4nummer - b\u00e4sta Montessori mattematerial f\u00f6r sm\u00e5barn och f\u00f6rskolebarn. V\u00e4rdefull familjetidsgaranti.","breadcrumb":{"@id":"https:\/\/woodinout.net\/sv\/product\/tranummer-och-rakna-inlarningsleksaker\/#breadcrumb"},"inLanguage":"sv-SE","potentialAction":[{"@type":"ReadAction","target":["https:\/\/woodinout.net\/sv\/product\/tranummer-och-rakna-inlarningsleksaker\/"]}]},{"@type":"BreadcrumbList","@id":"https:\/\/woodinout.net\/sv\/product\/tranummer-och-rakna-inlarningsleksaker\/#breadcrumb","itemListElement":[{"@type":"ListItem","position":1,"name":"Home","item":"https:\/\/woodinout.net\/sv\/"},{"@type":"ListItem","position":2,"name":"Shop","item":"https:\/\/woodinout.net\/shop\/"},{"@type":"ListItem","position":3,"name":"Tr\u00e4nummer"}]},{"@type":"WebSite","@id":"https:\/\/woodinout.net\/sv\/#website","url":"https:\/\/woodinout.net\/sv\/","name":"Woodinout \u00a9","description":"Wooden Montessori toys, gifts, home and events decor details","potentialAction":[{"@type":"SearchAction","target":{"@type":"EntryPoint","urlTemplate":"https:\/\/woodinout.net\/sv\/?s={search_term_string}"},"query-input":"required name=search_term_string"}],"inLanguage":"sv-SE"}]}},"_links":{"self":[{"href":"https:\/\/woodinout.net\/sv\/wp-json\/wp\/v2\/product\/20834"}],"collection":[{"href":"https:\/\/woodinout.net\/sv\/wp-json\/wp\/v2\/product"}],"about":[{"href":"https:\/\/woodinout.net\/sv\/wp-json\/wp\/v2\/types\/product"}],"wp:featuredmedia":[{"embeddable":true,"href":"https:\/\/woodinout.net\/sv\/wp-json\/wp\/v2\/media\/17108"}],"wp:attachment":[{"href":"https:\/\/woodinout.net\/sv\/wp-json\/wp\/v2\/media?parent=20834"}],"wp:term":[{"taxonomy":"product_cat","embeddable":true,"href":"https:\/\/woodinout.net\/sv\/wp-json\/wp\/v2\/product_cat?post=20834"},{"taxonomy":"product_tag","embeddable":true,"href":"https:\/\/woodinout.net\/sv\/wp-json\/wp\/v2\/product_tag?post=20834"}],"curies":[{"name":"wp","href":"https:\/\/api.w.org\/{rel}","templated":true}]}}